{"id":42241,"date":"2022-01-22T14:40:09","date_gmt":"2022-01-22T13:40:09","guid":{"rendered":"https:\/\/demoweb.info\/sexshop001\/producto\/touche-dark-horse-spray-retardante-50-ml\/"},"modified":"2022-01-22T14:40:20","modified_gmt":"2022-01-22T13:40:20","slug":"touche-dark-horse-spray-retardante-50-ml","status":"publish","type":"product","link":"https:\/\/demoweb.info\/sexshop001\/producto\/touche-dark-horse-spray-retardante-50-ml\/","title":{"rendered":"TOUCHE DARK HORSE SPRAY RETARDANTE 50 ML"},"content":{"rendered":"<p><strong>TOUCHE DARK HORSE DELAY SPRAY 50 ML<\/strong><\/p>\n<p>Stud Dark Horse Spray es un m\u00e9todo que ejerce una influencia directa y exitosa sobre la eyaculaci\u00f3n precoz. Modo de empleo: Utilizar el spray 1 a 3 veces directamente sobre el pene. Despu\u00e9s de aproximadamente 15 minutos, el l\u00edquido ha penetrado perfectamente bien en la piel del pene, produciendo un efecto anest\u00e9sico local. S\u00f3lo para uso externo. Mantener fuera del alcance de los ni\u00f1os. Conservar en un lugar fresco y oscuro.<\/p>\n<p>Envase de 50 ml.<\/p>\n","protected":false},"excerpt":{"rendered":"<p>TOUCHE DARK HORSE DELAY SPRAY 50 ML Stud Dark Horse Spray es un m\u00e9todo que ejerce una influencia directa y<\/p>\n","protected":false},"featured_media":42242,"comment_status":"open","ping_status":"open","template":"","meta":[],"product_cat":[403],"product_tag":[1283,328],"class_list":["post-42241","product","type-product","status-publish","has-post-thumbnail","hentry","product_cat-retardantes","product_tag-dark-horse","product_tag-pharmquests"],"bundled_by":[],"bundle_stock_status":"instock","bundle_stock_quantity":6,"bundle_virtual":false,"bundle_layout":"","bundle_add_to_cart_form_location":"","bundle_editable_in_cart":false,"bundle_sold_individually_context":"","bundle_item_grouping":"","bundle_min_size":"","bundle_max_size":"","bundled_items":[],"yoast_head":"<!-- This site is optimized with the Yoast SEO plugin v20.6 - https:\/\/yoast.com\/wordpress\/plugins\/seo\/ -->\n<title>TOUCHE DARK HORSE SPRAY RETARDANTE 50 ML - Tienda Er\u00f3tica<\/title>\n<meta name=\"robots\" content=\"noindex, follow, max-snippet:-1, max-image-preview:large, max-video-preview:-1\" \/>\n<meta property=\"og:locale\" content=\"es_ES\" \/>\n<meta property=\"og:type\" content=\"article\" \/>\n<meta property=\"og:title\" content=\"TOUCHE DARK HORSE SPRAY RETARDANTE 50 ML - Tienda Er\u00f3tica\" \/>\n<meta property=\"og:description\" content=\"TOUCHE DARK HORSE DELAY SPRAY 50 ML Stud Dark Horse Spray es un m\u00e9todo que ejerce una influencia directa y\" \/>\n<meta property=\"og:url\" content=\"https:\/\/demoweb.info\/sexshop001\/producto\/touche-dark-horse-spray-retardante-50-ml\/\" \/>\n<meta property=\"og:site_name\" content=\"Tienda Er\u00f3tica\" \/>\n<meta property=\"article:modified_time\" content=\"2022-01-22T13:40:20+00:00\" \/>\n<meta property=\"og:image\" content=\"https:\/\/demoweb.info\/sexshop001\/wp-content\/uploads\/2022\/01\/TOUCHE-DARK-HORSE-SPRAY-RETARDANTE-50-ML.jpg\" \/>\n\t<meta property=\"og:image:width\" content=\"550\" \/>\n\t<meta property=\"og:image:height\" content=\"550\" \/>\n\t<meta property=\"og:image:type\" content=\"image\/jpeg\" \/>\n<meta name=\"twitter:card\" content=\"summary_large_image\" \/>\n<script type=\"application\/ld+json\" class=\"yoast-schema-graph\">{\"@context\":\"https:\/\/schema.org\",\"@graph\":[{\"@type\":\"WebPage\",\"@id\":\"https:\/\/demoweb.info\/sexshop001\/producto\/touche-dark-horse-spray-retardante-50-ml\/\",\"url\":\"https:\/\/demoweb.info\/sexshop001\/producto\/touche-dark-horse-spray-retardante-50-ml\/\",\"name\":\"TOUCHE DARK HORSE SPRAY RETARDANTE 50 ML - Tienda Er\u00f3tica\",\"isPartOf\":{\"@id\":\"https:\/\/demoweb.info\/sexshop001\/#website\"},\"datePublished\":\"2022-01-22T13:40:09+00:00\",\"dateModified\":\"2022-01-22T13:40:20+00:00\",\"breadcrumb\":{\"@id\":\"https:\/\/demoweb.info\/sexshop001\/producto\/touche-dark-horse-spray-retardante-50-ml\/#breadcrumb\"},\"inLanguage\":\"es\",\"potentialAction\":[{\"@type\":\"ReadAction\",\"target\":[\"https:\/\/demoweb.info\/sexshop001\/producto\/touche-dark-horse-spray-retardante-50-ml\/\"]}]},{\"@type\":\"BreadcrumbList\",\"@id\":\"https:\/\/demoweb.info\/sexshop001\/producto\/touche-dark-horse-spray-retardante-50-ml\/#breadcrumb\",\"itemListElement\":[{\"@type\":\"ListItem\",\"position\":1,\"name\":\"Portada\",\"item\":\"https:\/\/demoweb.info\/sexshop001\/\"},{\"@type\":\"ListItem\",\"position\":2,\"name\":\"Tienda\",\"item\":\"https:\/\/demoweb.info\/sexshop001\/tienda\/\"},{\"@type\":\"ListItem\",\"position\":3,\"name\":\"TOUCHE DARK HORSE SPRAY RETARDANTE 50 ML\"}]},{\"@type\":\"WebSite\",\"@id\":\"https:\/\/demoweb.info\/sexshop001\/#website\",\"url\":\"https:\/\/demoweb.info\/sexshop001\/\",\"name\":\"Tienda Er\u00f3tica\",\"description\":\"DEMOWEB SL\",\"potentialAction\":[{\"@type\":\"SearchAction\",\"target\":{\"@type\":\"EntryPoint\",\"urlTemplate\":\"https:\/\/demoweb.info\/sexshop001\/?s={search_term_string}\"},\"query-input\":\"required name=search_term_string\"}],\"inLanguage\":\"es\"}]}<\/script>\n<!-- \/ Yoast SEO plugin. -->","yoast_head_json":{"title":"TOUCHE DARK HORSE SPRAY RETARDANTE 50 ML - Tienda Er\u00f3tica","robots":{"index":"noindex","follow":"follow","max-snippet":"max-snippet:-1","max-image-preview":"max-image-preview:large","max-video-preview":"max-video-preview:-1"},"og_locale":"es_ES","og_type":"article","og_title":"TOUCHE DARK HORSE SPRAY RETARDANTE 50 ML - Tienda Er\u00f3tica","og_description":"TOUCHE DARK HORSE DELAY SPRAY 50 ML Stud Dark Horse Spray es un m\u00e9todo que ejerce una influencia directa y","og_url":"https:\/\/demoweb.info\/sexshop001\/producto\/touche-dark-horse-spray-retardante-50-ml\/","og_site_name":"Tienda Er\u00f3tica","article_modified_time":"2022-01-22T13:40:20+00:00","og_image":[{"width":550,"height":550,"url":"https:\/\/demoweb.info\/sexshop001\/wp-content\/uploads\/2022\/01\/TOUCHE-DARK-HORSE-SPRAY-RETARDANTE-50-ML.jpg","type":"image\/jpeg"}],"twitter_card":"summary_large_image","schema":{"@context":"https:\/\/schema.org","@graph":[{"@type":"WebPage","@id":"https:\/\/demoweb.info\/sexshop001\/producto\/touche-dark-horse-spray-retardante-50-ml\/","url":"https:\/\/demoweb.info\/sexshop001\/producto\/touche-dark-horse-spray-retardante-50-ml\/","name":"TOUCHE DARK HORSE SPRAY RETARDANTE 50 ML - Tienda Er\u00f3tica","isPartOf":{"@id":"https:\/\/demoweb.info\/sexshop001\/#website"},"datePublished":"2022-01-22T13:40:09+00:00","dateModified":"2022-01-22T13:40:20+00:00","breadcrumb":{"@id":"https:\/\/demoweb.info\/sexshop001\/producto\/touche-dark-horse-spray-retardante-50-ml\/#breadcrumb"},"inLanguage":"es","potentialAction":[{"@type":"ReadAction","target":["https:\/\/demoweb.info\/sexshop001\/producto\/touche-dark-horse-spray-retardante-50-ml\/"]}]},{"@type":"BreadcrumbList","@id":"https:\/\/demoweb.info\/sexshop001\/producto\/touche-dark-horse-spray-retardante-50-ml\/#breadcrumb","itemListElement":[{"@type":"ListItem","position":1,"name":"Portada","item":"https:\/\/demoweb.info\/sexshop001\/"},{"@type":"ListItem","position":2,"name":"Tienda","item":"https:\/\/demoweb.info\/sexshop001\/tienda\/"},{"@type":"ListItem","position":3,"name":"TOUCHE DARK HORSE SPRAY RETARDANTE 50 ML"}]},{"@type":"WebSite","@id":"https:\/\/demoweb.info\/sexshop001\/#website","url":"https:\/\/demoweb.info\/sexshop001\/","name":"Tienda Er\u00f3tica","description":"DEMOWEB SL","potentialAction":[{"@type":"SearchAction","target":{"@type":"EntryPoint","urlTemplate":"https:\/\/demoweb.info\/sexshop001\/?s={search_term_string}"},"query-input":"required name=search_term_string"}],"inLanguage":"es"}]}},"_links":{"self":[{"href":"https:\/\/demoweb.info\/sexshop001\/wp-json\/wp\/v3\/product\/42241","targetHints":{"allow":["GET"]}}],"collection":[{"href":"https:\/\/demoweb.info\/sexshop001\/wp-json\/wp\/v3\/product"}],"about":[{"href":"https:\/\/demoweb.info\/sexshop001\/wp-json\/wp\/v2\/types\/product"}],"replies":[{"embeddable":true,"href":"https:\/\/demoweb.info\/sexshop001\/wp-json\/wp\/v2\/comments?post=42241"}],"wp:featuredmedia":[{"embeddable":true,"href":"https:\/\/demoweb.info\/sexshop001\/wp-json\/wp\/v2\/media\/42242"}],"wp:attachment":[{"href":"https:\/\/demoweb.info\/sexshop001\/wp-json\/wp\/v2\/media?parent=42241"}],"wp:term":[{"taxonomy":"product_cat","embeddable":true,"href":"https:\/\/demoweb.info\/sexshop001\/wp-json\/wp\/v2\/product_cat?post=42241"},{"taxonomy":"product_tag","embeddable":true,"href":"https:\/\/demoweb.info\/sexshop001\/wp-json\/wp\/v2\/product_tag?post=42241"}],"curies":[{"name":"wp","href":"https:\/\/api.w.org\/{rel}","templated":true}]}}