{"id":42232,"date":"2022-01-22T14:40:09","date_gmt":"2022-01-22T13:40:09","guid":{"rendered":"https:\/\/demoweb.info\/sexshop001\/producto\/ouch-luxury-retencion-de-munecas-y-manos\/"},"modified":"2022-01-22T14:40:14","modified_gmt":"2022-01-22T13:40:14","slug":"ouch-luxury-retencion-de-munecas-y-manos","status":"publish","type":"product","link":"https:\/\/demoweb.info\/sexshop001\/producto\/ouch-luxury-retencion-de-munecas-y-manos\/","title":{"rendered":"OUCH LUXURY RETENCION DE MU\u00d1ECAS Y MANOS"},"content":{"rendered":"<p><strong>OUCH LUXURY NECK WRIST RESTRAINT<\/strong><\/p>\n<p>Si alguna vez has tenido la fantas\u00eda de &#39;atrapar&#39; a un chico o a una chica mala, esposar sus manos y agarrar su cabeza como un polic\u00eda, este juguete te va a encantar. O si prefieres ser t\u00fa el que est\u00e9 esposado con las manos en la espalda, descubrir\u00e1s esa deliciosa satisfacci\u00f3n de vulnerabilidad. De cualquier forma, este juguete de hierro chapado en cromo con logotipos gravados y esposas de algod\u00f3n suave es la elecci\u00f3n perfecta.<\/p>\n<p>Utiliza este juguete por separado o junto con el columpio del amor Ouch! para conseguir opciones m\u00e1s gamberras. Todos los productos de Ouch! se pueden desmontar f\u00e1cilmente para limpiarlos y los tejidos se pueden lavar a m\u00e1quina.<\/p><\/p>\n","protected":false},"excerpt":{"rendered":"<p>OUCH LUXURY NECK WRIST RESTRAINT Si alguna vez has tenido la fantas\u00eda de &#39;atrapar&#39; a un chico o a una<\/p>\n","protected":false},"featured_media":42233,"comment_status":"open","ping_status":"open","template":"","meta":[],"product_cat":[603],"product_tag":[1157,302],"class_list":["post-42232","product","type-product","status-publish","has-post-thumbnail","hentry","product_cat-arneses-ataduras","product_tag-ouch-deluxe","product_tag-shots"],"bundled_by":[],"bundle_stock_status":"outofstock","bundle_stock_quantity":0,"bundle_virtual":false,"bundle_layout":"","bundle_add_to_cart_form_location":"","bundle_editable_in_cart":false,"bundle_sold_individually_context":"","bundle_item_grouping":"","bundle_min_size":"","bundle_max_size":"","bundled_items":[],"yoast_head":"<!-- This site is optimized with the Yoast SEO plugin v20.6 - https:\/\/yoast.com\/wordpress\/plugins\/seo\/ -->\n<title>OUCH LUXURY RETENCION DE MU\u00d1ECAS Y MANOS - Tienda Er\u00f3tica<\/title>\n<meta name=\"robots\" content=\"noindex, follow, max-snippet:-1, max-image-preview:large, max-video-preview:-1\" \/>\n<meta property=\"og:locale\" content=\"es_ES\" \/>\n<meta property=\"og:type\" content=\"article\" \/>\n<meta property=\"og:title\" content=\"OUCH LUXURY RETENCION DE MU\u00d1ECAS Y MANOS - Tienda Er\u00f3tica\" \/>\n<meta property=\"og:description\" content=\"OUCH LUXURY NECK WRIST RESTRAINT Si alguna vez has tenido la fantas\u00eda de &#039;atrapar&#039; a un chico o a una\" \/>\n<meta property=\"og:url\" content=\"https:\/\/demoweb.info\/sexshop001\/producto\/ouch-luxury-retencion-de-munecas-y-manos\/\" \/>\n<meta property=\"og:site_name\" content=\"Tienda Er\u00f3tica\" \/>\n<meta property=\"article:modified_time\" content=\"2022-01-22T13:40:14+00:00\" \/>\n<meta property=\"og:image\" content=\"https:\/\/demoweb.info\/sexshop001\/wp-content\/uploads\/2022\/01\/OUCH-LUXURY-RETENCION-DE-MUNECAS-Y-MANOS.jpg\" \/>\n\t<meta property=\"og:image:width\" content=\"550\" \/>\n\t<meta property=\"og:image:height\" content=\"550\" \/>\n\t<meta property=\"og:image:type\" content=\"image\/jpeg\" \/>\n<meta name=\"twitter:card\" content=\"summary_large_image\" \/>\n<meta name=\"twitter:label1\" content=\"Tiempo de lectura\" \/>\n\t<meta name=\"twitter:data1\" content=\"1 minuto\" \/>\n<script type=\"application\/ld+json\" class=\"yoast-schema-graph\">{\"@context\":\"https:\/\/schema.org\",\"@graph\":[{\"@type\":\"WebPage\",\"@id\":\"https:\/\/demoweb.info\/sexshop001\/producto\/ouch-luxury-retencion-de-munecas-y-manos\/\",\"url\":\"https:\/\/demoweb.info\/sexshop001\/producto\/ouch-luxury-retencion-de-munecas-y-manos\/\",\"name\":\"OUCH LUXURY RETENCION DE MU\u00d1ECAS Y MANOS - Tienda Er\u00f3tica\",\"isPartOf\":{\"@id\":\"https:\/\/demoweb.info\/sexshop001\/#website\"},\"datePublished\":\"2022-01-22T13:40:09+00:00\",\"dateModified\":\"2022-01-22T13:40:14+00:00\",\"breadcrumb\":{\"@id\":\"https:\/\/demoweb.info\/sexshop001\/producto\/ouch-luxury-retencion-de-munecas-y-manos\/#breadcrumb\"},\"inLanguage\":\"es\",\"potentialAction\":[{\"@type\":\"ReadAction\",\"target\":[\"https:\/\/demoweb.info\/sexshop001\/producto\/ouch-luxury-retencion-de-munecas-y-manos\/\"]}]},{\"@type\":\"BreadcrumbList\",\"@id\":\"https:\/\/demoweb.info\/sexshop001\/producto\/ouch-luxury-retencion-de-munecas-y-manos\/#breadcrumb\",\"itemListElement\":[{\"@type\":\"ListItem\",\"position\":1,\"name\":\"Portada\",\"item\":\"https:\/\/demoweb.info\/sexshop001\/\"},{\"@type\":\"ListItem\",\"position\":2,\"name\":\"Tienda\",\"item\":\"https:\/\/demoweb.info\/sexshop001\/tienda\/\"},{\"@type\":\"ListItem\",\"position\":3,\"name\":\"OUCH LUXURY RETENCION DE MU\u00d1ECAS Y MANOS\"}]},{\"@type\":\"WebSite\",\"@id\":\"https:\/\/demoweb.info\/sexshop001\/#website\",\"url\":\"https:\/\/demoweb.info\/sexshop001\/\",\"name\":\"Tienda Er\u00f3tica\",\"description\":\"DEMOWEB SL\",\"potentialAction\":[{\"@type\":\"SearchAction\",\"target\":{\"@type\":\"EntryPoint\",\"urlTemplate\":\"https:\/\/demoweb.info\/sexshop001\/?s={search_term_string}\"},\"query-input\":\"required name=search_term_string\"}],\"inLanguage\":\"es\"}]}<\/script>\n<!-- \/ Yoast SEO plugin. -->","yoast_head_json":{"title":"OUCH LUXURY RETENCION DE MU\u00d1ECAS Y MANOS - Tienda Er\u00f3tica","robots":{"index":"noindex","follow":"follow","max-snippet":"max-snippet:-1","max-image-preview":"max-image-preview:large","max-video-preview":"max-video-preview:-1"},"og_locale":"es_ES","og_type":"article","og_title":"OUCH LUXURY RETENCION DE MU\u00d1ECAS Y MANOS - Tienda Er\u00f3tica","og_description":"OUCH LUXURY NECK WRIST RESTRAINT Si alguna vez has tenido la fantas\u00eda de &#39;atrapar&#39; a un chico o a una","og_url":"https:\/\/demoweb.info\/sexshop001\/producto\/ouch-luxury-retencion-de-munecas-y-manos\/","og_site_name":"Tienda Er\u00f3tica","article_modified_time":"2022-01-22T13:40:14+00:00","og_image":[{"width":550,"height":550,"url":"https:\/\/demoweb.info\/sexshop001\/wp-content\/uploads\/2022\/01\/OUCH-LUXURY-RETENCION-DE-MUNECAS-Y-MANOS.jpg","type":"image\/jpeg"}],"twitter_card":"summary_large_image","twitter_misc":{"Tiempo de lectura":"1 minuto"},"schema":{"@context":"https:\/\/schema.org","@graph":[{"@type":"WebPage","@id":"https:\/\/demoweb.info\/sexshop001\/producto\/ouch-luxury-retencion-de-munecas-y-manos\/","url":"https:\/\/demoweb.info\/sexshop001\/producto\/ouch-luxury-retencion-de-munecas-y-manos\/","name":"OUCH LUXURY RETENCION DE MU\u00d1ECAS Y MANOS - Tienda Er\u00f3tica","isPartOf":{"@id":"https:\/\/demoweb.info\/sexshop001\/#website"},"datePublished":"2022-01-22T13:40:09+00:00","dateModified":"2022-01-22T13:40:14+00:00","breadcrumb":{"@id":"https:\/\/demoweb.info\/sexshop001\/producto\/ouch-luxury-retencion-de-munecas-y-manos\/#breadcrumb"},"inLanguage":"es","potentialAction":[{"@type":"ReadAction","target":["https:\/\/demoweb.info\/sexshop001\/producto\/ouch-luxury-retencion-de-munecas-y-manos\/"]}]},{"@type":"BreadcrumbList","@id":"https:\/\/demoweb.info\/sexshop001\/producto\/ouch-luxury-retencion-de-munecas-y-manos\/#breadcrumb","itemListElement":[{"@type":"ListItem","position":1,"name":"Portada","item":"https:\/\/demoweb.info\/sexshop001\/"},{"@type":"ListItem","position":2,"name":"Tienda","item":"https:\/\/demoweb.info\/sexshop001\/tienda\/"},{"@type":"ListItem","position":3,"name":"OUCH LUXURY RETENCION DE MU\u00d1ECAS Y MANOS"}]},{"@type":"WebSite","@id":"https:\/\/demoweb.info\/sexshop001\/#website","url":"https:\/\/demoweb.info\/sexshop001\/","name":"Tienda Er\u00f3tica","description":"DEMOWEB SL","potentialAction":[{"@type":"SearchAction","target":{"@type":"EntryPoint","urlTemplate":"https:\/\/demoweb.info\/sexshop001\/?s={search_term_string}"},"query-input":"required name=search_term_string"}],"inLanguage":"es"}]}},"_links":{"self":[{"href":"https:\/\/demoweb.info\/sexshop001\/wp-json\/wp\/v3\/product\/42232","targetHints":{"allow":["GET"]}}],"collection":[{"href":"https:\/\/demoweb.info\/sexshop001\/wp-json\/wp\/v3\/product"}],"about":[{"href":"https:\/\/demoweb.info\/sexshop001\/wp-json\/wp\/v2\/types\/product"}],"replies":[{"embeddable":true,"href":"https:\/\/demoweb.info\/sexshop001\/wp-json\/wp\/v2\/comments?post=42232"}],"wp:featuredmedia":[{"embeddable":true,"href":"https:\/\/demoweb.info\/sexshop001\/wp-json\/wp\/v2\/media\/42233"}],"wp:attachment":[{"href":"https:\/\/demoweb.info\/sexshop001\/wp-json\/wp\/v2\/media?parent=42232"}],"wp:term":[{"taxonomy":"product_cat","embeddable":true,"href":"https:\/\/demoweb.info\/sexshop001\/wp-json\/wp\/v2\/product_cat?post=42232"},{"taxonomy":"product_tag","embeddable":true,"href":"https:\/\/demoweb.info\/sexshop001\/wp-json\/wp\/v2\/product_tag?post=42232"}],"curies":[{"name":"wp","href":"https:\/\/api.w.org\/{rel}","templated":true}]}}