{"id":42201,"date":"2022-01-22T14:39:50","date_gmt":"2022-01-22T13:39:50","guid":{"rendered":"https:\/\/demoweb.info\/sexshop001\/producto\/shots-lubricante-con-feromonas-para-mujer-100-ml\/"},"modified":"2022-01-22T14:39:55","modified_gmt":"2022-01-22T13:39:55","slug":"shots-lubricante-con-feromonas-para-mujer-100-ml","status":"publish","type":"product","link":"https:\/\/demoweb.info\/sexshop001\/producto\/shots-lubricante-con-feromonas-para-mujer-100-ml\/","title":{"rendered":"SHOTS LUBRICANTE CON FEROMONAS PARA MUJER 100 ML"},"content":{"rendered":"<p><strong>SHOTS FEMALE PHEROMONE LUBRICANT 100 ML<\/strong><\/p>\n<p>Este gel lubricante feromonas de mujer, con base de agua, es un lubricante medicinal de alt\u00edsima calidad con excelentes propiedades deslizantes de larga duraci\u00f3n, id\u00f3neo tambi\u00e9n para el uso de juguetes er\u00f3ticos.<\/p>\n<p>Envase de 100 ml.<\/p>\n","protected":false},"excerpt":{"rendered":"<p>SHOTS FEMALE PHEROMONE LUBRICANT 100 ML Este gel lubricante feromonas de mujer, con base de agua, es un lubricante medicinal<\/p>\n","protected":false},"featured_media":42202,"comment_status":"open","ping_status":"open","template":"","meta":[],"product_cat":[268],"product_tag":[302,1269],"class_list":["post-42201","product","type-product","status-publish","has-post-thumbnail","hentry","product_cat-base-agua-lubricantes-aceites-y-lubricantes","product_tag-shots","product_tag-shots-lubes-and-liquids"],"bundled_by":[],"bundle_stock_status":"instock","bundle_stock_quantity":2,"bundle_virtual":false,"bundle_layout":"","bundle_add_to_cart_form_location":"","bundle_editable_in_cart":false,"bundle_sold_individually_context":"","bundle_item_grouping":"","bundle_min_size":"","bundle_max_size":"","bundled_items":[],"yoast_head":"<!-- This site is optimized with the Yoast SEO plugin v20.6 - https:\/\/yoast.com\/wordpress\/plugins\/seo\/ -->\n<title>SHOTS LUBRICANTE CON FEROMONAS PARA MUJER 100 ML - Tienda Er\u00f3tica<\/title>\n<meta name=\"robots\" content=\"noindex, follow, max-snippet:-1, max-image-preview:large, max-video-preview:-1\" \/>\n<meta property=\"og:locale\" content=\"es_ES\" \/>\n<meta property=\"og:type\" content=\"article\" \/>\n<meta property=\"og:title\" content=\"SHOTS LUBRICANTE CON FEROMONAS PARA MUJER 100 ML - Tienda Er\u00f3tica\" \/>\n<meta property=\"og:description\" content=\"SHOTS FEMALE PHEROMONE LUBRICANT 100 ML Este gel lubricante feromonas de mujer, con base de agua, es un lubricante medicinal\" \/>\n<meta property=\"og:url\" content=\"https:\/\/demoweb.info\/sexshop001\/producto\/shots-lubricante-con-feromonas-para-mujer-100-ml\/\" \/>\n<meta property=\"og:site_name\" content=\"Tienda Er\u00f3tica\" \/>\n<meta property=\"article:modified_time\" content=\"2022-01-22T13:39:55+00:00\" \/>\n<meta property=\"og:image\" content=\"https:\/\/demoweb.info\/sexshop001\/wp-content\/uploads\/2022\/01\/SHOTS-LUBRICANTE-CON-FEROMONAS-PARA-MUJER-100-ML.jpg\" \/>\n\t<meta property=\"og:image:width\" content=\"550\" \/>\n\t<meta property=\"og:image:height\" content=\"550\" \/>\n\t<meta property=\"og:image:type\" content=\"image\/jpeg\" \/>\n<meta name=\"twitter:card\" content=\"summary_large_image\" \/>\n<script type=\"application\/ld+json\" class=\"yoast-schema-graph\">{\"@context\":\"https:\/\/schema.org\",\"@graph\":[{\"@type\":\"WebPage\",\"@id\":\"https:\/\/demoweb.info\/sexshop001\/producto\/shots-lubricante-con-feromonas-para-mujer-100-ml\/\",\"url\":\"https:\/\/demoweb.info\/sexshop001\/producto\/shots-lubricante-con-feromonas-para-mujer-100-ml\/\",\"name\":\"SHOTS LUBRICANTE CON FEROMONAS PARA MUJER 100 ML - Tienda Er\u00f3tica\",\"isPartOf\":{\"@id\":\"https:\/\/demoweb.info\/sexshop001\/#website\"},\"datePublished\":\"2022-01-22T13:39:50+00:00\",\"dateModified\":\"2022-01-22T13:39:55+00:00\",\"breadcrumb\":{\"@id\":\"https:\/\/demoweb.info\/sexshop001\/producto\/shots-lubricante-con-feromonas-para-mujer-100-ml\/#breadcrumb\"},\"inLanguage\":\"es\",\"potentialAction\":[{\"@type\":\"ReadAction\",\"target\":[\"https:\/\/demoweb.info\/sexshop001\/producto\/shots-lubricante-con-feromonas-para-mujer-100-ml\/\"]}]},{\"@type\":\"BreadcrumbList\",\"@id\":\"https:\/\/demoweb.info\/sexshop001\/producto\/shots-lubricante-con-feromonas-para-mujer-100-ml\/#breadcrumb\",\"itemListElement\":[{\"@type\":\"ListItem\",\"position\":1,\"name\":\"Portada\",\"item\":\"https:\/\/demoweb.info\/sexshop001\/\"},{\"@type\":\"ListItem\",\"position\":2,\"name\":\"Tienda\",\"item\":\"https:\/\/demoweb.info\/sexshop001\/tienda\/\"},{\"@type\":\"ListItem\",\"position\":3,\"name\":\"SHOTS LUBRICANTE CON FEROMONAS PARA MUJER 100 ML\"}]},{\"@type\":\"WebSite\",\"@id\":\"https:\/\/demoweb.info\/sexshop001\/#website\",\"url\":\"https:\/\/demoweb.info\/sexshop001\/\",\"name\":\"Tienda Er\u00f3tica\",\"description\":\"DEMOWEB SL\",\"potentialAction\":[{\"@type\":\"SearchAction\",\"target\":{\"@type\":\"EntryPoint\",\"urlTemplate\":\"https:\/\/demoweb.info\/sexshop001\/?s={search_term_string}\"},\"query-input\":\"required name=search_term_string\"}],\"inLanguage\":\"es\"}]}<\/script>\n<!-- \/ Yoast SEO plugin. -->","yoast_head_json":{"title":"SHOTS LUBRICANTE CON FEROMONAS PARA MUJER 100 ML - Tienda Er\u00f3tica","robots":{"index":"noindex","follow":"follow","max-snippet":"max-snippet:-1","max-image-preview":"max-image-preview:large","max-video-preview":"max-video-preview:-1"},"og_locale":"es_ES","og_type":"article","og_title":"SHOTS LUBRICANTE CON FEROMONAS PARA MUJER 100 ML - Tienda Er\u00f3tica","og_description":"SHOTS FEMALE PHEROMONE LUBRICANT 100 ML Este gel lubricante feromonas de mujer, con base de agua, es un lubricante medicinal","og_url":"https:\/\/demoweb.info\/sexshop001\/producto\/shots-lubricante-con-feromonas-para-mujer-100-ml\/","og_site_name":"Tienda Er\u00f3tica","article_modified_time":"2022-01-22T13:39:55+00:00","og_image":[{"width":550,"height":550,"url":"https:\/\/demoweb.info\/sexshop001\/wp-content\/uploads\/2022\/01\/SHOTS-LUBRICANTE-CON-FEROMONAS-PARA-MUJER-100-ML.jpg","type":"image\/jpeg"}],"twitter_card":"summary_large_image","schema":{"@context":"https:\/\/schema.org","@graph":[{"@type":"WebPage","@id":"https:\/\/demoweb.info\/sexshop001\/producto\/shots-lubricante-con-feromonas-para-mujer-100-ml\/","url":"https:\/\/demoweb.info\/sexshop001\/producto\/shots-lubricante-con-feromonas-para-mujer-100-ml\/","name":"SHOTS LUBRICANTE CON FEROMONAS PARA MUJER 100 ML - Tienda Er\u00f3tica","isPartOf":{"@id":"https:\/\/demoweb.info\/sexshop001\/#website"},"datePublished":"2022-01-22T13:39:50+00:00","dateModified":"2022-01-22T13:39:55+00:00","breadcrumb":{"@id":"https:\/\/demoweb.info\/sexshop001\/producto\/shots-lubricante-con-feromonas-para-mujer-100-ml\/#breadcrumb"},"inLanguage":"es","potentialAction":[{"@type":"ReadAction","target":["https:\/\/demoweb.info\/sexshop001\/producto\/shots-lubricante-con-feromonas-para-mujer-100-ml\/"]}]},{"@type":"BreadcrumbList","@id":"https:\/\/demoweb.info\/sexshop001\/producto\/shots-lubricante-con-feromonas-para-mujer-100-ml\/#breadcrumb","itemListElement":[{"@type":"ListItem","position":1,"name":"Portada","item":"https:\/\/demoweb.info\/sexshop001\/"},{"@type":"ListItem","position":2,"name":"Tienda","item":"https:\/\/demoweb.info\/sexshop001\/tienda\/"},{"@type":"ListItem","position":3,"name":"SHOTS LUBRICANTE CON FEROMONAS PARA MUJER 100 ML"}]},{"@type":"WebSite","@id":"https:\/\/demoweb.info\/sexshop001\/#website","url":"https:\/\/demoweb.info\/sexshop001\/","name":"Tienda Er\u00f3tica","description":"DEMOWEB SL","potentialAction":[{"@type":"SearchAction","target":{"@type":"EntryPoint","urlTemplate":"https:\/\/demoweb.info\/sexshop001\/?s={search_term_string}"},"query-input":"required name=search_term_string"}],"inLanguage":"es"}]}},"_links":{"self":[{"href":"https:\/\/demoweb.info\/sexshop001\/wp-json\/wp\/v3\/product\/42201","targetHints":{"allow":["GET"]}}],"collection":[{"href":"https:\/\/demoweb.info\/sexshop001\/wp-json\/wp\/v3\/product"}],"about":[{"href":"https:\/\/demoweb.info\/sexshop001\/wp-json\/wp\/v2\/types\/product"}],"replies":[{"embeddable":true,"href":"https:\/\/demoweb.info\/sexshop001\/wp-json\/wp\/v2\/comments?post=42201"}],"wp:featuredmedia":[{"embeddable":true,"href":"https:\/\/demoweb.info\/sexshop001\/wp-json\/wp\/v2\/media\/42202"}],"wp:attachment":[{"href":"https:\/\/demoweb.info\/sexshop001\/wp-json\/wp\/v2\/media?parent=42201"}],"wp:term":[{"taxonomy":"product_cat","embeddable":true,"href":"https:\/\/demoweb.info\/sexshop001\/wp-json\/wp\/v2\/product_cat?post=42201"},{"taxonomy":"product_tag","embeddable":true,"href":"https:\/\/demoweb.info\/sexshop001\/wp-json\/wp\/v2\/product_tag?post=42201"}],"curies":[{"name":"wp","href":"https:\/\/api.w.org\/{rel}","templated":true}]}}