{"id":42185,"date":"2022-01-22T14:39:39","date_gmt":"2022-01-22T13:39:39","guid":{"rendered":"https:\/\/demoweb.info\/sexshop001\/producto\/expuesta-solo-una-noche-2\/"},"modified":"2022-01-22T14:39:47","modified_gmt":"2022-01-22T13:39:47","slug":"expuesta-solo-una-noche-2","status":"publish","type":"product","link":"https:\/\/demoweb.info\/sexshop001\/producto\/expuesta-solo-una-noche-2\/","title":{"rendered":"EXPUESTA. SOLO UNA NOCHE 2"},"content":{"rendered":"<p><strong>EXPUESTA. SOLO UNA NOCHE 2<\/strong><\/p>\n<p>KYRA DAVIS<\/p>\n<p>Una noche de pasi\u00f3n con un desconocido revolucion\u00f3 latranquila vida de Kasie. Cuando cre\u00eda estarrecobrando el mando de la situaci\u00f3n&#8230; su novio la descubre. Soy responsable, previsible, fiable. La chica en la que todo el mundo conf\u00eda. Menos esta noche. Esta noche ser\u00e9 la chica que se acuesta con un completo desconocido. Kasie Fitzgerald es una adicta al trabajo con una carrera imparable en una consultora internacional y est\u00e1 prometida con un hombre bien relacionado. Pero cuando su mejor amiga la lleva a Las Vegas a pasar una \u00faltima noche loca&#8230; se encuentra con \u00e9l. Bajo su traje a medida, Kasie puede percibir que est\u00e1 ante un hombre poderoso, intenso y puede que un poco peligroso. Algo agitada, acepta su propuesta para tomar una copa y antes de darse cuenta est\u00e1 en su habitaci\u00f3n. Cuando Kasie intenta olvidar esa noche de pasi\u00f3n, el hombre misterioso reaparece en su oficina como director de una empresa millonaria, exigiendo que ella se encargue de su cuenta&#8230; y algo m\u00e1s. El atractivo desconocido ha vuelto para invadir no solo su cama, sino tambi\u00e9n su trabajo. Y nada volver\u00e1 a ser como antes. El comienzo de una trilog\u00eda er\u00f3tica que te sumergir\u00e1 en una pasi\u00f3n irresistible y que contin\u00faa con Expuesta y Contrato blindado.<\/p>\n<p>270 P\u00e1ginas.<\/p>\n<p>ISBN: 978-84-663-2856-2<\/p>\n<p>Punto de lectura.<\/p>\n","protected":false},"excerpt":{"rendered":"<p>EXPUESTA. SOLO UNA NOCHE 2 KYRA DAVIS Una noche de pasi\u00f3n con un desconocido revolucion\u00f3 latranquila vida de Kasie. Cuando<\/p>\n","protected":false},"featured_media":42186,"comment_status":"open","ping_status":"open","template":"","meta":[],"product_cat":[713],"product_tag":[1340],"class_list":["post-42185","product","type-product","status-publish","has-post-thumbnail","hentry","product_cat-libros-lectura","product_tag-booxs"],"bundled_by":[],"bundle_stock_status":"instock","bundle_stock_quantity":1,"bundle_virtual":false,"bundle_layout":"","bundle_add_to_cart_form_location":"","bundle_editable_in_cart":false,"bundle_sold_individually_context":"","bundle_item_grouping":"","bundle_min_size":"","bundle_max_size":"","bundled_items":[],"yoast_head":"<!-- This site is optimized with the Yoast SEO plugin v20.6 - https:\/\/yoast.com\/wordpress\/plugins\/seo\/ -->\n<title>EXPUESTA. SOLO UNA NOCHE 2 - Tienda Er\u00f3tica<\/title>\n<meta name=\"robots\" content=\"noindex, follow, max-snippet:-1, max-image-preview:large, max-video-preview:-1\" \/>\n<meta property=\"og:locale\" content=\"es_ES\" \/>\n<meta property=\"og:type\" content=\"article\" \/>\n<meta property=\"og:title\" content=\"EXPUESTA. SOLO UNA NOCHE 2 - Tienda Er\u00f3tica\" \/>\n<meta property=\"og:description\" content=\"EXPUESTA. SOLO UNA NOCHE 2 KYRA DAVIS Una noche de pasi\u00f3n con un desconocido revolucion\u00f3 latranquila vida de Kasie. Cuando\" \/>\n<meta property=\"og:url\" content=\"https:\/\/demoweb.info\/sexshop001\/producto\/expuesta-solo-una-noche-2\/\" \/>\n<meta property=\"og:site_name\" content=\"Tienda Er\u00f3tica\" \/>\n<meta property=\"article:modified_time\" content=\"2022-01-22T13:39:47+00:00\" \/>\n<meta property=\"og:image\" content=\"https:\/\/demoweb.info\/sexshop001\/wp-content\/uploads\/2022\/01\/EXPUESTA.-SOLO-UNA-NOCHE-2.jpg\" \/>\n\t<meta property=\"og:image:width\" content=\"550\" \/>\n\t<meta property=\"og:image:height\" content=\"550\" \/>\n\t<meta property=\"og:image:type\" content=\"image\/jpeg\" \/>\n<meta name=\"twitter:card\" content=\"summary_large_image\" \/>\n<meta name=\"twitter:label1\" content=\"Tiempo de lectura\" \/>\n\t<meta name=\"twitter:data1\" content=\"1 minuto\" \/>\n<script type=\"application\/ld+json\" class=\"yoast-schema-graph\">{\"@context\":\"https:\/\/schema.org\",\"@graph\":[{\"@type\":\"WebPage\",\"@id\":\"https:\/\/demoweb.info\/sexshop001\/producto\/expuesta-solo-una-noche-2\/\",\"url\":\"https:\/\/demoweb.info\/sexshop001\/producto\/expuesta-solo-una-noche-2\/\",\"name\":\"EXPUESTA. SOLO UNA NOCHE 2 - Tienda Er\u00f3tica\",\"isPartOf\":{\"@id\":\"https:\/\/demoweb.info\/sexshop001\/#website\"},\"datePublished\":\"2022-01-22T13:39:39+00:00\",\"dateModified\":\"2022-01-22T13:39:47+00:00\",\"breadcrumb\":{\"@id\":\"https:\/\/demoweb.info\/sexshop001\/producto\/expuesta-solo-una-noche-2\/#breadcrumb\"},\"inLanguage\":\"es\",\"potentialAction\":[{\"@type\":\"ReadAction\",\"target\":[\"https:\/\/demoweb.info\/sexshop001\/producto\/expuesta-solo-una-noche-2\/\"]}]},{\"@type\":\"BreadcrumbList\",\"@id\":\"https:\/\/demoweb.info\/sexshop001\/producto\/expuesta-solo-una-noche-2\/#breadcrumb\",\"itemListElement\":[{\"@type\":\"ListItem\",\"position\":1,\"name\":\"Portada\",\"item\":\"https:\/\/demoweb.info\/sexshop001\/\"},{\"@type\":\"ListItem\",\"position\":2,\"name\":\"Tienda\",\"item\":\"https:\/\/demoweb.info\/sexshop001\/tienda\/\"},{\"@type\":\"ListItem\",\"position\":3,\"name\":\"EXPUESTA. SOLO UNA NOCHE 2\"}]},{\"@type\":\"WebSite\",\"@id\":\"https:\/\/demoweb.info\/sexshop001\/#website\",\"url\":\"https:\/\/demoweb.info\/sexshop001\/\",\"name\":\"Tienda Er\u00f3tica\",\"description\":\"DEMOWEB SL\",\"potentialAction\":[{\"@type\":\"SearchAction\",\"target\":{\"@type\":\"EntryPoint\",\"urlTemplate\":\"https:\/\/demoweb.info\/sexshop001\/?s={search_term_string}\"},\"query-input\":\"required name=search_term_string\"}],\"inLanguage\":\"es\"}]}<\/script>\n<!-- \/ Yoast SEO plugin. -->","yoast_head_json":{"title":"EXPUESTA. SOLO UNA NOCHE 2 - Tienda Er\u00f3tica","robots":{"index":"noindex","follow":"follow","max-snippet":"max-snippet:-1","max-image-preview":"max-image-preview:large","max-video-preview":"max-video-preview:-1"},"og_locale":"es_ES","og_type":"article","og_title":"EXPUESTA. SOLO UNA NOCHE 2 - Tienda Er\u00f3tica","og_description":"EXPUESTA. SOLO UNA NOCHE 2 KYRA DAVIS Una noche de pasi\u00f3n con un desconocido revolucion\u00f3 latranquila vida de Kasie. Cuando","og_url":"https:\/\/demoweb.info\/sexshop001\/producto\/expuesta-solo-una-noche-2\/","og_site_name":"Tienda Er\u00f3tica","article_modified_time":"2022-01-22T13:39:47+00:00","og_image":[{"width":550,"height":550,"url":"https:\/\/demoweb.info\/sexshop001\/wp-content\/uploads\/2022\/01\/EXPUESTA.-SOLO-UNA-NOCHE-2.jpg","type":"image\/jpeg"}],"twitter_card":"summary_large_image","twitter_misc":{"Tiempo de lectura":"1 minuto"},"schema":{"@context":"https:\/\/schema.org","@graph":[{"@type":"WebPage","@id":"https:\/\/demoweb.info\/sexshop001\/producto\/expuesta-solo-una-noche-2\/","url":"https:\/\/demoweb.info\/sexshop001\/producto\/expuesta-solo-una-noche-2\/","name":"EXPUESTA. SOLO UNA NOCHE 2 - Tienda Er\u00f3tica","isPartOf":{"@id":"https:\/\/demoweb.info\/sexshop001\/#website"},"datePublished":"2022-01-22T13:39:39+00:00","dateModified":"2022-01-22T13:39:47+00:00","breadcrumb":{"@id":"https:\/\/demoweb.info\/sexshop001\/producto\/expuesta-solo-una-noche-2\/#breadcrumb"},"inLanguage":"es","potentialAction":[{"@type":"ReadAction","target":["https:\/\/demoweb.info\/sexshop001\/producto\/expuesta-solo-una-noche-2\/"]}]},{"@type":"BreadcrumbList","@id":"https:\/\/demoweb.info\/sexshop001\/producto\/expuesta-solo-una-noche-2\/#breadcrumb","itemListElement":[{"@type":"ListItem","position":1,"name":"Portada","item":"https:\/\/demoweb.info\/sexshop001\/"},{"@type":"ListItem","position":2,"name":"Tienda","item":"https:\/\/demoweb.info\/sexshop001\/tienda\/"},{"@type":"ListItem","position":3,"name":"EXPUESTA. SOLO UNA NOCHE 2"}]},{"@type":"WebSite","@id":"https:\/\/demoweb.info\/sexshop001\/#website","url":"https:\/\/demoweb.info\/sexshop001\/","name":"Tienda Er\u00f3tica","description":"DEMOWEB SL","potentialAction":[{"@type":"SearchAction","target":{"@type":"EntryPoint","urlTemplate":"https:\/\/demoweb.info\/sexshop001\/?s={search_term_string}"},"query-input":"required name=search_term_string"}],"inLanguage":"es"}]}},"_links":{"self":[{"href":"https:\/\/demoweb.info\/sexshop001\/wp-json\/wp\/v3\/product\/42185","targetHints":{"allow":["GET"]}}],"collection":[{"href":"https:\/\/demoweb.info\/sexshop001\/wp-json\/wp\/v3\/product"}],"about":[{"href":"https:\/\/demoweb.info\/sexshop001\/wp-json\/wp\/v2\/types\/product"}],"replies":[{"embeddable":true,"href":"https:\/\/demoweb.info\/sexshop001\/wp-json\/wp\/v2\/comments?post=42185"}],"wp:featuredmedia":[{"embeddable":true,"href":"https:\/\/demoweb.info\/sexshop001\/wp-json\/wp\/v2\/media\/42186"}],"wp:attachment":[{"href":"https:\/\/demoweb.info\/sexshop001\/wp-json\/wp\/v2\/media?parent=42185"}],"wp:term":[{"taxonomy":"product_cat","embeddable":true,"href":"https:\/\/demoweb.info\/sexshop001\/wp-json\/wp\/v2\/product_cat?post=42185"},{"taxonomy":"product_tag","embeddable":true,"href":"https:\/\/demoweb.info\/sexshop001\/wp-json\/wp\/v2\/product_tag?post=42185"}],"curies":[{"name":"wp","href":"https:\/\/api.w.org\/{rel}","templated":true}]}}