{"id":42183,"date":"2022-01-22T14:39:39","date_gmt":"2022-01-22T13:39:39","guid":{"rendered":"https:\/\/demoweb.info\/sexshop001\/producto\/contrato-blindado-solo-una-noche-3\/"},"modified":"2022-01-22T14:39:46","modified_gmt":"2022-01-22T13:39:46","slug":"contrato-blindado-solo-una-noche-3","status":"publish","type":"product","link":"https:\/\/demoweb.info\/sexshop001\/producto\/contrato-blindado-solo-una-noche-3\/","title":{"rendered":"CONTRATO BLINDADO. SOLO UNA NOCHE 3"},"content":{"rendered":"<p><strong>CONTRATO BLINDADO. SOLO UNA NOCHE 3<\/strong><\/p>\n<p>KYRA DAVIS<\/p>\n<p>La \u00faltima parte de Solo una noche, la trilog\u00eda que te sumergir\u00e1 en una pasi\u00f3n irresistible. Una noche loca en un hotel de Las Vegas cambi\u00f3 la vida de Kasie. Este poderoso y sexy desconocido har\u00e1 que Kasie se replantee muchas cosas&#8230; Ahora que el affaire amenaza su puesto de trabajo y el sexy multimillonario Robert Dade se est\u00e1 haciendo cada vez m\u00e1s dominante, Kasie tiene que averiguar si esta pasi\u00f3n la est\u00e1 llevando por el camino que ella quiere. \u00c9l la seduce con el poder, el \u00e9xito y la aventura. Ella est\u00e1 sobrecogida por lo que \u00e9l puede hacerle sentir simplemente con tocarla, por la manera en que puede hacer que lo desee con solo una mirada. Pero, \u00bfpuede pagar Kasie el precio del poder y del placer? \u00bfConoce de verdad a este hombre que dice que puede darle todo, ponerle el mundo en bandeja&#8230; o es a\u00fan un desconocido? El desconocido y Expuesta son las partes anteriores de Solo una noche, la trilog\u00eda er\u00f3tica que te sumergir\u00e1 en una pasi\u00f3n irresistible.<\/p>\n<p>287 P\u00e1ginas.<\/p>\n<p>ISBN: 978-84-663-2857-9<\/p>\n<p>Punto de lectura.<\/p>\n","protected":false},"excerpt":{"rendered":"<p>CONTRATO BLINDADO. SOLO UNA NOCHE 3 KYRA DAVIS La \u00faltima parte de Solo una noche, la trilog\u00eda que te sumergir\u00e1<\/p>\n","protected":false},"featured_media":42184,"comment_status":"open","ping_status":"open","template":"","meta":[],"product_cat":[713],"product_tag":[1340],"class_list":["post-42183","product","type-product","status-publish","has-post-thumbnail","hentry","product_cat-libros-lectura","product_tag-booxs"],"bundled_by":[],"bundle_stock_status":"instock","bundle_stock_quantity":1,"bundle_virtual":false,"bundle_layout":"","bundle_add_to_cart_form_location":"","bundle_editable_in_cart":false,"bundle_sold_individually_context":"","bundle_item_grouping":"","bundle_min_size":"","bundle_max_size":"","bundled_items":[],"yoast_head":"<!-- This site is optimized with the Yoast SEO plugin v20.6 - https:\/\/yoast.com\/wordpress\/plugins\/seo\/ -->\n<title>CONTRATO BLINDADO. SOLO UNA NOCHE 3 - Tienda Er\u00f3tica<\/title>\n<meta name=\"robots\" content=\"noindex, follow, max-snippet:-1, max-image-preview:large, max-video-preview:-1\" \/>\n<meta property=\"og:locale\" content=\"es_ES\" \/>\n<meta property=\"og:type\" content=\"article\" \/>\n<meta property=\"og:title\" content=\"CONTRATO BLINDADO. SOLO UNA NOCHE 3 - Tienda Er\u00f3tica\" \/>\n<meta property=\"og:description\" content=\"CONTRATO BLINDADO. SOLO UNA NOCHE 3 KYRA DAVIS La \u00faltima parte de Solo una noche, la trilog\u00eda que te sumergir\u00e1\" \/>\n<meta property=\"og:url\" content=\"https:\/\/demoweb.info\/sexshop001\/producto\/contrato-blindado-solo-una-noche-3\/\" \/>\n<meta property=\"og:site_name\" content=\"Tienda Er\u00f3tica\" \/>\n<meta property=\"article:modified_time\" content=\"2022-01-22T13:39:46+00:00\" \/>\n<meta property=\"og:image\" content=\"https:\/\/demoweb.info\/sexshop001\/wp-content\/uploads\/2022\/01\/CONTRATO-BLINDADO.-SOLO-UNA-NOCHE-3.jpg\" \/>\n\t<meta property=\"og:image:width\" content=\"550\" \/>\n\t<meta property=\"og:image:height\" content=\"550\" \/>\n\t<meta property=\"og:image:type\" content=\"image\/jpeg\" \/>\n<meta name=\"twitter:card\" content=\"summary_large_image\" \/>\n<meta name=\"twitter:label1\" content=\"Tiempo de lectura\" \/>\n\t<meta name=\"twitter:data1\" content=\"1 minuto\" \/>\n<script type=\"application\/ld+json\" class=\"yoast-schema-graph\">{\"@context\":\"https:\/\/schema.org\",\"@graph\":[{\"@type\":\"WebPage\",\"@id\":\"https:\/\/demoweb.info\/sexshop001\/producto\/contrato-blindado-solo-una-noche-3\/\",\"url\":\"https:\/\/demoweb.info\/sexshop001\/producto\/contrato-blindado-solo-una-noche-3\/\",\"name\":\"CONTRATO BLINDADO. SOLO UNA NOCHE 3 - Tienda Er\u00f3tica\",\"isPartOf\":{\"@id\":\"https:\/\/demoweb.info\/sexshop001\/#website\"},\"datePublished\":\"2022-01-22T13:39:39+00:00\",\"dateModified\":\"2022-01-22T13:39:46+00:00\",\"breadcrumb\":{\"@id\":\"https:\/\/demoweb.info\/sexshop001\/producto\/contrato-blindado-solo-una-noche-3\/#breadcrumb\"},\"inLanguage\":\"es\",\"potentialAction\":[{\"@type\":\"ReadAction\",\"target\":[\"https:\/\/demoweb.info\/sexshop001\/producto\/contrato-blindado-solo-una-noche-3\/\"]}]},{\"@type\":\"BreadcrumbList\",\"@id\":\"https:\/\/demoweb.info\/sexshop001\/producto\/contrato-blindado-solo-una-noche-3\/#breadcrumb\",\"itemListElement\":[{\"@type\":\"ListItem\",\"position\":1,\"name\":\"Portada\",\"item\":\"https:\/\/demoweb.info\/sexshop001\/\"},{\"@type\":\"ListItem\",\"position\":2,\"name\":\"Tienda\",\"item\":\"https:\/\/demoweb.info\/sexshop001\/tienda\/\"},{\"@type\":\"ListItem\",\"position\":3,\"name\":\"CONTRATO BLINDADO. SOLO UNA NOCHE 3\"}]},{\"@type\":\"WebSite\",\"@id\":\"https:\/\/demoweb.info\/sexshop001\/#website\",\"url\":\"https:\/\/demoweb.info\/sexshop001\/\",\"name\":\"Tienda Er\u00f3tica\",\"description\":\"DEMOWEB SL\",\"potentialAction\":[{\"@type\":\"SearchAction\",\"target\":{\"@type\":\"EntryPoint\",\"urlTemplate\":\"https:\/\/demoweb.info\/sexshop001\/?s={search_term_string}\"},\"query-input\":\"required name=search_term_string\"}],\"inLanguage\":\"es\"}]}<\/script>\n<!-- \/ Yoast SEO plugin. -->","yoast_head_json":{"title":"CONTRATO BLINDADO. SOLO UNA NOCHE 3 - Tienda Er\u00f3tica","robots":{"index":"noindex","follow":"follow","max-snippet":"max-snippet:-1","max-image-preview":"max-image-preview:large","max-video-preview":"max-video-preview:-1"},"og_locale":"es_ES","og_type":"article","og_title":"CONTRATO BLINDADO. SOLO UNA NOCHE 3 - Tienda Er\u00f3tica","og_description":"CONTRATO BLINDADO. SOLO UNA NOCHE 3 KYRA DAVIS La \u00faltima parte de Solo una noche, la trilog\u00eda que te sumergir\u00e1","og_url":"https:\/\/demoweb.info\/sexshop001\/producto\/contrato-blindado-solo-una-noche-3\/","og_site_name":"Tienda Er\u00f3tica","article_modified_time":"2022-01-22T13:39:46+00:00","og_image":[{"width":550,"height":550,"url":"https:\/\/demoweb.info\/sexshop001\/wp-content\/uploads\/2022\/01\/CONTRATO-BLINDADO.-SOLO-UNA-NOCHE-3.jpg","type":"image\/jpeg"}],"twitter_card":"summary_large_image","twitter_misc":{"Tiempo de lectura":"1 minuto"},"schema":{"@context":"https:\/\/schema.org","@graph":[{"@type":"WebPage","@id":"https:\/\/demoweb.info\/sexshop001\/producto\/contrato-blindado-solo-una-noche-3\/","url":"https:\/\/demoweb.info\/sexshop001\/producto\/contrato-blindado-solo-una-noche-3\/","name":"CONTRATO BLINDADO. SOLO UNA NOCHE 3 - Tienda Er\u00f3tica","isPartOf":{"@id":"https:\/\/demoweb.info\/sexshop001\/#website"},"datePublished":"2022-01-22T13:39:39+00:00","dateModified":"2022-01-22T13:39:46+00:00","breadcrumb":{"@id":"https:\/\/demoweb.info\/sexshop001\/producto\/contrato-blindado-solo-una-noche-3\/#breadcrumb"},"inLanguage":"es","potentialAction":[{"@type":"ReadAction","target":["https:\/\/demoweb.info\/sexshop001\/producto\/contrato-blindado-solo-una-noche-3\/"]}]},{"@type":"BreadcrumbList","@id":"https:\/\/demoweb.info\/sexshop001\/producto\/contrato-blindado-solo-una-noche-3\/#breadcrumb","itemListElement":[{"@type":"ListItem","position":1,"name":"Portada","item":"https:\/\/demoweb.info\/sexshop001\/"},{"@type":"ListItem","position":2,"name":"Tienda","item":"https:\/\/demoweb.info\/sexshop001\/tienda\/"},{"@type":"ListItem","position":3,"name":"CONTRATO BLINDADO. SOLO UNA NOCHE 3"}]},{"@type":"WebSite","@id":"https:\/\/demoweb.info\/sexshop001\/#website","url":"https:\/\/demoweb.info\/sexshop001\/","name":"Tienda Er\u00f3tica","description":"DEMOWEB SL","potentialAction":[{"@type":"SearchAction","target":{"@type":"EntryPoint","urlTemplate":"https:\/\/demoweb.info\/sexshop001\/?s={search_term_string}"},"query-input":"required name=search_term_string"}],"inLanguage":"es"}]}},"_links":{"self":[{"href":"https:\/\/demoweb.info\/sexshop001\/wp-json\/wp\/v3\/product\/42183","targetHints":{"allow":["GET"]}}],"collection":[{"href":"https:\/\/demoweb.info\/sexshop001\/wp-json\/wp\/v3\/product"}],"about":[{"href":"https:\/\/demoweb.info\/sexshop001\/wp-json\/wp\/v2\/types\/product"}],"replies":[{"embeddable":true,"href":"https:\/\/demoweb.info\/sexshop001\/wp-json\/wp\/v2\/comments?post=42183"}],"wp:featuredmedia":[{"embeddable":true,"href":"https:\/\/demoweb.info\/sexshop001\/wp-json\/wp\/v2\/media\/42184"}],"wp:attachment":[{"href":"https:\/\/demoweb.info\/sexshop001\/wp-json\/wp\/v2\/media?parent=42183"}],"wp:term":[{"taxonomy":"product_cat","embeddable":true,"href":"https:\/\/demoweb.info\/sexshop001\/wp-json\/wp\/v2\/product_cat?post=42183"},{"taxonomy":"product_tag","embeddable":true,"href":"https:\/\/demoweb.info\/sexshop001\/wp-json\/wp\/v2\/product_tag?post=42183"}],"curies":[{"name":"wp","href":"https:\/\/api.w.org\/{rel}","templated":true}]}}