{"id":42161,"date":"2022-01-22T14:39:27","date_gmt":"2022-01-22T13:39:27","guid":{"rendered":"https:\/\/demoweb.info\/sexshop001\/producto\/rocks-off-bamboo-mini-vibrador-rosa-10-velocidades\/"},"modified":"2022-01-22T14:39:34","modified_gmt":"2022-01-22T13:39:34","slug":"rocks-off-bamboo-mini-vibrador-rosa-10-velocidades","status":"publish","type":"product","link":"https:\/\/demoweb.info\/sexshop001\/producto\/rocks-off-bamboo-mini-vibrador-rosa-10-velocidades\/","title":{"rendered":"ROCKS-OFF BAMBOO MINI VIBRADOR ROSA 10 VELOCIDADES"},"content":{"rendered":"<p><strong>ROCKS-OFF BAMBOO ROSE GOLD<\/strong><\/p>\n<p>Dejarse enga\u00f1ar!<\/p>\n<p>Discreto y elegante, con un toque de distinci\u00f3n absoluta, la de 10 velocidades de bamb\u00fa, satisface los sentidos de todos los verdaderos buscadores de placer. Dise\u00f1o de precisi\u00f3n \u00fanica de bamb\u00fa entregar\u00e1 vibraciones intensas exactamente donde se necesita y quiere, mientras que es suave como la seda, sensual contacto para maximizar su satisfacci\u00f3n final. Peque\u00f1o y discreto pero muy potente, contornos elegantes de bamb\u00fa explorar\u00e1n y deleitar\u00e1 al tiempo que le lleva al cielo er\u00f3tico puro y otra vez.<\/p>\n<p>&#8211; 10 ajustes de placer intensos<br \/>\n&#8211; Impermeable<br \/>\n&#8211; L\u00edneas sensuales Sleek<br \/>\n&#8211; Bater\u00eda incluida<strong> 1x AAA<\/strong><\/p>\n<p>Longuitud insertable: 8 cm x 1 cm<\/p>\n<p><strong>Es resistente al agua<\/strong>, con lo cual puedes usarlo tambi\u00e9n en la ducha.<\/p>\n","protected":false},"excerpt":{"rendered":"<p>ROCKS-OFF BAMBOO ROSE GOLD Dejarse enga\u00f1ar! Discreto y elegante, con un toque de distinci\u00f3n absoluta, la de 10 velocidades de<\/p>\n","protected":false},"featured_media":42162,"comment_status":"open","ping_status":"open","template":"","meta":[],"product_cat":[313],"product_tag":[1338,413],"class_list":["post-42161","product","type-product","status-publish","has-post-thumbnail","hentry","product_cat-balas-y-huevos","product_tag-bamboo","product_tag-rocks-off"],"bundled_by":[],"bundle_stock_status":"outofstock","bundle_stock_quantity":0,"bundle_virtual":false,"bundle_layout":"","bundle_add_to_cart_form_location":"","bundle_editable_in_cart":false,"bundle_sold_individually_context":"","bundle_item_grouping":"","bundle_min_size":"","bundle_max_size":"","bundled_items":[],"yoast_head":"<!-- This site is optimized with the Yoast SEO plugin v20.6 - https:\/\/yoast.com\/wordpress\/plugins\/seo\/ -->\n<title>ROCKS-OFF BAMBOO MINI VIBRADOR ROSA 10 VELOCIDADES - Tienda Er\u00f3tica<\/title>\n<meta name=\"robots\" content=\"noindex, follow, max-snippet:-1, max-image-preview:large, max-video-preview:-1\" \/>\n<meta property=\"og:locale\" content=\"es_ES\" \/>\n<meta property=\"og:type\" content=\"article\" \/>\n<meta property=\"og:title\" content=\"ROCKS-OFF BAMBOO MINI VIBRADOR ROSA 10 VELOCIDADES - Tienda Er\u00f3tica\" \/>\n<meta property=\"og:description\" content=\"ROCKS-OFF BAMBOO ROSE GOLD Dejarse enga\u00f1ar! Discreto y elegante, con un toque de distinci\u00f3n absoluta, la de 10 velocidades de\" \/>\n<meta property=\"og:url\" content=\"https:\/\/demoweb.info\/sexshop001\/producto\/rocks-off-bamboo-mini-vibrador-rosa-10-velocidades\/\" \/>\n<meta property=\"og:site_name\" content=\"Tienda Er\u00f3tica\" \/>\n<meta property=\"article:modified_time\" content=\"2022-01-22T13:39:34+00:00\" \/>\n<meta property=\"og:image\" content=\"https:\/\/demoweb.info\/sexshop001\/wp-content\/uploads\/2022\/01\/ROCKS-OFF-BAMBOO-MINI-VIBRADOR-ROSA-10-VELOCIDADES.jpg\" \/>\n\t<meta property=\"og:image:width\" content=\"550\" \/>\n\t<meta property=\"og:image:height\" content=\"550\" \/>\n\t<meta property=\"og:image:type\" content=\"image\/jpeg\" \/>\n<meta name=\"twitter:card\" content=\"summary_large_image\" \/>\n<meta name=\"twitter:label1\" content=\"Tiempo de lectura\" \/>\n\t<meta name=\"twitter:data1\" content=\"1 minuto\" \/>\n<script type=\"application\/ld+json\" class=\"yoast-schema-graph\">{\"@context\":\"https:\/\/schema.org\",\"@graph\":[{\"@type\":\"WebPage\",\"@id\":\"https:\/\/demoweb.info\/sexshop001\/producto\/rocks-off-bamboo-mini-vibrador-rosa-10-velocidades\/\",\"url\":\"https:\/\/demoweb.info\/sexshop001\/producto\/rocks-off-bamboo-mini-vibrador-rosa-10-velocidades\/\",\"name\":\"ROCKS-OFF BAMBOO MINI VIBRADOR ROSA 10 VELOCIDADES - Tienda Er\u00f3tica\",\"isPartOf\":{\"@id\":\"https:\/\/demoweb.info\/sexshop001\/#website\"},\"datePublished\":\"2022-01-22T13:39:27+00:00\",\"dateModified\":\"2022-01-22T13:39:34+00:00\",\"breadcrumb\":{\"@id\":\"https:\/\/demoweb.info\/sexshop001\/producto\/rocks-off-bamboo-mini-vibrador-rosa-10-velocidades\/#breadcrumb\"},\"inLanguage\":\"es\",\"potentialAction\":[{\"@type\":\"ReadAction\",\"target\":[\"https:\/\/demoweb.info\/sexshop001\/producto\/rocks-off-bamboo-mini-vibrador-rosa-10-velocidades\/\"]}]},{\"@type\":\"BreadcrumbList\",\"@id\":\"https:\/\/demoweb.info\/sexshop001\/producto\/rocks-off-bamboo-mini-vibrador-rosa-10-velocidades\/#breadcrumb\",\"itemListElement\":[{\"@type\":\"ListItem\",\"position\":1,\"name\":\"Portada\",\"item\":\"https:\/\/demoweb.info\/sexshop001\/\"},{\"@type\":\"ListItem\",\"position\":2,\"name\":\"Tienda\",\"item\":\"https:\/\/demoweb.info\/sexshop001\/tienda\/\"},{\"@type\":\"ListItem\",\"position\":3,\"name\":\"ROCKS-OFF BAMBOO MINI VIBRADOR ROSA 10 VELOCIDADES\"}]},{\"@type\":\"WebSite\",\"@id\":\"https:\/\/demoweb.info\/sexshop001\/#website\",\"url\":\"https:\/\/demoweb.info\/sexshop001\/\",\"name\":\"Tienda Er\u00f3tica\",\"description\":\"DEMOWEB SL\",\"potentialAction\":[{\"@type\":\"SearchAction\",\"target\":{\"@type\":\"EntryPoint\",\"urlTemplate\":\"https:\/\/demoweb.info\/sexshop001\/?s={search_term_string}\"},\"query-input\":\"required name=search_term_string\"}],\"inLanguage\":\"es\"}]}<\/script>\n<!-- \/ Yoast SEO plugin. -->","yoast_head_json":{"title":"ROCKS-OFF BAMBOO MINI VIBRADOR ROSA 10 VELOCIDADES - Tienda Er\u00f3tica","robots":{"index":"noindex","follow":"follow","max-snippet":"max-snippet:-1","max-image-preview":"max-image-preview:large","max-video-preview":"max-video-preview:-1"},"og_locale":"es_ES","og_type":"article","og_title":"ROCKS-OFF BAMBOO MINI VIBRADOR ROSA 10 VELOCIDADES - Tienda Er\u00f3tica","og_description":"ROCKS-OFF BAMBOO ROSE GOLD Dejarse enga\u00f1ar! Discreto y elegante, con un toque de distinci\u00f3n absoluta, la de 10 velocidades de","og_url":"https:\/\/demoweb.info\/sexshop001\/producto\/rocks-off-bamboo-mini-vibrador-rosa-10-velocidades\/","og_site_name":"Tienda Er\u00f3tica","article_modified_time":"2022-01-22T13:39:34+00:00","og_image":[{"width":550,"height":550,"url":"https:\/\/demoweb.info\/sexshop001\/wp-content\/uploads\/2022\/01\/ROCKS-OFF-BAMBOO-MINI-VIBRADOR-ROSA-10-VELOCIDADES.jpg","type":"image\/jpeg"}],"twitter_card":"summary_large_image","twitter_misc":{"Tiempo de lectura":"1 minuto"},"schema":{"@context":"https:\/\/schema.org","@graph":[{"@type":"WebPage","@id":"https:\/\/demoweb.info\/sexshop001\/producto\/rocks-off-bamboo-mini-vibrador-rosa-10-velocidades\/","url":"https:\/\/demoweb.info\/sexshop001\/producto\/rocks-off-bamboo-mini-vibrador-rosa-10-velocidades\/","name":"ROCKS-OFF BAMBOO MINI VIBRADOR ROSA 10 VELOCIDADES - Tienda Er\u00f3tica","isPartOf":{"@id":"https:\/\/demoweb.info\/sexshop001\/#website"},"datePublished":"2022-01-22T13:39:27+00:00","dateModified":"2022-01-22T13:39:34+00:00","breadcrumb":{"@id":"https:\/\/demoweb.info\/sexshop001\/producto\/rocks-off-bamboo-mini-vibrador-rosa-10-velocidades\/#breadcrumb"},"inLanguage":"es","potentialAction":[{"@type":"ReadAction","target":["https:\/\/demoweb.info\/sexshop001\/producto\/rocks-off-bamboo-mini-vibrador-rosa-10-velocidades\/"]}]},{"@type":"BreadcrumbList","@id":"https:\/\/demoweb.info\/sexshop001\/producto\/rocks-off-bamboo-mini-vibrador-rosa-10-velocidades\/#breadcrumb","itemListElement":[{"@type":"ListItem","position":1,"name":"Portada","item":"https:\/\/demoweb.info\/sexshop001\/"},{"@type":"ListItem","position":2,"name":"Tienda","item":"https:\/\/demoweb.info\/sexshop001\/tienda\/"},{"@type":"ListItem","position":3,"name":"ROCKS-OFF BAMBOO MINI VIBRADOR ROSA 10 VELOCIDADES"}]},{"@type":"WebSite","@id":"https:\/\/demoweb.info\/sexshop001\/#website","url":"https:\/\/demoweb.info\/sexshop001\/","name":"Tienda Er\u00f3tica","description":"DEMOWEB SL","potentialAction":[{"@type":"SearchAction","target":{"@type":"EntryPoint","urlTemplate":"https:\/\/demoweb.info\/sexshop001\/?s={search_term_string}"},"query-input":"required name=search_term_string"}],"inLanguage":"es"}]}},"_links":{"self":[{"href":"https:\/\/demoweb.info\/sexshop001\/wp-json\/wp\/v3\/product\/42161","targetHints":{"allow":["GET"]}}],"collection":[{"href":"https:\/\/demoweb.info\/sexshop001\/wp-json\/wp\/v3\/product"}],"about":[{"href":"https:\/\/demoweb.info\/sexshop001\/wp-json\/wp\/v2\/types\/product"}],"replies":[{"embeddable":true,"href":"https:\/\/demoweb.info\/sexshop001\/wp-json\/wp\/v2\/comments?post=42161"}],"wp:featuredmedia":[{"embeddable":true,"href":"https:\/\/demoweb.info\/sexshop001\/wp-json\/wp\/v2\/media\/42162"}],"wp:attachment":[{"href":"https:\/\/demoweb.info\/sexshop001\/wp-json\/wp\/v2\/media?parent=42161"}],"wp:term":[{"taxonomy":"product_cat","embeddable":true,"href":"https:\/\/demoweb.info\/sexshop001\/wp-json\/wp\/v2\/product_cat?post=42161"},{"taxonomy":"product_tag","embeddable":true,"href":"https:\/\/demoweb.info\/sexshop001\/wp-json\/wp\/v2\/product_tag?post=42161"}],"curies":[{"name":"wp","href":"https:\/\/api.w.org\/{rel}","templated":true}]}}