{"id":42079,"date":"2022-01-22T14:38:33","date_gmt":"2022-01-22T13:38:33","guid":{"rendered":"https:\/\/demoweb.info\/sexshop001\/producto\/elefante-vibrador-extension-para-el-pene-transparente\/"},"modified":"2022-01-22T14:38:48","modified_gmt":"2022-01-22T13:38:48","slug":"elefante-vibrador-extension-para-el-pene-transparente","status":"publish","type":"product","link":"https:\/\/demoweb.info\/sexshop001\/producto\/elefante-vibrador-extension-para-el-pene-transparente\/","title":{"rendered":"ELEFANTE VIBRADOR EXTENSION PARA EL PENE TRANSPARENTE"},"content":{"rendered":"<p><strong>ELEPHANT VIBRATING PENIS EXTENSION CLEAR<\/strong><\/p>\n<p>Amplie el placer para ambos con esta elongaci\u00f3n para el pene. Aumente el tama\u00f1o y la satisfacci\u00f3n con sus rugosidades y tacto suave.<\/p>\n<p>Suave, y sin embargo, excitante y realistico, esta funda para el pene te ofrecer\u00e1 eso y m\u00e1s. Acabado con excitantes n\u00f3dulos que proporcionan una er\u00f3tica estimulaci\u00f3n y una<strong> vibraci\u00f3n extra<\/strong>, as\u00ed como un incremento en tu pene en longitud y anchura, \u00bfqu\u00e9 m\u00e1s podr\u00eda pedir tu pareja? Disfruta de un EXTRA en vuestras relaciones sexuales!<\/p>\n<p>Se adapta a casi todos los tama\u00f1os.<\/p>\n","protected":false},"excerpt":{"rendered":"<p>ELEPHANT VIBRATING PENIS EXTENSION CLEAR Amplie el placer para ambos con esta elongaci\u00f3n para el pene. Aumente el tama\u00f1o y<\/p>\n","protected":false},"featured_media":42080,"comment_status":"open","ping_status":"open","template":"","meta":[],"product_cat":[544],"product_tag":[302,547],"class_list":["post-42079","product","type-product","status-publish","has-post-thumbnail","hentry","product_cat-con-vibrador-fundas","product_tag-shots","product_tag-shots-toys"],"bundled_by":[],"bundle_stock_status":"outofstock","bundle_stock_quantity":0,"bundle_virtual":false,"bundle_layout":"","bundle_add_to_cart_form_location":"","bundle_editable_in_cart":false,"bundle_sold_individually_context":"","bundle_item_grouping":"","bundle_min_size":"","bundle_max_size":"","bundled_items":[],"yoast_head":"<!-- This site is optimized with the Yoast SEO plugin v20.6 - https:\/\/yoast.com\/wordpress\/plugins\/seo\/ -->\n<title>ELEFANTE VIBRADOR EXTENSION PARA EL PENE TRANSPARENTE - Tienda Er\u00f3tica<\/title>\n<meta name=\"robots\" content=\"noindex, follow, max-snippet:-1, max-image-preview:large, max-video-preview:-1\" \/>\n<meta property=\"og:locale\" content=\"es_ES\" \/>\n<meta property=\"og:type\" content=\"article\" \/>\n<meta property=\"og:title\" content=\"ELEFANTE VIBRADOR EXTENSION PARA EL PENE TRANSPARENTE - Tienda Er\u00f3tica\" \/>\n<meta property=\"og:description\" content=\"ELEPHANT VIBRATING PENIS EXTENSION CLEAR Amplie el placer para ambos con esta elongaci\u00f3n para el pene. Aumente el tama\u00f1o y\" \/>\n<meta property=\"og:url\" content=\"https:\/\/demoweb.info\/sexshop001\/producto\/elefante-vibrador-extension-para-el-pene-transparente\/\" \/>\n<meta property=\"og:site_name\" content=\"Tienda Er\u00f3tica\" \/>\n<meta property=\"article:modified_time\" content=\"2022-01-22T13:38:48+00:00\" \/>\n<meta property=\"og:image\" content=\"https:\/\/demoweb.info\/sexshop001\/wp-content\/uploads\/2022\/01\/ELEFANTE-VIBRADOR-EXTENSION-PARA-EL-PENE-TRANSPARENTE.jpg\" \/>\n\t<meta property=\"og:image:width\" content=\"550\" \/>\n\t<meta property=\"og:image:height\" content=\"550\" \/>\n\t<meta property=\"og:image:type\" content=\"image\/jpeg\" \/>\n<meta name=\"twitter:card\" content=\"summary_large_image\" \/>\n<meta name=\"twitter:label1\" content=\"Tiempo de lectura\" \/>\n\t<meta name=\"twitter:data1\" content=\"1 minuto\" \/>\n<script type=\"application\/ld+json\" class=\"yoast-schema-graph\">{\"@context\":\"https:\/\/schema.org\",\"@graph\":[{\"@type\":\"WebPage\",\"@id\":\"https:\/\/demoweb.info\/sexshop001\/producto\/elefante-vibrador-extension-para-el-pene-transparente\/\",\"url\":\"https:\/\/demoweb.info\/sexshop001\/producto\/elefante-vibrador-extension-para-el-pene-transparente\/\",\"name\":\"ELEFANTE VIBRADOR EXTENSION PARA EL PENE TRANSPARENTE - Tienda Er\u00f3tica\",\"isPartOf\":{\"@id\":\"https:\/\/demoweb.info\/sexshop001\/#website\"},\"datePublished\":\"2022-01-22T13:38:33+00:00\",\"dateModified\":\"2022-01-22T13:38:48+00:00\",\"breadcrumb\":{\"@id\":\"https:\/\/demoweb.info\/sexshop001\/producto\/elefante-vibrador-extension-para-el-pene-transparente\/#breadcrumb\"},\"inLanguage\":\"es\",\"potentialAction\":[{\"@type\":\"ReadAction\",\"target\":[\"https:\/\/demoweb.info\/sexshop001\/producto\/elefante-vibrador-extension-para-el-pene-transparente\/\"]}]},{\"@type\":\"BreadcrumbList\",\"@id\":\"https:\/\/demoweb.info\/sexshop001\/producto\/elefante-vibrador-extension-para-el-pene-transparente\/#breadcrumb\",\"itemListElement\":[{\"@type\":\"ListItem\",\"position\":1,\"name\":\"Portada\",\"item\":\"https:\/\/demoweb.info\/sexshop001\/\"},{\"@type\":\"ListItem\",\"position\":2,\"name\":\"Tienda\",\"item\":\"https:\/\/demoweb.info\/sexshop001\/tienda\/\"},{\"@type\":\"ListItem\",\"position\":3,\"name\":\"ELEFANTE VIBRADOR EXTENSION PARA EL PENE TRANSPARENTE\"}]},{\"@type\":\"WebSite\",\"@id\":\"https:\/\/demoweb.info\/sexshop001\/#website\",\"url\":\"https:\/\/demoweb.info\/sexshop001\/\",\"name\":\"Tienda Er\u00f3tica\",\"description\":\"DEMOWEB SL\",\"potentialAction\":[{\"@type\":\"SearchAction\",\"target\":{\"@type\":\"EntryPoint\",\"urlTemplate\":\"https:\/\/demoweb.info\/sexshop001\/?s={search_term_string}\"},\"query-input\":\"required name=search_term_string\"}],\"inLanguage\":\"es\"}]}<\/script>\n<!-- \/ Yoast SEO plugin. -->","yoast_head_json":{"title":"ELEFANTE VIBRADOR EXTENSION PARA EL PENE TRANSPARENTE - Tienda Er\u00f3tica","robots":{"index":"noindex","follow":"follow","max-snippet":"max-snippet:-1","max-image-preview":"max-image-preview:large","max-video-preview":"max-video-preview:-1"},"og_locale":"es_ES","og_type":"article","og_title":"ELEFANTE VIBRADOR EXTENSION PARA EL PENE TRANSPARENTE - Tienda Er\u00f3tica","og_description":"ELEPHANT VIBRATING PENIS EXTENSION CLEAR Amplie el placer para ambos con esta elongaci\u00f3n para el pene. Aumente el tama\u00f1o y","og_url":"https:\/\/demoweb.info\/sexshop001\/producto\/elefante-vibrador-extension-para-el-pene-transparente\/","og_site_name":"Tienda Er\u00f3tica","article_modified_time":"2022-01-22T13:38:48+00:00","og_image":[{"width":550,"height":550,"url":"https:\/\/demoweb.info\/sexshop001\/wp-content\/uploads\/2022\/01\/ELEFANTE-VIBRADOR-EXTENSION-PARA-EL-PENE-TRANSPARENTE.jpg","type":"image\/jpeg"}],"twitter_card":"summary_large_image","twitter_misc":{"Tiempo de lectura":"1 minuto"},"schema":{"@context":"https:\/\/schema.org","@graph":[{"@type":"WebPage","@id":"https:\/\/demoweb.info\/sexshop001\/producto\/elefante-vibrador-extension-para-el-pene-transparente\/","url":"https:\/\/demoweb.info\/sexshop001\/producto\/elefante-vibrador-extension-para-el-pene-transparente\/","name":"ELEFANTE VIBRADOR EXTENSION PARA EL PENE TRANSPARENTE - Tienda Er\u00f3tica","isPartOf":{"@id":"https:\/\/demoweb.info\/sexshop001\/#website"},"datePublished":"2022-01-22T13:38:33+00:00","dateModified":"2022-01-22T13:38:48+00:00","breadcrumb":{"@id":"https:\/\/demoweb.info\/sexshop001\/producto\/elefante-vibrador-extension-para-el-pene-transparente\/#breadcrumb"},"inLanguage":"es","potentialAction":[{"@type":"ReadAction","target":["https:\/\/demoweb.info\/sexshop001\/producto\/elefante-vibrador-extension-para-el-pene-transparente\/"]}]},{"@type":"BreadcrumbList","@id":"https:\/\/demoweb.info\/sexshop001\/producto\/elefante-vibrador-extension-para-el-pene-transparente\/#breadcrumb","itemListElement":[{"@type":"ListItem","position":1,"name":"Portada","item":"https:\/\/demoweb.info\/sexshop001\/"},{"@type":"ListItem","position":2,"name":"Tienda","item":"https:\/\/demoweb.info\/sexshop001\/tienda\/"},{"@type":"ListItem","position":3,"name":"ELEFANTE VIBRADOR EXTENSION PARA EL PENE TRANSPARENTE"}]},{"@type":"WebSite","@id":"https:\/\/demoweb.info\/sexshop001\/#website","url":"https:\/\/demoweb.info\/sexshop001\/","name":"Tienda Er\u00f3tica","description":"DEMOWEB SL","potentialAction":[{"@type":"SearchAction","target":{"@type":"EntryPoint","urlTemplate":"https:\/\/demoweb.info\/sexshop001\/?s={search_term_string}"},"query-input":"required name=search_term_string"}],"inLanguage":"es"}]}},"_links":{"self":[{"href":"https:\/\/demoweb.info\/sexshop001\/wp-json\/wp\/v3\/product\/42079","targetHints":{"allow":["GET"]}}],"collection":[{"href":"https:\/\/demoweb.info\/sexshop001\/wp-json\/wp\/v3\/product"}],"about":[{"href":"https:\/\/demoweb.info\/sexshop001\/wp-json\/wp\/v2\/types\/product"}],"replies":[{"embeddable":true,"href":"https:\/\/demoweb.info\/sexshop001\/wp-json\/wp\/v2\/comments?post=42079"}],"wp:featuredmedia":[{"embeddable":true,"href":"https:\/\/demoweb.info\/sexshop001\/wp-json\/wp\/v2\/media\/42080"}],"wp:attachment":[{"href":"https:\/\/demoweb.info\/sexshop001\/wp-json\/wp\/v2\/media?parent=42079"}],"wp:term":[{"taxonomy":"product_cat","embeddable":true,"href":"https:\/\/demoweb.info\/sexshop001\/wp-json\/wp\/v2\/product_cat?post=42079"},{"taxonomy":"product_tag","embeddable":true,"href":"https:\/\/demoweb.info\/sexshop001\/wp-json\/wp\/v2\/product_tag?post=42079"}],"curies":[{"name":"wp","href":"https:\/\/api.w.org\/{rel}","templated":true}]}}