{"id":42044,"date":"2022-01-22T14:38:23","date_gmt":"2022-01-22T13:38:23","guid":{"rendered":"https:\/\/demoweb.info\/sexshop001\/producto\/atrevete-a-descubrir-las-tecnicas-del-placer\/"},"modified":"2022-01-22T14:38:27","modified_gmt":"2022-01-22T13:38:27","slug":"atrevete-a-descubrir-las-tecnicas-del-placer","status":"publish","type":"product","link":"https:\/\/demoweb.info\/sexshop001\/producto\/atrevete-a-descubrir-las-tecnicas-del-placer\/","title":{"rendered":"ATREVETE&#8230; A DESCUBRIR LAS TECNICAS DEL PLACER"},"content":{"rendered":"<p><strong>ATR\u00c9VETE A DESCUBRIR LAS T\u00c9CNICAS DEL PLACER<\/strong><\/p>\n<p>Esta gu\u00eda te proporcionar\u00e1 todos los consejos destinados a modelar tu cuerpo con vistas a descubrir las t\u00e9cnicas del placer. Tatuajes, lencer\u00eda er\u00f3tica, afrodis\u00edacos, depilaci\u00f3n, gimnasia del perineo, masturbaci\u00f3n no deja ning\u00fan tema en el tintero. Unas breves lecciones de masaje te convertir\u00e1n en un experto en sensualidad. Cuando hayas le\u00eddo y puesto en pr\u00e1ctica estos consejos, tu cuerpo estar\u00e1 incuestionablemente listo para el amor<\/p>\n<p>ISBN: 9788479279318<\/p>\n<p>P\u00e1ginas 139<\/p>\n","protected":false},"excerpt":{"rendered":"<p>ATR\u00c9VETE A DESCUBRIR LAS T\u00c9CNICAS DEL PLACER Esta gu\u00eda te proporcionar\u00e1 todos los consejos destinados a modelar tu cuerpo con<\/p>\n","protected":false},"featured_media":42045,"comment_status":"open","ping_status":"open","template":"","meta":[],"product_cat":[414],"product_tag":[1335],"class_list":["post-42044","product","type-product","status-publish","has-post-thumbnail","hentry","product_cat-libros","product_tag-rouge"],"bundled_by":[],"bundle_stock_status":"instock","bundle_stock_quantity":2,"bundle_virtual":false,"bundle_layout":"","bundle_add_to_cart_form_location":"","bundle_editable_in_cart":false,"bundle_sold_individually_context":"","bundle_item_grouping":"","bundle_min_size":"","bundle_max_size":"","bundled_items":[],"yoast_head":"<!-- This site is optimized with the Yoast SEO plugin v20.6 - https:\/\/yoast.com\/wordpress\/plugins\/seo\/ -->\n<title>ATREVETE... A DESCUBRIR LAS TECNICAS DEL PLACER - Tienda Er\u00f3tica<\/title>\n<meta name=\"robots\" content=\"noindex, follow, max-snippet:-1, max-image-preview:large, max-video-preview:-1\" \/>\n<meta property=\"og:locale\" content=\"es_ES\" \/>\n<meta property=\"og:type\" content=\"article\" \/>\n<meta property=\"og:title\" content=\"ATREVETE... A DESCUBRIR LAS TECNICAS DEL PLACER - Tienda Er\u00f3tica\" \/>\n<meta property=\"og:description\" content=\"ATR\u00c9VETE A DESCUBRIR LAS T\u00c9CNICAS DEL PLACER Esta gu\u00eda te proporcionar\u00e1 todos los consejos destinados a modelar tu cuerpo con\" \/>\n<meta property=\"og:url\" content=\"https:\/\/demoweb.info\/sexshop001\/producto\/atrevete-a-descubrir-las-tecnicas-del-placer\/\" \/>\n<meta property=\"og:site_name\" content=\"Tienda Er\u00f3tica\" \/>\n<meta property=\"article:modified_time\" content=\"2022-01-22T13:38:27+00:00\" \/>\n<meta property=\"og:image\" content=\"https:\/\/demoweb.info\/sexshop001\/wp-content\/uploads\/2022\/01\/ATREVETE...-A-DESCUBRIR-LAS-TECNICAS-DEL-PLACER.jpg\" \/>\n\t<meta property=\"og:image:width\" content=\"550\" \/>\n\t<meta property=\"og:image:height\" content=\"550\" \/>\n\t<meta property=\"og:image:type\" content=\"image\/jpeg\" \/>\n<meta name=\"twitter:card\" content=\"summary_large_image\" \/>\n<script type=\"application\/ld+json\" class=\"yoast-schema-graph\">{\"@context\":\"https:\/\/schema.org\",\"@graph\":[{\"@type\":\"WebPage\",\"@id\":\"https:\/\/demoweb.info\/sexshop001\/producto\/atrevete-a-descubrir-las-tecnicas-del-placer\/\",\"url\":\"https:\/\/demoweb.info\/sexshop001\/producto\/atrevete-a-descubrir-las-tecnicas-del-placer\/\",\"name\":\"ATREVETE... A DESCUBRIR LAS TECNICAS DEL PLACER - Tienda Er\u00f3tica\",\"isPartOf\":{\"@id\":\"https:\/\/demoweb.info\/sexshop001\/#website\"},\"datePublished\":\"2022-01-22T13:38:23+00:00\",\"dateModified\":\"2022-01-22T13:38:27+00:00\",\"breadcrumb\":{\"@id\":\"https:\/\/demoweb.info\/sexshop001\/producto\/atrevete-a-descubrir-las-tecnicas-del-placer\/#breadcrumb\"},\"inLanguage\":\"es\",\"potentialAction\":[{\"@type\":\"ReadAction\",\"target\":[\"https:\/\/demoweb.info\/sexshop001\/producto\/atrevete-a-descubrir-las-tecnicas-del-placer\/\"]}]},{\"@type\":\"BreadcrumbList\",\"@id\":\"https:\/\/demoweb.info\/sexshop001\/producto\/atrevete-a-descubrir-las-tecnicas-del-placer\/#breadcrumb\",\"itemListElement\":[{\"@type\":\"ListItem\",\"position\":1,\"name\":\"Portada\",\"item\":\"https:\/\/demoweb.info\/sexshop001\/\"},{\"@type\":\"ListItem\",\"position\":2,\"name\":\"Tienda\",\"item\":\"https:\/\/demoweb.info\/sexshop001\/tienda\/\"},{\"@type\":\"ListItem\",\"position\":3,\"name\":\"ATREVETE&#8230; A DESCUBRIR LAS TECNICAS DEL PLACER\"}]},{\"@type\":\"WebSite\",\"@id\":\"https:\/\/demoweb.info\/sexshop001\/#website\",\"url\":\"https:\/\/demoweb.info\/sexshop001\/\",\"name\":\"Tienda Er\u00f3tica\",\"description\":\"DEMOWEB SL\",\"potentialAction\":[{\"@type\":\"SearchAction\",\"target\":{\"@type\":\"EntryPoint\",\"urlTemplate\":\"https:\/\/demoweb.info\/sexshop001\/?s={search_term_string}\"},\"query-input\":\"required name=search_term_string\"}],\"inLanguage\":\"es\"}]}<\/script>\n<!-- \/ Yoast SEO plugin. -->","yoast_head_json":{"title":"ATREVETE... A DESCUBRIR LAS TECNICAS DEL PLACER - Tienda Er\u00f3tica","robots":{"index":"noindex","follow":"follow","max-snippet":"max-snippet:-1","max-image-preview":"max-image-preview:large","max-video-preview":"max-video-preview:-1"},"og_locale":"es_ES","og_type":"article","og_title":"ATREVETE... A DESCUBRIR LAS TECNICAS DEL PLACER - Tienda Er\u00f3tica","og_description":"ATR\u00c9VETE A DESCUBRIR LAS T\u00c9CNICAS DEL PLACER Esta gu\u00eda te proporcionar\u00e1 todos los consejos destinados a modelar tu cuerpo con","og_url":"https:\/\/demoweb.info\/sexshop001\/producto\/atrevete-a-descubrir-las-tecnicas-del-placer\/","og_site_name":"Tienda Er\u00f3tica","article_modified_time":"2022-01-22T13:38:27+00:00","og_image":[{"width":550,"height":550,"url":"https:\/\/demoweb.info\/sexshop001\/wp-content\/uploads\/2022\/01\/ATREVETE...-A-DESCUBRIR-LAS-TECNICAS-DEL-PLACER.jpg","type":"image\/jpeg"}],"twitter_card":"summary_large_image","schema":{"@context":"https:\/\/schema.org","@graph":[{"@type":"WebPage","@id":"https:\/\/demoweb.info\/sexshop001\/producto\/atrevete-a-descubrir-las-tecnicas-del-placer\/","url":"https:\/\/demoweb.info\/sexshop001\/producto\/atrevete-a-descubrir-las-tecnicas-del-placer\/","name":"ATREVETE... A DESCUBRIR LAS TECNICAS DEL PLACER - Tienda Er\u00f3tica","isPartOf":{"@id":"https:\/\/demoweb.info\/sexshop001\/#website"},"datePublished":"2022-01-22T13:38:23+00:00","dateModified":"2022-01-22T13:38:27+00:00","breadcrumb":{"@id":"https:\/\/demoweb.info\/sexshop001\/producto\/atrevete-a-descubrir-las-tecnicas-del-placer\/#breadcrumb"},"inLanguage":"es","potentialAction":[{"@type":"ReadAction","target":["https:\/\/demoweb.info\/sexshop001\/producto\/atrevete-a-descubrir-las-tecnicas-del-placer\/"]}]},{"@type":"BreadcrumbList","@id":"https:\/\/demoweb.info\/sexshop001\/producto\/atrevete-a-descubrir-las-tecnicas-del-placer\/#breadcrumb","itemListElement":[{"@type":"ListItem","position":1,"name":"Portada","item":"https:\/\/demoweb.info\/sexshop001\/"},{"@type":"ListItem","position":2,"name":"Tienda","item":"https:\/\/demoweb.info\/sexshop001\/tienda\/"},{"@type":"ListItem","position":3,"name":"ATREVETE&#8230; A DESCUBRIR LAS TECNICAS DEL PLACER"}]},{"@type":"WebSite","@id":"https:\/\/demoweb.info\/sexshop001\/#website","url":"https:\/\/demoweb.info\/sexshop001\/","name":"Tienda Er\u00f3tica","description":"DEMOWEB SL","potentialAction":[{"@type":"SearchAction","target":{"@type":"EntryPoint","urlTemplate":"https:\/\/demoweb.info\/sexshop001\/?s={search_term_string}"},"query-input":"required name=search_term_string"}],"inLanguage":"es"}]}},"_links":{"self":[{"href":"https:\/\/demoweb.info\/sexshop001\/wp-json\/wp\/v3\/product\/42044","targetHints":{"allow":["GET"]}}],"collection":[{"href":"https:\/\/demoweb.info\/sexshop001\/wp-json\/wp\/v3\/product"}],"about":[{"href":"https:\/\/demoweb.info\/sexshop001\/wp-json\/wp\/v2\/types\/product"}],"replies":[{"embeddable":true,"href":"https:\/\/demoweb.info\/sexshop001\/wp-json\/wp\/v2\/comments?post=42044"}],"wp:featuredmedia":[{"embeddable":true,"href":"https:\/\/demoweb.info\/sexshop001\/wp-json\/wp\/v2\/media\/42045"}],"wp:attachment":[{"href":"https:\/\/demoweb.info\/sexshop001\/wp-json\/wp\/v2\/media?parent=42044"}],"wp:term":[{"taxonomy":"product_cat","embeddable":true,"href":"https:\/\/demoweb.info\/sexshop001\/wp-json\/wp\/v2\/product_cat?post=42044"},{"taxonomy":"product_tag","embeddable":true,"href":"https:\/\/demoweb.info\/sexshop001\/wp-json\/wp\/v2\/product_tag?post=42044"}],"curies":[{"name":"wp","href":"https:\/\/api.w.org\/{rel}","templated":true}]}}