{"id":42040,"date":"2022-01-22T14:38:23","date_gmt":"2022-01-22T13:38:23","guid":{"rendered":"https:\/\/demoweb.info\/sexshop001\/producto\/atrevete-a-filmar-tu-propia-pelicula-x\/"},"modified":"2022-01-22T14:38:25","modified_gmt":"2022-01-22T13:38:25","slug":"atrevete-a-filmar-tu-propia-pelicula-x","status":"publish","type":"product","link":"https:\/\/demoweb.info\/sexshop001\/producto\/atrevete-a-filmar-tu-propia-pelicula-x\/","title":{"rendered":"ATREVETE&#8230; A FILMAR TU PROPIA PELICULA X"},"content":{"rendered":"<p><strong>ATR\u00c9VETE A FILMAR TU PROPIA PEL\u00cdCULA X<\/strong><\/p>\n<p>La primera gu\u00eda del mercado que desvela todos los secretos y t\u00e9cnicas para rodar una pel\u00edcula porno los aprendices de realizador descubrir\u00e1n los m\u00e9todos de los profesionales del cine x. Otras caracter\u00edsticas Cada vez hay m\u00e1s gente que posee una c\u00e1mara digital y que la sabe manejar sin problemas: \u00bfPor qu\u00e9 no utilizarla para poner un poco de picante a tus relaciones sexuales y a\u00f1adir as\u00ed un poco de fantas\u00eda a tu vida de pareja? Solos o con amigos consentidores, los aprendices de realizador descubrir\u00e1n los m\u00e9todos de los profesionales del cine X. En efecto, la autora nos revela aqu\u00ed todos los trucos, los detalles t\u00e9cnicos, las posturas, los guiones, las recomendaciones y las artima\u00f1as que ella misma ha experimentado a lo largo de su carrera.<\/p>\n<p>ISBN: 9788479278533<\/p>\n<p>P\u00e1ginas 171<\/p>\n","protected":false},"excerpt":{"rendered":"<p>ATR\u00c9VETE A FILMAR TU PROPIA PEL\u00cdCULA X La primera gu\u00eda del mercado que desvela todos los secretos y t\u00e9cnicas para<\/p>\n","protected":false},"featured_media":42041,"comment_status":"open","ping_status":"open","template":"","meta":[],"product_cat":[414],"product_tag":[1335],"class_list":["post-42040","product","type-product","status-publish","has-post-thumbnail","hentry","product_cat-libros","product_tag-rouge"],"bundled_by":[],"bundle_stock_status":"outofstock","bundle_stock_quantity":0,"bundle_virtual":false,"bundle_layout":"","bundle_add_to_cart_form_location":"","bundle_editable_in_cart":false,"bundle_sold_individually_context":"","bundle_item_grouping":"","bundle_min_size":"","bundle_max_size":"","bundled_items":[],"yoast_head":"<!-- This site is optimized with the Yoast SEO plugin v20.6 - https:\/\/yoast.com\/wordpress\/plugins\/seo\/ -->\n<title>ATREVETE... A FILMAR TU PROPIA PELICULA X - Tienda Er\u00f3tica<\/title>\n<meta name=\"robots\" content=\"noindex, follow, max-snippet:-1, max-image-preview:large, max-video-preview:-1\" \/>\n<meta property=\"og:locale\" content=\"es_ES\" \/>\n<meta property=\"og:type\" content=\"article\" \/>\n<meta property=\"og:title\" content=\"ATREVETE... A FILMAR TU PROPIA PELICULA X - Tienda Er\u00f3tica\" \/>\n<meta property=\"og:description\" content=\"ATR\u00c9VETE A FILMAR TU PROPIA PEL\u00cdCULA X La primera gu\u00eda del mercado que desvela todos los secretos y t\u00e9cnicas para\" \/>\n<meta property=\"og:url\" content=\"https:\/\/demoweb.info\/sexshop001\/producto\/atrevete-a-filmar-tu-propia-pelicula-x\/\" \/>\n<meta property=\"og:site_name\" content=\"Tienda Er\u00f3tica\" \/>\n<meta property=\"article:modified_time\" content=\"2022-01-22T13:38:25+00:00\" \/>\n<meta property=\"og:image\" content=\"https:\/\/demoweb.info\/sexshop001\/wp-content\/uploads\/2022\/01\/ATREVETE...-A-FILMAR-TU-PROPIA-PELICULA-X.jpg\" \/>\n\t<meta property=\"og:image:width\" content=\"550\" \/>\n\t<meta property=\"og:image:height\" content=\"550\" \/>\n\t<meta property=\"og:image:type\" content=\"image\/jpeg\" \/>\n<meta name=\"twitter:card\" content=\"summary_large_image\" \/>\n<meta name=\"twitter:label1\" content=\"Tiempo de lectura\" \/>\n\t<meta name=\"twitter:data1\" content=\"1 minuto\" \/>\n<script type=\"application\/ld+json\" class=\"yoast-schema-graph\">{\"@context\":\"https:\/\/schema.org\",\"@graph\":[{\"@type\":\"WebPage\",\"@id\":\"https:\/\/demoweb.info\/sexshop001\/producto\/atrevete-a-filmar-tu-propia-pelicula-x\/\",\"url\":\"https:\/\/demoweb.info\/sexshop001\/producto\/atrevete-a-filmar-tu-propia-pelicula-x\/\",\"name\":\"ATREVETE... A FILMAR TU PROPIA PELICULA X - Tienda Er\u00f3tica\",\"isPartOf\":{\"@id\":\"https:\/\/demoweb.info\/sexshop001\/#website\"},\"datePublished\":\"2022-01-22T13:38:23+00:00\",\"dateModified\":\"2022-01-22T13:38:25+00:00\",\"breadcrumb\":{\"@id\":\"https:\/\/demoweb.info\/sexshop001\/producto\/atrevete-a-filmar-tu-propia-pelicula-x\/#breadcrumb\"},\"inLanguage\":\"es\",\"potentialAction\":[{\"@type\":\"ReadAction\",\"target\":[\"https:\/\/demoweb.info\/sexshop001\/producto\/atrevete-a-filmar-tu-propia-pelicula-x\/\"]}]},{\"@type\":\"BreadcrumbList\",\"@id\":\"https:\/\/demoweb.info\/sexshop001\/producto\/atrevete-a-filmar-tu-propia-pelicula-x\/#breadcrumb\",\"itemListElement\":[{\"@type\":\"ListItem\",\"position\":1,\"name\":\"Portada\",\"item\":\"https:\/\/demoweb.info\/sexshop001\/\"},{\"@type\":\"ListItem\",\"position\":2,\"name\":\"Tienda\",\"item\":\"https:\/\/demoweb.info\/sexshop001\/tienda\/\"},{\"@type\":\"ListItem\",\"position\":3,\"name\":\"ATREVETE&#8230; A FILMAR TU PROPIA PELICULA X\"}]},{\"@type\":\"WebSite\",\"@id\":\"https:\/\/demoweb.info\/sexshop001\/#website\",\"url\":\"https:\/\/demoweb.info\/sexshop001\/\",\"name\":\"Tienda Er\u00f3tica\",\"description\":\"DEMOWEB SL\",\"potentialAction\":[{\"@type\":\"SearchAction\",\"target\":{\"@type\":\"EntryPoint\",\"urlTemplate\":\"https:\/\/demoweb.info\/sexshop001\/?s={search_term_string}\"},\"query-input\":\"required name=search_term_string\"}],\"inLanguage\":\"es\"}]}<\/script>\n<!-- \/ Yoast SEO plugin. -->","yoast_head_json":{"title":"ATREVETE... A FILMAR TU PROPIA PELICULA X - Tienda Er\u00f3tica","robots":{"index":"noindex","follow":"follow","max-snippet":"max-snippet:-1","max-image-preview":"max-image-preview:large","max-video-preview":"max-video-preview:-1"},"og_locale":"es_ES","og_type":"article","og_title":"ATREVETE... A FILMAR TU PROPIA PELICULA X - Tienda Er\u00f3tica","og_description":"ATR\u00c9VETE A FILMAR TU PROPIA PEL\u00cdCULA X La primera gu\u00eda del mercado que desvela todos los secretos y t\u00e9cnicas para","og_url":"https:\/\/demoweb.info\/sexshop001\/producto\/atrevete-a-filmar-tu-propia-pelicula-x\/","og_site_name":"Tienda Er\u00f3tica","article_modified_time":"2022-01-22T13:38:25+00:00","og_image":[{"width":550,"height":550,"url":"https:\/\/demoweb.info\/sexshop001\/wp-content\/uploads\/2022\/01\/ATREVETE...-A-FILMAR-TU-PROPIA-PELICULA-X.jpg","type":"image\/jpeg"}],"twitter_card":"summary_large_image","twitter_misc":{"Tiempo de lectura":"1 minuto"},"schema":{"@context":"https:\/\/schema.org","@graph":[{"@type":"WebPage","@id":"https:\/\/demoweb.info\/sexshop001\/producto\/atrevete-a-filmar-tu-propia-pelicula-x\/","url":"https:\/\/demoweb.info\/sexshop001\/producto\/atrevete-a-filmar-tu-propia-pelicula-x\/","name":"ATREVETE... A FILMAR TU PROPIA PELICULA X - Tienda Er\u00f3tica","isPartOf":{"@id":"https:\/\/demoweb.info\/sexshop001\/#website"},"datePublished":"2022-01-22T13:38:23+00:00","dateModified":"2022-01-22T13:38:25+00:00","breadcrumb":{"@id":"https:\/\/demoweb.info\/sexshop001\/producto\/atrevete-a-filmar-tu-propia-pelicula-x\/#breadcrumb"},"inLanguage":"es","potentialAction":[{"@type":"ReadAction","target":["https:\/\/demoweb.info\/sexshop001\/producto\/atrevete-a-filmar-tu-propia-pelicula-x\/"]}]},{"@type":"BreadcrumbList","@id":"https:\/\/demoweb.info\/sexshop001\/producto\/atrevete-a-filmar-tu-propia-pelicula-x\/#breadcrumb","itemListElement":[{"@type":"ListItem","position":1,"name":"Portada","item":"https:\/\/demoweb.info\/sexshop001\/"},{"@type":"ListItem","position":2,"name":"Tienda","item":"https:\/\/demoweb.info\/sexshop001\/tienda\/"},{"@type":"ListItem","position":3,"name":"ATREVETE&#8230; A FILMAR TU PROPIA PELICULA X"}]},{"@type":"WebSite","@id":"https:\/\/demoweb.info\/sexshop001\/#website","url":"https:\/\/demoweb.info\/sexshop001\/","name":"Tienda Er\u00f3tica","description":"DEMOWEB SL","potentialAction":[{"@type":"SearchAction","target":{"@type":"EntryPoint","urlTemplate":"https:\/\/demoweb.info\/sexshop001\/?s={search_term_string}"},"query-input":"required name=search_term_string"}],"inLanguage":"es"}]}},"_links":{"self":[{"href":"https:\/\/demoweb.info\/sexshop001\/wp-json\/wp\/v3\/product\/42040","targetHints":{"allow":["GET"]}}],"collection":[{"href":"https:\/\/demoweb.info\/sexshop001\/wp-json\/wp\/v3\/product"}],"about":[{"href":"https:\/\/demoweb.info\/sexshop001\/wp-json\/wp\/v2\/types\/product"}],"replies":[{"embeddable":true,"href":"https:\/\/demoweb.info\/sexshop001\/wp-json\/wp\/v2\/comments?post=42040"}],"wp:featuredmedia":[{"embeddable":true,"href":"https:\/\/demoweb.info\/sexshop001\/wp-json\/wp\/v2\/media\/42041"}],"wp:attachment":[{"href":"https:\/\/demoweb.info\/sexshop001\/wp-json\/wp\/v2\/media?parent=42040"}],"wp:term":[{"taxonomy":"product_cat","embeddable":true,"href":"https:\/\/demoweb.info\/sexshop001\/wp-json\/wp\/v2\/product_cat?post=42040"},{"taxonomy":"product_tag","embeddable":true,"href":"https:\/\/demoweb.info\/sexshop001\/wp-json\/wp\/v2\/product_tag?post=42040"}],"curies":[{"name":"wp","href":"https:\/\/api.w.org\/{rel}","templated":true}]}}