{"id":42034,"date":"2022-01-22T14:38:23","date_gmt":"2022-01-22T13:38:23","guid":{"rendered":"https:\/\/demoweb.info\/sexshop001\/producto\/atrevete-con-el-intercambio-de-parejas\/"},"modified":"2022-01-22T14:38:23","modified_gmt":"2022-01-22T13:38:23","slug":"atrevete-con-el-intercambio-de-parejas","status":"publish","type":"product","link":"https:\/\/demoweb.info\/sexshop001\/producto\/atrevete-con-el-intercambio-de-parejas\/","title":{"rendered":"ATREVETE&#8230; CON EL INTERCAMBIO DE PAREJAS"},"content":{"rendered":"<p><strong>ATR\u00c9VETE CON EL INTERCAMBIO DE PAREJAS<\/strong><\/p>\n<p>Una gu\u00eda indispensable para la pr\u00e1ctica de este fen\u00f3meno que cada vez tiene m\u00e1s seguidores La evoluci\u00f3n del fen\u00f3meno, visitas a los locales de intercambio y descripci\u00f3n de las pr\u00e1cticas amorosas&#8230;atr\u00e9vete con&#8230; el intercambio<\/p>\n<p>Atr\u00e9vete con el intercambio de parejas es una pr\u00e1ctica y \u00fatil gu\u00eda que nos invita a visitar los diversos lugares de intercambio de pareja, a buscar por medio de anuncios clasificados a otras personas que quieran intercambiar y nos ofrece tambi\u00e9n detalladas descripciones de las distintas actividades amorosas. Adem\u00e1s, nos explica la historia de este fen\u00f3meno desde sus inicios hasta el d\u00eda de hoy y nos habla de los riesgos y de las consecuencias que esta pr\u00e1ctica puede conllevar. Se trata de un tema, que aunque se practica desde hace ya muchos a\u00f1os, las revistas y libros m\u00e1s recientes s\u00f3lo han tratado de manera superficial. Y ahora H\u00e9l\u00e8ne Barbe nos ofrece un verdadero compendio.<\/p>\n<p>SBN: 9788479278489<br \/>\nP\u00e1ginas 109<\/p>\n","protected":false},"excerpt":{"rendered":"<p>ATR\u00c9VETE CON EL INTERCAMBIO DE PAREJAS Una gu\u00eda indispensable para la pr\u00e1ctica de este fen\u00f3meno que cada vez tiene m\u00e1s<\/p>\n","protected":false},"featured_media":42035,"comment_status":"open","ping_status":"open","template":"","meta":[],"product_cat":[414],"product_tag":[1335],"class_list":["post-42034","product","type-product","status-publish","has-post-thumbnail","hentry","product_cat-libros","product_tag-rouge"],"bundled_by":[],"bundle_stock_status":"outofstock","bundle_stock_quantity":0,"bundle_virtual":false,"bundle_layout":"","bundle_add_to_cart_form_location":"","bundle_editable_in_cart":false,"bundle_sold_individually_context":"","bundle_item_grouping":"","bundle_min_size":"","bundle_max_size":"","bundled_items":[],"yoast_head":"<!-- This site is optimized with the Yoast SEO plugin v20.6 - https:\/\/yoast.com\/wordpress\/plugins\/seo\/ -->\n<title>ATREVETE... CON EL INTERCAMBIO DE PAREJAS - Tienda Er\u00f3tica<\/title>\n<meta name=\"robots\" content=\"noindex, follow, max-snippet:-1, max-image-preview:large, max-video-preview:-1\" \/>\n<meta property=\"og:locale\" content=\"es_ES\" \/>\n<meta property=\"og:type\" content=\"article\" \/>\n<meta property=\"og:title\" content=\"ATREVETE... CON EL INTERCAMBIO DE PAREJAS - Tienda Er\u00f3tica\" \/>\n<meta property=\"og:description\" content=\"ATR\u00c9VETE CON EL INTERCAMBIO DE PAREJAS Una gu\u00eda indispensable para la pr\u00e1ctica de este fen\u00f3meno que cada vez tiene m\u00e1s\" \/>\n<meta property=\"og:url\" content=\"https:\/\/demoweb.info\/sexshop001\/producto\/atrevete-con-el-intercambio-de-parejas\/\" \/>\n<meta property=\"og:site_name\" content=\"Tienda Er\u00f3tica\" \/>\n<meta property=\"og:image\" content=\"https:\/\/demoweb.info\/sexshop001\/wp-content\/uploads\/2022\/01\/ATREVETE...-CON-EL-INTERCAMBIO-DE-PAREJAS.jpg\" \/>\n\t<meta property=\"og:image:width\" content=\"550\" \/>\n\t<meta property=\"og:image:height\" content=\"550\" \/>\n\t<meta property=\"og:image:type\" content=\"image\/jpeg\" \/>\n<meta name=\"twitter:card\" content=\"summary_large_image\" \/>\n<meta name=\"twitter:label1\" content=\"Tiempo de lectura\" \/>\n\t<meta name=\"twitter:data1\" content=\"1 minuto\" \/>\n<script type=\"application\/ld+json\" class=\"yoast-schema-graph\">{\"@context\":\"https:\/\/schema.org\",\"@graph\":[{\"@type\":\"WebPage\",\"@id\":\"https:\/\/demoweb.info\/sexshop001\/producto\/atrevete-con-el-intercambio-de-parejas\/\",\"url\":\"https:\/\/demoweb.info\/sexshop001\/producto\/atrevete-con-el-intercambio-de-parejas\/\",\"name\":\"ATREVETE... CON EL INTERCAMBIO DE PAREJAS - Tienda Er\u00f3tica\",\"isPartOf\":{\"@id\":\"https:\/\/demoweb.info\/sexshop001\/#website\"},\"datePublished\":\"2022-01-22T13:38:23+00:00\",\"dateModified\":\"2022-01-22T13:38:23+00:00\",\"breadcrumb\":{\"@id\":\"https:\/\/demoweb.info\/sexshop001\/producto\/atrevete-con-el-intercambio-de-parejas\/#breadcrumb\"},\"inLanguage\":\"es\",\"potentialAction\":[{\"@type\":\"ReadAction\",\"target\":[\"https:\/\/demoweb.info\/sexshop001\/producto\/atrevete-con-el-intercambio-de-parejas\/\"]}]},{\"@type\":\"BreadcrumbList\",\"@id\":\"https:\/\/demoweb.info\/sexshop001\/producto\/atrevete-con-el-intercambio-de-parejas\/#breadcrumb\",\"itemListElement\":[{\"@type\":\"ListItem\",\"position\":1,\"name\":\"Portada\",\"item\":\"https:\/\/demoweb.info\/sexshop001\/\"},{\"@type\":\"ListItem\",\"position\":2,\"name\":\"Tienda\",\"item\":\"https:\/\/demoweb.info\/sexshop001\/tienda\/\"},{\"@type\":\"ListItem\",\"position\":3,\"name\":\"ATREVETE&#8230; CON EL INTERCAMBIO DE PAREJAS\"}]},{\"@type\":\"WebSite\",\"@id\":\"https:\/\/demoweb.info\/sexshop001\/#website\",\"url\":\"https:\/\/demoweb.info\/sexshop001\/\",\"name\":\"Tienda Er\u00f3tica\",\"description\":\"DEMOWEB SL\",\"potentialAction\":[{\"@type\":\"SearchAction\",\"target\":{\"@type\":\"EntryPoint\",\"urlTemplate\":\"https:\/\/demoweb.info\/sexshop001\/?s={search_term_string}\"},\"query-input\":\"required name=search_term_string\"}],\"inLanguage\":\"es\"}]}<\/script>\n<!-- \/ Yoast SEO plugin. -->","yoast_head_json":{"title":"ATREVETE... CON EL INTERCAMBIO DE PAREJAS - Tienda Er\u00f3tica","robots":{"index":"noindex","follow":"follow","max-snippet":"max-snippet:-1","max-image-preview":"max-image-preview:large","max-video-preview":"max-video-preview:-1"},"og_locale":"es_ES","og_type":"article","og_title":"ATREVETE... CON EL INTERCAMBIO DE PAREJAS - Tienda Er\u00f3tica","og_description":"ATR\u00c9VETE CON EL INTERCAMBIO DE PAREJAS Una gu\u00eda indispensable para la pr\u00e1ctica de este fen\u00f3meno que cada vez tiene m\u00e1s","og_url":"https:\/\/demoweb.info\/sexshop001\/producto\/atrevete-con-el-intercambio-de-parejas\/","og_site_name":"Tienda Er\u00f3tica","og_image":[{"width":550,"height":550,"url":"https:\/\/demoweb.info\/sexshop001\/wp-content\/uploads\/2022\/01\/ATREVETE...-CON-EL-INTERCAMBIO-DE-PAREJAS.jpg","type":"image\/jpeg"}],"twitter_card":"summary_large_image","twitter_misc":{"Tiempo de lectura":"1 minuto"},"schema":{"@context":"https:\/\/schema.org","@graph":[{"@type":"WebPage","@id":"https:\/\/demoweb.info\/sexshop001\/producto\/atrevete-con-el-intercambio-de-parejas\/","url":"https:\/\/demoweb.info\/sexshop001\/producto\/atrevete-con-el-intercambio-de-parejas\/","name":"ATREVETE... CON EL INTERCAMBIO DE PAREJAS - Tienda Er\u00f3tica","isPartOf":{"@id":"https:\/\/demoweb.info\/sexshop001\/#website"},"datePublished":"2022-01-22T13:38:23+00:00","dateModified":"2022-01-22T13:38:23+00:00","breadcrumb":{"@id":"https:\/\/demoweb.info\/sexshop001\/producto\/atrevete-con-el-intercambio-de-parejas\/#breadcrumb"},"inLanguage":"es","potentialAction":[{"@type":"ReadAction","target":["https:\/\/demoweb.info\/sexshop001\/producto\/atrevete-con-el-intercambio-de-parejas\/"]}]},{"@type":"BreadcrumbList","@id":"https:\/\/demoweb.info\/sexshop001\/producto\/atrevete-con-el-intercambio-de-parejas\/#breadcrumb","itemListElement":[{"@type":"ListItem","position":1,"name":"Portada","item":"https:\/\/demoweb.info\/sexshop001\/"},{"@type":"ListItem","position":2,"name":"Tienda","item":"https:\/\/demoweb.info\/sexshop001\/tienda\/"},{"@type":"ListItem","position":3,"name":"ATREVETE&#8230; CON EL INTERCAMBIO DE PAREJAS"}]},{"@type":"WebSite","@id":"https:\/\/demoweb.info\/sexshop001\/#website","url":"https:\/\/demoweb.info\/sexshop001\/","name":"Tienda Er\u00f3tica","description":"DEMOWEB SL","potentialAction":[{"@type":"SearchAction","target":{"@type":"EntryPoint","urlTemplate":"https:\/\/demoweb.info\/sexshop001\/?s={search_term_string}"},"query-input":"required name=search_term_string"}],"inLanguage":"es"}]}},"_links":{"self":[{"href":"https:\/\/demoweb.info\/sexshop001\/wp-json\/wp\/v3\/product\/42034","targetHints":{"allow":["GET"]}}],"collection":[{"href":"https:\/\/demoweb.info\/sexshop001\/wp-json\/wp\/v3\/product"}],"about":[{"href":"https:\/\/demoweb.info\/sexshop001\/wp-json\/wp\/v2\/types\/product"}],"replies":[{"embeddable":true,"href":"https:\/\/demoweb.info\/sexshop001\/wp-json\/wp\/v2\/comments?post=42034"}],"wp:featuredmedia":[{"embeddable":true,"href":"https:\/\/demoweb.info\/sexshop001\/wp-json\/wp\/v2\/media\/42035"}],"wp:attachment":[{"href":"https:\/\/demoweb.info\/sexshop001\/wp-json\/wp\/v2\/media?parent=42034"}],"wp:term":[{"taxonomy":"product_cat","embeddable":true,"href":"https:\/\/demoweb.info\/sexshop001\/wp-json\/wp\/v2\/product_cat?post=42034"},{"taxonomy":"product_tag","embeddable":true,"href":"https:\/\/demoweb.info\/sexshop001\/wp-json\/wp\/v2\/product_tag?post=42034"}],"curies":[{"name":"wp","href":"https:\/\/api.w.org\/{rel}","templated":true}]}}