{"id":42026,"date":"2022-01-22T14:38:14","date_gmt":"2022-01-22T13:38:14","guid":{"rendered":"https:\/\/demoweb.info\/sexshop001\/producto\/atrevete-con-el-sexo-en-internet\/"},"modified":"2022-01-22T14:38:19","modified_gmt":"2022-01-22T13:38:19","slug":"atrevete-con-el-sexo-en-internet","status":"publish","type":"product","link":"https:\/\/demoweb.info\/sexshop001\/producto\/atrevete-con-el-sexo-en-internet\/","title":{"rendered":"ATREVETE&#8230; CON EL SEXO EN INTERNET"},"content":{"rendered":"<p><strong>ATREVETE CON EL SEXO EN INTERNET<\/strong><\/p>\n<p>Ligar con un hombre (o varios) o con una mujer por internet, comprar en sex-shops especializados, compartir fotos, v\u00eddeos o recrear fantas\u00edas, conocer los mejores sitios amateurs gratuitos, sitios gay o SM, la red es en estos momentos un gran bazar donde todo es posible. Pero es dif\u00edcil situarse, hacer b\u00fasquedas precisas y no perder el tiempo en p\u00e1ginas poco fiables. Gracias a los consejos de un experto como Thomas Perrin no ser\u00e1 necesario vaciar tu cuenta bancaria para encontrar un traje a tu medida y poder vivir experiencias apasionantes.<\/p>\n<p>ISBN: 9788479279097<\/p>\n<p>P\u00e1ginas 127.<\/p>\n","protected":false},"excerpt":{"rendered":"<p>ATREVETE CON EL SEXO EN INTERNET Ligar con un hombre (o varios) o con una mujer por internet, comprar en<\/p>\n","protected":false},"featured_media":42027,"comment_status":"open","ping_status":"open","template":"","meta":[],"product_cat":[414],"product_tag":[1335],"class_list":["post-42026","product","type-product","status-publish","has-post-thumbnail","hentry","product_cat-libros","product_tag-rouge"],"bundled_by":[],"bundle_stock_status":"instock","bundle_stock_quantity":2,"bundle_virtual":false,"bundle_layout":"","bundle_add_to_cart_form_location":"","bundle_editable_in_cart":false,"bundle_sold_individually_context":"","bundle_item_grouping":"","bundle_min_size":"","bundle_max_size":"","bundled_items":[],"yoast_head":"<!-- This site is optimized with the Yoast SEO plugin v20.6 - https:\/\/yoast.com\/wordpress\/plugins\/seo\/ -->\n<title>ATREVETE... CON EL SEXO EN INTERNET - Tienda Er\u00f3tica<\/title>\n<meta name=\"robots\" content=\"noindex, follow, max-snippet:-1, max-image-preview:large, max-video-preview:-1\" \/>\n<meta property=\"og:locale\" content=\"es_ES\" \/>\n<meta property=\"og:type\" content=\"article\" \/>\n<meta property=\"og:title\" content=\"ATREVETE... CON EL SEXO EN INTERNET - Tienda Er\u00f3tica\" \/>\n<meta property=\"og:description\" content=\"ATREVETE CON EL SEXO EN INTERNET Ligar con un hombre (o varios) o con una mujer por internet, comprar en\" \/>\n<meta property=\"og:url\" content=\"https:\/\/demoweb.info\/sexshop001\/producto\/atrevete-con-el-sexo-en-internet\/\" \/>\n<meta property=\"og:site_name\" content=\"Tienda Er\u00f3tica\" \/>\n<meta property=\"article:modified_time\" content=\"2022-01-22T13:38:19+00:00\" \/>\n<meta property=\"og:image\" content=\"https:\/\/demoweb.info\/sexshop001\/wp-content\/uploads\/2022\/01\/ATREVETE...-CON-EL-SEXO-EN-INTERNET.jpg\" \/>\n\t<meta property=\"og:image:width\" content=\"550\" \/>\n\t<meta property=\"og:image:height\" content=\"550\" \/>\n\t<meta property=\"og:image:type\" content=\"image\/jpeg\" \/>\n<meta name=\"twitter:card\" content=\"summary_large_image\" \/>\n<meta name=\"twitter:label1\" content=\"Tiempo de lectura\" \/>\n\t<meta name=\"twitter:data1\" content=\"1 minuto\" \/>\n<script type=\"application\/ld+json\" class=\"yoast-schema-graph\">{\"@context\":\"https:\/\/schema.org\",\"@graph\":[{\"@type\":\"WebPage\",\"@id\":\"https:\/\/demoweb.info\/sexshop001\/producto\/atrevete-con-el-sexo-en-internet\/\",\"url\":\"https:\/\/demoweb.info\/sexshop001\/producto\/atrevete-con-el-sexo-en-internet\/\",\"name\":\"ATREVETE... CON EL SEXO EN INTERNET - Tienda Er\u00f3tica\",\"isPartOf\":{\"@id\":\"https:\/\/demoweb.info\/sexshop001\/#website\"},\"datePublished\":\"2022-01-22T13:38:14+00:00\",\"dateModified\":\"2022-01-22T13:38:19+00:00\",\"breadcrumb\":{\"@id\":\"https:\/\/demoweb.info\/sexshop001\/producto\/atrevete-con-el-sexo-en-internet\/#breadcrumb\"},\"inLanguage\":\"es\",\"potentialAction\":[{\"@type\":\"ReadAction\",\"target\":[\"https:\/\/demoweb.info\/sexshop001\/producto\/atrevete-con-el-sexo-en-internet\/\"]}]},{\"@type\":\"BreadcrumbList\",\"@id\":\"https:\/\/demoweb.info\/sexshop001\/producto\/atrevete-con-el-sexo-en-internet\/#breadcrumb\",\"itemListElement\":[{\"@type\":\"ListItem\",\"position\":1,\"name\":\"Portada\",\"item\":\"https:\/\/demoweb.info\/sexshop001\/\"},{\"@type\":\"ListItem\",\"position\":2,\"name\":\"Tienda\",\"item\":\"https:\/\/demoweb.info\/sexshop001\/tienda\/\"},{\"@type\":\"ListItem\",\"position\":3,\"name\":\"ATREVETE&#8230; CON EL SEXO EN INTERNET\"}]},{\"@type\":\"WebSite\",\"@id\":\"https:\/\/demoweb.info\/sexshop001\/#website\",\"url\":\"https:\/\/demoweb.info\/sexshop001\/\",\"name\":\"Tienda Er\u00f3tica\",\"description\":\"DEMOWEB SL\",\"potentialAction\":[{\"@type\":\"SearchAction\",\"target\":{\"@type\":\"EntryPoint\",\"urlTemplate\":\"https:\/\/demoweb.info\/sexshop001\/?s={search_term_string}\"},\"query-input\":\"required name=search_term_string\"}],\"inLanguage\":\"es\"}]}<\/script>\n<!-- \/ Yoast SEO plugin. -->","yoast_head_json":{"title":"ATREVETE... CON EL SEXO EN INTERNET - Tienda Er\u00f3tica","robots":{"index":"noindex","follow":"follow","max-snippet":"max-snippet:-1","max-image-preview":"max-image-preview:large","max-video-preview":"max-video-preview:-1"},"og_locale":"es_ES","og_type":"article","og_title":"ATREVETE... CON EL SEXO EN INTERNET - Tienda Er\u00f3tica","og_description":"ATREVETE CON EL SEXO EN INTERNET Ligar con un hombre (o varios) o con una mujer por internet, comprar en","og_url":"https:\/\/demoweb.info\/sexshop001\/producto\/atrevete-con-el-sexo-en-internet\/","og_site_name":"Tienda Er\u00f3tica","article_modified_time":"2022-01-22T13:38:19+00:00","og_image":[{"width":550,"height":550,"url":"https:\/\/demoweb.info\/sexshop001\/wp-content\/uploads\/2022\/01\/ATREVETE...-CON-EL-SEXO-EN-INTERNET.jpg","type":"image\/jpeg"}],"twitter_card":"summary_large_image","twitter_misc":{"Tiempo de lectura":"1 minuto"},"schema":{"@context":"https:\/\/schema.org","@graph":[{"@type":"WebPage","@id":"https:\/\/demoweb.info\/sexshop001\/producto\/atrevete-con-el-sexo-en-internet\/","url":"https:\/\/demoweb.info\/sexshop001\/producto\/atrevete-con-el-sexo-en-internet\/","name":"ATREVETE... CON EL SEXO EN INTERNET - Tienda Er\u00f3tica","isPartOf":{"@id":"https:\/\/demoweb.info\/sexshop001\/#website"},"datePublished":"2022-01-22T13:38:14+00:00","dateModified":"2022-01-22T13:38:19+00:00","breadcrumb":{"@id":"https:\/\/demoweb.info\/sexshop001\/producto\/atrevete-con-el-sexo-en-internet\/#breadcrumb"},"inLanguage":"es","potentialAction":[{"@type":"ReadAction","target":["https:\/\/demoweb.info\/sexshop001\/producto\/atrevete-con-el-sexo-en-internet\/"]}]},{"@type":"BreadcrumbList","@id":"https:\/\/demoweb.info\/sexshop001\/producto\/atrevete-con-el-sexo-en-internet\/#breadcrumb","itemListElement":[{"@type":"ListItem","position":1,"name":"Portada","item":"https:\/\/demoweb.info\/sexshop001\/"},{"@type":"ListItem","position":2,"name":"Tienda","item":"https:\/\/demoweb.info\/sexshop001\/tienda\/"},{"@type":"ListItem","position":3,"name":"ATREVETE&#8230; CON EL SEXO EN INTERNET"}]},{"@type":"WebSite","@id":"https:\/\/demoweb.info\/sexshop001\/#website","url":"https:\/\/demoweb.info\/sexshop001\/","name":"Tienda Er\u00f3tica","description":"DEMOWEB SL","potentialAction":[{"@type":"SearchAction","target":{"@type":"EntryPoint","urlTemplate":"https:\/\/demoweb.info\/sexshop001\/?s={search_term_string}"},"query-input":"required name=search_term_string"}],"inLanguage":"es"}]}},"_links":{"self":[{"href":"https:\/\/demoweb.info\/sexshop001\/wp-json\/wp\/v3\/product\/42026","targetHints":{"allow":["GET"]}}],"collection":[{"href":"https:\/\/demoweb.info\/sexshop001\/wp-json\/wp\/v3\/product"}],"about":[{"href":"https:\/\/demoweb.info\/sexshop001\/wp-json\/wp\/v2\/types\/product"}],"replies":[{"embeddable":true,"href":"https:\/\/demoweb.info\/sexshop001\/wp-json\/wp\/v2\/comments?post=42026"}],"wp:featuredmedia":[{"embeddable":true,"href":"https:\/\/demoweb.info\/sexshop001\/wp-json\/wp\/v2\/media\/42027"}],"wp:attachment":[{"href":"https:\/\/demoweb.info\/sexshop001\/wp-json\/wp\/v2\/media?parent=42026"}],"wp:term":[{"taxonomy":"product_cat","embeddable":true,"href":"https:\/\/demoweb.info\/sexshop001\/wp-json\/wp\/v2\/product_cat?post=42026"},{"taxonomy":"product_tag","embeddable":true,"href":"https:\/\/demoweb.info\/sexshop001\/wp-json\/wp\/v2\/product_tag?post=42026"}],"curies":[{"name":"wp","href":"https:\/\/api.w.org\/{rel}","templated":true}]}}