{"id":42024,"date":"2022-01-22T14:38:14","date_gmt":"2022-01-22T13:38:14","guid":{"rendered":"https:\/\/demoweb.info\/sexshop001\/producto\/atrevete-a-saberlo-todo-sobre-la-felacion\/"},"modified":"2022-01-22T14:38:18","modified_gmt":"2022-01-22T13:38:18","slug":"atrevete-a-saberlo-todo-sobre-la-felacion","status":"publish","type":"product","link":"https:\/\/demoweb.info\/sexshop001\/producto\/atrevete-a-saberlo-todo-sobre-la-felacion\/","title":{"rendered":"ATREVETE&#8230; A SABERLO TODO SOBRE LA FELACION"},"content":{"rendered":"<p><strong>ATR\u00c9VETE A SABERLO TODO SOBRE LA FELACI\u00d3N<\/strong><\/p>\n<p>La pr\u00e1ctica de la felaci\u00f3n es tan antigua como la misma humanidad. Sin embargo, no fue hasta principios de los setenta, gracias al estreno de la pel\u00edcula Garganta profunda de G\u00e9rard Damiano, que dej\u00f3 de ser un tema tab\u00fa oculto en las zonas m\u00e1s escondidas de nuestra conciencia. Las proezas bucales de Linda Lovelace tuvieron sin duda un efecto liberador en el seno de la pareja. Esta gu\u00eda est\u00e1 dedicada a una pr\u00e1ctica sexual sobre la que, hoy en d\u00eda, creemos saberlo todo. Y sin embargo&#8230; Dino describe con una gran pasi\u00f3n y muchos detalles las mil y una formas de hacer que esta pr\u00e1ctica sexual resulte todav\u00eda m\u00e1s placentera, tanto para ella como para \u00e9l.<\/p>\n<p>ISBN: 9788479279103<\/p>\n<p>P\u00e1ginas: 119<\/p>\n","protected":false},"excerpt":{"rendered":"<p>ATR\u00c9VETE A SABERLO TODO SOBRE LA FELACI\u00d3N La pr\u00e1ctica de la felaci\u00f3n es tan antigua como la misma humanidad. Sin<\/p>\n","protected":false},"featured_media":42025,"comment_status":"open","ping_status":"open","template":"","meta":[],"product_cat":[414],"product_tag":[1335],"class_list":["post-42024","product","type-product","status-publish","has-post-thumbnail","hentry","product_cat-libros","product_tag-rouge"],"bundled_by":[],"bundle_stock_status":"outofstock","bundle_stock_quantity":0,"bundle_virtual":false,"bundle_layout":"","bundle_add_to_cart_form_location":"","bundle_editable_in_cart":false,"bundle_sold_individually_context":"","bundle_item_grouping":"","bundle_min_size":"","bundle_max_size":"","bundled_items":[],"yoast_head":"<!-- This site is optimized with the Yoast SEO plugin v20.6 - https:\/\/yoast.com\/wordpress\/plugins\/seo\/ -->\n<title>ATREVETE... A SABERLO TODO SOBRE LA FELACION - Tienda Er\u00f3tica<\/title>\n<meta name=\"robots\" content=\"noindex, follow, max-snippet:-1, max-image-preview:large, max-video-preview:-1\" \/>\n<meta property=\"og:locale\" content=\"es_ES\" \/>\n<meta property=\"og:type\" content=\"article\" \/>\n<meta property=\"og:title\" content=\"ATREVETE... A SABERLO TODO SOBRE LA FELACION - Tienda Er\u00f3tica\" \/>\n<meta property=\"og:description\" content=\"ATR\u00c9VETE A SABERLO TODO SOBRE LA FELACI\u00d3N La pr\u00e1ctica de la felaci\u00f3n es tan antigua como la misma humanidad. Sin\" \/>\n<meta property=\"og:url\" content=\"https:\/\/demoweb.info\/sexshop001\/producto\/atrevete-a-saberlo-todo-sobre-la-felacion\/\" \/>\n<meta property=\"og:site_name\" content=\"Tienda Er\u00f3tica\" \/>\n<meta property=\"article:modified_time\" content=\"2022-01-22T13:38:18+00:00\" \/>\n<meta property=\"og:image\" content=\"https:\/\/demoweb.info\/sexshop001\/wp-content\/uploads\/2022\/01\/ATREVETE...-A-SABERLO-TODO-SOBRE-LA-FELACION.jpg\" \/>\n\t<meta property=\"og:image:width\" content=\"550\" \/>\n\t<meta property=\"og:image:height\" content=\"550\" \/>\n\t<meta property=\"og:image:type\" content=\"image\/jpeg\" \/>\n<meta name=\"twitter:card\" content=\"summary_large_image\" \/>\n<meta name=\"twitter:label1\" content=\"Tiempo de lectura\" \/>\n\t<meta name=\"twitter:data1\" content=\"1 minuto\" \/>\n<script type=\"application\/ld+json\" class=\"yoast-schema-graph\">{\"@context\":\"https:\/\/schema.org\",\"@graph\":[{\"@type\":\"WebPage\",\"@id\":\"https:\/\/demoweb.info\/sexshop001\/producto\/atrevete-a-saberlo-todo-sobre-la-felacion\/\",\"url\":\"https:\/\/demoweb.info\/sexshop001\/producto\/atrevete-a-saberlo-todo-sobre-la-felacion\/\",\"name\":\"ATREVETE... A SABERLO TODO SOBRE LA FELACION - Tienda Er\u00f3tica\",\"isPartOf\":{\"@id\":\"https:\/\/demoweb.info\/sexshop001\/#website\"},\"datePublished\":\"2022-01-22T13:38:14+00:00\",\"dateModified\":\"2022-01-22T13:38:18+00:00\",\"breadcrumb\":{\"@id\":\"https:\/\/demoweb.info\/sexshop001\/producto\/atrevete-a-saberlo-todo-sobre-la-felacion\/#breadcrumb\"},\"inLanguage\":\"es\",\"potentialAction\":[{\"@type\":\"ReadAction\",\"target\":[\"https:\/\/demoweb.info\/sexshop001\/producto\/atrevete-a-saberlo-todo-sobre-la-felacion\/\"]}]},{\"@type\":\"BreadcrumbList\",\"@id\":\"https:\/\/demoweb.info\/sexshop001\/producto\/atrevete-a-saberlo-todo-sobre-la-felacion\/#breadcrumb\",\"itemListElement\":[{\"@type\":\"ListItem\",\"position\":1,\"name\":\"Portada\",\"item\":\"https:\/\/demoweb.info\/sexshop001\/\"},{\"@type\":\"ListItem\",\"position\":2,\"name\":\"Tienda\",\"item\":\"https:\/\/demoweb.info\/sexshop001\/tienda\/\"},{\"@type\":\"ListItem\",\"position\":3,\"name\":\"ATREVETE&#8230; A SABERLO TODO SOBRE LA FELACION\"}]},{\"@type\":\"WebSite\",\"@id\":\"https:\/\/demoweb.info\/sexshop001\/#website\",\"url\":\"https:\/\/demoweb.info\/sexshop001\/\",\"name\":\"Tienda Er\u00f3tica\",\"description\":\"DEMOWEB SL\",\"potentialAction\":[{\"@type\":\"SearchAction\",\"target\":{\"@type\":\"EntryPoint\",\"urlTemplate\":\"https:\/\/demoweb.info\/sexshop001\/?s={search_term_string}\"},\"query-input\":\"required name=search_term_string\"}],\"inLanguage\":\"es\"}]}<\/script>\n<!-- \/ Yoast SEO plugin. -->","yoast_head_json":{"title":"ATREVETE... A SABERLO TODO SOBRE LA FELACION - Tienda Er\u00f3tica","robots":{"index":"noindex","follow":"follow","max-snippet":"max-snippet:-1","max-image-preview":"max-image-preview:large","max-video-preview":"max-video-preview:-1"},"og_locale":"es_ES","og_type":"article","og_title":"ATREVETE... A SABERLO TODO SOBRE LA FELACION - Tienda Er\u00f3tica","og_description":"ATR\u00c9VETE A SABERLO TODO SOBRE LA FELACI\u00d3N La pr\u00e1ctica de la felaci\u00f3n es tan antigua como la misma humanidad. Sin","og_url":"https:\/\/demoweb.info\/sexshop001\/producto\/atrevete-a-saberlo-todo-sobre-la-felacion\/","og_site_name":"Tienda Er\u00f3tica","article_modified_time":"2022-01-22T13:38:18+00:00","og_image":[{"width":550,"height":550,"url":"https:\/\/demoweb.info\/sexshop001\/wp-content\/uploads\/2022\/01\/ATREVETE...-A-SABERLO-TODO-SOBRE-LA-FELACION.jpg","type":"image\/jpeg"}],"twitter_card":"summary_large_image","twitter_misc":{"Tiempo de lectura":"1 minuto"},"schema":{"@context":"https:\/\/schema.org","@graph":[{"@type":"WebPage","@id":"https:\/\/demoweb.info\/sexshop001\/producto\/atrevete-a-saberlo-todo-sobre-la-felacion\/","url":"https:\/\/demoweb.info\/sexshop001\/producto\/atrevete-a-saberlo-todo-sobre-la-felacion\/","name":"ATREVETE... A SABERLO TODO SOBRE LA FELACION - Tienda Er\u00f3tica","isPartOf":{"@id":"https:\/\/demoweb.info\/sexshop001\/#website"},"datePublished":"2022-01-22T13:38:14+00:00","dateModified":"2022-01-22T13:38:18+00:00","breadcrumb":{"@id":"https:\/\/demoweb.info\/sexshop001\/producto\/atrevete-a-saberlo-todo-sobre-la-felacion\/#breadcrumb"},"inLanguage":"es","potentialAction":[{"@type":"ReadAction","target":["https:\/\/demoweb.info\/sexshop001\/producto\/atrevete-a-saberlo-todo-sobre-la-felacion\/"]}]},{"@type":"BreadcrumbList","@id":"https:\/\/demoweb.info\/sexshop001\/producto\/atrevete-a-saberlo-todo-sobre-la-felacion\/#breadcrumb","itemListElement":[{"@type":"ListItem","position":1,"name":"Portada","item":"https:\/\/demoweb.info\/sexshop001\/"},{"@type":"ListItem","position":2,"name":"Tienda","item":"https:\/\/demoweb.info\/sexshop001\/tienda\/"},{"@type":"ListItem","position":3,"name":"ATREVETE&#8230; A SABERLO TODO SOBRE LA FELACION"}]},{"@type":"WebSite","@id":"https:\/\/demoweb.info\/sexshop001\/#website","url":"https:\/\/demoweb.info\/sexshop001\/","name":"Tienda Er\u00f3tica","description":"DEMOWEB SL","potentialAction":[{"@type":"SearchAction","target":{"@type":"EntryPoint","urlTemplate":"https:\/\/demoweb.info\/sexshop001\/?s={search_term_string}"},"query-input":"required name=search_term_string"}],"inLanguage":"es"}]}},"_links":{"self":[{"href":"https:\/\/demoweb.info\/sexshop001\/wp-json\/wp\/v3\/product\/42024","targetHints":{"allow":["GET"]}}],"collection":[{"href":"https:\/\/demoweb.info\/sexshop001\/wp-json\/wp\/v3\/product"}],"about":[{"href":"https:\/\/demoweb.info\/sexshop001\/wp-json\/wp\/v2\/types\/product"}],"replies":[{"embeddable":true,"href":"https:\/\/demoweb.info\/sexshop001\/wp-json\/wp\/v2\/comments?post=42024"}],"wp:featuredmedia":[{"embeddable":true,"href":"https:\/\/demoweb.info\/sexshop001\/wp-json\/wp\/v2\/media\/42025"}],"wp:attachment":[{"href":"https:\/\/demoweb.info\/sexshop001\/wp-json\/wp\/v2\/media?parent=42024"}],"wp:term":[{"taxonomy":"product_cat","embeddable":true,"href":"https:\/\/demoweb.info\/sexshop001\/wp-json\/wp\/v2\/product_cat?post=42024"},{"taxonomy":"product_tag","embeddable":true,"href":"https:\/\/demoweb.info\/sexshop001\/wp-json\/wp\/v2\/product_tag?post=42024"}],"curies":[{"name":"wp","href":"https:\/\/api.w.org\/{rel}","templated":true}]}}