{"id":42022,"date":"2022-01-22T14:38:14","date_gmt":"2022-01-22T13:38:14","guid":{"rendered":"https:\/\/demoweb.info\/sexshop001\/producto\/atrevete-a-hacer-el-amor-en-cualquier-lugar\/"},"modified":"2022-01-22T14:38:17","modified_gmt":"2022-01-22T13:38:17","slug":"atrevete-a-hacer-el-amor-en-cualquier-lugar","status":"publish","type":"product","link":"https:\/\/demoweb.info\/sexshop001\/producto\/atrevete-a-hacer-el-amor-en-cualquier-lugar\/","title":{"rendered":"ATREVETE&#8230; A HACER EL AMOR EN CUALQUIER LUGAR"},"content":{"rendered":"<p><strong>ATR\u00c9VETE A HACER EL AMOR EN CUALQUIER LUGAR<\/strong><\/p>\n<p>Un exhaustivo inventario de originales lugares donde se puede hacer el amor y pr\u00e1cticos consejos para acertar en las relaciones sexuales. En este libro, Marc Dannam hace un inventario de todas las ocasiones en las que podemos disfrutar de hacer el amor, como durante las salidas nocturnas o durante un viaje. Y tambi\u00e9n un inv entario de originales lugares, como en el trabajo, al aire libre, en la playa, en la monta\u00f1a, en un ascensor, en el coche o en un columpio, en el bosque o en la terraza de casa&#8230; o, por qu\u00e9 no, en la cama. Asimismo, nos advierte sobre los posibles riesgos que podemos correr en el momento de la relaci\u00f3n sexual y nos ofrece consejos pr\u00e1cticos para acertar.<\/p>\n<p>ISBN: 9788479278502<\/p>\n<p>P\u00e1ginas 121<\/p>\n","protected":false},"excerpt":{"rendered":"<p>ATR\u00c9VETE A HACER EL AMOR EN CUALQUIER LUGAR Un exhaustivo inventario de originales lugares donde se puede hacer el amor<\/p>\n","protected":false},"featured_media":42023,"comment_status":"open","ping_status":"open","template":"","meta":[],"product_cat":[414],"product_tag":[1335],"class_list":["post-42022","product","type-product","status-publish","has-post-thumbnail","hentry","product_cat-libros","product_tag-rouge"],"bundled_by":[],"bundle_stock_status":"outofstock","bundle_stock_quantity":0,"bundle_virtual":false,"bundle_layout":"","bundle_add_to_cart_form_location":"","bundle_editable_in_cart":false,"bundle_sold_individually_context":"","bundle_item_grouping":"","bundle_min_size":"","bundle_max_size":"","bundled_items":[],"yoast_head":"<!-- This site is optimized with the Yoast SEO plugin v20.6 - https:\/\/yoast.com\/wordpress\/plugins\/seo\/ -->\n<title>ATREVETE... A HACER EL AMOR EN CUALQUIER LUGAR - Tienda Er\u00f3tica<\/title>\n<meta name=\"robots\" content=\"noindex, follow, max-snippet:-1, max-image-preview:large, max-video-preview:-1\" \/>\n<meta property=\"og:locale\" content=\"es_ES\" \/>\n<meta property=\"og:type\" content=\"article\" \/>\n<meta property=\"og:title\" content=\"ATREVETE... A HACER EL AMOR EN CUALQUIER LUGAR - Tienda Er\u00f3tica\" \/>\n<meta property=\"og:description\" content=\"ATR\u00c9VETE A HACER EL AMOR EN CUALQUIER LUGAR Un exhaustivo inventario de originales lugares donde se puede hacer el amor\" \/>\n<meta property=\"og:url\" content=\"https:\/\/demoweb.info\/sexshop001\/producto\/atrevete-a-hacer-el-amor-en-cualquier-lugar\/\" \/>\n<meta property=\"og:site_name\" content=\"Tienda Er\u00f3tica\" \/>\n<meta property=\"article:modified_time\" content=\"2022-01-22T13:38:17+00:00\" \/>\n<meta property=\"og:image\" content=\"https:\/\/demoweb.info\/sexshop001\/wp-content\/uploads\/2022\/01\/ATREVETE...-A-HACER-EL-AMOR-EN-CUALQUIER-LUGAR.jpg\" \/>\n\t<meta property=\"og:image:width\" content=\"550\" \/>\n\t<meta property=\"og:image:height\" content=\"550\" \/>\n\t<meta property=\"og:image:type\" content=\"image\/jpeg\" \/>\n<meta name=\"twitter:card\" content=\"summary_large_image\" \/>\n<meta name=\"twitter:label1\" content=\"Tiempo de lectura\" \/>\n\t<meta name=\"twitter:data1\" content=\"1 minuto\" \/>\n<script type=\"application\/ld+json\" class=\"yoast-schema-graph\">{\"@context\":\"https:\/\/schema.org\",\"@graph\":[{\"@type\":\"WebPage\",\"@id\":\"https:\/\/demoweb.info\/sexshop001\/producto\/atrevete-a-hacer-el-amor-en-cualquier-lugar\/\",\"url\":\"https:\/\/demoweb.info\/sexshop001\/producto\/atrevete-a-hacer-el-amor-en-cualquier-lugar\/\",\"name\":\"ATREVETE... A HACER EL AMOR EN CUALQUIER LUGAR - Tienda Er\u00f3tica\",\"isPartOf\":{\"@id\":\"https:\/\/demoweb.info\/sexshop001\/#website\"},\"datePublished\":\"2022-01-22T13:38:14+00:00\",\"dateModified\":\"2022-01-22T13:38:17+00:00\",\"breadcrumb\":{\"@id\":\"https:\/\/demoweb.info\/sexshop001\/producto\/atrevete-a-hacer-el-amor-en-cualquier-lugar\/#breadcrumb\"},\"inLanguage\":\"es\",\"potentialAction\":[{\"@type\":\"ReadAction\",\"target\":[\"https:\/\/demoweb.info\/sexshop001\/producto\/atrevete-a-hacer-el-amor-en-cualquier-lugar\/\"]}]},{\"@type\":\"BreadcrumbList\",\"@id\":\"https:\/\/demoweb.info\/sexshop001\/producto\/atrevete-a-hacer-el-amor-en-cualquier-lugar\/#breadcrumb\",\"itemListElement\":[{\"@type\":\"ListItem\",\"position\":1,\"name\":\"Portada\",\"item\":\"https:\/\/demoweb.info\/sexshop001\/\"},{\"@type\":\"ListItem\",\"position\":2,\"name\":\"Tienda\",\"item\":\"https:\/\/demoweb.info\/sexshop001\/tienda\/\"},{\"@type\":\"ListItem\",\"position\":3,\"name\":\"ATREVETE&#8230; A HACER EL AMOR EN CUALQUIER LUGAR\"}]},{\"@type\":\"WebSite\",\"@id\":\"https:\/\/demoweb.info\/sexshop001\/#website\",\"url\":\"https:\/\/demoweb.info\/sexshop001\/\",\"name\":\"Tienda Er\u00f3tica\",\"description\":\"DEMOWEB SL\",\"potentialAction\":[{\"@type\":\"SearchAction\",\"target\":{\"@type\":\"EntryPoint\",\"urlTemplate\":\"https:\/\/demoweb.info\/sexshop001\/?s={search_term_string}\"},\"query-input\":\"required name=search_term_string\"}],\"inLanguage\":\"es\"}]}<\/script>\n<!-- \/ Yoast SEO plugin. -->","yoast_head_json":{"title":"ATREVETE... A HACER EL AMOR EN CUALQUIER LUGAR - Tienda Er\u00f3tica","robots":{"index":"noindex","follow":"follow","max-snippet":"max-snippet:-1","max-image-preview":"max-image-preview:large","max-video-preview":"max-video-preview:-1"},"og_locale":"es_ES","og_type":"article","og_title":"ATREVETE... A HACER EL AMOR EN CUALQUIER LUGAR - Tienda Er\u00f3tica","og_description":"ATR\u00c9VETE A HACER EL AMOR EN CUALQUIER LUGAR Un exhaustivo inventario de originales lugares donde se puede hacer el amor","og_url":"https:\/\/demoweb.info\/sexshop001\/producto\/atrevete-a-hacer-el-amor-en-cualquier-lugar\/","og_site_name":"Tienda Er\u00f3tica","article_modified_time":"2022-01-22T13:38:17+00:00","og_image":[{"width":550,"height":550,"url":"https:\/\/demoweb.info\/sexshop001\/wp-content\/uploads\/2022\/01\/ATREVETE...-A-HACER-EL-AMOR-EN-CUALQUIER-LUGAR.jpg","type":"image\/jpeg"}],"twitter_card":"summary_large_image","twitter_misc":{"Tiempo de lectura":"1 minuto"},"schema":{"@context":"https:\/\/schema.org","@graph":[{"@type":"WebPage","@id":"https:\/\/demoweb.info\/sexshop001\/producto\/atrevete-a-hacer-el-amor-en-cualquier-lugar\/","url":"https:\/\/demoweb.info\/sexshop001\/producto\/atrevete-a-hacer-el-amor-en-cualquier-lugar\/","name":"ATREVETE... A HACER EL AMOR EN CUALQUIER LUGAR - Tienda Er\u00f3tica","isPartOf":{"@id":"https:\/\/demoweb.info\/sexshop001\/#website"},"datePublished":"2022-01-22T13:38:14+00:00","dateModified":"2022-01-22T13:38:17+00:00","breadcrumb":{"@id":"https:\/\/demoweb.info\/sexshop001\/producto\/atrevete-a-hacer-el-amor-en-cualquier-lugar\/#breadcrumb"},"inLanguage":"es","potentialAction":[{"@type":"ReadAction","target":["https:\/\/demoweb.info\/sexshop001\/producto\/atrevete-a-hacer-el-amor-en-cualquier-lugar\/"]}]},{"@type":"BreadcrumbList","@id":"https:\/\/demoweb.info\/sexshop001\/producto\/atrevete-a-hacer-el-amor-en-cualquier-lugar\/#breadcrumb","itemListElement":[{"@type":"ListItem","position":1,"name":"Portada","item":"https:\/\/demoweb.info\/sexshop001\/"},{"@type":"ListItem","position":2,"name":"Tienda","item":"https:\/\/demoweb.info\/sexshop001\/tienda\/"},{"@type":"ListItem","position":3,"name":"ATREVETE&#8230; A HACER EL AMOR EN CUALQUIER LUGAR"}]},{"@type":"WebSite","@id":"https:\/\/demoweb.info\/sexshop001\/#website","url":"https:\/\/demoweb.info\/sexshop001\/","name":"Tienda Er\u00f3tica","description":"DEMOWEB SL","potentialAction":[{"@type":"SearchAction","target":{"@type":"EntryPoint","urlTemplate":"https:\/\/demoweb.info\/sexshop001\/?s={search_term_string}"},"query-input":"required name=search_term_string"}],"inLanguage":"es"}]}},"_links":{"self":[{"href":"https:\/\/demoweb.info\/sexshop001\/wp-json\/wp\/v3\/product\/42022","targetHints":{"allow":["GET"]}}],"collection":[{"href":"https:\/\/demoweb.info\/sexshop001\/wp-json\/wp\/v3\/product"}],"about":[{"href":"https:\/\/demoweb.info\/sexshop001\/wp-json\/wp\/v2\/types\/product"}],"replies":[{"embeddable":true,"href":"https:\/\/demoweb.info\/sexshop001\/wp-json\/wp\/v2\/comments?post=42022"}],"wp:featuredmedia":[{"embeddable":true,"href":"https:\/\/demoweb.info\/sexshop001\/wp-json\/wp\/v2\/media\/42023"}],"wp:attachment":[{"href":"https:\/\/demoweb.info\/sexshop001\/wp-json\/wp\/v2\/media?parent=42022"}],"wp:term":[{"taxonomy":"product_cat","embeddable":true,"href":"https:\/\/demoweb.info\/sexshop001\/wp-json\/wp\/v2\/product_cat?post=42022"},{"taxonomy":"product_tag","embeddable":true,"href":"https:\/\/demoweb.info\/sexshop001\/wp-json\/wp\/v2\/product_tag?post=42022"}],"curies":[{"name":"wp","href":"https:\/\/api.w.org\/{rel}","templated":true}]}}