{"id":41945,"date":"2022-01-22T14:37:31","date_gmt":"2022-01-22T13:37:31","guid":{"rendered":"https:\/\/demoweb.info\/sexshop001\/producto\/sliders-kit-plug-4pc-rosa\/"},"modified":"2022-01-22T14:37:34","modified_gmt":"2022-01-22T13:37:34","slug":"sliders-kit-plug-4pc-rosa","status":"publish","type":"product","link":"https:\/\/demoweb.info\/sexshop001\/producto\/sliders-kit-plug-4pc-rosa\/","title":{"rendered":"SLIDERS KIT PLUG 4PC ROSA"},"content":{"rendered":"<p><strong>SLIDERS KIT 4PC PINK<\/strong><\/p>\n<p>Kit de<strong> 3 piezas<\/strong>! Estas bellezas sin costuras, son plugs c\u00f3nicos y firmes para una f\u00e1cil inserci\u00f3n, adem\u00e1s son flexible para una mayor comodidad. La base ayuda a que la penetraci\u00f3n sea segura. <strong>Kit Renegade slider black<\/strong> es libre de ftalatos, impermeable, y seguro de usar con su lubricante favorito.<br \/>\nEstos dildos estan fabricados de materia seguro para el cuerpo. Libre de pftalato. El material es inodoro, ins\u00edpido, no poroso, hipoalerg\u00e9nico y se puede limpiar f\u00e1cilmente con agua tibia y un jab\u00f3n suave.<\/p>\n<p>Tama\u00f1os:<br \/>\nSM: 8<br \/>\nM 9 cm<br \/>\nL 12 cm<\/p>\n<p>El consolador m\u00e1s suave y adem\u00e1s su forma c\u00f3nica f\u00e1cilita su penetraci\u00f3n y su tap\u00f3n anal permiten las m\u00e1s placenteras estimulaciones que existen!<\/p>\n<p>Se recomienda el uso con lubricantes.<\/p>\n","protected":false},"excerpt":{"rendered":"<p>SLIDERS KIT 4PC PINK Kit de 3 piezas! Estas bellezas sin costuras, son plugs c\u00f3nicos y firmes para una f\u00e1cil<\/p>\n","protected":false},"featured_media":41946,"comment_status":"open","ping_status":"open","template":"","meta":[],"product_cat":[338],"product_tag":[666,1333],"class_list":["post-41945","product","type-product","status-publish","has-post-thumbnail","hentry","product_cat-silicona-plugs","product_tag-nsnovelties","product_tag-sliders"],"bundled_by":[],"bundle_stock_status":"outofstock","bundle_stock_quantity":0,"bundle_virtual":false,"bundle_layout":"","bundle_add_to_cart_form_location":"","bundle_editable_in_cart":false,"bundle_sold_individually_context":"","bundle_item_grouping":"","bundle_min_size":"","bundle_max_size":"","bundled_items":[],"yoast_head":"<!-- This site is optimized with the Yoast SEO plugin v20.6 - https:\/\/yoast.com\/wordpress\/plugins\/seo\/ -->\n<title>SLIDERS KIT PLUG 4PC ROSA - Tienda Er\u00f3tica<\/title>\n<meta name=\"robots\" content=\"noindex, follow, max-snippet:-1, max-image-preview:large, max-video-preview:-1\" \/>\n<meta property=\"og:locale\" content=\"es_ES\" \/>\n<meta property=\"og:type\" content=\"article\" \/>\n<meta property=\"og:title\" content=\"SLIDERS KIT PLUG 4PC ROSA - Tienda Er\u00f3tica\" \/>\n<meta property=\"og:description\" content=\"SLIDERS KIT 4PC PINK Kit de 3 piezas! Estas bellezas sin costuras, son plugs c\u00f3nicos y firmes para una f\u00e1cil\" \/>\n<meta property=\"og:url\" content=\"https:\/\/demoweb.info\/sexshop001\/producto\/sliders-kit-plug-4pc-rosa\/\" \/>\n<meta property=\"og:site_name\" content=\"Tienda Er\u00f3tica\" \/>\n<meta property=\"article:modified_time\" content=\"2022-01-22T13:37:34+00:00\" \/>\n<meta property=\"og:image\" content=\"https:\/\/demoweb.info\/sexshop001\/wp-content\/uploads\/2022\/01\/SLIDERS-KIT-PLUG-4PC-ROSA.jpg\" \/>\n\t<meta property=\"og:image:width\" content=\"550\" \/>\n\t<meta property=\"og:image:height\" content=\"550\" \/>\n\t<meta property=\"og:image:type\" content=\"image\/jpeg\" \/>\n<meta name=\"twitter:card\" content=\"summary_large_image\" \/>\n<meta name=\"twitter:label1\" content=\"Tiempo de lectura\" \/>\n\t<meta name=\"twitter:data1\" content=\"1 minuto\" \/>\n<script type=\"application\/ld+json\" class=\"yoast-schema-graph\">{\"@context\":\"https:\/\/schema.org\",\"@graph\":[{\"@type\":\"WebPage\",\"@id\":\"https:\/\/demoweb.info\/sexshop001\/producto\/sliders-kit-plug-4pc-rosa\/\",\"url\":\"https:\/\/demoweb.info\/sexshop001\/producto\/sliders-kit-plug-4pc-rosa\/\",\"name\":\"SLIDERS KIT PLUG 4PC ROSA - Tienda Er\u00f3tica\",\"isPartOf\":{\"@id\":\"https:\/\/demoweb.info\/sexshop001\/#website\"},\"datePublished\":\"2022-01-22T13:37:31+00:00\",\"dateModified\":\"2022-01-22T13:37:34+00:00\",\"breadcrumb\":{\"@id\":\"https:\/\/demoweb.info\/sexshop001\/producto\/sliders-kit-plug-4pc-rosa\/#breadcrumb\"},\"inLanguage\":\"es\",\"potentialAction\":[{\"@type\":\"ReadAction\",\"target\":[\"https:\/\/demoweb.info\/sexshop001\/producto\/sliders-kit-plug-4pc-rosa\/\"]}]},{\"@type\":\"BreadcrumbList\",\"@id\":\"https:\/\/demoweb.info\/sexshop001\/producto\/sliders-kit-plug-4pc-rosa\/#breadcrumb\",\"itemListElement\":[{\"@type\":\"ListItem\",\"position\":1,\"name\":\"Portada\",\"item\":\"https:\/\/demoweb.info\/sexshop001\/\"},{\"@type\":\"ListItem\",\"position\":2,\"name\":\"Tienda\",\"item\":\"https:\/\/demoweb.info\/sexshop001\/tienda\/\"},{\"@type\":\"ListItem\",\"position\":3,\"name\":\"SLIDERS KIT PLUG 4PC ROSA\"}]},{\"@type\":\"WebSite\",\"@id\":\"https:\/\/demoweb.info\/sexshop001\/#website\",\"url\":\"https:\/\/demoweb.info\/sexshop001\/\",\"name\":\"Tienda Er\u00f3tica\",\"description\":\"DEMOWEB SL\",\"potentialAction\":[{\"@type\":\"SearchAction\",\"target\":{\"@type\":\"EntryPoint\",\"urlTemplate\":\"https:\/\/demoweb.info\/sexshop001\/?s={search_term_string}\"},\"query-input\":\"required name=search_term_string\"}],\"inLanguage\":\"es\"}]}<\/script>\n<!-- \/ Yoast SEO plugin. -->","yoast_head_json":{"title":"SLIDERS KIT PLUG 4PC ROSA - Tienda Er\u00f3tica","robots":{"index":"noindex","follow":"follow","max-snippet":"max-snippet:-1","max-image-preview":"max-image-preview:large","max-video-preview":"max-video-preview:-1"},"og_locale":"es_ES","og_type":"article","og_title":"SLIDERS KIT PLUG 4PC ROSA - Tienda Er\u00f3tica","og_description":"SLIDERS KIT 4PC PINK Kit de 3 piezas! Estas bellezas sin costuras, son plugs c\u00f3nicos y firmes para una f\u00e1cil","og_url":"https:\/\/demoweb.info\/sexshop001\/producto\/sliders-kit-plug-4pc-rosa\/","og_site_name":"Tienda Er\u00f3tica","article_modified_time":"2022-01-22T13:37:34+00:00","og_image":[{"width":550,"height":550,"url":"https:\/\/demoweb.info\/sexshop001\/wp-content\/uploads\/2022\/01\/SLIDERS-KIT-PLUG-4PC-ROSA.jpg","type":"image\/jpeg"}],"twitter_card":"summary_large_image","twitter_misc":{"Tiempo de lectura":"1 minuto"},"schema":{"@context":"https:\/\/schema.org","@graph":[{"@type":"WebPage","@id":"https:\/\/demoweb.info\/sexshop001\/producto\/sliders-kit-plug-4pc-rosa\/","url":"https:\/\/demoweb.info\/sexshop001\/producto\/sliders-kit-plug-4pc-rosa\/","name":"SLIDERS KIT PLUG 4PC ROSA - Tienda Er\u00f3tica","isPartOf":{"@id":"https:\/\/demoweb.info\/sexshop001\/#website"},"datePublished":"2022-01-22T13:37:31+00:00","dateModified":"2022-01-22T13:37:34+00:00","breadcrumb":{"@id":"https:\/\/demoweb.info\/sexshop001\/producto\/sliders-kit-plug-4pc-rosa\/#breadcrumb"},"inLanguage":"es","potentialAction":[{"@type":"ReadAction","target":["https:\/\/demoweb.info\/sexshop001\/producto\/sliders-kit-plug-4pc-rosa\/"]}]},{"@type":"BreadcrumbList","@id":"https:\/\/demoweb.info\/sexshop001\/producto\/sliders-kit-plug-4pc-rosa\/#breadcrumb","itemListElement":[{"@type":"ListItem","position":1,"name":"Portada","item":"https:\/\/demoweb.info\/sexshop001\/"},{"@type":"ListItem","position":2,"name":"Tienda","item":"https:\/\/demoweb.info\/sexshop001\/tienda\/"},{"@type":"ListItem","position":3,"name":"SLIDERS KIT PLUG 4PC ROSA"}]},{"@type":"WebSite","@id":"https:\/\/demoweb.info\/sexshop001\/#website","url":"https:\/\/demoweb.info\/sexshop001\/","name":"Tienda Er\u00f3tica","description":"DEMOWEB SL","potentialAction":[{"@type":"SearchAction","target":{"@type":"EntryPoint","urlTemplate":"https:\/\/demoweb.info\/sexshop001\/?s={search_term_string}"},"query-input":"required name=search_term_string"}],"inLanguage":"es"}]}},"_links":{"self":[{"href":"https:\/\/demoweb.info\/sexshop001\/wp-json\/wp\/v3\/product\/41945","targetHints":{"allow":["GET"]}}],"collection":[{"href":"https:\/\/demoweb.info\/sexshop001\/wp-json\/wp\/v3\/product"}],"about":[{"href":"https:\/\/demoweb.info\/sexshop001\/wp-json\/wp\/v2\/types\/product"}],"replies":[{"embeddable":true,"href":"https:\/\/demoweb.info\/sexshop001\/wp-json\/wp\/v2\/comments?post=41945"}],"wp:featuredmedia":[{"embeddable":true,"href":"https:\/\/demoweb.info\/sexshop001\/wp-json\/wp\/v2\/media\/41946"}],"wp:attachment":[{"href":"https:\/\/demoweb.info\/sexshop001\/wp-json\/wp\/v2\/media?parent=41945"}],"wp:term":[{"taxonomy":"product_cat","embeddable":true,"href":"https:\/\/demoweb.info\/sexshop001\/wp-json\/wp\/v2\/product_cat?post=41945"},{"taxonomy":"product_tag","embeddable":true,"href":"https:\/\/demoweb.info\/sexshop001\/wp-json\/wp\/v2\/product_tag?post=41945"}],"curies":[{"name":"wp","href":"https:\/\/api.w.org\/{rel}","templated":true}]}}