{"id":41807,"date":"2022-01-22T14:36:08","date_gmt":"2022-01-22T13:36:08","guid":{"rendered":"https:\/\/demoweb.info\/sexshop001\/producto\/lelo-mona-onda-vibrador-azul\/"},"modified":"2022-01-22T14:36:16","modified_gmt":"2022-01-22T13:36:16","slug":"lelo-mona-onda-vibrador-azul","status":"publish","type":"product","link":"https:\/\/demoweb.info\/sexshop001\/producto\/lelo-mona-onda-vibrador-azul\/","title":{"rendered":"LELO MONA ONDA VIBRADOR AZUL"},"content":{"rendered":"<p><strong>LELO MONA WAVE BLUE<\/strong> hace gala de un dise\u00f1o muy elegante y atractivo.<\/p>\n<p>Entr\u00e9gate a oleadas de intensas sensaciones con el primer estimulador del <strong>Punto G<\/strong> que emula los mejores masajes. La forma voluptuosa y el revolucionario movimiento \u201cven aqu\u00ed\u201d, har\u00e1n que <strong>MONA WAVE\u2122<\/strong> no s\u00f3lo te lleve a los l\u00edmites del placer, sino que te revele un mundo insospechado de sensaciones. Todo en un elegante dise\u00f1o 1<strong>00% silicona, recargable y sumergible para que puedas disfrutar sus 10 modos de vibraci\u00f3n all\u00e1 donde desees.<\/strong><\/p>\n<p>&#8211; Dise\u00f1ado espec\u00edficamente para el Punto G<br \/>\n&#8211; Se balancea como los dedos de los amantes ilustrados<br \/>\n&#8211; 10 modos de vibraci\u00f3n con velocidades ajustables<br \/>\n&#8211; 100% sumergible y recargable (2 horas de uso continuo)<br \/>\n&#8211; Dise\u00f1o 100% silicona ultra-suave y biocompatible<br \/>\n&#8211; Garant\u00eda del fabricante de 1 a\u00f1o y Garant\u00eda de calidad de 10 a\u00f1os<br \/>\n&#8211; Longitud insertable: 11 cm<\/p>\n<p>Especificaciones t\u00e9cnicas:<\/p>\n<p>Materiales :PC-ABS \/ silicona aptos para el contacto con la piel<br \/>\nBater\u00eda :Li-ion 500 mAh 3,7 V<br \/>\nCarga :2 h a 5.0 V<br \/>\nTiempo de utilizaci\u00f3n :hasta 2 horas<br \/>\nEn espera :hasta 90 d\u00edas<br \/>\nFrecuencia :100 Hz<br \/>\nM\u00e1ximo nivel de ruido :&lt; 50 dB<\/p>\n","protected":false},"excerpt":{"rendered":"<p>LELO MONA WAVE BLUE hace gala de un dise\u00f1o muy elegante y atractivo. Entr\u00e9gate a oleadas de intensas sensaciones con<\/p>\n","protected":false},"featured_media":41808,"comment_status":"open","ping_status":"open","template":"","meta":[],"product_cat":[502],"product_tag":[406],"class_list":["post-41807","product","type-product","status-publish","has-post-thumbnail","hentry","product_cat-luxury","product_tag-lelo"],"bundled_by":[],"bundle_stock_status":"instock","bundle_stock_quantity":1,"bundle_virtual":false,"bundle_layout":"","bundle_add_to_cart_form_location":"","bundle_editable_in_cart":false,"bundle_sold_individually_context":"","bundle_item_grouping":"","bundle_min_size":"","bundle_max_size":"","bundled_items":[],"yoast_head":"<!-- This site is optimized with the Yoast SEO plugin v20.6 - https:\/\/yoast.com\/wordpress\/plugins\/seo\/ -->\n<title>LELO MONA ONDA VIBRADOR AZUL - Tienda Er\u00f3tica<\/title>\n<meta name=\"robots\" content=\"noindex, follow, max-snippet:-1, max-image-preview:large, max-video-preview:-1\" \/>\n<meta property=\"og:locale\" content=\"es_ES\" \/>\n<meta property=\"og:type\" content=\"article\" \/>\n<meta property=\"og:title\" content=\"LELO MONA ONDA VIBRADOR AZUL - Tienda Er\u00f3tica\" \/>\n<meta property=\"og:description\" content=\"LELO MONA WAVE BLUE hace gala de un dise\u00f1o muy elegante y atractivo. Entr\u00e9gate a oleadas de intensas sensaciones con\" \/>\n<meta property=\"og:url\" content=\"https:\/\/demoweb.info\/sexshop001\/producto\/lelo-mona-onda-vibrador-azul\/\" \/>\n<meta property=\"og:site_name\" content=\"Tienda Er\u00f3tica\" \/>\n<meta property=\"article:modified_time\" content=\"2022-01-22T13:36:16+00:00\" \/>\n<meta property=\"og:image\" content=\"https:\/\/demoweb.info\/sexshop001\/wp-content\/uploads\/2022\/01\/LELO-MONA-ONDA-VIBRADOR-AZUL.jpg\" \/>\n\t<meta property=\"og:image:width\" content=\"550\" \/>\n\t<meta property=\"og:image:height\" content=\"550\" \/>\n\t<meta property=\"og:image:type\" content=\"image\/jpeg\" \/>\n<meta name=\"twitter:card\" content=\"summary_large_image\" \/>\n<meta name=\"twitter:label1\" content=\"Tiempo de lectura\" \/>\n\t<meta name=\"twitter:data1\" content=\"1 minuto\" \/>\n<script type=\"application\/ld+json\" class=\"yoast-schema-graph\">{\"@context\":\"https:\/\/schema.org\",\"@graph\":[{\"@type\":\"WebPage\",\"@id\":\"https:\/\/demoweb.info\/sexshop001\/producto\/lelo-mona-onda-vibrador-azul\/\",\"url\":\"https:\/\/demoweb.info\/sexshop001\/producto\/lelo-mona-onda-vibrador-azul\/\",\"name\":\"LELO MONA ONDA VIBRADOR AZUL - Tienda Er\u00f3tica\",\"isPartOf\":{\"@id\":\"https:\/\/demoweb.info\/sexshop001\/#website\"},\"datePublished\":\"2022-01-22T13:36:08+00:00\",\"dateModified\":\"2022-01-22T13:36:16+00:00\",\"breadcrumb\":{\"@id\":\"https:\/\/demoweb.info\/sexshop001\/producto\/lelo-mona-onda-vibrador-azul\/#breadcrumb\"},\"inLanguage\":\"es\",\"potentialAction\":[{\"@type\":\"ReadAction\",\"target\":[\"https:\/\/demoweb.info\/sexshop001\/producto\/lelo-mona-onda-vibrador-azul\/\"]}]},{\"@type\":\"BreadcrumbList\",\"@id\":\"https:\/\/demoweb.info\/sexshop001\/producto\/lelo-mona-onda-vibrador-azul\/#breadcrumb\",\"itemListElement\":[{\"@type\":\"ListItem\",\"position\":1,\"name\":\"Portada\",\"item\":\"https:\/\/demoweb.info\/sexshop001\/\"},{\"@type\":\"ListItem\",\"position\":2,\"name\":\"Tienda\",\"item\":\"https:\/\/demoweb.info\/sexshop001\/tienda\/\"},{\"@type\":\"ListItem\",\"position\":3,\"name\":\"LELO MONA ONDA VIBRADOR AZUL\"}]},{\"@type\":\"WebSite\",\"@id\":\"https:\/\/demoweb.info\/sexshop001\/#website\",\"url\":\"https:\/\/demoweb.info\/sexshop001\/\",\"name\":\"Tienda Er\u00f3tica\",\"description\":\"DEMOWEB SL\",\"potentialAction\":[{\"@type\":\"SearchAction\",\"target\":{\"@type\":\"EntryPoint\",\"urlTemplate\":\"https:\/\/demoweb.info\/sexshop001\/?s={search_term_string}\"},\"query-input\":\"required name=search_term_string\"}],\"inLanguage\":\"es\"}]}<\/script>\n<!-- \/ Yoast SEO plugin. -->","yoast_head_json":{"title":"LELO MONA ONDA VIBRADOR AZUL - Tienda Er\u00f3tica","robots":{"index":"noindex","follow":"follow","max-snippet":"max-snippet:-1","max-image-preview":"max-image-preview:large","max-video-preview":"max-video-preview:-1"},"og_locale":"es_ES","og_type":"article","og_title":"LELO MONA ONDA VIBRADOR AZUL - Tienda Er\u00f3tica","og_description":"LELO MONA WAVE BLUE hace gala de un dise\u00f1o muy elegante y atractivo. Entr\u00e9gate a oleadas de intensas sensaciones con","og_url":"https:\/\/demoweb.info\/sexshop001\/producto\/lelo-mona-onda-vibrador-azul\/","og_site_name":"Tienda Er\u00f3tica","article_modified_time":"2022-01-22T13:36:16+00:00","og_image":[{"width":550,"height":550,"url":"https:\/\/demoweb.info\/sexshop001\/wp-content\/uploads\/2022\/01\/LELO-MONA-ONDA-VIBRADOR-AZUL.jpg","type":"image\/jpeg"}],"twitter_card":"summary_large_image","twitter_misc":{"Tiempo de lectura":"1 minuto"},"schema":{"@context":"https:\/\/schema.org","@graph":[{"@type":"WebPage","@id":"https:\/\/demoweb.info\/sexshop001\/producto\/lelo-mona-onda-vibrador-azul\/","url":"https:\/\/demoweb.info\/sexshop001\/producto\/lelo-mona-onda-vibrador-azul\/","name":"LELO MONA ONDA VIBRADOR AZUL - Tienda Er\u00f3tica","isPartOf":{"@id":"https:\/\/demoweb.info\/sexshop001\/#website"},"datePublished":"2022-01-22T13:36:08+00:00","dateModified":"2022-01-22T13:36:16+00:00","breadcrumb":{"@id":"https:\/\/demoweb.info\/sexshop001\/producto\/lelo-mona-onda-vibrador-azul\/#breadcrumb"},"inLanguage":"es","potentialAction":[{"@type":"ReadAction","target":["https:\/\/demoweb.info\/sexshop001\/producto\/lelo-mona-onda-vibrador-azul\/"]}]},{"@type":"BreadcrumbList","@id":"https:\/\/demoweb.info\/sexshop001\/producto\/lelo-mona-onda-vibrador-azul\/#breadcrumb","itemListElement":[{"@type":"ListItem","position":1,"name":"Portada","item":"https:\/\/demoweb.info\/sexshop001\/"},{"@type":"ListItem","position":2,"name":"Tienda","item":"https:\/\/demoweb.info\/sexshop001\/tienda\/"},{"@type":"ListItem","position":3,"name":"LELO MONA ONDA VIBRADOR AZUL"}]},{"@type":"WebSite","@id":"https:\/\/demoweb.info\/sexshop001\/#website","url":"https:\/\/demoweb.info\/sexshop001\/","name":"Tienda Er\u00f3tica","description":"DEMOWEB SL","potentialAction":[{"@type":"SearchAction","target":{"@type":"EntryPoint","urlTemplate":"https:\/\/demoweb.info\/sexshop001\/?s={search_term_string}"},"query-input":"required name=search_term_string"}],"inLanguage":"es"}]}},"_links":{"self":[{"href":"https:\/\/demoweb.info\/sexshop001\/wp-json\/wp\/v3\/product\/41807","targetHints":{"allow":["GET"]}}],"collection":[{"href":"https:\/\/demoweb.info\/sexshop001\/wp-json\/wp\/v3\/product"}],"about":[{"href":"https:\/\/demoweb.info\/sexshop001\/wp-json\/wp\/v2\/types\/product"}],"replies":[{"embeddable":true,"href":"https:\/\/demoweb.info\/sexshop001\/wp-json\/wp\/v2\/comments?post=41807"}],"wp:featuredmedia":[{"embeddable":true,"href":"https:\/\/demoweb.info\/sexshop001\/wp-json\/wp\/v2\/media\/41808"}],"wp:attachment":[{"href":"https:\/\/demoweb.info\/sexshop001\/wp-json\/wp\/v2\/media?parent=41807"}],"wp:term":[{"taxonomy":"product_cat","embeddable":true,"href":"https:\/\/demoweb.info\/sexshop001\/wp-json\/wp\/v2\/product_cat?post=41807"},{"taxonomy":"product_tag","embeddable":true,"href":"https:\/\/demoweb.info\/sexshop001\/wp-json\/wp\/v2\/product_tag?post=41807"}],"curies":[{"name":"wp","href":"https:\/\/api.w.org\/{rel}","templated":true}]}}