{"id":41803,"date":"2022-01-22T14:36:08","date_gmt":"2022-01-22T13:36:08","guid":{"rendered":"https:\/\/demoweb.info\/sexshop001\/producto\/lelo-ina-wave-vibrador-rosa\/"},"modified":"2022-01-22T14:36:14","modified_gmt":"2022-01-22T13:36:14","slug":"lelo-ina-wave-vibrador-rosa","status":"publish","type":"product","link":"https:\/\/demoweb.info\/sexshop001\/producto\/lelo-ina-wave-vibrador-rosa\/","title":{"rendered":"LELO INA WAVE VIBRADOR ROSA"},"content":{"rendered":"<p><strong>LELO INA WAVE PINK<\/strong> hace gala de un dise\u00f1o muy elegante y atractivo.<\/p>\n<p>Deja que sus olas te sumerjan en un placer incontrolable. El movimiento \u201cven aqu\u00ed\u201d de <strong>INA WAVE\u2122<\/strong> est\u00e1 inspirado en las caricias que hacen los dedos al masajear el<strong> Punto G.<\/strong> Mientras que su voluptuoso cuerpo sube y baja, la potente estimulaci\u00f3n y la <strong>presi\u00f3n sobre el cl\u00edtoris<\/strong> te llevar\u00e1n al cl\u00edmax en oleadas intensas y profundas. <strong>Recubierto totalmente en silicona<\/strong>, es <strong>100% sumergible y recargable<\/strong>. Sus <strong>10 modos de balanceo y vibraciones<\/strong> te descubrir\u00e1n todo un nuevo mundo de orgasmos dobles.<\/p>\n<p>&#8211; El conejito vibrador definitivo para ilustradas en el placer.<br \/>\n&#8211; Se balancea como los dedos de los mejores amantes.<br \/>\n&#8211; 10 modos de vibraci\u00f3n con velocidades ajustables.<br \/>\n&#8211; 100% sumergible y recargable (2 horas de uso continuo).<br \/>\n&#8211; Dise\u00f1o 100% silicona ultra-suave y biocompatible.<br \/>\n&#8211; Garant\u00eda del fabricante de 1 a\u00f1o y Garant\u00eda de calidad de 10 a\u00f1os<br \/>\n&#8211; Longitud insertable: 11 cm<\/p>\n<p><strong>Especificaciones t\u00e9cnicas:<\/strong><\/p>\n<p>Materiales :PC-ABS \/ silicona aptos para el contacto con la piel<br \/>\nBater\u00eda :Li-ion 500 mAh 3,7 V<br \/>\nCarga :2 h a 5.0 V<br \/>\nTiempo de utilizaci\u00f3n :hasta 2 horas<br \/>\nEn espera :hasta 90 d\u00edas<br \/>\nFrecuencia :100 Hz<br \/>\nM\u00e1ximo nivel de ruido :&lt; 50 dB<\/p>\n","protected":false},"excerpt":{"rendered":"<p>LELO INA WAVE PINK hace gala de un dise\u00f1o muy elegante y atractivo. Deja que sus olas te sumerjan en<\/p>\n","protected":false},"featured_media":41804,"comment_status":"open","ping_status":"open","template":"","meta":[],"product_cat":[502],"product_tag":[406],"class_list":["post-41803","product","type-product","status-publish","has-post-thumbnail","hentry","product_cat-luxury","product_tag-lelo"],"bundled_by":[],"bundle_stock_status":"instock","bundle_stock_quantity":1,"bundle_virtual":false,"bundle_layout":"","bundle_add_to_cart_form_location":"","bundle_editable_in_cart":false,"bundle_sold_individually_context":"","bundle_item_grouping":"","bundle_min_size":"","bundle_max_size":"","bundled_items":[],"yoast_head":"<!-- This site is optimized with the Yoast SEO plugin v20.6 - https:\/\/yoast.com\/wordpress\/plugins\/seo\/ -->\n<title>LELO INA WAVE VIBRADOR ROSA - Tienda Er\u00f3tica<\/title>\n<meta name=\"robots\" content=\"noindex, follow, max-snippet:-1, max-image-preview:large, max-video-preview:-1\" \/>\n<meta property=\"og:locale\" content=\"es_ES\" \/>\n<meta property=\"og:type\" content=\"article\" \/>\n<meta property=\"og:title\" content=\"LELO INA WAVE VIBRADOR ROSA - Tienda Er\u00f3tica\" \/>\n<meta property=\"og:description\" content=\"LELO INA WAVE PINK hace gala de un dise\u00f1o muy elegante y atractivo. Deja que sus olas te sumerjan en\" \/>\n<meta property=\"og:url\" content=\"https:\/\/demoweb.info\/sexshop001\/producto\/lelo-ina-wave-vibrador-rosa\/\" \/>\n<meta property=\"og:site_name\" content=\"Tienda Er\u00f3tica\" \/>\n<meta property=\"article:modified_time\" content=\"2022-01-22T13:36:14+00:00\" \/>\n<meta property=\"og:image\" content=\"https:\/\/demoweb.info\/sexshop001\/wp-content\/uploads\/2022\/01\/LELO-INA-WAVE-VIBRADOR-ROSA.jpg\" \/>\n\t<meta property=\"og:image:width\" content=\"550\" \/>\n\t<meta property=\"og:image:height\" content=\"550\" \/>\n\t<meta property=\"og:image:type\" content=\"image\/jpeg\" \/>\n<meta name=\"twitter:card\" content=\"summary_large_image\" \/>\n<meta name=\"twitter:label1\" content=\"Tiempo de lectura\" \/>\n\t<meta name=\"twitter:data1\" content=\"1 minuto\" \/>\n<script type=\"application\/ld+json\" class=\"yoast-schema-graph\">{\"@context\":\"https:\/\/schema.org\",\"@graph\":[{\"@type\":\"WebPage\",\"@id\":\"https:\/\/demoweb.info\/sexshop001\/producto\/lelo-ina-wave-vibrador-rosa\/\",\"url\":\"https:\/\/demoweb.info\/sexshop001\/producto\/lelo-ina-wave-vibrador-rosa\/\",\"name\":\"LELO INA WAVE VIBRADOR ROSA - Tienda Er\u00f3tica\",\"isPartOf\":{\"@id\":\"https:\/\/demoweb.info\/sexshop001\/#website\"},\"datePublished\":\"2022-01-22T13:36:08+00:00\",\"dateModified\":\"2022-01-22T13:36:14+00:00\",\"breadcrumb\":{\"@id\":\"https:\/\/demoweb.info\/sexshop001\/producto\/lelo-ina-wave-vibrador-rosa\/#breadcrumb\"},\"inLanguage\":\"es\",\"potentialAction\":[{\"@type\":\"ReadAction\",\"target\":[\"https:\/\/demoweb.info\/sexshop001\/producto\/lelo-ina-wave-vibrador-rosa\/\"]}]},{\"@type\":\"BreadcrumbList\",\"@id\":\"https:\/\/demoweb.info\/sexshop001\/producto\/lelo-ina-wave-vibrador-rosa\/#breadcrumb\",\"itemListElement\":[{\"@type\":\"ListItem\",\"position\":1,\"name\":\"Portada\",\"item\":\"https:\/\/demoweb.info\/sexshop001\/\"},{\"@type\":\"ListItem\",\"position\":2,\"name\":\"Tienda\",\"item\":\"https:\/\/demoweb.info\/sexshop001\/tienda\/\"},{\"@type\":\"ListItem\",\"position\":3,\"name\":\"LELO INA WAVE VIBRADOR ROSA\"}]},{\"@type\":\"WebSite\",\"@id\":\"https:\/\/demoweb.info\/sexshop001\/#website\",\"url\":\"https:\/\/demoweb.info\/sexshop001\/\",\"name\":\"Tienda Er\u00f3tica\",\"description\":\"DEMOWEB SL\",\"potentialAction\":[{\"@type\":\"SearchAction\",\"target\":{\"@type\":\"EntryPoint\",\"urlTemplate\":\"https:\/\/demoweb.info\/sexshop001\/?s={search_term_string}\"},\"query-input\":\"required name=search_term_string\"}],\"inLanguage\":\"es\"}]}<\/script>\n<!-- \/ Yoast SEO plugin. -->","yoast_head_json":{"title":"LELO INA WAVE VIBRADOR ROSA - Tienda Er\u00f3tica","robots":{"index":"noindex","follow":"follow","max-snippet":"max-snippet:-1","max-image-preview":"max-image-preview:large","max-video-preview":"max-video-preview:-1"},"og_locale":"es_ES","og_type":"article","og_title":"LELO INA WAVE VIBRADOR ROSA - Tienda Er\u00f3tica","og_description":"LELO INA WAVE PINK hace gala de un dise\u00f1o muy elegante y atractivo. Deja que sus olas te sumerjan en","og_url":"https:\/\/demoweb.info\/sexshop001\/producto\/lelo-ina-wave-vibrador-rosa\/","og_site_name":"Tienda Er\u00f3tica","article_modified_time":"2022-01-22T13:36:14+00:00","og_image":[{"width":550,"height":550,"url":"https:\/\/demoweb.info\/sexshop001\/wp-content\/uploads\/2022\/01\/LELO-INA-WAVE-VIBRADOR-ROSA.jpg","type":"image\/jpeg"}],"twitter_card":"summary_large_image","twitter_misc":{"Tiempo de lectura":"1 minuto"},"schema":{"@context":"https:\/\/schema.org","@graph":[{"@type":"WebPage","@id":"https:\/\/demoweb.info\/sexshop001\/producto\/lelo-ina-wave-vibrador-rosa\/","url":"https:\/\/demoweb.info\/sexshop001\/producto\/lelo-ina-wave-vibrador-rosa\/","name":"LELO INA WAVE VIBRADOR ROSA - Tienda Er\u00f3tica","isPartOf":{"@id":"https:\/\/demoweb.info\/sexshop001\/#website"},"datePublished":"2022-01-22T13:36:08+00:00","dateModified":"2022-01-22T13:36:14+00:00","breadcrumb":{"@id":"https:\/\/demoweb.info\/sexshop001\/producto\/lelo-ina-wave-vibrador-rosa\/#breadcrumb"},"inLanguage":"es","potentialAction":[{"@type":"ReadAction","target":["https:\/\/demoweb.info\/sexshop001\/producto\/lelo-ina-wave-vibrador-rosa\/"]}]},{"@type":"BreadcrumbList","@id":"https:\/\/demoweb.info\/sexshop001\/producto\/lelo-ina-wave-vibrador-rosa\/#breadcrumb","itemListElement":[{"@type":"ListItem","position":1,"name":"Portada","item":"https:\/\/demoweb.info\/sexshop001\/"},{"@type":"ListItem","position":2,"name":"Tienda","item":"https:\/\/demoweb.info\/sexshop001\/tienda\/"},{"@type":"ListItem","position":3,"name":"LELO INA WAVE VIBRADOR ROSA"}]},{"@type":"WebSite","@id":"https:\/\/demoweb.info\/sexshop001\/#website","url":"https:\/\/demoweb.info\/sexshop001\/","name":"Tienda Er\u00f3tica","description":"DEMOWEB SL","potentialAction":[{"@type":"SearchAction","target":{"@type":"EntryPoint","urlTemplate":"https:\/\/demoweb.info\/sexshop001\/?s={search_term_string}"},"query-input":"required name=search_term_string"}],"inLanguage":"es"}]}},"_links":{"self":[{"href":"https:\/\/demoweb.info\/sexshop001\/wp-json\/wp\/v3\/product\/41803","targetHints":{"allow":["GET"]}}],"collection":[{"href":"https:\/\/demoweb.info\/sexshop001\/wp-json\/wp\/v3\/product"}],"about":[{"href":"https:\/\/demoweb.info\/sexshop001\/wp-json\/wp\/v2\/types\/product"}],"replies":[{"embeddable":true,"href":"https:\/\/demoweb.info\/sexshop001\/wp-json\/wp\/v2\/comments?post=41803"}],"wp:featuredmedia":[{"embeddable":true,"href":"https:\/\/demoweb.info\/sexshop001\/wp-json\/wp\/v2\/media\/41804"}],"wp:attachment":[{"href":"https:\/\/demoweb.info\/sexshop001\/wp-json\/wp\/v2\/media?parent=41803"}],"wp:term":[{"taxonomy":"product_cat","embeddable":true,"href":"https:\/\/demoweb.info\/sexshop001\/wp-json\/wp\/v2\/product_cat?post=41803"},{"taxonomy":"product_tag","embeddable":true,"href":"https:\/\/demoweb.info\/sexshop001\/wp-json\/wp\/v2\/product_tag?post=41803"}],"curies":[{"name":"wp","href":"https:\/\/api.w.org\/{rel}","templated":true}]}}