{"id":41780,"date":"2022-01-22T14:35:52","date_gmt":"2022-01-22T13:35:52","guid":{"rendered":"https:\/\/demoweb.info\/sexshop001\/producto\/extension-para-el-pene-de-silicona\/"},"modified":"2022-01-22T14:36:01","modified_gmt":"2022-01-22T13:36:01","slug":"extension-para-el-pene-de-silicona","status":"publish","type":"product","link":"https:\/\/demoweb.info\/sexshop001\/producto\/extension-para-el-pene-de-silicona\/","title":{"rendered":"EXTENSION PARA EL PENE DE SILICONA"},"content":{"rendered":"<p><font size=&quot;1&quot;><\/p>\n<p align=&quot;justify&quot;><b>LID\u00b4L EXTRA SILICONE PENIS EXTENSION<\/b> es una<br \/>\nfunda de <b><font color=&quot;#0000FF&quot;>suave<br \/>\nsilicona de primera calidad<\/font><\/b>,  con la que podr\u00e1s, adem\u00e1s de aumentar la longitud y el<br \/>\ngrosor de tu pene en 5 cm. y <b>dar mucho m\u00e1s placer a tu pareja<\/b>.<\/p>\n<p>Dise\u00f1ado para aumentar el roce de la zona vaginal.<\/p>\n<p>Con esta funda podr\u00e1s, adem\u00e1s de aumentar la longitud y el<br \/>\ngrosor de tu pene,<b> dar mucho m\u00e1s placer a tu pareja<\/b>.<\/p>\n<p>Totalmente transparente y con un tacto impresionantemente real.<\/p>\n<p>Su textura es extra-suave y gracias a su gran flexibilidad<br \/>\n<font color=&quot;#0000FF&quot;><b>se adapta a cualquier tama\u00f1o de pene<\/b><\/font>.<\/p>\n<p>Adem\u00e1s conseguir\u00e1s que tu erecci\u00f3n sea mucho m\u00e1s duradera, puesto que tambi\u00e9n<br \/>\nact\u00faa c\u00f3mo anillo para el pene.<\/p>\n<p>Aconsejamos utilizarlo con lubricante.<\/font><\/p>\n","protected":false},"excerpt":{"rendered":"<p>LID\u00b4L EXTRA SILICONE PENIS EXTENSION es una funda de suave silicona de primera calidad, con la que podr\u00e1s, adem\u00e1s de<\/p>\n","protected":false},"featured_media":41781,"comment_status":"open","ping_status":"open","template":"","meta":[],"product_cat":[704],"product_tag":[650],"class_list":["post-41780","product","type-product","status-publish","has-post-thumbnail","hentry","product_cat-silicona-fundas","product_tag-seven-creations"],"bundled_by":[],"bundle_stock_status":"instock","bundle_stock_quantity":6,"bundle_virtual":false,"bundle_layout":"","bundle_add_to_cart_form_location":"","bundle_editable_in_cart":false,"bundle_sold_individually_context":"","bundle_item_grouping":"","bundle_min_size":"","bundle_max_size":"","bundled_items":[],"yoast_head":"<!-- This site is optimized with the Yoast SEO plugin v20.6 - https:\/\/yoast.com\/wordpress\/plugins\/seo\/ -->\n<title>EXTENSION PARA EL PENE DE SILICONA - Tienda Er\u00f3tica<\/title>\n<meta name=\"robots\" content=\"noindex, follow, max-snippet:-1, max-image-preview:large, max-video-preview:-1\" \/>\n<meta property=\"og:locale\" content=\"es_ES\" \/>\n<meta property=\"og:type\" content=\"article\" \/>\n<meta property=\"og:title\" content=\"EXTENSION PARA EL PENE DE SILICONA - Tienda Er\u00f3tica\" \/>\n<meta property=\"og:description\" content=\"LID\u00b4L EXTRA SILICONE PENIS EXTENSION es una funda de suave silicona de primera calidad, con la que podr\u00e1s, adem\u00e1s de\" \/>\n<meta property=\"og:url\" content=\"https:\/\/demoweb.info\/sexshop001\/producto\/extension-para-el-pene-de-silicona\/\" \/>\n<meta property=\"og:site_name\" content=\"Tienda Er\u00f3tica\" \/>\n<meta property=\"article:modified_time\" content=\"2022-01-22T13:36:01+00:00\" \/>\n<meta property=\"og:image\" content=\"https:\/\/demoweb.info\/sexshop001\/wp-content\/uploads\/2022\/01\/EXTENSION-PARA-EL-PENE-DE-SILICONA.jpg\" \/>\n\t<meta property=\"og:image:width\" content=\"550\" \/>\n\t<meta property=\"og:image:height\" content=\"550\" \/>\n\t<meta property=\"og:image:type\" content=\"image\/jpeg\" \/>\n<meta name=\"twitter:card\" content=\"summary_large_image\" \/>\n<meta name=\"twitter:label1\" content=\"Tiempo de lectura\" \/>\n\t<meta name=\"twitter:data1\" content=\"1 minuto\" \/>\n<script type=\"application\/ld+json\" class=\"yoast-schema-graph\">{\"@context\":\"https:\/\/schema.org\",\"@graph\":[{\"@type\":\"WebPage\",\"@id\":\"https:\/\/demoweb.info\/sexshop001\/producto\/extension-para-el-pene-de-silicona\/\",\"url\":\"https:\/\/demoweb.info\/sexshop001\/producto\/extension-para-el-pene-de-silicona\/\",\"name\":\"EXTENSION PARA EL PENE DE SILICONA - Tienda Er\u00f3tica\",\"isPartOf\":{\"@id\":\"https:\/\/demoweb.info\/sexshop001\/#website\"},\"datePublished\":\"2022-01-22T13:35:52+00:00\",\"dateModified\":\"2022-01-22T13:36:01+00:00\",\"breadcrumb\":{\"@id\":\"https:\/\/demoweb.info\/sexshop001\/producto\/extension-para-el-pene-de-silicona\/#breadcrumb\"},\"inLanguage\":\"es\",\"potentialAction\":[{\"@type\":\"ReadAction\",\"target\":[\"https:\/\/demoweb.info\/sexshop001\/producto\/extension-para-el-pene-de-silicona\/\"]}]},{\"@type\":\"BreadcrumbList\",\"@id\":\"https:\/\/demoweb.info\/sexshop001\/producto\/extension-para-el-pene-de-silicona\/#breadcrumb\",\"itemListElement\":[{\"@type\":\"ListItem\",\"position\":1,\"name\":\"Portada\",\"item\":\"https:\/\/demoweb.info\/sexshop001\/\"},{\"@type\":\"ListItem\",\"position\":2,\"name\":\"Tienda\",\"item\":\"https:\/\/demoweb.info\/sexshop001\/tienda\/\"},{\"@type\":\"ListItem\",\"position\":3,\"name\":\"EXTENSION PARA EL PENE DE SILICONA\"}]},{\"@type\":\"WebSite\",\"@id\":\"https:\/\/demoweb.info\/sexshop001\/#website\",\"url\":\"https:\/\/demoweb.info\/sexshop001\/\",\"name\":\"Tienda Er\u00f3tica\",\"description\":\"DEMOWEB SL\",\"potentialAction\":[{\"@type\":\"SearchAction\",\"target\":{\"@type\":\"EntryPoint\",\"urlTemplate\":\"https:\/\/demoweb.info\/sexshop001\/?s={search_term_string}\"},\"query-input\":\"required name=search_term_string\"}],\"inLanguage\":\"es\"}]}<\/script>\n<!-- \/ Yoast SEO plugin. -->","yoast_head_json":{"title":"EXTENSION PARA EL PENE DE SILICONA - Tienda Er\u00f3tica","robots":{"index":"noindex","follow":"follow","max-snippet":"max-snippet:-1","max-image-preview":"max-image-preview:large","max-video-preview":"max-video-preview:-1"},"og_locale":"es_ES","og_type":"article","og_title":"EXTENSION PARA EL PENE DE SILICONA - Tienda Er\u00f3tica","og_description":"LID\u00b4L EXTRA SILICONE PENIS EXTENSION es una funda de suave silicona de primera calidad, con la que podr\u00e1s, adem\u00e1s de","og_url":"https:\/\/demoweb.info\/sexshop001\/producto\/extension-para-el-pene-de-silicona\/","og_site_name":"Tienda Er\u00f3tica","article_modified_time":"2022-01-22T13:36:01+00:00","og_image":[{"width":550,"height":550,"url":"https:\/\/demoweb.info\/sexshop001\/wp-content\/uploads\/2022\/01\/EXTENSION-PARA-EL-PENE-DE-SILICONA.jpg","type":"image\/jpeg"}],"twitter_card":"summary_large_image","twitter_misc":{"Tiempo de lectura":"1 minuto"},"schema":{"@context":"https:\/\/schema.org","@graph":[{"@type":"WebPage","@id":"https:\/\/demoweb.info\/sexshop001\/producto\/extension-para-el-pene-de-silicona\/","url":"https:\/\/demoweb.info\/sexshop001\/producto\/extension-para-el-pene-de-silicona\/","name":"EXTENSION PARA EL PENE DE SILICONA - Tienda Er\u00f3tica","isPartOf":{"@id":"https:\/\/demoweb.info\/sexshop001\/#website"},"datePublished":"2022-01-22T13:35:52+00:00","dateModified":"2022-01-22T13:36:01+00:00","breadcrumb":{"@id":"https:\/\/demoweb.info\/sexshop001\/producto\/extension-para-el-pene-de-silicona\/#breadcrumb"},"inLanguage":"es","potentialAction":[{"@type":"ReadAction","target":["https:\/\/demoweb.info\/sexshop001\/producto\/extension-para-el-pene-de-silicona\/"]}]},{"@type":"BreadcrumbList","@id":"https:\/\/demoweb.info\/sexshop001\/producto\/extension-para-el-pene-de-silicona\/#breadcrumb","itemListElement":[{"@type":"ListItem","position":1,"name":"Portada","item":"https:\/\/demoweb.info\/sexshop001\/"},{"@type":"ListItem","position":2,"name":"Tienda","item":"https:\/\/demoweb.info\/sexshop001\/tienda\/"},{"@type":"ListItem","position":3,"name":"EXTENSION PARA EL PENE DE SILICONA"}]},{"@type":"WebSite","@id":"https:\/\/demoweb.info\/sexshop001\/#website","url":"https:\/\/demoweb.info\/sexshop001\/","name":"Tienda Er\u00f3tica","description":"DEMOWEB SL","potentialAction":[{"@type":"SearchAction","target":{"@type":"EntryPoint","urlTemplate":"https:\/\/demoweb.info\/sexshop001\/?s={search_term_string}"},"query-input":"required name=search_term_string"}],"inLanguage":"es"}]}},"_links":{"self":[{"href":"https:\/\/demoweb.info\/sexshop001\/wp-json\/wp\/v3\/product\/41780","targetHints":{"allow":["GET"]}}],"collection":[{"href":"https:\/\/demoweb.info\/sexshop001\/wp-json\/wp\/v3\/product"}],"about":[{"href":"https:\/\/demoweb.info\/sexshop001\/wp-json\/wp\/v2\/types\/product"}],"replies":[{"embeddable":true,"href":"https:\/\/demoweb.info\/sexshop001\/wp-json\/wp\/v2\/comments?post=41780"}],"wp:featuredmedia":[{"embeddable":true,"href":"https:\/\/demoweb.info\/sexshop001\/wp-json\/wp\/v2\/media\/41781"}],"wp:attachment":[{"href":"https:\/\/demoweb.info\/sexshop001\/wp-json\/wp\/v2\/media?parent=41780"}],"wp:term":[{"taxonomy":"product_cat","embeddable":true,"href":"https:\/\/demoweb.info\/sexshop001\/wp-json\/wp\/v2\/product_cat?post=41780"},{"taxonomy":"product_tag","embeddable":true,"href":"https:\/\/demoweb.info\/sexshop001\/wp-json\/wp\/v2\/product_tag?post=41780"}],"curies":[{"name":"wp","href":"https:\/\/api.w.org\/{rel}","templated":true}]}}