{"id":41769,"date":"2022-01-22T14:35:52","date_gmt":"2022-01-22T13:35:52","guid":{"rendered":"https:\/\/demoweb.info\/sexshop001\/producto\/kit-mini-juegos-para-la-pareja\/"},"modified":"2022-01-22T14:35:55","modified_gmt":"2022-01-22T13:35:55","slug":"kit-mini-juegos-para-la-pareja","status":"publish","type":"product","link":"https:\/\/demoweb.info\/sexshop001\/producto\/kit-mini-juegos-para-la-pareja\/","title":{"rendered":"KIT MINI JUEGOS PARA LA PAREJA"},"content":{"rendered":"<p><strong>4 PLAY MINI COUPLES KIT <\/strong> es un conjunto formado por 4 accesorios de silicona, a los que se les puede a\u00f1adir un <strong>potente vibrador con multivelocidad<\/strong> y conseguir m\u00faltiples combinaciones.<\/p>\n<p>Incluye dos <strong>anillos para el pene<\/strong>, estimulador de cl\u00edtoris y excitador vaginal, con el que podr\u00e9is aumentar el placer en vuestras relaciones intimas, hasta l\u00edmites insospechados.<\/p>\n<p>Tambi\u00e9n esta provisto de un peque\u00f1o<strong> plug anal <\/strong> muy suave de silicona, para estimulaciones anales.<\/p>\n<p>Y por \u00faltimo un <strong>dedal<\/strong> provisto de suaves protuberancias, perfecto para jugar y estimular el cl\u00edtoris y vagina de tu pareja.<\/p>\n<p>La unidad vibradora es extra\u00edble con lo que siempre podr\u00e1s mantenerlo en perfectas condiciones, adem\u00e1s de darle otros usos&#8230;<\/p>\n<p>Di\u00e1metro: 2,5 cm<br \/>\nLongitud: 7,5 cm<\/p>\n<p><strong>Pilas incluidas.<\/strong><\/p>\n<p><strong>Consigue que tus relaciones sean mucho m\u00e1s placenteras<\/strong>.<\/p>\n","protected":false},"excerpt":{"rendered":"<p>4 PLAY MINI COUPLES KIT es un conjunto formado por 4 accesorios de silicona, a los que se les puede<\/p>\n","protected":false},"featured_media":41770,"comment_status":"open","ping_status":"open","template":"","meta":[],"product_cat":[684],"product_tag":[650],"class_list":["post-41769","product","type-product","status-publish","has-post-thumbnail","hentry","product_cat-san-valentin-regalos","product_tag-seven-creations"],"bundled_by":[],"bundle_stock_status":"instock","bundle_stock_quantity":10,"bundle_virtual":false,"bundle_layout":"","bundle_add_to_cart_form_location":"","bundle_editable_in_cart":false,"bundle_sold_individually_context":"","bundle_item_grouping":"","bundle_min_size":"","bundle_max_size":"","bundled_items":[],"yoast_head":"<!-- This site is optimized with the Yoast SEO plugin v20.6 - https:\/\/yoast.com\/wordpress\/plugins\/seo\/ -->\n<title>KIT MINI JUEGOS PARA LA PAREJA - Tienda Er\u00f3tica<\/title>\n<meta name=\"robots\" content=\"noindex, follow, max-snippet:-1, max-image-preview:large, max-video-preview:-1\" \/>\n<meta property=\"og:locale\" content=\"es_ES\" \/>\n<meta property=\"og:type\" content=\"article\" \/>\n<meta property=\"og:title\" content=\"KIT MINI JUEGOS PARA LA PAREJA - Tienda Er\u00f3tica\" \/>\n<meta property=\"og:description\" content=\"4 PLAY MINI COUPLES KIT es un conjunto formado por 4 accesorios de silicona, a los que se les puede\" \/>\n<meta property=\"og:url\" content=\"https:\/\/demoweb.info\/sexshop001\/producto\/kit-mini-juegos-para-la-pareja\/\" \/>\n<meta property=\"og:site_name\" content=\"Tienda Er\u00f3tica\" \/>\n<meta property=\"article:modified_time\" content=\"2022-01-22T13:35:55+00:00\" \/>\n<meta property=\"og:image\" content=\"https:\/\/demoweb.info\/sexshop001\/wp-content\/uploads\/2022\/01\/KIT-MINI-JUEGOS-PARA-LA-PAREJA.jpg\" \/>\n\t<meta property=\"og:image:width\" content=\"550\" \/>\n\t<meta property=\"og:image:height\" content=\"550\" \/>\n\t<meta property=\"og:image:type\" content=\"image\/jpeg\" \/>\n<meta name=\"twitter:card\" content=\"summary_large_image\" \/>\n<meta name=\"twitter:label1\" content=\"Tiempo de lectura\" \/>\n\t<meta name=\"twitter:data1\" content=\"1 minuto\" \/>\n<script type=\"application\/ld+json\" class=\"yoast-schema-graph\">{\"@context\":\"https:\/\/schema.org\",\"@graph\":[{\"@type\":\"WebPage\",\"@id\":\"https:\/\/demoweb.info\/sexshop001\/producto\/kit-mini-juegos-para-la-pareja\/\",\"url\":\"https:\/\/demoweb.info\/sexshop001\/producto\/kit-mini-juegos-para-la-pareja\/\",\"name\":\"KIT MINI JUEGOS PARA LA PAREJA - Tienda Er\u00f3tica\",\"isPartOf\":{\"@id\":\"https:\/\/demoweb.info\/sexshop001\/#website\"},\"datePublished\":\"2022-01-22T13:35:52+00:00\",\"dateModified\":\"2022-01-22T13:35:55+00:00\",\"breadcrumb\":{\"@id\":\"https:\/\/demoweb.info\/sexshop001\/producto\/kit-mini-juegos-para-la-pareja\/#breadcrumb\"},\"inLanguage\":\"es\",\"potentialAction\":[{\"@type\":\"ReadAction\",\"target\":[\"https:\/\/demoweb.info\/sexshop001\/producto\/kit-mini-juegos-para-la-pareja\/\"]}]},{\"@type\":\"BreadcrumbList\",\"@id\":\"https:\/\/demoweb.info\/sexshop001\/producto\/kit-mini-juegos-para-la-pareja\/#breadcrumb\",\"itemListElement\":[{\"@type\":\"ListItem\",\"position\":1,\"name\":\"Portada\",\"item\":\"https:\/\/demoweb.info\/sexshop001\/\"},{\"@type\":\"ListItem\",\"position\":2,\"name\":\"Tienda\",\"item\":\"https:\/\/demoweb.info\/sexshop001\/tienda\/\"},{\"@type\":\"ListItem\",\"position\":3,\"name\":\"KIT MINI JUEGOS PARA LA PAREJA\"}]},{\"@type\":\"WebSite\",\"@id\":\"https:\/\/demoweb.info\/sexshop001\/#website\",\"url\":\"https:\/\/demoweb.info\/sexshop001\/\",\"name\":\"Tienda Er\u00f3tica\",\"description\":\"DEMOWEB SL\",\"potentialAction\":[{\"@type\":\"SearchAction\",\"target\":{\"@type\":\"EntryPoint\",\"urlTemplate\":\"https:\/\/demoweb.info\/sexshop001\/?s={search_term_string}\"},\"query-input\":\"required name=search_term_string\"}],\"inLanguage\":\"es\"}]}<\/script>\n<!-- \/ Yoast SEO plugin. -->","yoast_head_json":{"title":"KIT MINI JUEGOS PARA LA PAREJA - Tienda Er\u00f3tica","robots":{"index":"noindex","follow":"follow","max-snippet":"max-snippet:-1","max-image-preview":"max-image-preview:large","max-video-preview":"max-video-preview:-1"},"og_locale":"es_ES","og_type":"article","og_title":"KIT MINI JUEGOS PARA LA PAREJA - Tienda Er\u00f3tica","og_description":"4 PLAY MINI COUPLES KIT es un conjunto formado por 4 accesorios de silicona, a los que se les puede","og_url":"https:\/\/demoweb.info\/sexshop001\/producto\/kit-mini-juegos-para-la-pareja\/","og_site_name":"Tienda Er\u00f3tica","article_modified_time":"2022-01-22T13:35:55+00:00","og_image":[{"width":550,"height":550,"url":"https:\/\/demoweb.info\/sexshop001\/wp-content\/uploads\/2022\/01\/KIT-MINI-JUEGOS-PARA-LA-PAREJA.jpg","type":"image\/jpeg"}],"twitter_card":"summary_large_image","twitter_misc":{"Tiempo de lectura":"1 minuto"},"schema":{"@context":"https:\/\/schema.org","@graph":[{"@type":"WebPage","@id":"https:\/\/demoweb.info\/sexshop001\/producto\/kit-mini-juegos-para-la-pareja\/","url":"https:\/\/demoweb.info\/sexshop001\/producto\/kit-mini-juegos-para-la-pareja\/","name":"KIT MINI JUEGOS PARA LA PAREJA - Tienda Er\u00f3tica","isPartOf":{"@id":"https:\/\/demoweb.info\/sexshop001\/#website"},"datePublished":"2022-01-22T13:35:52+00:00","dateModified":"2022-01-22T13:35:55+00:00","breadcrumb":{"@id":"https:\/\/demoweb.info\/sexshop001\/producto\/kit-mini-juegos-para-la-pareja\/#breadcrumb"},"inLanguage":"es","potentialAction":[{"@type":"ReadAction","target":["https:\/\/demoweb.info\/sexshop001\/producto\/kit-mini-juegos-para-la-pareja\/"]}]},{"@type":"BreadcrumbList","@id":"https:\/\/demoweb.info\/sexshop001\/producto\/kit-mini-juegos-para-la-pareja\/#breadcrumb","itemListElement":[{"@type":"ListItem","position":1,"name":"Portada","item":"https:\/\/demoweb.info\/sexshop001\/"},{"@type":"ListItem","position":2,"name":"Tienda","item":"https:\/\/demoweb.info\/sexshop001\/tienda\/"},{"@type":"ListItem","position":3,"name":"KIT MINI JUEGOS PARA LA PAREJA"}]},{"@type":"WebSite","@id":"https:\/\/demoweb.info\/sexshop001\/#website","url":"https:\/\/demoweb.info\/sexshop001\/","name":"Tienda Er\u00f3tica","description":"DEMOWEB SL","potentialAction":[{"@type":"SearchAction","target":{"@type":"EntryPoint","urlTemplate":"https:\/\/demoweb.info\/sexshop001\/?s={search_term_string}"},"query-input":"required name=search_term_string"}],"inLanguage":"es"}]}},"_links":{"self":[{"href":"https:\/\/demoweb.info\/sexshop001\/wp-json\/wp\/v3\/product\/41769","targetHints":{"allow":["GET"]}}],"collection":[{"href":"https:\/\/demoweb.info\/sexshop001\/wp-json\/wp\/v3\/product"}],"about":[{"href":"https:\/\/demoweb.info\/sexshop001\/wp-json\/wp\/v2\/types\/product"}],"replies":[{"embeddable":true,"href":"https:\/\/demoweb.info\/sexshop001\/wp-json\/wp\/v2\/comments?post=41769"}],"wp:featuredmedia":[{"embeddable":true,"href":"https:\/\/demoweb.info\/sexshop001\/wp-json\/wp\/v2\/media\/41770"}],"wp:attachment":[{"href":"https:\/\/demoweb.info\/sexshop001\/wp-json\/wp\/v2\/media?parent=41769"}],"wp:term":[{"taxonomy":"product_cat","embeddable":true,"href":"https:\/\/demoweb.info\/sexshop001\/wp-json\/wp\/v2\/product_cat?post=41769"},{"taxonomy":"product_tag","embeddable":true,"href":"https:\/\/demoweb.info\/sexshop001\/wp-json\/wp\/v2\/product_tag?post=41769"}],"curies":[{"name":"wp","href":"https:\/\/api.w.org\/{rel}","templated":true}]}}