{"id":41747,"date":"2022-01-22T14:35:36","date_gmt":"2022-01-22T13:35:36","guid":{"rendered":"https:\/\/demoweb.info\/sexshop001\/producto\/jesse-vibrador-de-vagina-con-succionador\/"},"modified":"2022-01-22T14:35:41","modified_gmt":"2022-01-22T13:35:41","slug":"jesse-vibrador-de-vagina-con-succionador","status":"publish","type":"product","link":"https:\/\/demoweb.info\/sexshop001\/producto\/jesse-vibrador-de-vagina-con-succionador\/","title":{"rendered":"JESSE VIBRADOR DE VAGINA CON SUCCIONADOR"},"content":{"rendered":"<p align=&quot;justify&quot;><font size=&quot;1&quot;><b>JESSE\u00b4S VIBRO PUSSY SUCKER<\/b> es un<br \/>\nverdadero estimulador de cl\u00edtoris multi-org\u00e1smico para mujeres, de alta tecnolog\u00eda, fabricado<br \/>\nen gelatina de gran calidad. <\/p>\n<p>Esta provisto de una <font color=&quot;#0000FF&quot;><b>suave y sensual boca<\/b><\/font>,<br \/>\nque acariciar\u00e1 sus labios vaginales, y unas potentes <font color=&quot;#0000FF&quot;><b><br \/>\nprotuberancias<\/b><\/font> de gran alcance que conducir\u00e1n su cl\u00edtoris hasta el<br \/>\norgasmo m\u00e1s intenso, nunca antes alcanzado.<\/p>\n<p>Gracias a la asombrosa acci\u00f3n de <font color=&quot;#0000FF&quot;><b>succi\u00f3n<\/b><\/font> incorporada, que oprime todo el<br \/>\nconjunto de la vagina creando un efecto de vac\u00edo, este estimulador le proveer\u00e1<br \/>\nde la simulaci\u00f3n oral perfecta.<\/p>\n<p>Incluye control electr\u00f3nico multivelocidad. <\/p>\n<p>Funciona con 2 pilas <b>R6\/AA<\/b> que puedes encontrar en la secci\u00f3n <b>Pilas<\/b>.<\/p>\n<p><b>\u00a1Atr\u00e9vete a explorar nuevos placeres!.<br \/>\n<\/b><br \/>\n<\/font><\/p>\n","protected":false},"excerpt":{"rendered":"<p>JESSE\u00b4S VIBRO PUSSY SUCKER es un verdadero estimulador de cl\u00edtoris multi-org\u00e1smico para mujeres, de alta tecnolog\u00eda, fabricado en gelatina de<\/p>\n","protected":false},"featured_media":41748,"comment_status":"open","ping_status":"open","template":"","meta":[],"product_cat":[405],"product_tag":[660],"class_list":["post-41747","product","type-product","status-publish","has-post-thumbnail","hentry","product_cat-succionadores","product_tag-calexotics"],"bundled_by":[],"bundle_stock_status":"instock","bundle_stock_quantity":1,"bundle_virtual":false,"bundle_layout":"","bundle_add_to_cart_form_location":"","bundle_editable_in_cart":false,"bundle_sold_individually_context":"","bundle_item_grouping":"","bundle_min_size":"","bundle_max_size":"","bundled_items":[],"yoast_head":"<!-- This site is optimized with the Yoast SEO plugin v20.6 - https:\/\/yoast.com\/wordpress\/plugins\/seo\/ -->\n<title>JESSE VIBRADOR DE VAGINA CON SUCCIONADOR - Tienda Er\u00f3tica<\/title>\n<meta name=\"robots\" content=\"noindex, follow, max-snippet:-1, max-image-preview:large, max-video-preview:-1\" \/>\n<meta property=\"og:locale\" content=\"es_ES\" \/>\n<meta property=\"og:type\" content=\"article\" \/>\n<meta property=\"og:title\" content=\"JESSE VIBRADOR DE VAGINA CON SUCCIONADOR - Tienda Er\u00f3tica\" \/>\n<meta property=\"og:description\" content=\"JESSE\u00b4S VIBRO PUSSY SUCKER es un verdadero estimulador de cl\u00edtoris multi-org\u00e1smico para mujeres, de alta tecnolog\u00eda, fabricado en gelatina de\" \/>\n<meta property=\"og:url\" content=\"https:\/\/demoweb.info\/sexshop001\/producto\/jesse-vibrador-de-vagina-con-succionador\/\" \/>\n<meta property=\"og:site_name\" content=\"Tienda Er\u00f3tica\" \/>\n<meta property=\"article:modified_time\" content=\"2022-01-22T13:35:41+00:00\" \/>\n<meta property=\"og:image\" content=\"https:\/\/demoweb.info\/sexshop001\/wp-content\/uploads\/2022\/01\/JESSE-VIBRADOR-DE-VAGINA-CON-SUCCIONADOR.jpg\" \/>\n\t<meta property=\"og:image:width\" content=\"550\" \/>\n\t<meta property=\"og:image:height\" content=\"550\" \/>\n\t<meta property=\"og:image:type\" content=\"image\/jpeg\" \/>\n<meta name=\"twitter:card\" content=\"summary_large_image\" \/>\n<meta name=\"twitter:label1\" content=\"Tiempo de lectura\" \/>\n\t<meta name=\"twitter:data1\" content=\"1 minuto\" \/>\n<script type=\"application\/ld+json\" class=\"yoast-schema-graph\">{\"@context\":\"https:\/\/schema.org\",\"@graph\":[{\"@type\":\"WebPage\",\"@id\":\"https:\/\/demoweb.info\/sexshop001\/producto\/jesse-vibrador-de-vagina-con-succionador\/\",\"url\":\"https:\/\/demoweb.info\/sexshop001\/producto\/jesse-vibrador-de-vagina-con-succionador\/\",\"name\":\"JESSE VIBRADOR DE VAGINA CON SUCCIONADOR - Tienda Er\u00f3tica\",\"isPartOf\":{\"@id\":\"https:\/\/demoweb.info\/sexshop001\/#website\"},\"datePublished\":\"2022-01-22T13:35:36+00:00\",\"dateModified\":\"2022-01-22T13:35:41+00:00\",\"breadcrumb\":{\"@id\":\"https:\/\/demoweb.info\/sexshop001\/producto\/jesse-vibrador-de-vagina-con-succionador\/#breadcrumb\"},\"inLanguage\":\"es\",\"potentialAction\":[{\"@type\":\"ReadAction\",\"target\":[\"https:\/\/demoweb.info\/sexshop001\/producto\/jesse-vibrador-de-vagina-con-succionador\/\"]}]},{\"@type\":\"BreadcrumbList\",\"@id\":\"https:\/\/demoweb.info\/sexshop001\/producto\/jesse-vibrador-de-vagina-con-succionador\/#breadcrumb\",\"itemListElement\":[{\"@type\":\"ListItem\",\"position\":1,\"name\":\"Portada\",\"item\":\"https:\/\/demoweb.info\/sexshop001\/\"},{\"@type\":\"ListItem\",\"position\":2,\"name\":\"Tienda\",\"item\":\"https:\/\/demoweb.info\/sexshop001\/tienda\/\"},{\"@type\":\"ListItem\",\"position\":3,\"name\":\"JESSE VIBRADOR DE VAGINA CON SUCCIONADOR\"}]},{\"@type\":\"WebSite\",\"@id\":\"https:\/\/demoweb.info\/sexshop001\/#website\",\"url\":\"https:\/\/demoweb.info\/sexshop001\/\",\"name\":\"Tienda Er\u00f3tica\",\"description\":\"DEMOWEB SL\",\"potentialAction\":[{\"@type\":\"SearchAction\",\"target\":{\"@type\":\"EntryPoint\",\"urlTemplate\":\"https:\/\/demoweb.info\/sexshop001\/?s={search_term_string}\"},\"query-input\":\"required name=search_term_string\"}],\"inLanguage\":\"es\"}]}<\/script>\n<!-- \/ Yoast SEO plugin. -->","yoast_head_json":{"title":"JESSE VIBRADOR DE VAGINA CON SUCCIONADOR - Tienda Er\u00f3tica","robots":{"index":"noindex","follow":"follow","max-snippet":"max-snippet:-1","max-image-preview":"max-image-preview:large","max-video-preview":"max-video-preview:-1"},"og_locale":"es_ES","og_type":"article","og_title":"JESSE VIBRADOR DE VAGINA CON SUCCIONADOR - Tienda Er\u00f3tica","og_description":"JESSE\u00b4S VIBRO PUSSY SUCKER es un verdadero estimulador de cl\u00edtoris multi-org\u00e1smico para mujeres, de alta tecnolog\u00eda, fabricado en gelatina de","og_url":"https:\/\/demoweb.info\/sexshop001\/producto\/jesse-vibrador-de-vagina-con-succionador\/","og_site_name":"Tienda Er\u00f3tica","article_modified_time":"2022-01-22T13:35:41+00:00","og_image":[{"width":550,"height":550,"url":"https:\/\/demoweb.info\/sexshop001\/wp-content\/uploads\/2022\/01\/JESSE-VIBRADOR-DE-VAGINA-CON-SUCCIONADOR.jpg","type":"image\/jpeg"}],"twitter_card":"summary_large_image","twitter_misc":{"Tiempo de lectura":"1 minuto"},"schema":{"@context":"https:\/\/schema.org","@graph":[{"@type":"WebPage","@id":"https:\/\/demoweb.info\/sexshop001\/producto\/jesse-vibrador-de-vagina-con-succionador\/","url":"https:\/\/demoweb.info\/sexshop001\/producto\/jesse-vibrador-de-vagina-con-succionador\/","name":"JESSE VIBRADOR DE VAGINA CON SUCCIONADOR - Tienda Er\u00f3tica","isPartOf":{"@id":"https:\/\/demoweb.info\/sexshop001\/#website"},"datePublished":"2022-01-22T13:35:36+00:00","dateModified":"2022-01-22T13:35:41+00:00","breadcrumb":{"@id":"https:\/\/demoweb.info\/sexshop001\/producto\/jesse-vibrador-de-vagina-con-succionador\/#breadcrumb"},"inLanguage":"es","potentialAction":[{"@type":"ReadAction","target":["https:\/\/demoweb.info\/sexshop001\/producto\/jesse-vibrador-de-vagina-con-succionador\/"]}]},{"@type":"BreadcrumbList","@id":"https:\/\/demoweb.info\/sexshop001\/producto\/jesse-vibrador-de-vagina-con-succionador\/#breadcrumb","itemListElement":[{"@type":"ListItem","position":1,"name":"Portada","item":"https:\/\/demoweb.info\/sexshop001\/"},{"@type":"ListItem","position":2,"name":"Tienda","item":"https:\/\/demoweb.info\/sexshop001\/tienda\/"},{"@type":"ListItem","position":3,"name":"JESSE VIBRADOR DE VAGINA CON SUCCIONADOR"}]},{"@type":"WebSite","@id":"https:\/\/demoweb.info\/sexshop001\/#website","url":"https:\/\/demoweb.info\/sexshop001\/","name":"Tienda Er\u00f3tica","description":"DEMOWEB SL","potentialAction":[{"@type":"SearchAction","target":{"@type":"EntryPoint","urlTemplate":"https:\/\/demoweb.info\/sexshop001\/?s={search_term_string}"},"query-input":"required name=search_term_string"}],"inLanguage":"es"}]}},"_links":{"self":[{"href":"https:\/\/demoweb.info\/sexshop001\/wp-json\/wp\/v3\/product\/41747","targetHints":{"allow":["GET"]}}],"collection":[{"href":"https:\/\/demoweb.info\/sexshop001\/wp-json\/wp\/v3\/product"}],"about":[{"href":"https:\/\/demoweb.info\/sexshop001\/wp-json\/wp\/v2\/types\/product"}],"replies":[{"embeddable":true,"href":"https:\/\/demoweb.info\/sexshop001\/wp-json\/wp\/v2\/comments?post=41747"}],"wp:featuredmedia":[{"embeddable":true,"href":"https:\/\/demoweb.info\/sexshop001\/wp-json\/wp\/v2\/media\/41748"}],"wp:attachment":[{"href":"https:\/\/demoweb.info\/sexshop001\/wp-json\/wp\/v2\/media?parent=41747"}],"wp:term":[{"taxonomy":"product_cat","embeddable":true,"href":"https:\/\/demoweb.info\/sexshop001\/wp-json\/wp\/v2\/product_cat?post=41747"},{"taxonomy":"product_tag","embeddable":true,"href":"https:\/\/demoweb.info\/sexshop001\/wp-json\/wp\/v2\/product_tag?post=41747"}],"curies":[{"name":"wp","href":"https:\/\/api.w.org\/{rel}","templated":true}]}}