{"id":41659,"date":"2022-01-22T14:34:44","date_gmt":"2022-01-22T13:34:44","guid":{"rendered":"https:\/\/demoweb.info\/sexshop001\/producto\/arnes-con-braguita-ajustable\/"},"modified":"2022-01-22T14:34:53","modified_gmt":"2022-01-22T13:34:53","slug":"arnes-con-braguita-ajustable","status":"publish","type":"product","link":"https:\/\/demoweb.info\/sexshop001\/producto\/arnes-con-braguita-ajustable\/","title":{"rendered":"ARNES CON BRAGUITA AJUSTABLE"},"content":{"rendered":"<p><strong>JELLY DONG STRAP ON<\/strong> es un fant\u00e1stico <strong>arn\u00e9s ajustable<\/strong> para mujeres con un fenomenal pene con la que podr\u00e1s llegar a tener la sensaci\u00f3n real de penetraci\u00f3n, puesto que est\u00e1 fabricado con el revolucionario material <strong>FLESHLIKE<\/strong>, que le confiere un tacto excelente.<\/p>\n<p>Tiene la forma de un vigoroso pene con todo lujo de detalles, incluyendo test\u00edculos, que bien lubricado, se abrir\u00e1 paso sin problemas, gracias a su deslizante material, ayud\u00e1ndote a alcanzar ese punto que siempre has buscado.<\/p>\n<p>Dise\u00f1ado espec\u00edficamente para mujeres que desean realizar penetraciones, sobre hombres o mujeres indistintamente.<\/p>\n<p>Incluye braguita triangular con correaje <strong>ajustable a todas las tallas<\/strong>, incluso las m\u00e1s grandes.<\/p>\n<p>Tambi\u00e9n dispone de una cremallera para facilitar la instalaci\u00f3n del pene.<\/p>\n<p><strong>El pene se puede usar por separado.<\/strong><\/p>\n<p>Ideal para penetraciones l\u00e9sbicas y bisexuales.<\/p>\n<p><strong>\u00a1Descubre un nuevo mundo de posibilidades!. <\/strong><\/p>\n<p>Medidas: 16 cm x 4 cm.<\/p>\n","protected":false},"excerpt":{"rendered":"<p>JELLY DONG STRAP ON es un fant\u00e1stico arn\u00e9s ajustable para mujeres con un fenomenal pene con la que podr\u00e1s llegar<\/p>\n","protected":false},"featured_media":41660,"comment_status":"open","ping_status":"open","template":"","meta":[],"product_cat":[480],"product_tag":[650],"class_list":["post-41659","product","type-product","status-publish","has-post-thumbnail","hentry","product_cat-con-pene","product_tag-seven-creations"],"bundled_by":[],"bundle_stock_status":"instock","bundle_stock_quantity":2,"bundle_virtual":false,"bundle_layout":"","bundle_add_to_cart_form_location":"","bundle_editable_in_cart":false,"bundle_sold_individually_context":"","bundle_item_grouping":"","bundle_min_size":"","bundle_max_size":"","bundled_items":[],"yoast_head":"<!-- This site is optimized with the Yoast SEO plugin v20.6 - https:\/\/yoast.com\/wordpress\/plugins\/seo\/ -->\n<title>ARNES CON BRAGUITA AJUSTABLE - Tienda Er\u00f3tica<\/title>\n<meta name=\"robots\" content=\"noindex, follow, max-snippet:-1, max-image-preview:large, max-video-preview:-1\" \/>\n<meta property=\"og:locale\" content=\"es_ES\" \/>\n<meta property=\"og:type\" content=\"article\" \/>\n<meta property=\"og:title\" content=\"ARNES CON BRAGUITA AJUSTABLE - Tienda Er\u00f3tica\" \/>\n<meta property=\"og:description\" content=\"JELLY DONG STRAP ON es un fant\u00e1stico arn\u00e9s ajustable para mujeres con un fenomenal pene con la que podr\u00e1s llegar\" \/>\n<meta property=\"og:url\" content=\"https:\/\/demoweb.info\/sexshop001\/producto\/arnes-con-braguita-ajustable\/\" \/>\n<meta property=\"og:site_name\" content=\"Tienda Er\u00f3tica\" \/>\n<meta property=\"article:modified_time\" content=\"2022-01-22T13:34:53+00:00\" \/>\n<meta property=\"og:image\" content=\"https:\/\/demoweb.info\/sexshop001\/wp-content\/uploads\/2022\/01\/ARNES-CON-BRAGUITA-AJUSTABLE.jpg\" \/>\n\t<meta property=\"og:image:width\" content=\"550\" \/>\n\t<meta property=\"og:image:height\" content=\"550\" \/>\n\t<meta property=\"og:image:type\" content=\"image\/jpeg\" \/>\n<meta name=\"twitter:card\" content=\"summary_large_image\" \/>\n<meta name=\"twitter:label1\" content=\"Tiempo de lectura\" \/>\n\t<meta name=\"twitter:data1\" content=\"1 minuto\" \/>\n<script type=\"application\/ld+json\" class=\"yoast-schema-graph\">{\"@context\":\"https:\/\/schema.org\",\"@graph\":[{\"@type\":\"WebPage\",\"@id\":\"https:\/\/demoweb.info\/sexshop001\/producto\/arnes-con-braguita-ajustable\/\",\"url\":\"https:\/\/demoweb.info\/sexshop001\/producto\/arnes-con-braguita-ajustable\/\",\"name\":\"ARNES CON BRAGUITA AJUSTABLE - Tienda Er\u00f3tica\",\"isPartOf\":{\"@id\":\"https:\/\/demoweb.info\/sexshop001\/#website\"},\"datePublished\":\"2022-01-22T13:34:44+00:00\",\"dateModified\":\"2022-01-22T13:34:53+00:00\",\"breadcrumb\":{\"@id\":\"https:\/\/demoweb.info\/sexshop001\/producto\/arnes-con-braguita-ajustable\/#breadcrumb\"},\"inLanguage\":\"es\",\"potentialAction\":[{\"@type\":\"ReadAction\",\"target\":[\"https:\/\/demoweb.info\/sexshop001\/producto\/arnes-con-braguita-ajustable\/\"]}]},{\"@type\":\"BreadcrumbList\",\"@id\":\"https:\/\/demoweb.info\/sexshop001\/producto\/arnes-con-braguita-ajustable\/#breadcrumb\",\"itemListElement\":[{\"@type\":\"ListItem\",\"position\":1,\"name\":\"Portada\",\"item\":\"https:\/\/demoweb.info\/sexshop001\/\"},{\"@type\":\"ListItem\",\"position\":2,\"name\":\"Tienda\",\"item\":\"https:\/\/demoweb.info\/sexshop001\/tienda\/\"},{\"@type\":\"ListItem\",\"position\":3,\"name\":\"ARNES CON BRAGUITA AJUSTABLE\"}]},{\"@type\":\"WebSite\",\"@id\":\"https:\/\/demoweb.info\/sexshop001\/#website\",\"url\":\"https:\/\/demoweb.info\/sexshop001\/\",\"name\":\"Tienda Er\u00f3tica\",\"description\":\"DEMOWEB SL\",\"potentialAction\":[{\"@type\":\"SearchAction\",\"target\":{\"@type\":\"EntryPoint\",\"urlTemplate\":\"https:\/\/demoweb.info\/sexshop001\/?s={search_term_string}\"},\"query-input\":\"required name=search_term_string\"}],\"inLanguage\":\"es\"}]}<\/script>\n<!-- \/ Yoast SEO plugin. -->","yoast_head_json":{"title":"ARNES CON BRAGUITA AJUSTABLE - Tienda Er\u00f3tica","robots":{"index":"noindex","follow":"follow","max-snippet":"max-snippet:-1","max-image-preview":"max-image-preview:large","max-video-preview":"max-video-preview:-1"},"og_locale":"es_ES","og_type":"article","og_title":"ARNES CON BRAGUITA AJUSTABLE - Tienda Er\u00f3tica","og_description":"JELLY DONG STRAP ON es un fant\u00e1stico arn\u00e9s ajustable para mujeres con un fenomenal pene con la que podr\u00e1s llegar","og_url":"https:\/\/demoweb.info\/sexshop001\/producto\/arnes-con-braguita-ajustable\/","og_site_name":"Tienda Er\u00f3tica","article_modified_time":"2022-01-22T13:34:53+00:00","og_image":[{"width":550,"height":550,"url":"https:\/\/demoweb.info\/sexshop001\/wp-content\/uploads\/2022\/01\/ARNES-CON-BRAGUITA-AJUSTABLE.jpg","type":"image\/jpeg"}],"twitter_card":"summary_large_image","twitter_misc":{"Tiempo de lectura":"1 minuto"},"schema":{"@context":"https:\/\/schema.org","@graph":[{"@type":"WebPage","@id":"https:\/\/demoweb.info\/sexshop001\/producto\/arnes-con-braguita-ajustable\/","url":"https:\/\/demoweb.info\/sexshop001\/producto\/arnes-con-braguita-ajustable\/","name":"ARNES CON BRAGUITA AJUSTABLE - Tienda Er\u00f3tica","isPartOf":{"@id":"https:\/\/demoweb.info\/sexshop001\/#website"},"datePublished":"2022-01-22T13:34:44+00:00","dateModified":"2022-01-22T13:34:53+00:00","breadcrumb":{"@id":"https:\/\/demoweb.info\/sexshop001\/producto\/arnes-con-braguita-ajustable\/#breadcrumb"},"inLanguage":"es","potentialAction":[{"@type":"ReadAction","target":["https:\/\/demoweb.info\/sexshop001\/producto\/arnes-con-braguita-ajustable\/"]}]},{"@type":"BreadcrumbList","@id":"https:\/\/demoweb.info\/sexshop001\/producto\/arnes-con-braguita-ajustable\/#breadcrumb","itemListElement":[{"@type":"ListItem","position":1,"name":"Portada","item":"https:\/\/demoweb.info\/sexshop001\/"},{"@type":"ListItem","position":2,"name":"Tienda","item":"https:\/\/demoweb.info\/sexshop001\/tienda\/"},{"@type":"ListItem","position":3,"name":"ARNES CON BRAGUITA AJUSTABLE"}]},{"@type":"WebSite","@id":"https:\/\/demoweb.info\/sexshop001\/#website","url":"https:\/\/demoweb.info\/sexshop001\/","name":"Tienda Er\u00f3tica","description":"DEMOWEB SL","potentialAction":[{"@type":"SearchAction","target":{"@type":"EntryPoint","urlTemplate":"https:\/\/demoweb.info\/sexshop001\/?s={search_term_string}"},"query-input":"required name=search_term_string"}],"inLanguage":"es"}]}},"_links":{"self":[{"href":"https:\/\/demoweb.info\/sexshop001\/wp-json\/wp\/v3\/product\/41659","targetHints":{"allow":["GET"]}}],"collection":[{"href":"https:\/\/demoweb.info\/sexshop001\/wp-json\/wp\/v3\/product"}],"about":[{"href":"https:\/\/demoweb.info\/sexshop001\/wp-json\/wp\/v2\/types\/product"}],"replies":[{"embeddable":true,"href":"https:\/\/demoweb.info\/sexshop001\/wp-json\/wp\/v2\/comments?post=41659"}],"wp:featuredmedia":[{"embeddable":true,"href":"https:\/\/demoweb.info\/sexshop001\/wp-json\/wp\/v2\/media\/41660"}],"wp:attachment":[{"href":"https:\/\/demoweb.info\/sexshop001\/wp-json\/wp\/v2\/media?parent=41659"}],"wp:term":[{"taxonomy":"product_cat","embeddable":true,"href":"https:\/\/demoweb.info\/sexshop001\/wp-json\/wp\/v2\/product_cat?post=41659"},{"taxonomy":"product_tag","embeddable":true,"href":"https:\/\/demoweb.info\/sexshop001\/wp-json\/wp\/v2\/product_tag?post=41659"}],"curies":[{"name":"wp","href":"https:\/\/api.w.org\/{rel}","templated":true}]}}