{"id":41641,"date":"2022-01-22T14:34:44","date_gmt":"2022-01-22T13:34:44","guid":{"rendered":"https:\/\/demoweb.info\/sexshop001\/producto\/bodypaint-chocolate-con-leche\/"},"modified":"2022-01-22T14:34:45","modified_gmt":"2022-01-22T13:34:45","slug":"bodypaint-chocolate-con-leche","status":"publish","type":"product","link":"https:\/\/demoweb.info\/sexshop001\/producto\/bodypaint-chocolate-con-leche\/","title":{"rendered":"BODYPAINT CHOCOLATE CON LECHE"},"content":{"rendered":"<p><strong>BODYPAINT CHOCOLATE MILK<\/strong><\/p>\n<p>El poder afrodis\u00edaco del chocolate en toda su potencia&#8230; trace, dibuje, escriba sobre el cuerpo de su pareja, descubra la desinhibici\u00f3n y el efecto excitante del m\u00e1ximo placer&#8230; y sabore\u00e9 sus locuras de amor&#8230; Moje el pincel y apl\u00edquelo sobre las partes deseadas del cuerpo de su pareja o bien vierta directamente y dibuje.<\/p>\n<p>Ense\u00f1a tu lado art\u00edstico y descubre los efectos afrodis\u00edacos de la chocolaterapia.<\/p>\n<p>Envase de 50 ml.<\/p>\n","protected":false},"excerpt":{"rendered":"<p>BODYPAINT CHOCOLATE MILK El poder afrodis\u00edaco del chocolate en toda su potencia&#8230; trace, dibuje, escriba sobre el cuerpo de su<\/p>\n","protected":false},"featured_media":41642,"comment_status":"open","ping_status":"open","template":"","meta":[],"product_cat":[877],"product_tag":[328],"class_list":["post-41641","product","type-product","status-publish","has-post-thumbnail","hentry","product_cat-pintura-corporal","product_tag-pharmquests"],"bundled_by":[],"bundle_stock_status":"instock","bundle_stock_quantity":15,"bundle_virtual":false,"bundle_layout":"","bundle_add_to_cart_form_location":"","bundle_editable_in_cart":false,"bundle_sold_individually_context":"","bundle_item_grouping":"","bundle_min_size":"","bundle_max_size":"","bundled_items":[],"yoast_head":"<!-- This site is optimized with the Yoast SEO plugin v20.6 - https:\/\/yoast.com\/wordpress\/plugins\/seo\/ -->\n<title>BODYPAINT CHOCOLATE CON LECHE - Tienda Er\u00f3tica<\/title>\n<meta name=\"robots\" content=\"noindex, follow, max-snippet:-1, max-image-preview:large, max-video-preview:-1\" \/>\n<meta property=\"og:locale\" content=\"es_ES\" \/>\n<meta property=\"og:type\" content=\"article\" \/>\n<meta property=\"og:title\" content=\"BODYPAINT CHOCOLATE CON LECHE - Tienda Er\u00f3tica\" \/>\n<meta property=\"og:description\" content=\"BODYPAINT CHOCOLATE MILK El poder afrodis\u00edaco del chocolate en toda su potencia&#8230; trace, dibuje, escriba sobre el cuerpo de su\" \/>\n<meta property=\"og:url\" content=\"https:\/\/demoweb.info\/sexshop001\/producto\/bodypaint-chocolate-con-leche\/\" \/>\n<meta property=\"og:site_name\" content=\"Tienda Er\u00f3tica\" \/>\n<meta property=\"article:modified_time\" content=\"2022-01-22T13:34:45+00:00\" \/>\n<meta property=\"og:image\" content=\"https:\/\/demoweb.info\/sexshop001\/wp-content\/uploads\/2022\/01\/BODYPAINT-CHOCOLATE-CON-LECHE.jpg\" \/>\n\t<meta property=\"og:image:width\" content=\"550\" \/>\n\t<meta property=\"og:image:height\" content=\"550\" \/>\n\t<meta property=\"og:image:type\" content=\"image\/jpeg\" \/>\n<meta name=\"twitter:card\" content=\"summary_large_image\" \/>\n<script type=\"application\/ld+json\" class=\"yoast-schema-graph\">{\"@context\":\"https:\/\/schema.org\",\"@graph\":[{\"@type\":\"WebPage\",\"@id\":\"https:\/\/demoweb.info\/sexshop001\/producto\/bodypaint-chocolate-con-leche\/\",\"url\":\"https:\/\/demoweb.info\/sexshop001\/producto\/bodypaint-chocolate-con-leche\/\",\"name\":\"BODYPAINT CHOCOLATE CON LECHE - Tienda Er\u00f3tica\",\"isPartOf\":{\"@id\":\"https:\/\/demoweb.info\/sexshop001\/#website\"},\"datePublished\":\"2022-01-22T13:34:44+00:00\",\"dateModified\":\"2022-01-22T13:34:45+00:00\",\"breadcrumb\":{\"@id\":\"https:\/\/demoweb.info\/sexshop001\/producto\/bodypaint-chocolate-con-leche\/#breadcrumb\"},\"inLanguage\":\"es\",\"potentialAction\":[{\"@type\":\"ReadAction\",\"target\":[\"https:\/\/demoweb.info\/sexshop001\/producto\/bodypaint-chocolate-con-leche\/\"]}]},{\"@type\":\"BreadcrumbList\",\"@id\":\"https:\/\/demoweb.info\/sexshop001\/producto\/bodypaint-chocolate-con-leche\/#breadcrumb\",\"itemListElement\":[{\"@type\":\"ListItem\",\"position\":1,\"name\":\"Portada\",\"item\":\"https:\/\/demoweb.info\/sexshop001\/\"},{\"@type\":\"ListItem\",\"position\":2,\"name\":\"Tienda\",\"item\":\"https:\/\/demoweb.info\/sexshop001\/tienda\/\"},{\"@type\":\"ListItem\",\"position\":3,\"name\":\"BODYPAINT CHOCOLATE CON LECHE\"}]},{\"@type\":\"WebSite\",\"@id\":\"https:\/\/demoweb.info\/sexshop001\/#website\",\"url\":\"https:\/\/demoweb.info\/sexshop001\/\",\"name\":\"Tienda Er\u00f3tica\",\"description\":\"DEMOWEB SL\",\"potentialAction\":[{\"@type\":\"SearchAction\",\"target\":{\"@type\":\"EntryPoint\",\"urlTemplate\":\"https:\/\/demoweb.info\/sexshop001\/?s={search_term_string}\"},\"query-input\":\"required name=search_term_string\"}],\"inLanguage\":\"es\"}]}<\/script>\n<!-- \/ Yoast SEO plugin. -->","yoast_head_json":{"title":"BODYPAINT CHOCOLATE CON LECHE - Tienda Er\u00f3tica","robots":{"index":"noindex","follow":"follow","max-snippet":"max-snippet:-1","max-image-preview":"max-image-preview:large","max-video-preview":"max-video-preview:-1"},"og_locale":"es_ES","og_type":"article","og_title":"BODYPAINT CHOCOLATE CON LECHE - Tienda Er\u00f3tica","og_description":"BODYPAINT CHOCOLATE MILK El poder afrodis\u00edaco del chocolate en toda su potencia&#8230; trace, dibuje, escriba sobre el cuerpo de su","og_url":"https:\/\/demoweb.info\/sexshop001\/producto\/bodypaint-chocolate-con-leche\/","og_site_name":"Tienda Er\u00f3tica","article_modified_time":"2022-01-22T13:34:45+00:00","og_image":[{"width":550,"height":550,"url":"https:\/\/demoweb.info\/sexshop001\/wp-content\/uploads\/2022\/01\/BODYPAINT-CHOCOLATE-CON-LECHE.jpg","type":"image\/jpeg"}],"twitter_card":"summary_large_image","schema":{"@context":"https:\/\/schema.org","@graph":[{"@type":"WebPage","@id":"https:\/\/demoweb.info\/sexshop001\/producto\/bodypaint-chocolate-con-leche\/","url":"https:\/\/demoweb.info\/sexshop001\/producto\/bodypaint-chocolate-con-leche\/","name":"BODYPAINT CHOCOLATE CON LECHE - Tienda Er\u00f3tica","isPartOf":{"@id":"https:\/\/demoweb.info\/sexshop001\/#website"},"datePublished":"2022-01-22T13:34:44+00:00","dateModified":"2022-01-22T13:34:45+00:00","breadcrumb":{"@id":"https:\/\/demoweb.info\/sexshop001\/producto\/bodypaint-chocolate-con-leche\/#breadcrumb"},"inLanguage":"es","potentialAction":[{"@type":"ReadAction","target":["https:\/\/demoweb.info\/sexshop001\/producto\/bodypaint-chocolate-con-leche\/"]}]},{"@type":"BreadcrumbList","@id":"https:\/\/demoweb.info\/sexshop001\/producto\/bodypaint-chocolate-con-leche\/#breadcrumb","itemListElement":[{"@type":"ListItem","position":1,"name":"Portada","item":"https:\/\/demoweb.info\/sexshop001\/"},{"@type":"ListItem","position":2,"name":"Tienda","item":"https:\/\/demoweb.info\/sexshop001\/tienda\/"},{"@type":"ListItem","position":3,"name":"BODYPAINT CHOCOLATE CON LECHE"}]},{"@type":"WebSite","@id":"https:\/\/demoweb.info\/sexshop001\/#website","url":"https:\/\/demoweb.info\/sexshop001\/","name":"Tienda Er\u00f3tica","description":"DEMOWEB SL","potentialAction":[{"@type":"SearchAction","target":{"@type":"EntryPoint","urlTemplate":"https:\/\/demoweb.info\/sexshop001\/?s={search_term_string}"},"query-input":"required name=search_term_string"}],"inLanguage":"es"}]}},"_links":{"self":[{"href":"https:\/\/demoweb.info\/sexshop001\/wp-json\/wp\/v3\/product\/41641","targetHints":{"allow":["GET"]}}],"collection":[{"href":"https:\/\/demoweb.info\/sexshop001\/wp-json\/wp\/v3\/product"}],"about":[{"href":"https:\/\/demoweb.info\/sexshop001\/wp-json\/wp\/v2\/types\/product"}],"replies":[{"embeddable":true,"href":"https:\/\/demoweb.info\/sexshop001\/wp-json\/wp\/v2\/comments?post=41641"}],"wp:featuredmedia":[{"embeddable":true,"href":"https:\/\/demoweb.info\/sexshop001\/wp-json\/wp\/v2\/media\/41642"}],"wp:attachment":[{"href":"https:\/\/demoweb.info\/sexshop001\/wp-json\/wp\/v2\/media?parent=41641"}],"wp:term":[{"taxonomy":"product_cat","embeddable":true,"href":"https:\/\/demoweb.info\/sexshop001\/wp-json\/wp\/v2\/product_cat?post=41641"},{"taxonomy":"product_tag","embeddable":true,"href":"https:\/\/demoweb.info\/sexshop001\/wp-json\/wp\/v2\/product_tag?post=41641"}],"curies":[{"name":"wp","href":"https:\/\/api.w.org\/{rel}","templated":true}]}}