{"id":41568,"date":"2022-01-22T14:33:55","date_gmt":"2022-01-22T13:33:55","guid":{"rendered":"https:\/\/demoweb.info\/sexshop001\/producto\/cuerda-shirabi-marron\/"},"modified":"2022-01-22T14:33:58","modified_gmt":"2022-01-22T13:33:58","slug":"cuerda-shirabi-marron","status":"publish","type":"product","link":"https:\/\/demoweb.info\/sexshop001\/producto\/cuerda-shirabi-marron\/","title":{"rendered":"CUERDA SHIRABI MARRON"},"content":{"rendered":"<p><strong>SHIRABI ROPE BROWN<\/strong> es una cuerda de dominaci\u00f3n, para utilizar en juegos de bondage.<\/p>\n<p>\u00bfHa estado fantaseando con juegos er\u00f3ticos de dominaci\u00f3n? \u00a1Entonces este va a ser el producto para usted! Aseg\u00faresede que su esclavo o esclava no se pueda mover mientras trata de seducir.<\/p>\n<p>Ate a su pareja en la posici\u00f3n que desee. As\u00ed tendr\u00e1 v\u00eda libre para hacer cualquier cosa que desee. Si usted es del tipo sumiso ydesea ser quien est\u00e9 atado, entonces este ser\u00e1 el regalo perfecto para su maestro o maestra.<\/p>\n<p>Longuitud: 10 metros<\/p>\n","protected":false},"excerpt":{"rendered":"<p>SHIRABI ROPE BROWN es una cuerda de dominaci\u00f3n, para utilizar en juegos de bondage. \u00bfHa estado fantaseando con juegos er\u00f3ticos<\/p>\n","protected":false},"featured_media":41569,"comment_status":"open","ping_status":"open","template":"","meta":[],"product_cat":[309],"product_tag":[307,302],"class_list":["post-41568","product","type-product","status-publish","has-post-thumbnail","hentry","product_cat-cintas-y-cuerdas","product_tag-ouch","product_tag-shots"],"bundled_by":[],"bundle_stock_status":"instock","bundle_stock_quantity":2,"bundle_virtual":false,"bundle_layout":"","bundle_add_to_cart_form_location":"","bundle_editable_in_cart":false,"bundle_sold_individually_context":"","bundle_item_grouping":"","bundle_min_size":"","bundle_max_size":"","bundled_items":[],"yoast_head":"<!-- This site is optimized with the Yoast SEO plugin v20.6 - https:\/\/yoast.com\/wordpress\/plugins\/seo\/ -->\n<title>CUERDA SHIRABI MARRON - Tienda Er\u00f3tica<\/title>\n<meta name=\"robots\" content=\"noindex, follow, max-snippet:-1, max-image-preview:large, max-video-preview:-1\" \/>\n<meta property=\"og:locale\" content=\"es_ES\" \/>\n<meta property=\"og:type\" content=\"article\" \/>\n<meta property=\"og:title\" content=\"CUERDA SHIRABI MARRON - Tienda Er\u00f3tica\" \/>\n<meta property=\"og:description\" content=\"SHIRABI ROPE BROWN es una cuerda de dominaci\u00f3n, para utilizar en juegos de bondage. \u00bfHa estado fantaseando con juegos er\u00f3ticos\" \/>\n<meta property=\"og:url\" content=\"https:\/\/demoweb.info\/sexshop001\/producto\/cuerda-shirabi-marron\/\" \/>\n<meta property=\"og:site_name\" content=\"Tienda Er\u00f3tica\" \/>\n<meta property=\"article:modified_time\" content=\"2022-01-22T13:33:58+00:00\" \/>\n<meta property=\"og:image\" content=\"https:\/\/demoweb.info\/sexshop001\/wp-content\/uploads\/2022\/01\/CUERDA-SHIRABI-MARRON.jpg\" \/>\n\t<meta property=\"og:image:width\" content=\"550\" \/>\n\t<meta property=\"og:image:height\" content=\"550\" \/>\n\t<meta property=\"og:image:type\" content=\"image\/jpeg\" \/>\n<meta name=\"twitter:card\" content=\"summary_large_image\" \/>\n<script type=\"application\/ld+json\" class=\"yoast-schema-graph\">{\"@context\":\"https:\/\/schema.org\",\"@graph\":[{\"@type\":\"WebPage\",\"@id\":\"https:\/\/demoweb.info\/sexshop001\/producto\/cuerda-shirabi-marron\/\",\"url\":\"https:\/\/demoweb.info\/sexshop001\/producto\/cuerda-shirabi-marron\/\",\"name\":\"CUERDA SHIRABI MARRON - Tienda Er\u00f3tica\",\"isPartOf\":{\"@id\":\"https:\/\/demoweb.info\/sexshop001\/#website\"},\"datePublished\":\"2022-01-22T13:33:55+00:00\",\"dateModified\":\"2022-01-22T13:33:58+00:00\",\"breadcrumb\":{\"@id\":\"https:\/\/demoweb.info\/sexshop001\/producto\/cuerda-shirabi-marron\/#breadcrumb\"},\"inLanguage\":\"es\",\"potentialAction\":[{\"@type\":\"ReadAction\",\"target\":[\"https:\/\/demoweb.info\/sexshop001\/producto\/cuerda-shirabi-marron\/\"]}]},{\"@type\":\"BreadcrumbList\",\"@id\":\"https:\/\/demoweb.info\/sexshop001\/producto\/cuerda-shirabi-marron\/#breadcrumb\",\"itemListElement\":[{\"@type\":\"ListItem\",\"position\":1,\"name\":\"Portada\",\"item\":\"https:\/\/demoweb.info\/sexshop001\/\"},{\"@type\":\"ListItem\",\"position\":2,\"name\":\"Tienda\",\"item\":\"https:\/\/demoweb.info\/sexshop001\/tienda\/\"},{\"@type\":\"ListItem\",\"position\":3,\"name\":\"CUERDA SHIRABI MARRON\"}]},{\"@type\":\"WebSite\",\"@id\":\"https:\/\/demoweb.info\/sexshop001\/#website\",\"url\":\"https:\/\/demoweb.info\/sexshop001\/\",\"name\":\"Tienda Er\u00f3tica\",\"description\":\"DEMOWEB SL\",\"potentialAction\":[{\"@type\":\"SearchAction\",\"target\":{\"@type\":\"EntryPoint\",\"urlTemplate\":\"https:\/\/demoweb.info\/sexshop001\/?s={search_term_string}\"},\"query-input\":\"required name=search_term_string\"}],\"inLanguage\":\"es\"}]}<\/script>\n<!-- \/ Yoast SEO plugin. -->","yoast_head_json":{"title":"CUERDA SHIRABI MARRON - Tienda Er\u00f3tica","robots":{"index":"noindex","follow":"follow","max-snippet":"max-snippet:-1","max-image-preview":"max-image-preview:large","max-video-preview":"max-video-preview:-1"},"og_locale":"es_ES","og_type":"article","og_title":"CUERDA SHIRABI MARRON - Tienda Er\u00f3tica","og_description":"SHIRABI ROPE BROWN es una cuerda de dominaci\u00f3n, para utilizar en juegos de bondage. \u00bfHa estado fantaseando con juegos er\u00f3ticos","og_url":"https:\/\/demoweb.info\/sexshop001\/producto\/cuerda-shirabi-marron\/","og_site_name":"Tienda Er\u00f3tica","article_modified_time":"2022-01-22T13:33:58+00:00","og_image":[{"width":550,"height":550,"url":"https:\/\/demoweb.info\/sexshop001\/wp-content\/uploads\/2022\/01\/CUERDA-SHIRABI-MARRON.jpg","type":"image\/jpeg"}],"twitter_card":"summary_large_image","schema":{"@context":"https:\/\/schema.org","@graph":[{"@type":"WebPage","@id":"https:\/\/demoweb.info\/sexshop001\/producto\/cuerda-shirabi-marron\/","url":"https:\/\/demoweb.info\/sexshop001\/producto\/cuerda-shirabi-marron\/","name":"CUERDA SHIRABI MARRON - Tienda Er\u00f3tica","isPartOf":{"@id":"https:\/\/demoweb.info\/sexshop001\/#website"},"datePublished":"2022-01-22T13:33:55+00:00","dateModified":"2022-01-22T13:33:58+00:00","breadcrumb":{"@id":"https:\/\/demoweb.info\/sexshop001\/producto\/cuerda-shirabi-marron\/#breadcrumb"},"inLanguage":"es","potentialAction":[{"@type":"ReadAction","target":["https:\/\/demoweb.info\/sexshop001\/producto\/cuerda-shirabi-marron\/"]}]},{"@type":"BreadcrumbList","@id":"https:\/\/demoweb.info\/sexshop001\/producto\/cuerda-shirabi-marron\/#breadcrumb","itemListElement":[{"@type":"ListItem","position":1,"name":"Portada","item":"https:\/\/demoweb.info\/sexshop001\/"},{"@type":"ListItem","position":2,"name":"Tienda","item":"https:\/\/demoweb.info\/sexshop001\/tienda\/"},{"@type":"ListItem","position":3,"name":"CUERDA SHIRABI MARRON"}]},{"@type":"WebSite","@id":"https:\/\/demoweb.info\/sexshop001\/#website","url":"https:\/\/demoweb.info\/sexshop001\/","name":"Tienda Er\u00f3tica","description":"DEMOWEB SL","potentialAction":[{"@type":"SearchAction","target":{"@type":"EntryPoint","urlTemplate":"https:\/\/demoweb.info\/sexshop001\/?s={search_term_string}"},"query-input":"required name=search_term_string"}],"inLanguage":"es"}]}},"_links":{"self":[{"href":"https:\/\/demoweb.info\/sexshop001\/wp-json\/wp\/v3\/product\/41568","targetHints":{"allow":["GET"]}}],"collection":[{"href":"https:\/\/demoweb.info\/sexshop001\/wp-json\/wp\/v3\/product"}],"about":[{"href":"https:\/\/demoweb.info\/sexshop001\/wp-json\/wp\/v2\/types\/product"}],"replies":[{"embeddable":true,"href":"https:\/\/demoweb.info\/sexshop001\/wp-json\/wp\/v2\/comments?post=41568"}],"wp:featuredmedia":[{"embeddable":true,"href":"https:\/\/demoweb.info\/sexshop001\/wp-json\/wp\/v2\/media\/41569"}],"wp:attachment":[{"href":"https:\/\/demoweb.info\/sexshop001\/wp-json\/wp\/v2\/media?parent=41568"}],"wp:term":[{"taxonomy":"product_cat","embeddable":true,"href":"https:\/\/demoweb.info\/sexshop001\/wp-json\/wp\/v2\/product_cat?post=41568"},{"taxonomy":"product_tag","embeddable":true,"href":"https:\/\/demoweb.info\/sexshop001\/wp-json\/wp\/v2\/product_tag?post=41568"}],"curies":[{"name":"wp","href":"https:\/\/api.w.org\/{rel}","templated":true}]}}