{"id":41500,"date":"2022-01-22T14:33:06","date_gmt":"2022-01-22T13:33:06","guid":{"rendered":"https:\/\/demoweb.info\/sexshop001\/producto\/miss-zapatos-de-lujo-betacoqueta\/"},"modified":"2022-01-22T14:33:17","modified_gmt":"2022-01-22T13:33:17","slug":"miss-zapatos-de-lujo-betacoqueta","status":"publish","type":"product","link":"https:\/\/demoweb.info\/sexshop001\/producto\/miss-zapatos-de-lujo-betacoqueta\/","title":{"rendered":"MISS ZAPATOS DE LUJO (BETACOQUETA)"},"content":{"rendered":"<p><strong>MISS ZAPATOS DE LUJO (BETACOQUETA)<\/strong><\/p>\n<p><strong>Ana Cantarero<\/strong><\/p>\n<p style=&quot;text-align:center&quot;><em>Miss Zapatos de Lujo<\/em> es la historia de un rockero sin inspiraci\u00f3n, una chica inalcanzable, un novio de anuncio, una fiesta salvaje, las peripecias de una banda de rock y&#8230; secretos inconfesables guardados bajo llave.<\/p>\n<p><strong>Si la vida fuera una novela <em>chick-lit<\/em>&#8230;<\/strong><\/p>\n<p><strong>&#8230;<\/strong>Marta Garc\u00eda, la redactora de moda, habr\u00eda ascendido en la revista femenina para la que trabaja y no tendr\u00eda que abandonar su puesto de trabajo para convertirse en la esclava de un cantante egoc\u00e9ntrico.<\/p>\n<p><strong>&#8230;<\/strong>Xavier, su novio y compa\u00f1ero de trabajo, tampoco se habr\u00eda acostado con Erica, la jefa de ambos.<\/p>\n<p><strong>&#8230;<\/strong>O al menos habr\u00eda conocido a un espectacular millonario vestido con un traje de Armani color gris marengo que le quitara las penas.<\/p>\n<p><strong>Pues bien:<\/strong> nada que ver con lo que el destino le tiene reservado.<\/p>\n<p>Tras hacer su primera entrevista en la discogr\u00e1fica Sound Music, Marta, la chica de los zapatos de lujo, colisiona con Nick Mendoza, un guap\u00edsimo# macarra. Ni corbata ni traje de dise\u00f1o ni elegancia. Tan solo una sudadera vieja, unas botas mugrientas y un mont\u00f3n de tatuajes espeluznantes.<\/p>\n<p>En el momento en que los caminos de Marta y Nick se cruzan, la vida de ambos se complica. Son dos personas opuestas, con un pasado dif\u00edcil y de mundo diferentes. Entre ellos saltan chispas; entre ellos hay tambi\u00e9n una tensi\u00f3n sexual desmedida, pero \u00bfson suficientes armas para derribar las barreras de Marta?<\/p>\n<ul>\n<li>Formato, p\u00e1ginas: TAPA BLANDA CON SOLAPA, 576<\/li>\n<li>Medidas: 150 X 230 mm<\/li>\n<\/ul>\n","protected":false},"excerpt":{"rendered":"<p>MISS ZAPATOS DE LUJO (BETACOQUETA) Ana Cantarero Miss Zapatos de Lujo es la historia de un rockero sin inspiraci\u00f3n, una<\/p>\n","protected":false},"featured_media":41501,"comment_status":"open","ping_status":"open","template":"","meta":[],"product_cat":[713],"product_tag":[415,1258],"class_list":["post-41500","product","type-product","status-publish","has-post-thumbnail","hentry","product_cat-libros-lectura","product_tag-random-house","product_tag-suma-de-letras"],"bundled_by":[],"bundle_stock_status":"instock","bundle_stock_quantity":1,"bundle_virtual":false,"bundle_layout":"","bundle_add_to_cart_form_location":"","bundle_editable_in_cart":false,"bundle_sold_individually_context":"","bundle_item_grouping":"","bundle_min_size":"","bundle_max_size":"","bundled_items":[],"yoast_head":"<!-- This site is optimized with the Yoast SEO plugin v20.6 - https:\/\/yoast.com\/wordpress\/plugins\/seo\/ -->\n<title>MISS ZAPATOS DE LUJO (BETACOQUETA) - Tienda Er\u00f3tica<\/title>\n<meta name=\"robots\" content=\"noindex, follow, max-snippet:-1, max-image-preview:large, max-video-preview:-1\" \/>\n<meta property=\"og:locale\" content=\"es_ES\" \/>\n<meta property=\"og:type\" content=\"article\" \/>\n<meta property=\"og:title\" content=\"MISS ZAPATOS DE LUJO (BETACOQUETA) - Tienda Er\u00f3tica\" \/>\n<meta property=\"og:description\" content=\"MISS ZAPATOS DE LUJO (BETACOQUETA) Ana Cantarero Miss Zapatos de Lujo es la historia de un rockero sin inspiraci\u00f3n, una\" \/>\n<meta property=\"og:url\" content=\"https:\/\/demoweb.info\/sexshop001\/producto\/miss-zapatos-de-lujo-betacoqueta\/\" \/>\n<meta property=\"og:site_name\" content=\"Tienda Er\u00f3tica\" \/>\n<meta property=\"article:modified_time\" content=\"2022-01-22T13:33:17+00:00\" \/>\n<meta property=\"og:image\" content=\"https:\/\/demoweb.info\/sexshop001\/wp-content\/uploads\/2022\/01\/MISS-ZAPATOS-DE-LUJO-BETACOQUETA.jpg\" \/>\n\t<meta property=\"og:image:width\" content=\"550\" \/>\n\t<meta property=\"og:image:height\" content=\"550\" \/>\n\t<meta property=\"og:image:type\" content=\"image\/jpeg\" \/>\n<meta name=\"twitter:card\" content=\"summary_large_image\" \/>\n<meta name=\"twitter:label1\" content=\"Tiempo de lectura\" \/>\n\t<meta name=\"twitter:data1\" content=\"1 minuto\" \/>\n<script type=\"application\/ld+json\" class=\"yoast-schema-graph\">{\"@context\":\"https:\/\/schema.org\",\"@graph\":[{\"@type\":\"WebPage\",\"@id\":\"https:\/\/demoweb.info\/sexshop001\/producto\/miss-zapatos-de-lujo-betacoqueta\/\",\"url\":\"https:\/\/demoweb.info\/sexshop001\/producto\/miss-zapatos-de-lujo-betacoqueta\/\",\"name\":\"MISS ZAPATOS DE LUJO (BETACOQUETA) - Tienda Er\u00f3tica\",\"isPartOf\":{\"@id\":\"https:\/\/demoweb.info\/sexshop001\/#website\"},\"datePublished\":\"2022-01-22T13:33:06+00:00\",\"dateModified\":\"2022-01-22T13:33:17+00:00\",\"breadcrumb\":{\"@id\":\"https:\/\/demoweb.info\/sexshop001\/producto\/miss-zapatos-de-lujo-betacoqueta\/#breadcrumb\"},\"inLanguage\":\"es\",\"potentialAction\":[{\"@type\":\"ReadAction\",\"target\":[\"https:\/\/demoweb.info\/sexshop001\/producto\/miss-zapatos-de-lujo-betacoqueta\/\"]}]},{\"@type\":\"BreadcrumbList\",\"@id\":\"https:\/\/demoweb.info\/sexshop001\/producto\/miss-zapatos-de-lujo-betacoqueta\/#breadcrumb\",\"itemListElement\":[{\"@type\":\"ListItem\",\"position\":1,\"name\":\"Portada\",\"item\":\"https:\/\/demoweb.info\/sexshop001\/\"},{\"@type\":\"ListItem\",\"position\":2,\"name\":\"Tienda\",\"item\":\"https:\/\/demoweb.info\/sexshop001\/tienda\/\"},{\"@type\":\"ListItem\",\"position\":3,\"name\":\"MISS ZAPATOS DE LUJO (BETACOQUETA)\"}]},{\"@type\":\"WebSite\",\"@id\":\"https:\/\/demoweb.info\/sexshop001\/#website\",\"url\":\"https:\/\/demoweb.info\/sexshop001\/\",\"name\":\"Tienda Er\u00f3tica\",\"description\":\"DEMOWEB SL\",\"potentialAction\":[{\"@type\":\"SearchAction\",\"target\":{\"@type\":\"EntryPoint\",\"urlTemplate\":\"https:\/\/demoweb.info\/sexshop001\/?s={search_term_string}\"},\"query-input\":\"required name=search_term_string\"}],\"inLanguage\":\"es\"}]}<\/script>\n<!-- \/ Yoast SEO plugin. -->","yoast_head_json":{"title":"MISS ZAPATOS DE LUJO (BETACOQUETA) - Tienda Er\u00f3tica","robots":{"index":"noindex","follow":"follow","max-snippet":"max-snippet:-1","max-image-preview":"max-image-preview:large","max-video-preview":"max-video-preview:-1"},"og_locale":"es_ES","og_type":"article","og_title":"MISS ZAPATOS DE LUJO (BETACOQUETA) - Tienda Er\u00f3tica","og_description":"MISS ZAPATOS DE LUJO (BETACOQUETA) Ana Cantarero Miss Zapatos de Lujo es la historia de un rockero sin inspiraci\u00f3n, una","og_url":"https:\/\/demoweb.info\/sexshop001\/producto\/miss-zapatos-de-lujo-betacoqueta\/","og_site_name":"Tienda Er\u00f3tica","article_modified_time":"2022-01-22T13:33:17+00:00","og_image":[{"width":550,"height":550,"url":"https:\/\/demoweb.info\/sexshop001\/wp-content\/uploads\/2022\/01\/MISS-ZAPATOS-DE-LUJO-BETACOQUETA.jpg","type":"image\/jpeg"}],"twitter_card":"summary_large_image","twitter_misc":{"Tiempo de lectura":"1 minuto"},"schema":{"@context":"https:\/\/schema.org","@graph":[{"@type":"WebPage","@id":"https:\/\/demoweb.info\/sexshop001\/producto\/miss-zapatos-de-lujo-betacoqueta\/","url":"https:\/\/demoweb.info\/sexshop001\/producto\/miss-zapatos-de-lujo-betacoqueta\/","name":"MISS ZAPATOS DE LUJO (BETACOQUETA) - Tienda Er\u00f3tica","isPartOf":{"@id":"https:\/\/demoweb.info\/sexshop001\/#website"},"datePublished":"2022-01-22T13:33:06+00:00","dateModified":"2022-01-22T13:33:17+00:00","breadcrumb":{"@id":"https:\/\/demoweb.info\/sexshop001\/producto\/miss-zapatos-de-lujo-betacoqueta\/#breadcrumb"},"inLanguage":"es","potentialAction":[{"@type":"ReadAction","target":["https:\/\/demoweb.info\/sexshop001\/producto\/miss-zapatos-de-lujo-betacoqueta\/"]}]},{"@type":"BreadcrumbList","@id":"https:\/\/demoweb.info\/sexshop001\/producto\/miss-zapatos-de-lujo-betacoqueta\/#breadcrumb","itemListElement":[{"@type":"ListItem","position":1,"name":"Portada","item":"https:\/\/demoweb.info\/sexshop001\/"},{"@type":"ListItem","position":2,"name":"Tienda","item":"https:\/\/demoweb.info\/sexshop001\/tienda\/"},{"@type":"ListItem","position":3,"name":"MISS ZAPATOS DE LUJO (BETACOQUETA)"}]},{"@type":"WebSite","@id":"https:\/\/demoweb.info\/sexshop001\/#website","url":"https:\/\/demoweb.info\/sexshop001\/","name":"Tienda Er\u00f3tica","description":"DEMOWEB SL","potentialAction":[{"@type":"SearchAction","target":{"@type":"EntryPoint","urlTemplate":"https:\/\/demoweb.info\/sexshop001\/?s={search_term_string}"},"query-input":"required name=search_term_string"}],"inLanguage":"es"}]}},"_links":{"self":[{"href":"https:\/\/demoweb.info\/sexshop001\/wp-json\/wp\/v3\/product\/41500","targetHints":{"allow":["GET"]}}],"collection":[{"href":"https:\/\/demoweb.info\/sexshop001\/wp-json\/wp\/v3\/product"}],"about":[{"href":"https:\/\/demoweb.info\/sexshop001\/wp-json\/wp\/v2\/types\/product"}],"replies":[{"embeddable":true,"href":"https:\/\/demoweb.info\/sexshop001\/wp-json\/wp\/v2\/comments?post=41500"}],"wp:featuredmedia":[{"embeddable":true,"href":"https:\/\/demoweb.info\/sexshop001\/wp-json\/wp\/v2\/media\/41501"}],"wp:attachment":[{"href":"https:\/\/demoweb.info\/sexshop001\/wp-json\/wp\/v2\/media?parent=41500"}],"wp:term":[{"taxonomy":"product_cat","embeddable":true,"href":"https:\/\/demoweb.info\/sexshop001\/wp-json\/wp\/v2\/product_cat?post=41500"},{"taxonomy":"product_tag","embeddable":true,"href":"https:\/\/demoweb.info\/sexshop001\/wp-json\/wp\/v2\/product_tag?post=41500"}],"curies":[{"name":"wp","href":"https:\/\/api.w.org\/{rel}","templated":true}]}}