{"id":41428,"date":"2022-01-22T14:32:23","date_gmt":"2022-01-22T13:32:23","guid":{"rendered":"https:\/\/demoweb.info\/sexshop001\/producto\/embrace-i-bolas-chinas-control-remoto-7-funciones-rosa-y-negro\/"},"modified":"2022-01-22T14:32:34","modified_gmt":"2022-01-22T13:32:34","slug":"embrace-i-bolas-chinas-control-remoto-7-funciones-rosa-y-negro","status":"publish","type":"product","link":"https:\/\/demoweb.info\/sexshop001\/producto\/embrace-i-bolas-chinas-control-remoto-7-funciones-rosa-y-negro\/","title":{"rendered":"EMBRACE I BOLAS CHINAS CONTROL REMOTO 7 FUNCIONES ROSA Y NEGRO"},"content":{"rendered":"<p><strong>EMBRACE I EXQUISIT IN WIRELESS STIMULATION 7 FUNCTIONS PINK AND BLACK<\/strong>.<\/p>\n<p>Bolas chinas vaginales con cord\u00f3n para facilitar su extracci\u00f3n y control remoto sin cables.<\/p>\n<p>Acabadas en silicona de alta calidad. Para prevenir y ejercitar los m\u00fasculos del suelo p\u00e9lvico, tan importantes para la anatom\u00eda femenina. La realizaci\u00f3n de estos ejercicios pueden ayudarte a prevenir la incontinencia.<\/p>\n<p>Vibran sus dos motores al son que le marque el control remoto entre sus 7 patrones de vibraci\u00f3n, acompa\u00f1ando a cada uno de tus movimientos, ejercitando as\u00ed la musculatura de tu suelo p\u00e9lvico. Son muy silenciosas y mantienen tu secreto.<\/p>\n<p>Son completamente inocuas para la salud e inodoras. Muy f\u00e1ciles de introducir, adapt\u00e1ndose perfectamente a las zonas m\u00e1s sensibles y recargables (incluyen cargador de corriente). 100% libre de ptalatos.<\/p>\n<p>Medidas: 10,5 x 3,5 cm. Peso: 73 gr.<\/p>\n","protected":false},"excerpt":{"rendered":"<p>EMBRACE I EXQUISIT IN WIRELESS STIMULATION 7 FUNCTIONS PINK AND BLACK. Bolas chinas vaginales con cord\u00f3n para facilitar su extracci\u00f3n<\/p>\n","protected":false},"featured_media":41429,"comment_status":"open","ping_status":"open","template":"","meta":[],"product_cat":[322],"product_tag":[1324,247],"class_list":["post-41428","product","type-product","status-publish","has-post-thumbnail","hentry","product_cat-con-mando","product_tag-caresse","product_tag-toyjoy"],"bundled_by":[],"bundle_stock_status":"instock","bundle_stock_quantity":8,"bundle_virtual":false,"bundle_layout":"","bundle_add_to_cart_form_location":"","bundle_editable_in_cart":false,"bundle_sold_individually_context":"","bundle_item_grouping":"","bundle_min_size":"","bundle_max_size":"","bundled_items":[],"yoast_head":"<!-- This site is optimized with the Yoast SEO plugin v20.6 - https:\/\/yoast.com\/wordpress\/plugins\/seo\/ -->\n<title>EMBRACE I BOLAS CHINAS CONTROL REMOTO 7 FUNCIONES ROSA Y NEGRO - Tienda Er\u00f3tica<\/title>\n<meta name=\"robots\" content=\"noindex, follow, max-snippet:-1, max-image-preview:large, max-video-preview:-1\" \/>\n<meta property=\"og:locale\" content=\"es_ES\" \/>\n<meta property=\"og:type\" content=\"article\" \/>\n<meta property=\"og:title\" content=\"EMBRACE I BOLAS CHINAS CONTROL REMOTO 7 FUNCIONES ROSA Y NEGRO - Tienda Er\u00f3tica\" \/>\n<meta property=\"og:description\" content=\"EMBRACE I EXQUISIT IN WIRELESS STIMULATION 7 FUNCTIONS PINK AND BLACK. Bolas chinas vaginales con cord\u00f3n para facilitar su extracci\u00f3n\" \/>\n<meta property=\"og:url\" content=\"https:\/\/demoweb.info\/sexshop001\/producto\/embrace-i-bolas-chinas-control-remoto-7-funciones-rosa-y-negro\/\" \/>\n<meta property=\"og:site_name\" content=\"Tienda Er\u00f3tica\" \/>\n<meta property=\"article:modified_time\" content=\"2022-01-22T13:32:34+00:00\" \/>\n<meta property=\"og:image\" content=\"https:\/\/demoweb.info\/sexshop001\/wp-content\/uploads\/2022\/01\/EMBRACE-I-BOLAS-CHINAS-CONTROL-REMOTO-7-FUNCIONES-ROSA-Y-NEGRO.jpg\" \/>\n\t<meta property=\"og:image:width\" content=\"550\" \/>\n\t<meta property=\"og:image:height\" content=\"550\" \/>\n\t<meta property=\"og:image:type\" content=\"image\/jpeg\" \/>\n<meta name=\"twitter:card\" content=\"summary_large_image\" \/>\n<meta name=\"twitter:label1\" content=\"Tiempo de lectura\" \/>\n\t<meta name=\"twitter:data1\" content=\"1 minuto\" \/>\n<script type=\"application\/ld+json\" class=\"yoast-schema-graph\">{\"@context\":\"https:\/\/schema.org\",\"@graph\":[{\"@type\":\"WebPage\",\"@id\":\"https:\/\/demoweb.info\/sexshop001\/producto\/embrace-i-bolas-chinas-control-remoto-7-funciones-rosa-y-negro\/\",\"url\":\"https:\/\/demoweb.info\/sexshop001\/producto\/embrace-i-bolas-chinas-control-remoto-7-funciones-rosa-y-negro\/\",\"name\":\"EMBRACE I BOLAS CHINAS CONTROL REMOTO 7 FUNCIONES ROSA Y NEGRO - Tienda Er\u00f3tica\",\"isPartOf\":{\"@id\":\"https:\/\/demoweb.info\/sexshop001\/#website\"},\"datePublished\":\"2022-01-22T13:32:23+00:00\",\"dateModified\":\"2022-01-22T13:32:34+00:00\",\"breadcrumb\":{\"@id\":\"https:\/\/demoweb.info\/sexshop001\/producto\/embrace-i-bolas-chinas-control-remoto-7-funciones-rosa-y-negro\/#breadcrumb\"},\"inLanguage\":\"es\",\"potentialAction\":[{\"@type\":\"ReadAction\",\"target\":[\"https:\/\/demoweb.info\/sexshop001\/producto\/embrace-i-bolas-chinas-control-remoto-7-funciones-rosa-y-negro\/\"]}]},{\"@type\":\"BreadcrumbList\",\"@id\":\"https:\/\/demoweb.info\/sexshop001\/producto\/embrace-i-bolas-chinas-control-remoto-7-funciones-rosa-y-negro\/#breadcrumb\",\"itemListElement\":[{\"@type\":\"ListItem\",\"position\":1,\"name\":\"Portada\",\"item\":\"https:\/\/demoweb.info\/sexshop001\/\"},{\"@type\":\"ListItem\",\"position\":2,\"name\":\"Tienda\",\"item\":\"https:\/\/demoweb.info\/sexshop001\/tienda\/\"},{\"@type\":\"ListItem\",\"position\":3,\"name\":\"EMBRACE I BOLAS CHINAS CONTROL REMOTO 7 FUNCIONES ROSA Y NEGRO\"}]},{\"@type\":\"WebSite\",\"@id\":\"https:\/\/demoweb.info\/sexshop001\/#website\",\"url\":\"https:\/\/demoweb.info\/sexshop001\/\",\"name\":\"Tienda Er\u00f3tica\",\"description\":\"DEMOWEB SL\",\"potentialAction\":[{\"@type\":\"SearchAction\",\"target\":{\"@type\":\"EntryPoint\",\"urlTemplate\":\"https:\/\/demoweb.info\/sexshop001\/?s={search_term_string}\"},\"query-input\":\"required name=search_term_string\"}],\"inLanguage\":\"es\"}]}<\/script>\n<!-- \/ Yoast SEO plugin. -->","yoast_head_json":{"title":"EMBRACE I BOLAS CHINAS CONTROL REMOTO 7 FUNCIONES ROSA Y NEGRO - Tienda Er\u00f3tica","robots":{"index":"noindex","follow":"follow","max-snippet":"max-snippet:-1","max-image-preview":"max-image-preview:large","max-video-preview":"max-video-preview:-1"},"og_locale":"es_ES","og_type":"article","og_title":"EMBRACE I BOLAS CHINAS CONTROL REMOTO 7 FUNCIONES ROSA Y NEGRO - Tienda Er\u00f3tica","og_description":"EMBRACE I EXQUISIT IN WIRELESS STIMULATION 7 FUNCTIONS PINK AND BLACK. Bolas chinas vaginales con cord\u00f3n para facilitar su extracci\u00f3n","og_url":"https:\/\/demoweb.info\/sexshop001\/producto\/embrace-i-bolas-chinas-control-remoto-7-funciones-rosa-y-negro\/","og_site_name":"Tienda Er\u00f3tica","article_modified_time":"2022-01-22T13:32:34+00:00","og_image":[{"width":550,"height":550,"url":"https:\/\/demoweb.info\/sexshop001\/wp-content\/uploads\/2022\/01\/EMBRACE-I-BOLAS-CHINAS-CONTROL-REMOTO-7-FUNCIONES-ROSA-Y-NEGRO.jpg","type":"image\/jpeg"}],"twitter_card":"summary_large_image","twitter_misc":{"Tiempo de lectura":"1 minuto"},"schema":{"@context":"https:\/\/schema.org","@graph":[{"@type":"WebPage","@id":"https:\/\/demoweb.info\/sexshop001\/producto\/embrace-i-bolas-chinas-control-remoto-7-funciones-rosa-y-negro\/","url":"https:\/\/demoweb.info\/sexshop001\/producto\/embrace-i-bolas-chinas-control-remoto-7-funciones-rosa-y-negro\/","name":"EMBRACE I BOLAS CHINAS CONTROL REMOTO 7 FUNCIONES ROSA Y NEGRO - Tienda Er\u00f3tica","isPartOf":{"@id":"https:\/\/demoweb.info\/sexshop001\/#website"},"datePublished":"2022-01-22T13:32:23+00:00","dateModified":"2022-01-22T13:32:34+00:00","breadcrumb":{"@id":"https:\/\/demoweb.info\/sexshop001\/producto\/embrace-i-bolas-chinas-control-remoto-7-funciones-rosa-y-negro\/#breadcrumb"},"inLanguage":"es","potentialAction":[{"@type":"ReadAction","target":["https:\/\/demoweb.info\/sexshop001\/producto\/embrace-i-bolas-chinas-control-remoto-7-funciones-rosa-y-negro\/"]}]},{"@type":"BreadcrumbList","@id":"https:\/\/demoweb.info\/sexshop001\/producto\/embrace-i-bolas-chinas-control-remoto-7-funciones-rosa-y-negro\/#breadcrumb","itemListElement":[{"@type":"ListItem","position":1,"name":"Portada","item":"https:\/\/demoweb.info\/sexshop001\/"},{"@type":"ListItem","position":2,"name":"Tienda","item":"https:\/\/demoweb.info\/sexshop001\/tienda\/"},{"@type":"ListItem","position":3,"name":"EMBRACE I BOLAS CHINAS CONTROL REMOTO 7 FUNCIONES ROSA Y NEGRO"}]},{"@type":"WebSite","@id":"https:\/\/demoweb.info\/sexshop001\/#website","url":"https:\/\/demoweb.info\/sexshop001\/","name":"Tienda Er\u00f3tica","description":"DEMOWEB SL","potentialAction":[{"@type":"SearchAction","target":{"@type":"EntryPoint","urlTemplate":"https:\/\/demoweb.info\/sexshop001\/?s={search_term_string}"},"query-input":"required name=search_term_string"}],"inLanguage":"es"}]}},"_links":{"self":[{"href":"https:\/\/demoweb.info\/sexshop001\/wp-json\/wp\/v3\/product\/41428","targetHints":{"allow":["GET"]}}],"collection":[{"href":"https:\/\/demoweb.info\/sexshop001\/wp-json\/wp\/v3\/product"}],"about":[{"href":"https:\/\/demoweb.info\/sexshop001\/wp-json\/wp\/v2\/types\/product"}],"replies":[{"embeddable":true,"href":"https:\/\/demoweb.info\/sexshop001\/wp-json\/wp\/v2\/comments?post=41428"}],"wp:featuredmedia":[{"embeddable":true,"href":"https:\/\/demoweb.info\/sexshop001\/wp-json\/wp\/v2\/media\/41429"}],"wp:attachment":[{"href":"https:\/\/demoweb.info\/sexshop001\/wp-json\/wp\/v2\/media?parent=41428"}],"wp:term":[{"taxonomy":"product_cat","embeddable":true,"href":"https:\/\/demoweb.info\/sexshop001\/wp-json\/wp\/v2\/product_cat?post=41428"},{"taxonomy":"product_tag","embeddable":true,"href":"https:\/\/demoweb.info\/sexshop001\/wp-json\/wp\/v2\/product_tag?post=41428"}],"curies":[{"name":"wp","href":"https:\/\/api.w.org\/{rel}","templated":true}]}}