{"id":41416,"date":"2022-01-22T14:32:23","date_gmt":"2022-01-22T13:32:23","guid":{"rendered":"https:\/\/demoweb.info\/sexshop001\/producto\/luna-ii-vibrador-7-funciones-lila\/"},"modified":"2022-01-22T14:32:28","modified_gmt":"2022-01-22T13:32:28","slug":"luna-ii-vibrador-7-funciones-lila","status":"publish","type":"product","link":"https:\/\/demoweb.info\/sexshop001\/producto\/luna-ii-vibrador-7-funciones-lila\/","title":{"rendered":"LUNA II VIBRADOR 7 FUNCIONES LILA"},"content":{"rendered":"<p><strong>LUNA II THE FLEXIBLE G-VOLUTION VIBE PURPLE<\/strong>.<\/p>\n<p>Elegante vibrador de color lila de calidad inigualable que puede ofrecer una estimulaci\u00f3n altamente irresistible con sus 7 patrones de vibraci\u00f3n y su cuerpo flexible alcanzar\u00e1 tus puntos de placer. Te dar\u00e1 sin duda un paseo inolvidable, al mismo tiempo que se introduce dentro de ti, haci\u00e9ndote sentir a\u00fan m\u00e1s profundamente sus vibraciones, masajeando tu interior. Fabricado 100% en silicona ABS\/TPR, respetar\u00e1 tu cuerpo y tu piel. Funciona con dos pilas <strong>AAA<\/strong> que no van incluidas.<\/p>\n<p>Medidas: 13,5 cm x 3,5 cm.<\/p>\n","protected":false},"excerpt":{"rendered":"<p>LUNA II THE FLEXIBLE G-VOLUTION VIBE PURPLE. Elegante vibrador de color lila de calidad inigualable que puede ofrecer una estimulaci\u00f3n<\/p>\n","protected":false},"featured_media":41417,"comment_status":"open","ping_status":"open","template":"","meta":[],"product_cat":[639],"product_tag":[1324,247],"class_list":["post-41416","product","type-product","status-publish","has-post-thumbnail","hentry","product_cat-punto-g","product_tag-caresse","product_tag-toyjoy"],"bundled_by":[],"bundle_stock_status":"instock","bundle_stock_quantity":2,"bundle_virtual":false,"bundle_layout":"","bundle_add_to_cart_form_location":"","bundle_editable_in_cart":false,"bundle_sold_individually_context":"","bundle_item_grouping":"","bundle_min_size":"","bundle_max_size":"","bundled_items":[],"yoast_head":"<!-- This site is optimized with the Yoast SEO plugin v20.6 - https:\/\/yoast.com\/wordpress\/plugins\/seo\/ -->\n<title>LUNA II VIBRADOR 7 FUNCIONES LILA - Tienda Er\u00f3tica<\/title>\n<meta name=\"robots\" content=\"noindex, follow, max-snippet:-1, max-image-preview:large, max-video-preview:-1\" \/>\n<meta property=\"og:locale\" content=\"es_ES\" \/>\n<meta property=\"og:type\" content=\"article\" \/>\n<meta property=\"og:title\" content=\"LUNA II VIBRADOR 7 FUNCIONES LILA - Tienda Er\u00f3tica\" \/>\n<meta property=\"og:description\" content=\"LUNA II THE FLEXIBLE G-VOLUTION VIBE PURPLE. Elegante vibrador de color lila de calidad inigualable que puede ofrecer una estimulaci\u00f3n\" \/>\n<meta property=\"og:url\" content=\"https:\/\/demoweb.info\/sexshop001\/producto\/luna-ii-vibrador-7-funciones-lila\/\" \/>\n<meta property=\"og:site_name\" content=\"Tienda Er\u00f3tica\" \/>\n<meta property=\"article:modified_time\" content=\"2022-01-22T13:32:28+00:00\" \/>\n<meta property=\"og:image\" content=\"https:\/\/demoweb.info\/sexshop001\/wp-content\/uploads\/2022\/01\/LUNA-II-VIBRADOR-7-FUNCIONES-LILA.jpg\" \/>\n\t<meta property=\"og:image:width\" content=\"550\" \/>\n\t<meta property=\"og:image:height\" content=\"550\" \/>\n\t<meta property=\"og:image:type\" content=\"image\/jpeg\" \/>\n<meta name=\"twitter:card\" content=\"summary_large_image\" \/>\n<script type=\"application\/ld+json\" class=\"yoast-schema-graph\">{\"@context\":\"https:\/\/schema.org\",\"@graph\":[{\"@type\":\"WebPage\",\"@id\":\"https:\/\/demoweb.info\/sexshop001\/producto\/luna-ii-vibrador-7-funciones-lila\/\",\"url\":\"https:\/\/demoweb.info\/sexshop001\/producto\/luna-ii-vibrador-7-funciones-lila\/\",\"name\":\"LUNA II VIBRADOR 7 FUNCIONES LILA - Tienda Er\u00f3tica\",\"isPartOf\":{\"@id\":\"https:\/\/demoweb.info\/sexshop001\/#website\"},\"datePublished\":\"2022-01-22T13:32:23+00:00\",\"dateModified\":\"2022-01-22T13:32:28+00:00\",\"breadcrumb\":{\"@id\":\"https:\/\/demoweb.info\/sexshop001\/producto\/luna-ii-vibrador-7-funciones-lila\/#breadcrumb\"},\"inLanguage\":\"es\",\"potentialAction\":[{\"@type\":\"ReadAction\",\"target\":[\"https:\/\/demoweb.info\/sexshop001\/producto\/luna-ii-vibrador-7-funciones-lila\/\"]}]},{\"@type\":\"BreadcrumbList\",\"@id\":\"https:\/\/demoweb.info\/sexshop001\/producto\/luna-ii-vibrador-7-funciones-lila\/#breadcrumb\",\"itemListElement\":[{\"@type\":\"ListItem\",\"position\":1,\"name\":\"Portada\",\"item\":\"https:\/\/demoweb.info\/sexshop001\/\"},{\"@type\":\"ListItem\",\"position\":2,\"name\":\"Tienda\",\"item\":\"https:\/\/demoweb.info\/sexshop001\/tienda\/\"},{\"@type\":\"ListItem\",\"position\":3,\"name\":\"LUNA II VIBRADOR 7 FUNCIONES LILA\"}]},{\"@type\":\"WebSite\",\"@id\":\"https:\/\/demoweb.info\/sexshop001\/#website\",\"url\":\"https:\/\/demoweb.info\/sexshop001\/\",\"name\":\"Tienda Er\u00f3tica\",\"description\":\"DEMOWEB SL\",\"potentialAction\":[{\"@type\":\"SearchAction\",\"target\":{\"@type\":\"EntryPoint\",\"urlTemplate\":\"https:\/\/demoweb.info\/sexshop001\/?s={search_term_string}\"},\"query-input\":\"required name=search_term_string\"}],\"inLanguage\":\"es\"}]}<\/script>\n<!-- \/ Yoast SEO plugin. -->","yoast_head_json":{"title":"LUNA II VIBRADOR 7 FUNCIONES LILA - Tienda Er\u00f3tica","robots":{"index":"noindex","follow":"follow","max-snippet":"max-snippet:-1","max-image-preview":"max-image-preview:large","max-video-preview":"max-video-preview:-1"},"og_locale":"es_ES","og_type":"article","og_title":"LUNA II VIBRADOR 7 FUNCIONES LILA - Tienda Er\u00f3tica","og_description":"LUNA II THE FLEXIBLE G-VOLUTION VIBE PURPLE. Elegante vibrador de color lila de calidad inigualable que puede ofrecer una estimulaci\u00f3n","og_url":"https:\/\/demoweb.info\/sexshop001\/producto\/luna-ii-vibrador-7-funciones-lila\/","og_site_name":"Tienda Er\u00f3tica","article_modified_time":"2022-01-22T13:32:28+00:00","og_image":[{"width":550,"height":550,"url":"https:\/\/demoweb.info\/sexshop001\/wp-content\/uploads\/2022\/01\/LUNA-II-VIBRADOR-7-FUNCIONES-LILA.jpg","type":"image\/jpeg"}],"twitter_card":"summary_large_image","schema":{"@context":"https:\/\/schema.org","@graph":[{"@type":"WebPage","@id":"https:\/\/demoweb.info\/sexshop001\/producto\/luna-ii-vibrador-7-funciones-lila\/","url":"https:\/\/demoweb.info\/sexshop001\/producto\/luna-ii-vibrador-7-funciones-lila\/","name":"LUNA II VIBRADOR 7 FUNCIONES LILA - Tienda Er\u00f3tica","isPartOf":{"@id":"https:\/\/demoweb.info\/sexshop001\/#website"},"datePublished":"2022-01-22T13:32:23+00:00","dateModified":"2022-01-22T13:32:28+00:00","breadcrumb":{"@id":"https:\/\/demoweb.info\/sexshop001\/producto\/luna-ii-vibrador-7-funciones-lila\/#breadcrumb"},"inLanguage":"es","potentialAction":[{"@type":"ReadAction","target":["https:\/\/demoweb.info\/sexshop001\/producto\/luna-ii-vibrador-7-funciones-lila\/"]}]},{"@type":"BreadcrumbList","@id":"https:\/\/demoweb.info\/sexshop001\/producto\/luna-ii-vibrador-7-funciones-lila\/#breadcrumb","itemListElement":[{"@type":"ListItem","position":1,"name":"Portada","item":"https:\/\/demoweb.info\/sexshop001\/"},{"@type":"ListItem","position":2,"name":"Tienda","item":"https:\/\/demoweb.info\/sexshop001\/tienda\/"},{"@type":"ListItem","position":3,"name":"LUNA II VIBRADOR 7 FUNCIONES LILA"}]},{"@type":"WebSite","@id":"https:\/\/demoweb.info\/sexshop001\/#website","url":"https:\/\/demoweb.info\/sexshop001\/","name":"Tienda Er\u00f3tica","description":"DEMOWEB SL","potentialAction":[{"@type":"SearchAction","target":{"@type":"EntryPoint","urlTemplate":"https:\/\/demoweb.info\/sexshop001\/?s={search_term_string}"},"query-input":"required name=search_term_string"}],"inLanguage":"es"}]}},"_links":{"self":[{"href":"https:\/\/demoweb.info\/sexshop001\/wp-json\/wp\/v3\/product\/41416","targetHints":{"allow":["GET"]}}],"collection":[{"href":"https:\/\/demoweb.info\/sexshop001\/wp-json\/wp\/v3\/product"}],"about":[{"href":"https:\/\/demoweb.info\/sexshop001\/wp-json\/wp\/v2\/types\/product"}],"replies":[{"embeddable":true,"href":"https:\/\/demoweb.info\/sexshop001\/wp-json\/wp\/v2\/comments?post=41416"}],"wp:featuredmedia":[{"embeddable":true,"href":"https:\/\/demoweb.info\/sexshop001\/wp-json\/wp\/v2\/media\/41417"}],"wp:attachment":[{"href":"https:\/\/demoweb.info\/sexshop001\/wp-json\/wp\/v2\/media?parent=41416"}],"wp:term":[{"taxonomy":"product_cat","embeddable":true,"href":"https:\/\/demoweb.info\/sexshop001\/wp-json\/wp\/v2\/product_cat?post=41416"},{"taxonomy":"product_tag","embeddable":true,"href":"https:\/\/demoweb.info\/sexshop001\/wp-json\/wp\/v2\/product_tag?post=41416"}],"curies":[{"name":"wp","href":"https:\/\/api.w.org\/{rel}","templated":true}]}}