{"id":41413,"date":"2022-01-22T14:32:23","date_gmt":"2022-01-22T13:32:23","guid":{"rendered":"https:\/\/demoweb.info\/sexshop001\/producto\/joyballs-bola-individual-negro\/"},"modified":"2022-01-22T14:32:26","modified_gmt":"2022-01-22T13:32:26","slug":"joyballs-bola-individual-negro","status":"publish","type":"product","link":"https:\/\/demoweb.info\/sexshop001\/producto\/joyballs-bola-individual-negro\/","title":{"rendered":"JOYBALLS BOLA INDIVIDUAL NEGRO"},"content":{"rendered":"<p><strong>JOYBALLS SECRET SINGLE BLACK<\/strong><\/p>\n<p>La mejor Joyballs sin cuerdas secretas. La m\u00e1s discreta bola amor,no s\u00f3lo cuentan con un dise\u00f1o excepcionalmente atractivo, tambi\u00e9n son muy eficaces!<\/p>\n<p>Fortalecen los m\u00fasculos de la vagina de una manera especial, y son muy f\u00e1ciles de insertar. Esto hace que los <strong>Joyballs<\/strong> secretas f\u00e1cil de quitar. Puede usar su peque\u00f1o secreto en todas partes, incluso a la piscina, por ejemplo. El material<strong> Silikomed\u00ae<\/strong> de alta calidad es 100% resistente al agua y de este modo espec\u00edfico para la lavadora. Junto con su pareja, usted puede escalar las alturas de placer durante el acto sexual.<\/p>\n<p>Joyballs deben utilizarse en conjunci\u00f3n con un<strong> lubricante a base de agua<\/strong>, tales como AQUAglide o BIOglide.<\/p>\n<p>Di\u00e1metro: 3,7 cm. Longitud 6,0 cm. Peso 45 g.<\/p>\n","protected":false},"excerpt":{"rendered":"<p>JOYBALLS SECRET SINGLE BLACK La mejor Joyballs sin cuerdas secretas. La m\u00e1s discreta bola amor,no s\u00f3lo cuentan con un dise\u00f1o<\/p>\n","protected":false},"featured_media":41414,"comment_status":"open","ping_status":"open","template":"","meta":[],"product_cat":[320],"product_tag":[726,725],"class_list":["post-41413","product","type-product","status-publish","has-post-thumbnail","hentry","product_cat-silicona-bolas-y-huevos","product_tag-joyballs","product_tag-joydivision"],"bundled_by":[],"bundle_stock_status":"instock","bundle_stock_quantity":7,"bundle_virtual":false,"bundle_layout":"","bundle_add_to_cart_form_location":"","bundle_editable_in_cart":false,"bundle_sold_individually_context":"","bundle_item_grouping":"","bundle_min_size":"","bundle_max_size":"","bundled_items":[],"yoast_head":"<!-- This site is optimized with the Yoast SEO plugin v20.6 - https:\/\/yoast.com\/wordpress\/plugins\/seo\/ -->\n<title>JOYBALLS BOLA INDIVIDUAL NEGRO - Tienda Er\u00f3tica<\/title>\n<meta name=\"robots\" content=\"noindex, follow, max-snippet:-1, max-image-preview:large, max-video-preview:-1\" \/>\n<meta property=\"og:locale\" content=\"es_ES\" \/>\n<meta property=\"og:type\" content=\"article\" \/>\n<meta property=\"og:title\" content=\"JOYBALLS BOLA INDIVIDUAL NEGRO - Tienda Er\u00f3tica\" \/>\n<meta property=\"og:description\" content=\"JOYBALLS SECRET SINGLE BLACK La mejor Joyballs sin cuerdas secretas. La m\u00e1s discreta bola amor,no s\u00f3lo cuentan con un dise\u00f1o\" \/>\n<meta property=\"og:url\" content=\"https:\/\/demoweb.info\/sexshop001\/producto\/joyballs-bola-individual-negro\/\" \/>\n<meta property=\"og:site_name\" content=\"Tienda Er\u00f3tica\" \/>\n<meta property=\"article:modified_time\" content=\"2022-01-22T13:32:26+00:00\" \/>\n<meta property=\"og:image\" content=\"https:\/\/demoweb.info\/sexshop001\/wp-content\/uploads\/2022\/01\/JOYBALLS-BOLA-INDIVIDUAL-NEGRO.jpg\" \/>\n\t<meta property=\"og:image:width\" content=\"550\" \/>\n\t<meta property=\"og:image:height\" content=\"550\" \/>\n\t<meta property=\"og:image:type\" content=\"image\/jpeg\" \/>\n<meta name=\"twitter:card\" content=\"summary_large_image\" \/>\n<meta name=\"twitter:label1\" content=\"Tiempo de lectura\" \/>\n\t<meta name=\"twitter:data1\" content=\"1 minuto\" \/>\n<script type=\"application\/ld+json\" class=\"yoast-schema-graph\">{\"@context\":\"https:\/\/schema.org\",\"@graph\":[{\"@type\":\"WebPage\",\"@id\":\"https:\/\/demoweb.info\/sexshop001\/producto\/joyballs-bola-individual-negro\/\",\"url\":\"https:\/\/demoweb.info\/sexshop001\/producto\/joyballs-bola-individual-negro\/\",\"name\":\"JOYBALLS BOLA INDIVIDUAL NEGRO - Tienda Er\u00f3tica\",\"isPartOf\":{\"@id\":\"https:\/\/demoweb.info\/sexshop001\/#website\"},\"datePublished\":\"2022-01-22T13:32:23+00:00\",\"dateModified\":\"2022-01-22T13:32:26+00:00\",\"breadcrumb\":{\"@id\":\"https:\/\/demoweb.info\/sexshop001\/producto\/joyballs-bola-individual-negro\/#breadcrumb\"},\"inLanguage\":\"es\",\"potentialAction\":[{\"@type\":\"ReadAction\",\"target\":[\"https:\/\/demoweb.info\/sexshop001\/producto\/joyballs-bola-individual-negro\/\"]}]},{\"@type\":\"BreadcrumbList\",\"@id\":\"https:\/\/demoweb.info\/sexshop001\/producto\/joyballs-bola-individual-negro\/#breadcrumb\",\"itemListElement\":[{\"@type\":\"ListItem\",\"position\":1,\"name\":\"Portada\",\"item\":\"https:\/\/demoweb.info\/sexshop001\/\"},{\"@type\":\"ListItem\",\"position\":2,\"name\":\"Tienda\",\"item\":\"https:\/\/demoweb.info\/sexshop001\/tienda\/\"},{\"@type\":\"ListItem\",\"position\":3,\"name\":\"JOYBALLS BOLA INDIVIDUAL NEGRO\"}]},{\"@type\":\"WebSite\",\"@id\":\"https:\/\/demoweb.info\/sexshop001\/#website\",\"url\":\"https:\/\/demoweb.info\/sexshop001\/\",\"name\":\"Tienda Er\u00f3tica\",\"description\":\"DEMOWEB SL\",\"potentialAction\":[{\"@type\":\"SearchAction\",\"target\":{\"@type\":\"EntryPoint\",\"urlTemplate\":\"https:\/\/demoweb.info\/sexshop001\/?s={search_term_string}\"},\"query-input\":\"required name=search_term_string\"}],\"inLanguage\":\"es\"}]}<\/script>\n<!-- \/ Yoast SEO plugin. -->","yoast_head_json":{"title":"JOYBALLS BOLA INDIVIDUAL NEGRO - Tienda Er\u00f3tica","robots":{"index":"noindex","follow":"follow","max-snippet":"max-snippet:-1","max-image-preview":"max-image-preview:large","max-video-preview":"max-video-preview:-1"},"og_locale":"es_ES","og_type":"article","og_title":"JOYBALLS BOLA INDIVIDUAL NEGRO - Tienda Er\u00f3tica","og_description":"JOYBALLS SECRET SINGLE BLACK La mejor Joyballs sin cuerdas secretas. La m\u00e1s discreta bola amor,no s\u00f3lo cuentan con un dise\u00f1o","og_url":"https:\/\/demoweb.info\/sexshop001\/producto\/joyballs-bola-individual-negro\/","og_site_name":"Tienda Er\u00f3tica","article_modified_time":"2022-01-22T13:32:26+00:00","og_image":[{"width":550,"height":550,"url":"https:\/\/demoweb.info\/sexshop001\/wp-content\/uploads\/2022\/01\/JOYBALLS-BOLA-INDIVIDUAL-NEGRO.jpg","type":"image\/jpeg"}],"twitter_card":"summary_large_image","twitter_misc":{"Tiempo de lectura":"1 minuto"},"schema":{"@context":"https:\/\/schema.org","@graph":[{"@type":"WebPage","@id":"https:\/\/demoweb.info\/sexshop001\/producto\/joyballs-bola-individual-negro\/","url":"https:\/\/demoweb.info\/sexshop001\/producto\/joyballs-bola-individual-negro\/","name":"JOYBALLS BOLA INDIVIDUAL NEGRO - Tienda Er\u00f3tica","isPartOf":{"@id":"https:\/\/demoweb.info\/sexshop001\/#website"},"datePublished":"2022-01-22T13:32:23+00:00","dateModified":"2022-01-22T13:32:26+00:00","breadcrumb":{"@id":"https:\/\/demoweb.info\/sexshop001\/producto\/joyballs-bola-individual-negro\/#breadcrumb"},"inLanguage":"es","potentialAction":[{"@type":"ReadAction","target":["https:\/\/demoweb.info\/sexshop001\/producto\/joyballs-bola-individual-negro\/"]}]},{"@type":"BreadcrumbList","@id":"https:\/\/demoweb.info\/sexshop001\/producto\/joyballs-bola-individual-negro\/#breadcrumb","itemListElement":[{"@type":"ListItem","position":1,"name":"Portada","item":"https:\/\/demoweb.info\/sexshop001\/"},{"@type":"ListItem","position":2,"name":"Tienda","item":"https:\/\/demoweb.info\/sexshop001\/tienda\/"},{"@type":"ListItem","position":3,"name":"JOYBALLS BOLA INDIVIDUAL NEGRO"}]},{"@type":"WebSite","@id":"https:\/\/demoweb.info\/sexshop001\/#website","url":"https:\/\/demoweb.info\/sexshop001\/","name":"Tienda Er\u00f3tica","description":"DEMOWEB SL","potentialAction":[{"@type":"SearchAction","target":{"@type":"EntryPoint","urlTemplate":"https:\/\/demoweb.info\/sexshop001\/?s={search_term_string}"},"query-input":"required name=search_term_string"}],"inLanguage":"es"}]}},"_links":{"self":[{"href":"https:\/\/demoweb.info\/sexshop001\/wp-json\/wp\/v3\/product\/41413","targetHints":{"allow":["GET"]}}],"collection":[{"href":"https:\/\/demoweb.info\/sexshop001\/wp-json\/wp\/v3\/product"}],"about":[{"href":"https:\/\/demoweb.info\/sexshop001\/wp-json\/wp\/v2\/types\/product"}],"replies":[{"embeddable":true,"href":"https:\/\/demoweb.info\/sexshop001\/wp-json\/wp\/v2\/comments?post=41413"}],"wp:featuredmedia":[{"embeddable":true,"href":"https:\/\/demoweb.info\/sexshop001\/wp-json\/wp\/v2\/media\/41414"}],"wp:attachment":[{"href":"https:\/\/demoweb.info\/sexshop001\/wp-json\/wp\/v2\/media?parent=41413"}],"wp:term":[{"taxonomy":"product_cat","embeddable":true,"href":"https:\/\/demoweb.info\/sexshop001\/wp-json\/wp\/v2\/product_cat?post=41413"},{"taxonomy":"product_tag","embeddable":true,"href":"https:\/\/demoweb.info\/sexshop001\/wp-json\/wp\/v2\/product_tag?post=41413"}],"curies":[{"name":"wp","href":"https:\/\/api.w.org\/{rel}","templated":true}]}}