{"id":41353,"date":"2022-01-22T14:31:49","date_gmt":"2022-01-22T13:31:49","guid":{"rendered":"https:\/\/demoweb.info\/sexshop001\/producto\/manpower-plug-con-anillo-para-el-pene-gris\/"},"modified":"2022-01-22T14:31:51","modified_gmt":"2022-01-22T13:31:51","slug":"manpower-plug-con-anillo-para-el-pene-gris","status":"publish","type":"product","link":"https:\/\/demoweb.info\/sexshop001\/producto\/manpower-plug-con-anillo-para-el-pene-gris\/","title":{"rendered":"MANPOWER PLUG CON ANILLO PARA EL PENE GRIS"},"content":{"rendered":"<p><strong>MANPOWER PLUG &#038; PENISRING SMOKE<\/strong><\/p>\n<p>El <strong>Plug and penisring<\/strong> es un novedoso plug anal que est\u00e1 h\u00e1bilmente curvado para alcanzar el punto correcto en todo momento. El plug formado por dos circunferencias, fabricado con material TPE, no poroso tiene un \u00e1ngulo id\u00f3neo para masajear suavemente tu pr\u00f3stata, mientras que por la parte te permite mantener tu pene erecto con el anillo.<\/p>\n<p>-Hecho de TPR es seguro para tu cuerpo.<br \/>\n&#8211; Utilizar con un lubircante.<br \/>\n-Se recomienda limpiar con agua tibia.<\/p>\n<p>Longitud insertable: 9 cm. Di\u00e1metro m\u00e1ximo: 4 cm.<\/p>\n","protected":false},"excerpt":{"rendered":"<p>MANPOWER PLUG &#038; PENISRING SMOKE El Plug and penisring es un novedoso plug anal que est\u00e1 h\u00e1bilmente curvado para alcanzar<\/p>\n","protected":false},"featured_media":41354,"comment_status":"open","ping_status":"open","template":"","meta":[],"product_cat":[279],"product_tag":[916,247],"class_list":["post-41353","product","type-product","status-publish","has-post-thumbnail","hentry","product_cat-plugs","product_tag-manpower","product_tag-toyjoy"],"bundled_by":[],"bundle_stock_status":"instock","bundle_stock_quantity":1,"bundle_virtual":false,"bundle_layout":"","bundle_add_to_cart_form_location":"","bundle_editable_in_cart":false,"bundle_sold_individually_context":"","bundle_item_grouping":"","bundle_min_size":"","bundle_max_size":"","bundled_items":[],"yoast_head":"<!-- This site is optimized with the Yoast SEO plugin v20.6 - https:\/\/yoast.com\/wordpress\/plugins\/seo\/ -->\n<title>MANPOWER PLUG CON ANILLO PARA EL PENE GRIS - Tienda Er\u00f3tica<\/title>\n<meta name=\"robots\" content=\"noindex, follow, max-snippet:-1, max-image-preview:large, max-video-preview:-1\" \/>\n<meta property=\"og:locale\" content=\"es_ES\" \/>\n<meta property=\"og:type\" content=\"article\" \/>\n<meta property=\"og:title\" content=\"MANPOWER PLUG CON ANILLO PARA EL PENE GRIS - Tienda Er\u00f3tica\" \/>\n<meta property=\"og:description\" content=\"MANPOWER PLUG &#038; PENISRING SMOKE El Plug and penisring es un novedoso plug anal que est\u00e1 h\u00e1bilmente curvado para alcanzar\" \/>\n<meta property=\"og:url\" content=\"https:\/\/demoweb.info\/sexshop001\/producto\/manpower-plug-con-anillo-para-el-pene-gris\/\" \/>\n<meta property=\"og:site_name\" content=\"Tienda Er\u00f3tica\" \/>\n<meta property=\"article:modified_time\" content=\"2022-01-22T13:31:51+00:00\" \/>\n<meta property=\"og:image\" content=\"https:\/\/demoweb.info\/sexshop001\/wp-content\/uploads\/2022\/01\/MANPOWER-PLUG-CON-ANILLO-PARA-EL-PENE-GRIS.jpg\" \/>\n\t<meta property=\"og:image:width\" content=\"550\" \/>\n\t<meta property=\"og:image:height\" content=\"550\" \/>\n\t<meta property=\"og:image:type\" content=\"image\/jpeg\" \/>\n<meta name=\"twitter:card\" content=\"summary_large_image\" \/>\n<script type=\"application\/ld+json\" class=\"yoast-schema-graph\">{\"@context\":\"https:\/\/schema.org\",\"@graph\":[{\"@type\":\"WebPage\",\"@id\":\"https:\/\/demoweb.info\/sexshop001\/producto\/manpower-plug-con-anillo-para-el-pene-gris\/\",\"url\":\"https:\/\/demoweb.info\/sexshop001\/producto\/manpower-plug-con-anillo-para-el-pene-gris\/\",\"name\":\"MANPOWER PLUG CON ANILLO PARA EL PENE GRIS - Tienda Er\u00f3tica\",\"isPartOf\":{\"@id\":\"https:\/\/demoweb.info\/sexshop001\/#website\"},\"datePublished\":\"2022-01-22T13:31:49+00:00\",\"dateModified\":\"2022-01-22T13:31:51+00:00\",\"breadcrumb\":{\"@id\":\"https:\/\/demoweb.info\/sexshop001\/producto\/manpower-plug-con-anillo-para-el-pene-gris\/#breadcrumb\"},\"inLanguage\":\"es\",\"potentialAction\":[{\"@type\":\"ReadAction\",\"target\":[\"https:\/\/demoweb.info\/sexshop001\/producto\/manpower-plug-con-anillo-para-el-pene-gris\/\"]}]},{\"@type\":\"BreadcrumbList\",\"@id\":\"https:\/\/demoweb.info\/sexshop001\/producto\/manpower-plug-con-anillo-para-el-pene-gris\/#breadcrumb\",\"itemListElement\":[{\"@type\":\"ListItem\",\"position\":1,\"name\":\"Portada\",\"item\":\"https:\/\/demoweb.info\/sexshop001\/\"},{\"@type\":\"ListItem\",\"position\":2,\"name\":\"Tienda\",\"item\":\"https:\/\/demoweb.info\/sexshop001\/tienda\/\"},{\"@type\":\"ListItem\",\"position\":3,\"name\":\"MANPOWER PLUG CON ANILLO PARA EL PENE GRIS\"}]},{\"@type\":\"WebSite\",\"@id\":\"https:\/\/demoweb.info\/sexshop001\/#website\",\"url\":\"https:\/\/demoweb.info\/sexshop001\/\",\"name\":\"Tienda Er\u00f3tica\",\"description\":\"DEMOWEB SL\",\"potentialAction\":[{\"@type\":\"SearchAction\",\"target\":{\"@type\":\"EntryPoint\",\"urlTemplate\":\"https:\/\/demoweb.info\/sexshop001\/?s={search_term_string}\"},\"query-input\":\"required name=search_term_string\"}],\"inLanguage\":\"es\"}]}<\/script>\n<!-- \/ Yoast SEO plugin. -->","yoast_head_json":{"title":"MANPOWER PLUG CON ANILLO PARA EL PENE GRIS - Tienda Er\u00f3tica","robots":{"index":"noindex","follow":"follow","max-snippet":"max-snippet:-1","max-image-preview":"max-image-preview:large","max-video-preview":"max-video-preview:-1"},"og_locale":"es_ES","og_type":"article","og_title":"MANPOWER PLUG CON ANILLO PARA EL PENE GRIS - Tienda Er\u00f3tica","og_description":"MANPOWER PLUG &#038; PENISRING SMOKE El Plug and penisring es un novedoso plug anal que est\u00e1 h\u00e1bilmente curvado para alcanzar","og_url":"https:\/\/demoweb.info\/sexshop001\/producto\/manpower-plug-con-anillo-para-el-pene-gris\/","og_site_name":"Tienda Er\u00f3tica","article_modified_time":"2022-01-22T13:31:51+00:00","og_image":[{"width":550,"height":550,"url":"https:\/\/demoweb.info\/sexshop001\/wp-content\/uploads\/2022\/01\/MANPOWER-PLUG-CON-ANILLO-PARA-EL-PENE-GRIS.jpg","type":"image\/jpeg"}],"twitter_card":"summary_large_image","schema":{"@context":"https:\/\/schema.org","@graph":[{"@type":"WebPage","@id":"https:\/\/demoweb.info\/sexshop001\/producto\/manpower-plug-con-anillo-para-el-pene-gris\/","url":"https:\/\/demoweb.info\/sexshop001\/producto\/manpower-plug-con-anillo-para-el-pene-gris\/","name":"MANPOWER PLUG CON ANILLO PARA EL PENE GRIS - Tienda Er\u00f3tica","isPartOf":{"@id":"https:\/\/demoweb.info\/sexshop001\/#website"},"datePublished":"2022-01-22T13:31:49+00:00","dateModified":"2022-01-22T13:31:51+00:00","breadcrumb":{"@id":"https:\/\/demoweb.info\/sexshop001\/producto\/manpower-plug-con-anillo-para-el-pene-gris\/#breadcrumb"},"inLanguage":"es","potentialAction":[{"@type":"ReadAction","target":["https:\/\/demoweb.info\/sexshop001\/producto\/manpower-plug-con-anillo-para-el-pene-gris\/"]}]},{"@type":"BreadcrumbList","@id":"https:\/\/demoweb.info\/sexshop001\/producto\/manpower-plug-con-anillo-para-el-pene-gris\/#breadcrumb","itemListElement":[{"@type":"ListItem","position":1,"name":"Portada","item":"https:\/\/demoweb.info\/sexshop001\/"},{"@type":"ListItem","position":2,"name":"Tienda","item":"https:\/\/demoweb.info\/sexshop001\/tienda\/"},{"@type":"ListItem","position":3,"name":"MANPOWER PLUG CON ANILLO PARA EL PENE GRIS"}]},{"@type":"WebSite","@id":"https:\/\/demoweb.info\/sexshop001\/#website","url":"https:\/\/demoweb.info\/sexshop001\/","name":"Tienda Er\u00f3tica","description":"DEMOWEB SL","potentialAction":[{"@type":"SearchAction","target":{"@type":"EntryPoint","urlTemplate":"https:\/\/demoweb.info\/sexshop001\/?s={search_term_string}"},"query-input":"required name=search_term_string"}],"inLanguage":"es"}]}},"_links":{"self":[{"href":"https:\/\/demoweb.info\/sexshop001\/wp-json\/wp\/v3\/product\/41353","targetHints":{"allow":["GET"]}}],"collection":[{"href":"https:\/\/demoweb.info\/sexshop001\/wp-json\/wp\/v3\/product"}],"about":[{"href":"https:\/\/demoweb.info\/sexshop001\/wp-json\/wp\/v2\/types\/product"}],"replies":[{"embeddable":true,"href":"https:\/\/demoweb.info\/sexshop001\/wp-json\/wp\/v2\/comments?post=41353"}],"wp:featuredmedia":[{"embeddable":true,"href":"https:\/\/demoweb.info\/sexshop001\/wp-json\/wp\/v2\/media\/41354"}],"wp:attachment":[{"href":"https:\/\/demoweb.info\/sexshop001\/wp-json\/wp\/v2\/media?parent=41353"}],"wp:term":[{"taxonomy":"product_cat","embeddable":true,"href":"https:\/\/demoweb.info\/sexshop001\/wp-json\/wp\/v2\/product_cat?post=41353"},{"taxonomy":"product_tag","embeddable":true,"href":"https:\/\/demoweb.info\/sexshop001\/wp-json\/wp\/v2\/product_tag?post=41353"}],"curies":[{"name":"wp","href":"https:\/\/api.w.org\/{rel}","templated":true}]}}