{"id":41340,"date":"2022-01-22T14:31:34","date_gmt":"2022-01-22T13:31:34","guid":{"rendered":"https:\/\/demoweb.info\/sexshop001\/producto\/8-arnes-extension-de-silicona\/"},"modified":"2022-01-22T14:31:43","modified_gmt":"2022-01-22T13:31:43","slug":"8-arnes-extension-de-silicona","status":"publish","type":"product","link":"https:\/\/demoweb.info\/sexshop001\/producto\/8-arnes-extension-de-silicona\/","title":{"rendered":"8 ARNES EXTENSION DE SILICONA"},"content":{"rendered":"<p><strong>8 SILICONE EXTENSION<\/strong><\/p>\n<p>Convierte tu pene en una m\u00e1quina de placer instant\u00e1neo con los incre\u00ed&shy;bles<strong> Fantasy X-tensiones<\/strong>. Ahora usted puede ser todo lo que el hombre quiere y satisfacer a su pareja con este potenciador erecci\u00f3n f\u00e1cil de usar. Desarrollado como una alternativa segura, asequible, no quir\u00fargica a los costosos procedimientos m\u00e9dicos y pastillas, su Fantasy X-tensi\u00f3n le dar\u00e1 m\u00e1s anchura a su pene. Perfecto para los hombres con disfunci\u00f3n er\u00e9ctil y problemas de rendimiento a mitad de camino, su nuevo potenciador entregar\u00e1 resultados que ambos socios les encantar\u00e1!<\/p>\n<p>La extensi\u00f3n de hueco de silicona es la \u00faltima extensi\u00f3n de cintur\u00f3n-hueco para los hombres de todos los tama\u00f1os! Perfecto para aquellos que sufren de disfunci\u00f3n er\u00e9ctil o la eyaculaci\u00f3n precoz, este cintur\u00f3n-hueco cuenta con un realista consolador libre de ftalatos y correas el\u00e1sticas ajustables y muy el\u00e1sticas. Con una cabeza c\u00f3nica para facilitar la inserci\u00f3n, el consolador de doble densidad ofrece nuestro silicona Elite s\u00faper suave en el exterior, mientras que la forma hueco en su interior cuenta con recubrimiento Luv-Touch para un confort excepcional.<\/p>\n<p>Talla \u00fanica. Esto no es un cond\u00f3n.<\/p>\n<p>&#8211; Silicona suave manguito exterior<br \/>\n&#8211; Apertura extra ancho (4 cm)<br \/>\n&#8211; Luv-Touch Revestimiento interior para mayor comodidad<br \/>\n&#8211; Arn\u00e9s el\u00e1stico ajustable<br \/>\n&#8211; LIbre de Ftalatos<\/p>\n<p>Medidas del art\u00ed&shy;culo:<\/p>\n<ul>\n<li>Longitud Total: 20 cm<\/li>\n<li>Longitud Interna: 15,2 cm<\/li>\n<li>Di\u00e1metro exterior: 5,8 cm<\/li>\n<li>Di\u00e1metro interior: 4,1 cm<\/li>\n<\/ul>\n","protected":false},"excerpt":{"rendered":"<p>8 SILICONE EXTENSION Convierte tu pene en una m\u00e1quina de placer instant\u00e1neo con los incre\u00ed&shy;bles Fantasy X-tensiones. Ahora usted puede<\/p>\n","protected":false},"featured_media":41341,"comment_status":"open","ping_status":"open","template":"","meta":[],"product_cat":[704],"product_tag":[875,259],"class_list":["post-41340","product","type-product","status-publish","has-post-thumbnail","hentry","product_cat-silicona-fundas","product_tag-fantasy-x-tensions","product_tag-pipedream"],"bundled_by":[],"bundle_stock_status":"instock","bundle_stock_quantity":2,"bundle_virtual":false,"bundle_layout":"","bundle_add_to_cart_form_location":"","bundle_editable_in_cart":false,"bundle_sold_individually_context":"","bundle_item_grouping":"","bundle_min_size":"","bundle_max_size":"","bundled_items":[],"yoast_head":"<!-- This site is optimized with the Yoast SEO plugin v20.6 - https:\/\/yoast.com\/wordpress\/plugins\/seo\/ -->\n<title>8 ARNES EXTENSION DE SILICONA - Tienda Er\u00f3tica<\/title>\n<meta name=\"robots\" content=\"noindex, follow, max-snippet:-1, max-image-preview:large, max-video-preview:-1\" \/>\n<meta property=\"og:locale\" content=\"es_ES\" \/>\n<meta property=\"og:type\" content=\"article\" \/>\n<meta property=\"og:title\" content=\"8 ARNES EXTENSION DE SILICONA - Tienda Er\u00f3tica\" \/>\n<meta property=\"og:description\" content=\"8 SILICONE EXTENSION Convierte tu pene en una m\u00e1quina de placer instant\u00e1neo con los incre\u00ed&shy;bles Fantasy X-tensiones. Ahora usted puede\" \/>\n<meta property=\"og:url\" content=\"https:\/\/demoweb.info\/sexshop001\/producto\/8-arnes-extension-de-silicona\/\" \/>\n<meta property=\"og:site_name\" content=\"Tienda Er\u00f3tica\" \/>\n<meta property=\"article:modified_time\" content=\"2022-01-22T13:31:43+00:00\" \/>\n<meta property=\"og:image\" content=\"https:\/\/demoweb.info\/sexshop001\/wp-content\/uploads\/2022\/01\/8-ARNES-EXTENSION-DE-SILICONA.jpg\" \/>\n\t<meta property=\"og:image:width\" content=\"550\" \/>\n\t<meta property=\"og:image:height\" content=\"550\" \/>\n\t<meta property=\"og:image:type\" content=\"image\/jpeg\" \/>\n<meta name=\"twitter:card\" content=\"summary_large_image\" \/>\n<meta name=\"twitter:label1\" content=\"Tiempo de lectura\" \/>\n\t<meta name=\"twitter:data1\" content=\"1 minuto\" \/>\n<script type=\"application\/ld+json\" class=\"yoast-schema-graph\">{\"@context\":\"https:\/\/schema.org\",\"@graph\":[{\"@type\":\"WebPage\",\"@id\":\"https:\/\/demoweb.info\/sexshop001\/producto\/8-arnes-extension-de-silicona\/\",\"url\":\"https:\/\/demoweb.info\/sexshop001\/producto\/8-arnes-extension-de-silicona\/\",\"name\":\"8 ARNES EXTENSION DE SILICONA - Tienda Er\u00f3tica\",\"isPartOf\":{\"@id\":\"https:\/\/demoweb.info\/sexshop001\/#website\"},\"datePublished\":\"2022-01-22T13:31:34+00:00\",\"dateModified\":\"2022-01-22T13:31:43+00:00\",\"breadcrumb\":{\"@id\":\"https:\/\/demoweb.info\/sexshop001\/producto\/8-arnes-extension-de-silicona\/#breadcrumb\"},\"inLanguage\":\"es\",\"potentialAction\":[{\"@type\":\"ReadAction\",\"target\":[\"https:\/\/demoweb.info\/sexshop001\/producto\/8-arnes-extension-de-silicona\/\"]}]},{\"@type\":\"BreadcrumbList\",\"@id\":\"https:\/\/demoweb.info\/sexshop001\/producto\/8-arnes-extension-de-silicona\/#breadcrumb\",\"itemListElement\":[{\"@type\":\"ListItem\",\"position\":1,\"name\":\"Portada\",\"item\":\"https:\/\/demoweb.info\/sexshop001\/\"},{\"@type\":\"ListItem\",\"position\":2,\"name\":\"Tienda\",\"item\":\"https:\/\/demoweb.info\/sexshop001\/tienda\/\"},{\"@type\":\"ListItem\",\"position\":3,\"name\":\"8 ARNES EXTENSION DE SILICONA\"}]},{\"@type\":\"WebSite\",\"@id\":\"https:\/\/demoweb.info\/sexshop001\/#website\",\"url\":\"https:\/\/demoweb.info\/sexshop001\/\",\"name\":\"Tienda Er\u00f3tica\",\"description\":\"DEMOWEB SL\",\"potentialAction\":[{\"@type\":\"SearchAction\",\"target\":{\"@type\":\"EntryPoint\",\"urlTemplate\":\"https:\/\/demoweb.info\/sexshop001\/?s={search_term_string}\"},\"query-input\":\"required name=search_term_string\"}],\"inLanguage\":\"es\"}]}<\/script>\n<!-- \/ Yoast SEO plugin. -->","yoast_head_json":{"title":"8 ARNES EXTENSION DE SILICONA - Tienda Er\u00f3tica","robots":{"index":"noindex","follow":"follow","max-snippet":"max-snippet:-1","max-image-preview":"max-image-preview:large","max-video-preview":"max-video-preview:-1"},"og_locale":"es_ES","og_type":"article","og_title":"8 ARNES EXTENSION DE SILICONA - Tienda Er\u00f3tica","og_description":"8 SILICONE EXTENSION Convierte tu pene en una m\u00e1quina de placer instant\u00e1neo con los incre\u00ed&shy;bles Fantasy X-tensiones. Ahora usted puede","og_url":"https:\/\/demoweb.info\/sexshop001\/producto\/8-arnes-extension-de-silicona\/","og_site_name":"Tienda Er\u00f3tica","article_modified_time":"2022-01-22T13:31:43+00:00","og_image":[{"width":550,"height":550,"url":"https:\/\/demoweb.info\/sexshop001\/wp-content\/uploads\/2022\/01\/8-ARNES-EXTENSION-DE-SILICONA.jpg","type":"image\/jpeg"}],"twitter_card":"summary_large_image","twitter_misc":{"Tiempo de lectura":"1 minuto"},"schema":{"@context":"https:\/\/schema.org","@graph":[{"@type":"WebPage","@id":"https:\/\/demoweb.info\/sexshop001\/producto\/8-arnes-extension-de-silicona\/","url":"https:\/\/demoweb.info\/sexshop001\/producto\/8-arnes-extension-de-silicona\/","name":"8 ARNES EXTENSION DE SILICONA - Tienda Er\u00f3tica","isPartOf":{"@id":"https:\/\/demoweb.info\/sexshop001\/#website"},"datePublished":"2022-01-22T13:31:34+00:00","dateModified":"2022-01-22T13:31:43+00:00","breadcrumb":{"@id":"https:\/\/demoweb.info\/sexshop001\/producto\/8-arnes-extension-de-silicona\/#breadcrumb"},"inLanguage":"es","potentialAction":[{"@type":"ReadAction","target":["https:\/\/demoweb.info\/sexshop001\/producto\/8-arnes-extension-de-silicona\/"]}]},{"@type":"BreadcrumbList","@id":"https:\/\/demoweb.info\/sexshop001\/producto\/8-arnes-extension-de-silicona\/#breadcrumb","itemListElement":[{"@type":"ListItem","position":1,"name":"Portada","item":"https:\/\/demoweb.info\/sexshop001\/"},{"@type":"ListItem","position":2,"name":"Tienda","item":"https:\/\/demoweb.info\/sexshop001\/tienda\/"},{"@type":"ListItem","position":3,"name":"8 ARNES EXTENSION DE SILICONA"}]},{"@type":"WebSite","@id":"https:\/\/demoweb.info\/sexshop001\/#website","url":"https:\/\/demoweb.info\/sexshop001\/","name":"Tienda Er\u00f3tica","description":"DEMOWEB SL","potentialAction":[{"@type":"SearchAction","target":{"@type":"EntryPoint","urlTemplate":"https:\/\/demoweb.info\/sexshop001\/?s={search_term_string}"},"query-input":"required name=search_term_string"}],"inLanguage":"es"}]}},"_links":{"self":[{"href":"https:\/\/demoweb.info\/sexshop001\/wp-json\/wp\/v3\/product\/41340","targetHints":{"allow":["GET"]}}],"collection":[{"href":"https:\/\/demoweb.info\/sexshop001\/wp-json\/wp\/v3\/product"}],"about":[{"href":"https:\/\/demoweb.info\/sexshop001\/wp-json\/wp\/v2\/types\/product"}],"replies":[{"embeddable":true,"href":"https:\/\/demoweb.info\/sexshop001\/wp-json\/wp\/v2\/comments?post=41340"}],"wp:featuredmedia":[{"embeddable":true,"href":"https:\/\/demoweb.info\/sexshop001\/wp-json\/wp\/v2\/media\/41341"}],"wp:attachment":[{"href":"https:\/\/demoweb.info\/sexshop001\/wp-json\/wp\/v2\/media?parent=41340"}],"wp:term":[{"taxonomy":"product_cat","embeddable":true,"href":"https:\/\/demoweb.info\/sexshop001\/wp-json\/wp\/v2\/product_cat?post=41340"},{"taxonomy":"product_tag","embeddable":true,"href":"https:\/\/demoweb.info\/sexshop001\/wp-json\/wp\/v2\/product_tag?post=41340"}],"curies":[{"name":"wp","href":"https:\/\/api.w.org\/{rel}","templated":true}]}}