{"id":41302,"date":"2022-01-22T14:31:15","date_gmt":"2022-01-22T13:31:15","guid":{"rendered":"https:\/\/demoweb.info\/sexshop001\/producto\/arenas-movedizas\/"},"modified":"2022-01-22T14:31:18","modified_gmt":"2022-01-22T13:31:18","slug":"arenas-movedizas","status":"publish","type":"product","link":"https:\/\/demoweb.info\/sexshop001\/producto\/arenas-movedizas\/","title":{"rendered":"ARENAS MOVEDIZAS"},"content":{"rendered":"<p><strong>ARENAS MOVEDIZAS<\/strong><\/p>\n<p>Mar Carri\u00f3n.<\/p>\n<p>Luc Coleman acaba de salir de la c\u00e1rcel tras pasarse diez a\u00f1os en prisi\u00f3n. Su agente de la condicional le ha buscado un apartamento en un barrio conflictivo de Baltimore, as\u00ed como un empleo de operario en una empresa estibadora. Pero la reaparici\u00f3n de Jennifer Logan en su vida amenaza con hacerlo revivir antiguas emociones que \u00e9l enterr\u00f3 para siempre.<\/p>\n<p>Jennifer es la subdirectora de Naviera Logan Inc., la empresa para la que Luc ha comenzado a trabajar. Ella es una mujer con \u00e9xito que ha triunfado en todos los aspectos de la vida excepto en el amor, pues, el que una vez sinti\u00f3 por Luc, le ha impedido amar a otro hombre. Ahora, diez a\u00f1os despu\u00e9s, sus caminos han vuelto a cruzarse&#8230;<\/p>\n<p>285 P\u00e1ginas.<\/p>\n<p>ISBN: 978-84-15952-51-0<\/p>\n<p>Tapa blanda con solapa 22,5 x 14,5 cm. .<\/p>\n","protected":false},"excerpt":{"rendered":"<p>ARENAS MOVEDIZAS Mar Carri\u00f3n. Luc Coleman acaba de salir de la c\u00e1rcel tras pasarse diez a\u00f1os en prisi\u00f3n. Su agente<\/p>\n","protected":false},"featured_media":41303,"comment_status":"open","ping_status":"open","template":"","meta":[],"product_cat":[713],"product_tag":[415,714],"class_list":["post-41302","product","type-product","status-publish","has-post-thumbnail","hentry","product_cat-libros-lectura","product_tag-random-house","product_tag-terciopelo"],"bundled_by":[],"bundle_stock_status":"instock","bundle_stock_quantity":3,"bundle_virtual":false,"bundle_layout":"","bundle_add_to_cart_form_location":"","bundle_editable_in_cart":false,"bundle_sold_individually_context":"","bundle_item_grouping":"","bundle_min_size":"","bundle_max_size":"","bundled_items":[],"yoast_head":"<!-- This site is optimized with the Yoast SEO plugin v20.6 - https:\/\/yoast.com\/wordpress\/plugins\/seo\/ -->\n<title>ARENAS MOVEDIZAS - Tienda Er\u00f3tica<\/title>\n<meta name=\"robots\" content=\"noindex, follow, max-snippet:-1, max-image-preview:large, max-video-preview:-1\" \/>\n<meta property=\"og:locale\" content=\"es_ES\" \/>\n<meta property=\"og:type\" content=\"article\" \/>\n<meta property=\"og:title\" content=\"ARENAS MOVEDIZAS - Tienda Er\u00f3tica\" \/>\n<meta property=\"og:description\" content=\"ARENAS MOVEDIZAS Mar Carri\u00f3n. Luc Coleman acaba de salir de la c\u00e1rcel tras pasarse diez a\u00f1os en prisi\u00f3n. Su agente\" \/>\n<meta property=\"og:url\" content=\"https:\/\/demoweb.info\/sexshop001\/producto\/arenas-movedizas\/\" \/>\n<meta property=\"og:site_name\" content=\"Tienda Er\u00f3tica\" \/>\n<meta property=\"article:modified_time\" content=\"2022-01-22T13:31:18+00:00\" \/>\n<meta property=\"og:image\" content=\"https:\/\/demoweb.info\/sexshop001\/wp-content\/uploads\/2022\/01\/ARENAS-MOVEDIZAS.jpg\" \/>\n\t<meta property=\"og:image:width\" content=\"550\" \/>\n\t<meta property=\"og:image:height\" content=\"550\" \/>\n\t<meta property=\"og:image:type\" content=\"image\/jpeg\" \/>\n<meta name=\"twitter:card\" content=\"summary_large_image\" \/>\n<meta name=\"twitter:label1\" content=\"Tiempo de lectura\" \/>\n\t<meta name=\"twitter:data1\" content=\"1 minuto\" \/>\n<script type=\"application\/ld+json\" class=\"yoast-schema-graph\">{\"@context\":\"https:\/\/schema.org\",\"@graph\":[{\"@type\":\"WebPage\",\"@id\":\"https:\/\/demoweb.info\/sexshop001\/producto\/arenas-movedizas\/\",\"url\":\"https:\/\/demoweb.info\/sexshop001\/producto\/arenas-movedizas\/\",\"name\":\"ARENAS MOVEDIZAS - Tienda Er\u00f3tica\",\"isPartOf\":{\"@id\":\"https:\/\/demoweb.info\/sexshop001\/#website\"},\"datePublished\":\"2022-01-22T13:31:15+00:00\",\"dateModified\":\"2022-01-22T13:31:18+00:00\",\"breadcrumb\":{\"@id\":\"https:\/\/demoweb.info\/sexshop001\/producto\/arenas-movedizas\/#breadcrumb\"},\"inLanguage\":\"es\",\"potentialAction\":[{\"@type\":\"ReadAction\",\"target\":[\"https:\/\/demoweb.info\/sexshop001\/producto\/arenas-movedizas\/\"]}]},{\"@type\":\"BreadcrumbList\",\"@id\":\"https:\/\/demoweb.info\/sexshop001\/producto\/arenas-movedizas\/#breadcrumb\",\"itemListElement\":[{\"@type\":\"ListItem\",\"position\":1,\"name\":\"Portada\",\"item\":\"https:\/\/demoweb.info\/sexshop001\/\"},{\"@type\":\"ListItem\",\"position\":2,\"name\":\"Tienda\",\"item\":\"https:\/\/demoweb.info\/sexshop001\/tienda\/\"},{\"@type\":\"ListItem\",\"position\":3,\"name\":\"ARENAS MOVEDIZAS\"}]},{\"@type\":\"WebSite\",\"@id\":\"https:\/\/demoweb.info\/sexshop001\/#website\",\"url\":\"https:\/\/demoweb.info\/sexshop001\/\",\"name\":\"Tienda Er\u00f3tica\",\"description\":\"DEMOWEB SL\",\"potentialAction\":[{\"@type\":\"SearchAction\",\"target\":{\"@type\":\"EntryPoint\",\"urlTemplate\":\"https:\/\/demoweb.info\/sexshop001\/?s={search_term_string}\"},\"query-input\":\"required name=search_term_string\"}],\"inLanguage\":\"es\"}]}<\/script>\n<!-- \/ Yoast SEO plugin. -->","yoast_head_json":{"title":"ARENAS MOVEDIZAS - Tienda Er\u00f3tica","robots":{"index":"noindex","follow":"follow","max-snippet":"max-snippet:-1","max-image-preview":"max-image-preview:large","max-video-preview":"max-video-preview:-1"},"og_locale":"es_ES","og_type":"article","og_title":"ARENAS MOVEDIZAS - Tienda Er\u00f3tica","og_description":"ARENAS MOVEDIZAS Mar Carri\u00f3n. Luc Coleman acaba de salir de la c\u00e1rcel tras pasarse diez a\u00f1os en prisi\u00f3n. Su agente","og_url":"https:\/\/demoweb.info\/sexshop001\/producto\/arenas-movedizas\/","og_site_name":"Tienda Er\u00f3tica","article_modified_time":"2022-01-22T13:31:18+00:00","og_image":[{"width":550,"height":550,"url":"https:\/\/demoweb.info\/sexshop001\/wp-content\/uploads\/2022\/01\/ARENAS-MOVEDIZAS.jpg","type":"image\/jpeg"}],"twitter_card":"summary_large_image","twitter_misc":{"Tiempo de lectura":"1 minuto"},"schema":{"@context":"https:\/\/schema.org","@graph":[{"@type":"WebPage","@id":"https:\/\/demoweb.info\/sexshop001\/producto\/arenas-movedizas\/","url":"https:\/\/demoweb.info\/sexshop001\/producto\/arenas-movedizas\/","name":"ARENAS MOVEDIZAS - Tienda Er\u00f3tica","isPartOf":{"@id":"https:\/\/demoweb.info\/sexshop001\/#website"},"datePublished":"2022-01-22T13:31:15+00:00","dateModified":"2022-01-22T13:31:18+00:00","breadcrumb":{"@id":"https:\/\/demoweb.info\/sexshop001\/producto\/arenas-movedizas\/#breadcrumb"},"inLanguage":"es","potentialAction":[{"@type":"ReadAction","target":["https:\/\/demoweb.info\/sexshop001\/producto\/arenas-movedizas\/"]}]},{"@type":"BreadcrumbList","@id":"https:\/\/demoweb.info\/sexshop001\/producto\/arenas-movedizas\/#breadcrumb","itemListElement":[{"@type":"ListItem","position":1,"name":"Portada","item":"https:\/\/demoweb.info\/sexshop001\/"},{"@type":"ListItem","position":2,"name":"Tienda","item":"https:\/\/demoweb.info\/sexshop001\/tienda\/"},{"@type":"ListItem","position":3,"name":"ARENAS MOVEDIZAS"}]},{"@type":"WebSite","@id":"https:\/\/demoweb.info\/sexshop001\/#website","url":"https:\/\/demoweb.info\/sexshop001\/","name":"Tienda Er\u00f3tica","description":"DEMOWEB SL","potentialAction":[{"@type":"SearchAction","target":{"@type":"EntryPoint","urlTemplate":"https:\/\/demoweb.info\/sexshop001\/?s={search_term_string}"},"query-input":"required name=search_term_string"}],"inLanguage":"es"}]}},"_links":{"self":[{"href":"https:\/\/demoweb.info\/sexshop001\/wp-json\/wp\/v3\/product\/41302","targetHints":{"allow":["GET"]}}],"collection":[{"href":"https:\/\/demoweb.info\/sexshop001\/wp-json\/wp\/v3\/product"}],"about":[{"href":"https:\/\/demoweb.info\/sexshop001\/wp-json\/wp\/v2\/types\/product"}],"replies":[{"embeddable":true,"href":"https:\/\/demoweb.info\/sexshop001\/wp-json\/wp\/v2\/comments?post=41302"}],"wp:featuredmedia":[{"embeddable":true,"href":"https:\/\/demoweb.info\/sexshop001\/wp-json\/wp\/v2\/media\/41303"}],"wp:attachment":[{"href":"https:\/\/demoweb.info\/sexshop001\/wp-json\/wp\/v2\/media?parent=41302"}],"wp:term":[{"taxonomy":"product_cat","embeddable":true,"href":"https:\/\/demoweb.info\/sexshop001\/wp-json\/wp\/v2\/product_cat?post=41302"},{"taxonomy":"product_tag","embeddable":true,"href":"https:\/\/demoweb.info\/sexshop001\/wp-json\/wp\/v2\/product_tag?post=41302"}],"curies":[{"name":"wp","href":"https:\/\/api.w.org\/{rel}","templated":true}]}}