{"id":41210,"date":"2022-01-22T14:30:23","date_gmt":"2022-01-22T13:30:23","guid":{"rendered":"https:\/\/demoweb.info\/sexshop001\/producto\/la-trampa-del-matrimonio\/"},"modified":"2022-01-22T14:30:26","modified_gmt":"2022-01-22T13:30:26","slug":"la-trampa-del-matrimonio","status":"publish","type":"product","link":"https:\/\/demoweb.info\/sexshop001\/producto\/la-trampa-del-matrimonio\/","title":{"rendered":"LA TRAMPA DEL MATRIMONIO"},"content":{"rendered":"<p><strong>LA TRAMPA DEL MATRIMONIO.<\/strong><\/p>\n<p>Jennifer Probst.<\/p>\n<p>Michael Conte, italiano y billonaria, debe resolver una emergencia familiar. De acuerdo con la tradici\u00f3n, \u00e9l ha de ser el primero en casarse, pero es su hermana quien desea pasar por el altar de forma inminente. Para hacer posible este enlace, Michael debe procurarse urgentemente una mujer y present\u00e1rsela a su encantadora familia durante un viaje a Italia. La elegida para representar el personaje de su media naranja es Maggie Ryan, fot\u00f3grafa, independiente y perfeccionista.<\/p>\n<p>Cuando le plantean la oferta, Maggie, acostumbrada a protegerse de las ataduras emocionales desde que su primer novio le rompi\u00f3 el coraz\u00f3n, acepta el papel con ciertas condiciones. Est\u00e1 convencida de que Michael est\u00e1 enamorado de su \u00edntima amiga y cu\u00f1ada Alexa y le considera un peligro para la estabilidad emocional de su hermano; as\u00ed que le pide que a cambio deje en paz a su amiga.<\/p>\n<p>Aparentemente ambos salen ganando con el pacto, salvo por un peque\u00f1o detalle: los dos tienen muy claro que no se casar\u00edan el uno con el otro ni aunque estuvieran solos en el universo, pero no contaban con un inconveniente importante, la arrebatadora tensi\u00f3n sexual que surgir\u00e1 entre ambos.<\/p>\n<p>246 P\u00e1ginas.<\/p>\n<p>ISBN: 978-84-01-34310-0<\/p>\n<p>Tapa blanda con solapa 22,5 x 14,5 cm. .<\/p>\n","protected":false},"excerpt":{"rendered":"<p>LA TRAMPA DEL MATRIMONIO. Jennifer Probst. Michael Conte, italiano y billonaria, debe resolver una emergencia familiar. De acuerdo con la<\/p>\n","protected":false},"featured_media":41211,"comment_status":"open","ping_status":"open","template":"","meta":[],"product_cat":[713],"product_tag":[792,415],"class_list":["post-41210","product","type-product","status-publish","has-post-thumbnail","hentry","product_cat-libros-lectura","product_tag-plaza-janes","product_tag-random-house"],"bundled_by":[],"bundle_stock_status":"instock","bundle_stock_quantity":3,"bundle_virtual":false,"bundle_layout":"","bundle_add_to_cart_form_location":"","bundle_editable_in_cart":false,"bundle_sold_individually_context":"","bundle_item_grouping":"","bundle_min_size":"","bundle_max_size":"","bundled_items":[],"yoast_head":"<!-- This site is optimized with the Yoast SEO plugin v20.6 - https:\/\/yoast.com\/wordpress\/plugins\/seo\/ -->\n<title>LA TRAMPA DEL MATRIMONIO - Tienda Er\u00f3tica<\/title>\n<meta name=\"robots\" content=\"noindex, follow, max-snippet:-1, max-image-preview:large, max-video-preview:-1\" \/>\n<meta property=\"og:locale\" content=\"es_ES\" \/>\n<meta property=\"og:type\" content=\"article\" \/>\n<meta property=\"og:title\" content=\"LA TRAMPA DEL MATRIMONIO - Tienda Er\u00f3tica\" \/>\n<meta property=\"og:description\" content=\"LA TRAMPA DEL MATRIMONIO. Jennifer Probst. Michael Conte, italiano y billonaria, debe resolver una emergencia familiar. De acuerdo con la\" \/>\n<meta property=\"og:url\" content=\"https:\/\/demoweb.info\/sexshop001\/producto\/la-trampa-del-matrimonio\/\" \/>\n<meta property=\"og:site_name\" content=\"Tienda Er\u00f3tica\" \/>\n<meta property=\"article:modified_time\" content=\"2022-01-22T13:30:26+00:00\" \/>\n<meta property=\"og:image\" content=\"https:\/\/demoweb.info\/sexshop001\/wp-content\/uploads\/2022\/01\/LA-TRAMPA-DEL-MATRIMONIO.jpg\" \/>\n\t<meta property=\"og:image:width\" content=\"550\" \/>\n\t<meta property=\"og:image:height\" content=\"550\" \/>\n\t<meta property=\"og:image:type\" content=\"image\/jpeg\" \/>\n<meta name=\"twitter:card\" content=\"summary_large_image\" \/>\n<meta name=\"twitter:label1\" content=\"Tiempo de lectura\" \/>\n\t<meta name=\"twitter:data1\" content=\"1 minuto\" \/>\n<script type=\"application\/ld+json\" class=\"yoast-schema-graph\">{\"@context\":\"https:\/\/schema.org\",\"@graph\":[{\"@type\":\"WebPage\",\"@id\":\"https:\/\/demoweb.info\/sexshop001\/producto\/la-trampa-del-matrimonio\/\",\"url\":\"https:\/\/demoweb.info\/sexshop001\/producto\/la-trampa-del-matrimonio\/\",\"name\":\"LA TRAMPA DEL MATRIMONIO - Tienda Er\u00f3tica\",\"isPartOf\":{\"@id\":\"https:\/\/demoweb.info\/sexshop001\/#website\"},\"datePublished\":\"2022-01-22T13:30:23+00:00\",\"dateModified\":\"2022-01-22T13:30:26+00:00\",\"breadcrumb\":{\"@id\":\"https:\/\/demoweb.info\/sexshop001\/producto\/la-trampa-del-matrimonio\/#breadcrumb\"},\"inLanguage\":\"es\",\"potentialAction\":[{\"@type\":\"ReadAction\",\"target\":[\"https:\/\/demoweb.info\/sexshop001\/producto\/la-trampa-del-matrimonio\/\"]}]},{\"@type\":\"BreadcrumbList\",\"@id\":\"https:\/\/demoweb.info\/sexshop001\/producto\/la-trampa-del-matrimonio\/#breadcrumb\",\"itemListElement\":[{\"@type\":\"ListItem\",\"position\":1,\"name\":\"Portada\",\"item\":\"https:\/\/demoweb.info\/sexshop001\/\"},{\"@type\":\"ListItem\",\"position\":2,\"name\":\"Tienda\",\"item\":\"https:\/\/demoweb.info\/sexshop001\/tienda\/\"},{\"@type\":\"ListItem\",\"position\":3,\"name\":\"LA TRAMPA DEL MATRIMONIO\"}]},{\"@type\":\"WebSite\",\"@id\":\"https:\/\/demoweb.info\/sexshop001\/#website\",\"url\":\"https:\/\/demoweb.info\/sexshop001\/\",\"name\":\"Tienda Er\u00f3tica\",\"description\":\"DEMOWEB SL\",\"potentialAction\":[{\"@type\":\"SearchAction\",\"target\":{\"@type\":\"EntryPoint\",\"urlTemplate\":\"https:\/\/demoweb.info\/sexshop001\/?s={search_term_string}\"},\"query-input\":\"required name=search_term_string\"}],\"inLanguage\":\"es\"}]}<\/script>\n<!-- \/ Yoast SEO plugin. -->","yoast_head_json":{"title":"LA TRAMPA DEL MATRIMONIO - Tienda Er\u00f3tica","robots":{"index":"noindex","follow":"follow","max-snippet":"max-snippet:-1","max-image-preview":"max-image-preview:large","max-video-preview":"max-video-preview:-1"},"og_locale":"es_ES","og_type":"article","og_title":"LA TRAMPA DEL MATRIMONIO - Tienda Er\u00f3tica","og_description":"LA TRAMPA DEL MATRIMONIO. Jennifer Probst. Michael Conte, italiano y billonaria, debe resolver una emergencia familiar. De acuerdo con la","og_url":"https:\/\/demoweb.info\/sexshop001\/producto\/la-trampa-del-matrimonio\/","og_site_name":"Tienda Er\u00f3tica","article_modified_time":"2022-01-22T13:30:26+00:00","og_image":[{"width":550,"height":550,"url":"https:\/\/demoweb.info\/sexshop001\/wp-content\/uploads\/2022\/01\/LA-TRAMPA-DEL-MATRIMONIO.jpg","type":"image\/jpeg"}],"twitter_card":"summary_large_image","twitter_misc":{"Tiempo de lectura":"1 minuto"},"schema":{"@context":"https:\/\/schema.org","@graph":[{"@type":"WebPage","@id":"https:\/\/demoweb.info\/sexshop001\/producto\/la-trampa-del-matrimonio\/","url":"https:\/\/demoweb.info\/sexshop001\/producto\/la-trampa-del-matrimonio\/","name":"LA TRAMPA DEL MATRIMONIO - Tienda Er\u00f3tica","isPartOf":{"@id":"https:\/\/demoweb.info\/sexshop001\/#website"},"datePublished":"2022-01-22T13:30:23+00:00","dateModified":"2022-01-22T13:30:26+00:00","breadcrumb":{"@id":"https:\/\/demoweb.info\/sexshop001\/producto\/la-trampa-del-matrimonio\/#breadcrumb"},"inLanguage":"es","potentialAction":[{"@type":"ReadAction","target":["https:\/\/demoweb.info\/sexshop001\/producto\/la-trampa-del-matrimonio\/"]}]},{"@type":"BreadcrumbList","@id":"https:\/\/demoweb.info\/sexshop001\/producto\/la-trampa-del-matrimonio\/#breadcrumb","itemListElement":[{"@type":"ListItem","position":1,"name":"Portada","item":"https:\/\/demoweb.info\/sexshop001\/"},{"@type":"ListItem","position":2,"name":"Tienda","item":"https:\/\/demoweb.info\/sexshop001\/tienda\/"},{"@type":"ListItem","position":3,"name":"LA TRAMPA DEL MATRIMONIO"}]},{"@type":"WebSite","@id":"https:\/\/demoweb.info\/sexshop001\/#website","url":"https:\/\/demoweb.info\/sexshop001\/","name":"Tienda Er\u00f3tica","description":"DEMOWEB SL","potentialAction":[{"@type":"SearchAction","target":{"@type":"EntryPoint","urlTemplate":"https:\/\/demoweb.info\/sexshop001\/?s={search_term_string}"},"query-input":"required name=search_term_string"}],"inLanguage":"es"}]}},"_links":{"self":[{"href":"https:\/\/demoweb.info\/sexshop001\/wp-json\/wp\/v3\/product\/41210","targetHints":{"allow":["GET"]}}],"collection":[{"href":"https:\/\/demoweb.info\/sexshop001\/wp-json\/wp\/v3\/product"}],"about":[{"href":"https:\/\/demoweb.info\/sexshop001\/wp-json\/wp\/v2\/types\/product"}],"replies":[{"embeddable":true,"href":"https:\/\/demoweb.info\/sexshop001\/wp-json\/wp\/v2\/comments?post=41210"}],"wp:featuredmedia":[{"embeddable":true,"href":"https:\/\/demoweb.info\/sexshop001\/wp-json\/wp\/v2\/media\/41211"}],"wp:attachment":[{"href":"https:\/\/demoweb.info\/sexshop001\/wp-json\/wp\/v2\/media?parent=41210"}],"wp:term":[{"taxonomy":"product_cat","embeddable":true,"href":"https:\/\/demoweb.info\/sexshop001\/wp-json\/wp\/v2\/product_cat?post=41210"},{"taxonomy":"product_tag","embeddable":true,"href":"https:\/\/demoweb.info\/sexshop001\/wp-json\/wp\/v2\/product_tag?post=41210"}],"curies":[{"name":"wp","href":"https:\/\/api.w.org\/{rel}","templated":true}]}}