{"id":41208,"date":"2022-01-22T14:30:23","date_gmt":"2022-01-22T13:30:23","guid":{"rendered":"https:\/\/demoweb.info\/sexshop001\/producto\/para-siempre-contigo\/"},"modified":"2022-01-22T14:30:25","modified_gmt":"2022-01-22T13:30:25","slug":"para-siempre-contigo","status":"publish","type":"product","link":"https:\/\/demoweb.info\/sexshop001\/producto\/para-siempre-contigo\/","title":{"rendered":"PARA SIEMPRE CONTIGO"},"content":{"rendered":"<p><strong>PARA SIEMPRE CONTIGO. <\/strong><\/p>\n<p>Laurelin Paige.<\/p>\n<p>La relaci\u00f3n de Alayna Withers con Hudson Pierce ya ha comprobado su capacidad de confiar. Ellos deciden que la \u00fanica forma de que puedan ir hacia adelante juntos es con honestidad y transparencia. No ser\u00e1 f\u00e1cil para los amantes cicatrizar sus heridas, pero est\u00e1n comprometidos el uno con el otro ahora m\u00e1s que nunca. Alayna, en particular, ha crecido a trav\u00e9s de sus acuerdos y ahora es m\u00e1s confiada y fiel al hombre que ama. Pero mientras la pareja se concentra en el futuro, su pasado vuelve a amenazar su v\u00ednculo fr\u00e1gil.<\/p>\n<p>Las promesas que se hicieron est\u00e1n rotas y Alayna aprende que Hudson todav\u00eda tiene secretos muy potentes, que los separar\u00e1n. Lo que siente por \u00e9l, como su capacidad de perdonar y olvidar es una prueba m\u00e1s all\u00e1 de sus l\u00edmites. Aunque encontr\u00f3 al \u00fanico hombre que pod\u00eda curarla, parece que con Hudson ocurrir\u00e1 lo mismo una y otra vez.<\/p>\n<p>678 P\u00e1ginas.<\/p>\n<p>ISBN: 978-84-8365-320-3<\/p>\n<p>Tapa blanda con solapa 22,5 x 15 cm. .<\/p>\n","protected":false},"excerpt":{"rendered":"<p>PARA SIEMPRE CONTIGO. Laurelin Paige. La relaci\u00f3n de Alayna Withers con Hudson Pierce ya ha comprobado su capacidad de confiar.<\/p>\n","protected":false},"featured_media":41209,"comment_status":"open","ping_status":"open","template":"","meta":[],"product_cat":[713],"product_tag":[415,1258],"class_list":["post-41208","product","type-product","status-publish","has-post-thumbnail","hentry","product_cat-libros-lectura","product_tag-random-house","product_tag-suma-de-letras"],"bundled_by":[],"bundle_stock_status":"instock","bundle_stock_quantity":3,"bundle_virtual":false,"bundle_layout":"","bundle_add_to_cart_form_location":"","bundle_editable_in_cart":false,"bundle_sold_individually_context":"","bundle_item_grouping":"","bundle_min_size":"","bundle_max_size":"","bundled_items":[],"yoast_head":"<!-- This site is optimized with the Yoast SEO plugin v20.6 - https:\/\/yoast.com\/wordpress\/plugins\/seo\/ -->\n<title>PARA SIEMPRE CONTIGO - Tienda Er\u00f3tica<\/title>\n<meta name=\"robots\" content=\"noindex, follow, max-snippet:-1, max-image-preview:large, max-video-preview:-1\" \/>\n<meta property=\"og:locale\" content=\"es_ES\" \/>\n<meta property=\"og:type\" content=\"article\" \/>\n<meta property=\"og:title\" content=\"PARA SIEMPRE CONTIGO - Tienda Er\u00f3tica\" \/>\n<meta property=\"og:description\" content=\"PARA SIEMPRE CONTIGO. Laurelin Paige. La relaci\u00f3n de Alayna Withers con Hudson Pierce ya ha comprobado su capacidad de confiar.\" \/>\n<meta property=\"og:url\" content=\"https:\/\/demoweb.info\/sexshop001\/producto\/para-siempre-contigo\/\" \/>\n<meta property=\"og:site_name\" content=\"Tienda Er\u00f3tica\" \/>\n<meta property=\"article:modified_time\" content=\"2022-01-22T13:30:25+00:00\" \/>\n<meta property=\"og:image\" content=\"https:\/\/demoweb.info\/sexshop001\/wp-content\/uploads\/2022\/01\/PARA-SIEMPRE-CONTIGO.jpg\" \/>\n\t<meta property=\"og:image:width\" content=\"550\" \/>\n\t<meta property=\"og:image:height\" content=\"550\" \/>\n\t<meta property=\"og:image:type\" content=\"image\/jpeg\" \/>\n<meta name=\"twitter:card\" content=\"summary_large_image\" \/>\n<meta name=\"twitter:label1\" content=\"Tiempo de lectura\" \/>\n\t<meta name=\"twitter:data1\" content=\"1 minuto\" \/>\n<script type=\"application\/ld+json\" class=\"yoast-schema-graph\">{\"@context\":\"https:\/\/schema.org\",\"@graph\":[{\"@type\":\"WebPage\",\"@id\":\"https:\/\/demoweb.info\/sexshop001\/producto\/para-siempre-contigo\/\",\"url\":\"https:\/\/demoweb.info\/sexshop001\/producto\/para-siempre-contigo\/\",\"name\":\"PARA SIEMPRE CONTIGO - Tienda Er\u00f3tica\",\"isPartOf\":{\"@id\":\"https:\/\/demoweb.info\/sexshop001\/#website\"},\"datePublished\":\"2022-01-22T13:30:23+00:00\",\"dateModified\":\"2022-01-22T13:30:25+00:00\",\"breadcrumb\":{\"@id\":\"https:\/\/demoweb.info\/sexshop001\/producto\/para-siempre-contigo\/#breadcrumb\"},\"inLanguage\":\"es\",\"potentialAction\":[{\"@type\":\"ReadAction\",\"target\":[\"https:\/\/demoweb.info\/sexshop001\/producto\/para-siempre-contigo\/\"]}]},{\"@type\":\"BreadcrumbList\",\"@id\":\"https:\/\/demoweb.info\/sexshop001\/producto\/para-siempre-contigo\/#breadcrumb\",\"itemListElement\":[{\"@type\":\"ListItem\",\"position\":1,\"name\":\"Portada\",\"item\":\"https:\/\/demoweb.info\/sexshop001\/\"},{\"@type\":\"ListItem\",\"position\":2,\"name\":\"Tienda\",\"item\":\"https:\/\/demoweb.info\/sexshop001\/tienda\/\"},{\"@type\":\"ListItem\",\"position\":3,\"name\":\"PARA SIEMPRE CONTIGO\"}]},{\"@type\":\"WebSite\",\"@id\":\"https:\/\/demoweb.info\/sexshop001\/#website\",\"url\":\"https:\/\/demoweb.info\/sexshop001\/\",\"name\":\"Tienda Er\u00f3tica\",\"description\":\"DEMOWEB SL\",\"potentialAction\":[{\"@type\":\"SearchAction\",\"target\":{\"@type\":\"EntryPoint\",\"urlTemplate\":\"https:\/\/demoweb.info\/sexshop001\/?s={search_term_string}\"},\"query-input\":\"required name=search_term_string\"}],\"inLanguage\":\"es\"}]}<\/script>\n<!-- \/ Yoast SEO plugin. -->","yoast_head_json":{"title":"PARA SIEMPRE CONTIGO - Tienda Er\u00f3tica","robots":{"index":"noindex","follow":"follow","max-snippet":"max-snippet:-1","max-image-preview":"max-image-preview:large","max-video-preview":"max-video-preview:-1"},"og_locale":"es_ES","og_type":"article","og_title":"PARA SIEMPRE CONTIGO - Tienda Er\u00f3tica","og_description":"PARA SIEMPRE CONTIGO. Laurelin Paige. La relaci\u00f3n de Alayna Withers con Hudson Pierce ya ha comprobado su capacidad de confiar.","og_url":"https:\/\/demoweb.info\/sexshop001\/producto\/para-siempre-contigo\/","og_site_name":"Tienda Er\u00f3tica","article_modified_time":"2022-01-22T13:30:25+00:00","og_image":[{"width":550,"height":550,"url":"https:\/\/demoweb.info\/sexshop001\/wp-content\/uploads\/2022\/01\/PARA-SIEMPRE-CONTIGO.jpg","type":"image\/jpeg"}],"twitter_card":"summary_large_image","twitter_misc":{"Tiempo de lectura":"1 minuto"},"schema":{"@context":"https:\/\/schema.org","@graph":[{"@type":"WebPage","@id":"https:\/\/demoweb.info\/sexshop001\/producto\/para-siempre-contigo\/","url":"https:\/\/demoweb.info\/sexshop001\/producto\/para-siempre-contigo\/","name":"PARA SIEMPRE CONTIGO - Tienda Er\u00f3tica","isPartOf":{"@id":"https:\/\/demoweb.info\/sexshop001\/#website"},"datePublished":"2022-01-22T13:30:23+00:00","dateModified":"2022-01-22T13:30:25+00:00","breadcrumb":{"@id":"https:\/\/demoweb.info\/sexshop001\/producto\/para-siempre-contigo\/#breadcrumb"},"inLanguage":"es","potentialAction":[{"@type":"ReadAction","target":["https:\/\/demoweb.info\/sexshop001\/producto\/para-siempre-contigo\/"]}]},{"@type":"BreadcrumbList","@id":"https:\/\/demoweb.info\/sexshop001\/producto\/para-siempre-contigo\/#breadcrumb","itemListElement":[{"@type":"ListItem","position":1,"name":"Portada","item":"https:\/\/demoweb.info\/sexshop001\/"},{"@type":"ListItem","position":2,"name":"Tienda","item":"https:\/\/demoweb.info\/sexshop001\/tienda\/"},{"@type":"ListItem","position":3,"name":"PARA SIEMPRE CONTIGO"}]},{"@type":"WebSite","@id":"https:\/\/demoweb.info\/sexshop001\/#website","url":"https:\/\/demoweb.info\/sexshop001\/","name":"Tienda Er\u00f3tica","description":"DEMOWEB SL","potentialAction":[{"@type":"SearchAction","target":{"@type":"EntryPoint","urlTemplate":"https:\/\/demoweb.info\/sexshop001\/?s={search_term_string}"},"query-input":"required name=search_term_string"}],"inLanguage":"es"}]}},"_links":{"self":[{"href":"https:\/\/demoweb.info\/sexshop001\/wp-json\/wp\/v3\/product\/41208","targetHints":{"allow":["GET"]}}],"collection":[{"href":"https:\/\/demoweb.info\/sexshop001\/wp-json\/wp\/v3\/product"}],"about":[{"href":"https:\/\/demoweb.info\/sexshop001\/wp-json\/wp\/v2\/types\/product"}],"replies":[{"embeddable":true,"href":"https:\/\/demoweb.info\/sexshop001\/wp-json\/wp\/v2\/comments?post=41208"}],"wp:featuredmedia":[{"embeddable":true,"href":"https:\/\/demoweb.info\/sexshop001\/wp-json\/wp\/v2\/media\/41209"}],"wp:attachment":[{"href":"https:\/\/demoweb.info\/sexshop001\/wp-json\/wp\/v2\/media?parent=41208"}],"wp:term":[{"taxonomy":"product_cat","embeddable":true,"href":"https:\/\/demoweb.info\/sexshop001\/wp-json\/wp\/v2\/product_cat?post=41208"},{"taxonomy":"product_tag","embeddable":true,"href":"https:\/\/demoweb.info\/sexshop001\/wp-json\/wp\/v2\/product_tag?post=41208"}],"curies":[{"name":"wp","href":"https:\/\/api.w.org\/{rel}","templated":true}]}}