{"id":41178,"date":"2022-01-22T14:29:51","date_gmt":"2022-01-22T13:29:51","guid":{"rendered":"https:\/\/demoweb.info\/sexshop001\/producto\/ultra-7-eclipse-penguitronic\/"},"modified":"2022-01-22T14:30:06","modified_gmt":"2022-01-22T13:30:06","slug":"ultra-7-eclipse-penguitronic","status":"publish","type":"product","link":"https:\/\/demoweb.info\/sexshop001\/producto\/ultra-7-eclipse-penguitronic\/","title":{"rendered":"ULTRA 7 ECLIPSE PENGUITRONIC"},"content":{"rendered":"<\/p>\n<p><strong>ULTRA 7 ECLIPSE PENGUITRONIC <\/strong>es un novedoso vibrador de alta tecnolog\u00eda fabricado en suave GELATINA con m\u00faltiples capacidades de utilizaci\u00f3n.<\/p>\n<p>Incorpora un revolucionario vibrador con <strong>control electr\u00f3nico<\/strong> tanto de velocidad como de oscilaci\u00f3n y rotaci\u00f3n.<\/p>\n<p><strong>Hasta 42 posibilidades diferentes:<\/strong> 3 velocidades de vibraci\u00f3n, 3 velocidades de impulsos, 1 opci\u00f3n en modo escalado adem\u00e1s de 6 velocidades de oscilaci\u00f3n, junto con tres perlas internas que tambi\u00e9n giran. Adem\u00e1s tambi\u00e9n incorpora otro vibrador espec\u00edficamente indicado para estimular el cl\u00edtoris mediante un dise\u00f1o que simula una suave lengua. <strong>La parte superior del vibrador, tambi\u00e9n oscila sobre si misma<\/strong>.<\/p>\n<p>Adem\u00e1s es ideal para utilizarlo en plena oscuridad puesto que los botones de control se iluminan, haciendo este juguete atractivamente precioso.<\/p>\n<p>Con este exclusivo juguete conseguir\u00e1s experimentar placeres que ni siquiera has so\u00f1ado nunca, es realmente incre\u00edble.<\/p>\n<p>Funciona con 4 pilas <strong>R6\/AA<\/strong> que puedes encontrar en la secci\u00f3n <strong>Pilas<\/strong>.<\/p>\n<p>Medidas insertables: 13 cm. x 3,5 cm.<br \/>\nTotal longuitud: 24 cm<\/p><\/p>\n","protected":false},"excerpt":{"rendered":"<p>ULTRA 7 ECLIPSE PENGUITRONIC es un novedoso vibrador de alta tecnolog\u00eda fabricado en suave GELATINA con m\u00faltiples capacidades de utilizaci\u00f3n.<\/p>\n","protected":false},"featured_media":41179,"comment_status":"open","ping_status":"open","template":"","meta":[],"product_cat":[434],"product_tag":[650],"class_list":["post-41178","product","type-product","status-publish","has-post-thumbnail","hentry","product_cat-doble-estimulacion-vibradores-juguetes-xxx","product_tag-seven-creations"],"bundled_by":[],"bundle_stock_status":"instock","bundle_stock_quantity":2,"bundle_virtual":false,"bundle_layout":"","bundle_add_to_cart_form_location":"","bundle_editable_in_cart":false,"bundle_sold_individually_context":"","bundle_item_grouping":"","bundle_min_size":"","bundle_max_size":"","bundled_items":[],"yoast_head":"<!-- This site is optimized with the Yoast SEO plugin v20.6 - https:\/\/yoast.com\/wordpress\/plugins\/seo\/ -->\n<title>ULTRA 7 ECLIPSE PENGUITRONIC - Tienda Er\u00f3tica<\/title>\n<meta name=\"robots\" content=\"noindex, follow, max-snippet:-1, max-image-preview:large, max-video-preview:-1\" \/>\n<meta property=\"og:locale\" content=\"es_ES\" \/>\n<meta property=\"og:type\" content=\"article\" \/>\n<meta property=\"og:title\" content=\"ULTRA 7 ECLIPSE PENGUITRONIC - Tienda Er\u00f3tica\" \/>\n<meta property=\"og:description\" content=\"ULTRA 7 ECLIPSE PENGUITRONIC es un novedoso vibrador de alta tecnolog\u00eda fabricado en suave GELATINA con m\u00faltiples capacidades de utilizaci\u00f3n.\" \/>\n<meta property=\"og:url\" content=\"https:\/\/demoweb.info\/sexshop001\/producto\/ultra-7-eclipse-penguitronic\/\" \/>\n<meta property=\"og:site_name\" content=\"Tienda Er\u00f3tica\" \/>\n<meta property=\"article:modified_time\" content=\"2022-01-22T13:30:06+00:00\" \/>\n<meta property=\"og:image\" content=\"https:\/\/demoweb.info\/sexshop001\/wp-content\/uploads\/2022\/01\/ULTRA-7-ECLIPSE-PENGUITRONIC.jpg\" \/>\n\t<meta property=\"og:image:width\" content=\"550\" \/>\n\t<meta property=\"og:image:height\" content=\"550\" \/>\n\t<meta property=\"og:image:type\" content=\"image\/jpeg\" \/>\n<meta name=\"twitter:card\" content=\"summary_large_image\" \/>\n<meta name=\"twitter:label1\" content=\"Tiempo de lectura\" \/>\n\t<meta name=\"twitter:data1\" content=\"1 minuto\" \/>\n<script type=\"application\/ld+json\" class=\"yoast-schema-graph\">{\"@context\":\"https:\/\/schema.org\",\"@graph\":[{\"@type\":\"WebPage\",\"@id\":\"https:\/\/demoweb.info\/sexshop001\/producto\/ultra-7-eclipse-penguitronic\/\",\"url\":\"https:\/\/demoweb.info\/sexshop001\/producto\/ultra-7-eclipse-penguitronic\/\",\"name\":\"ULTRA 7 ECLIPSE PENGUITRONIC - Tienda Er\u00f3tica\",\"isPartOf\":{\"@id\":\"https:\/\/demoweb.info\/sexshop001\/#website\"},\"datePublished\":\"2022-01-22T13:29:51+00:00\",\"dateModified\":\"2022-01-22T13:30:06+00:00\",\"breadcrumb\":{\"@id\":\"https:\/\/demoweb.info\/sexshop001\/producto\/ultra-7-eclipse-penguitronic\/#breadcrumb\"},\"inLanguage\":\"es\",\"potentialAction\":[{\"@type\":\"ReadAction\",\"target\":[\"https:\/\/demoweb.info\/sexshop001\/producto\/ultra-7-eclipse-penguitronic\/\"]}]},{\"@type\":\"BreadcrumbList\",\"@id\":\"https:\/\/demoweb.info\/sexshop001\/producto\/ultra-7-eclipse-penguitronic\/#breadcrumb\",\"itemListElement\":[{\"@type\":\"ListItem\",\"position\":1,\"name\":\"Portada\",\"item\":\"https:\/\/demoweb.info\/sexshop001\/\"},{\"@type\":\"ListItem\",\"position\":2,\"name\":\"Tienda\",\"item\":\"https:\/\/demoweb.info\/sexshop001\/tienda\/\"},{\"@type\":\"ListItem\",\"position\":3,\"name\":\"ULTRA 7 ECLIPSE PENGUITRONIC\"}]},{\"@type\":\"WebSite\",\"@id\":\"https:\/\/demoweb.info\/sexshop001\/#website\",\"url\":\"https:\/\/demoweb.info\/sexshop001\/\",\"name\":\"Tienda Er\u00f3tica\",\"description\":\"DEMOWEB SL\",\"potentialAction\":[{\"@type\":\"SearchAction\",\"target\":{\"@type\":\"EntryPoint\",\"urlTemplate\":\"https:\/\/demoweb.info\/sexshop001\/?s={search_term_string}\"},\"query-input\":\"required name=search_term_string\"}],\"inLanguage\":\"es\"}]}<\/script>\n<!-- \/ Yoast SEO plugin. -->","yoast_head_json":{"title":"ULTRA 7 ECLIPSE PENGUITRONIC - Tienda Er\u00f3tica","robots":{"index":"noindex","follow":"follow","max-snippet":"max-snippet:-1","max-image-preview":"max-image-preview:large","max-video-preview":"max-video-preview:-1"},"og_locale":"es_ES","og_type":"article","og_title":"ULTRA 7 ECLIPSE PENGUITRONIC - Tienda Er\u00f3tica","og_description":"ULTRA 7 ECLIPSE PENGUITRONIC es un novedoso vibrador de alta tecnolog\u00eda fabricado en suave GELATINA con m\u00faltiples capacidades de utilizaci\u00f3n.","og_url":"https:\/\/demoweb.info\/sexshop001\/producto\/ultra-7-eclipse-penguitronic\/","og_site_name":"Tienda Er\u00f3tica","article_modified_time":"2022-01-22T13:30:06+00:00","og_image":[{"width":550,"height":550,"url":"https:\/\/demoweb.info\/sexshop001\/wp-content\/uploads\/2022\/01\/ULTRA-7-ECLIPSE-PENGUITRONIC.jpg","type":"image\/jpeg"}],"twitter_card":"summary_large_image","twitter_misc":{"Tiempo de lectura":"1 minuto"},"schema":{"@context":"https:\/\/schema.org","@graph":[{"@type":"WebPage","@id":"https:\/\/demoweb.info\/sexshop001\/producto\/ultra-7-eclipse-penguitronic\/","url":"https:\/\/demoweb.info\/sexshop001\/producto\/ultra-7-eclipse-penguitronic\/","name":"ULTRA 7 ECLIPSE PENGUITRONIC - Tienda Er\u00f3tica","isPartOf":{"@id":"https:\/\/demoweb.info\/sexshop001\/#website"},"datePublished":"2022-01-22T13:29:51+00:00","dateModified":"2022-01-22T13:30:06+00:00","breadcrumb":{"@id":"https:\/\/demoweb.info\/sexshop001\/producto\/ultra-7-eclipse-penguitronic\/#breadcrumb"},"inLanguage":"es","potentialAction":[{"@type":"ReadAction","target":["https:\/\/demoweb.info\/sexshop001\/producto\/ultra-7-eclipse-penguitronic\/"]}]},{"@type":"BreadcrumbList","@id":"https:\/\/demoweb.info\/sexshop001\/producto\/ultra-7-eclipse-penguitronic\/#breadcrumb","itemListElement":[{"@type":"ListItem","position":1,"name":"Portada","item":"https:\/\/demoweb.info\/sexshop001\/"},{"@type":"ListItem","position":2,"name":"Tienda","item":"https:\/\/demoweb.info\/sexshop001\/tienda\/"},{"@type":"ListItem","position":3,"name":"ULTRA 7 ECLIPSE PENGUITRONIC"}]},{"@type":"WebSite","@id":"https:\/\/demoweb.info\/sexshop001\/#website","url":"https:\/\/demoweb.info\/sexshop001\/","name":"Tienda Er\u00f3tica","description":"DEMOWEB SL","potentialAction":[{"@type":"SearchAction","target":{"@type":"EntryPoint","urlTemplate":"https:\/\/demoweb.info\/sexshop001\/?s={search_term_string}"},"query-input":"required name=search_term_string"}],"inLanguage":"es"}]}},"_links":{"self":[{"href":"https:\/\/demoweb.info\/sexshop001\/wp-json\/wp\/v3\/product\/41178","targetHints":{"allow":["GET"]}}],"collection":[{"href":"https:\/\/demoweb.info\/sexshop001\/wp-json\/wp\/v3\/product"}],"about":[{"href":"https:\/\/demoweb.info\/sexshop001\/wp-json\/wp\/v2\/types\/product"}],"replies":[{"embeddable":true,"href":"https:\/\/demoweb.info\/sexshop001\/wp-json\/wp\/v2\/comments?post=41178"}],"wp:featuredmedia":[{"embeddable":true,"href":"https:\/\/demoweb.info\/sexshop001\/wp-json\/wp\/v2\/media\/41179"}],"wp:attachment":[{"href":"https:\/\/demoweb.info\/sexshop001\/wp-json\/wp\/v2\/media?parent=41178"}],"wp:term":[{"taxonomy":"product_cat","embeddable":true,"href":"https:\/\/demoweb.info\/sexshop001\/wp-json\/wp\/v2\/product_cat?post=41178"},{"taxonomy":"product_tag","embeddable":true,"href":"https:\/\/demoweb.info\/sexshop001\/wp-json\/wp\/v2\/product_tag?post=41178"}],"curies":[{"name":"wp","href":"https:\/\/api.w.org\/{rel}","templated":true}]}}