{"id":41135,"date":"2022-01-22T14:29:40","date_gmt":"2022-01-22T13:29:40","guid":{"rendered":"https:\/\/demoweb.info\/sexshop001\/producto\/juego-play-and-roulette\/"},"modified":"2022-01-22T14:29:41","modified_gmt":"2022-01-22T13:29:41","slug":"juego-play-and-roulette","status":"publish","type":"product","link":"https:\/\/demoweb.info\/sexshop001\/producto\/juego-play-and-roulette\/","title":{"rendered":"JUEGO PLAY AND ROULETTE"},"content":{"rendered":"<p>Contiene: Tablero y 2 dados.<br \/>\nInstrucciones:<br \/>\nCada jugador elige par o impar y lanza un dado. Comienza a jugar el jugador que haya acertado par o impar.<br \/>\nLa ruleta consta de 3 partes que se mueven independientes: la 1&ordf; es una acci\u00f3n, la 2&ordf; una parte del cuerpo y la 3&ordf;, la frecuencia o el tiempo durante el cual se realiza la acci\u00f3n.<br \/>\nEl jugador tira los dos dados tres veces, una por cada parte de la ruleta, moviendo la flecha, cada vez, al n\u00famero correspondiente que indique la suma de los dos dados. Una vez posicionadas las tres flechas en su sitio, el jugador ha de llevar a cabo la acci\u00f3n indicada en la parte del cuerpo de su pareja, con la frecuencia o las veces que se indique.<br \/>\nDespu\u00e9s es el turno del otro jugador, y as\u00ed, alternativamente, hasta que el nivel de excitaci\u00f3n de la pareja llegue al m\u00e1ximo, momento en el cual, han de girar la flecha que indicar\u00e1 la postura a realizar al hacer el amor. Haz gemir a tu pareja. Pierde la partida el que antes llegue al orgasmo.<\/p>\n","protected":false},"excerpt":{"rendered":"<p>Contiene: Tablero y 2 dados. Instrucciones: Cada jugador elige par o impar y lanza un dado. Comienza a jugar el<\/p>\n","protected":false},"featured_media":41136,"comment_status":"open","ping_status":"open","template":"","meta":[],"product_cat":[1073],"product_tag":[388,389],"class_list":["post-41135","product","type-product","status-publish","has-post-thumbnail","hentry","product_cat-juegos-para-regalar","product_tag-femarvi","product_tag-play"],"bundled_by":[],"bundle_stock_status":"instock","bundle_stock_quantity":10,"bundle_virtual":false,"bundle_layout":"","bundle_add_to_cart_form_location":"","bundle_editable_in_cart":false,"bundle_sold_individually_context":"","bundle_item_grouping":"","bundle_min_size":"","bundle_max_size":"","bundled_items":[],"yoast_head":"<!-- This site is optimized with the Yoast SEO plugin v20.6 - https:\/\/yoast.com\/wordpress\/plugins\/seo\/ -->\n<title>JUEGO PLAY AND ROULETTE - Tienda Er\u00f3tica<\/title>\n<meta name=\"robots\" content=\"noindex, follow, max-snippet:-1, max-image-preview:large, max-video-preview:-1\" \/>\n<meta property=\"og:locale\" content=\"es_ES\" \/>\n<meta property=\"og:type\" content=\"article\" \/>\n<meta property=\"og:title\" content=\"JUEGO PLAY AND ROULETTE - Tienda Er\u00f3tica\" \/>\n<meta property=\"og:description\" content=\"Contiene: Tablero y 2 dados. Instrucciones: Cada jugador elige par o impar y lanza un dado. Comienza a jugar el\" \/>\n<meta property=\"og:url\" content=\"https:\/\/demoweb.info\/sexshop001\/producto\/juego-play-and-roulette\/\" \/>\n<meta property=\"og:site_name\" content=\"Tienda Er\u00f3tica\" \/>\n<meta property=\"article:modified_time\" content=\"2022-01-22T13:29:41+00:00\" \/>\n<meta property=\"og:image\" content=\"https:\/\/demoweb.info\/sexshop001\/wp-content\/uploads\/2022\/01\/JUEGO-PLAY-AND-ROULETTE.jpg\" \/>\n\t<meta property=\"og:image:width\" content=\"550\" \/>\n\t<meta property=\"og:image:height\" content=\"550\" \/>\n\t<meta property=\"og:image:type\" content=\"image\/jpeg\" \/>\n<meta name=\"twitter:card\" content=\"summary_large_image\" \/>\n<meta name=\"twitter:label1\" content=\"Tiempo de lectura\" \/>\n\t<meta name=\"twitter:data1\" content=\"1 minuto\" \/>\n<script type=\"application\/ld+json\" class=\"yoast-schema-graph\">{\"@context\":\"https:\/\/schema.org\",\"@graph\":[{\"@type\":\"WebPage\",\"@id\":\"https:\/\/demoweb.info\/sexshop001\/producto\/juego-play-and-roulette\/\",\"url\":\"https:\/\/demoweb.info\/sexshop001\/producto\/juego-play-and-roulette\/\",\"name\":\"JUEGO PLAY AND ROULETTE - Tienda Er\u00f3tica\",\"isPartOf\":{\"@id\":\"https:\/\/demoweb.info\/sexshop001\/#website\"},\"datePublished\":\"2022-01-22T13:29:40+00:00\",\"dateModified\":\"2022-01-22T13:29:41+00:00\",\"breadcrumb\":{\"@id\":\"https:\/\/demoweb.info\/sexshop001\/producto\/juego-play-and-roulette\/#breadcrumb\"},\"inLanguage\":\"es\",\"potentialAction\":[{\"@type\":\"ReadAction\",\"target\":[\"https:\/\/demoweb.info\/sexshop001\/producto\/juego-play-and-roulette\/\"]}]},{\"@type\":\"BreadcrumbList\",\"@id\":\"https:\/\/demoweb.info\/sexshop001\/producto\/juego-play-and-roulette\/#breadcrumb\",\"itemListElement\":[{\"@type\":\"ListItem\",\"position\":1,\"name\":\"Portada\",\"item\":\"https:\/\/demoweb.info\/sexshop001\/\"},{\"@type\":\"ListItem\",\"position\":2,\"name\":\"Tienda\",\"item\":\"https:\/\/demoweb.info\/sexshop001\/tienda\/\"},{\"@type\":\"ListItem\",\"position\":3,\"name\":\"JUEGO PLAY AND ROULETTE\"}]},{\"@type\":\"WebSite\",\"@id\":\"https:\/\/demoweb.info\/sexshop001\/#website\",\"url\":\"https:\/\/demoweb.info\/sexshop001\/\",\"name\":\"Tienda Er\u00f3tica\",\"description\":\"DEMOWEB SL\",\"potentialAction\":[{\"@type\":\"SearchAction\",\"target\":{\"@type\":\"EntryPoint\",\"urlTemplate\":\"https:\/\/demoweb.info\/sexshop001\/?s={search_term_string}\"},\"query-input\":\"required name=search_term_string\"}],\"inLanguage\":\"es\"}]}<\/script>\n<!-- \/ Yoast SEO plugin. -->","yoast_head_json":{"title":"JUEGO PLAY AND ROULETTE - Tienda Er\u00f3tica","robots":{"index":"noindex","follow":"follow","max-snippet":"max-snippet:-1","max-image-preview":"max-image-preview:large","max-video-preview":"max-video-preview:-1"},"og_locale":"es_ES","og_type":"article","og_title":"JUEGO PLAY AND ROULETTE - Tienda Er\u00f3tica","og_description":"Contiene: Tablero y 2 dados. Instrucciones: Cada jugador elige par o impar y lanza un dado. Comienza a jugar el","og_url":"https:\/\/demoweb.info\/sexshop001\/producto\/juego-play-and-roulette\/","og_site_name":"Tienda Er\u00f3tica","article_modified_time":"2022-01-22T13:29:41+00:00","og_image":[{"width":550,"height":550,"url":"https:\/\/demoweb.info\/sexshop001\/wp-content\/uploads\/2022\/01\/JUEGO-PLAY-AND-ROULETTE.jpg","type":"image\/jpeg"}],"twitter_card":"summary_large_image","twitter_misc":{"Tiempo de lectura":"1 minuto"},"schema":{"@context":"https:\/\/schema.org","@graph":[{"@type":"WebPage","@id":"https:\/\/demoweb.info\/sexshop001\/producto\/juego-play-and-roulette\/","url":"https:\/\/demoweb.info\/sexshop001\/producto\/juego-play-and-roulette\/","name":"JUEGO PLAY AND ROULETTE - Tienda Er\u00f3tica","isPartOf":{"@id":"https:\/\/demoweb.info\/sexshop001\/#website"},"datePublished":"2022-01-22T13:29:40+00:00","dateModified":"2022-01-22T13:29:41+00:00","breadcrumb":{"@id":"https:\/\/demoweb.info\/sexshop001\/producto\/juego-play-and-roulette\/#breadcrumb"},"inLanguage":"es","potentialAction":[{"@type":"ReadAction","target":["https:\/\/demoweb.info\/sexshop001\/producto\/juego-play-and-roulette\/"]}]},{"@type":"BreadcrumbList","@id":"https:\/\/demoweb.info\/sexshop001\/producto\/juego-play-and-roulette\/#breadcrumb","itemListElement":[{"@type":"ListItem","position":1,"name":"Portada","item":"https:\/\/demoweb.info\/sexshop001\/"},{"@type":"ListItem","position":2,"name":"Tienda","item":"https:\/\/demoweb.info\/sexshop001\/tienda\/"},{"@type":"ListItem","position":3,"name":"JUEGO PLAY AND ROULETTE"}]},{"@type":"WebSite","@id":"https:\/\/demoweb.info\/sexshop001\/#website","url":"https:\/\/demoweb.info\/sexshop001\/","name":"Tienda Er\u00f3tica","description":"DEMOWEB SL","potentialAction":[{"@type":"SearchAction","target":{"@type":"EntryPoint","urlTemplate":"https:\/\/demoweb.info\/sexshop001\/?s={search_term_string}"},"query-input":"required name=search_term_string"}],"inLanguage":"es"}]}},"_links":{"self":[{"href":"https:\/\/demoweb.info\/sexshop001\/wp-json\/wp\/v3\/product\/41135","targetHints":{"allow":["GET"]}}],"collection":[{"href":"https:\/\/demoweb.info\/sexshop001\/wp-json\/wp\/v3\/product"}],"about":[{"href":"https:\/\/demoweb.info\/sexshop001\/wp-json\/wp\/v2\/types\/product"}],"replies":[{"embeddable":true,"href":"https:\/\/demoweb.info\/sexshop001\/wp-json\/wp\/v2\/comments?post=41135"}],"wp:featuredmedia":[{"embeddable":true,"href":"https:\/\/demoweb.info\/sexshop001\/wp-json\/wp\/v2\/media\/41136"}],"wp:attachment":[{"href":"https:\/\/demoweb.info\/sexshop001\/wp-json\/wp\/v2\/media?parent=41135"}],"wp:term":[{"taxonomy":"product_cat","embeddable":true,"href":"https:\/\/demoweb.info\/sexshop001\/wp-json\/wp\/v2\/product_cat?post=41135"},{"taxonomy":"product_tag","embeddable":true,"href":"https:\/\/demoweb.info\/sexshop001\/wp-json\/wp\/v2\/product_tag?post=41135"}],"curies":[{"name":"wp","href":"https:\/\/api.w.org\/{rel}","templated":true}]}}