{"id":41117,"date":"2022-01-22T14:29:27","date_gmt":"2022-01-22T13:29:27","guid":{"rendered":"https:\/\/demoweb.info\/sexshop001\/producto\/vibrador-liquido-estimulador-unisex-15-ml\/"},"modified":"2022-01-22T14:29:30","modified_gmt":"2022-01-22T13:29:30","slug":"vibrador-liquido-estimulador-unisex-15-ml","status":"publish","type":"product","link":"https:\/\/demoweb.info\/sexshop001\/producto\/vibrador-liquido-estimulador-unisex-15-ml\/","title":{"rendered":"VIBRADOR LIQUIDO ESTIMULADOR UNISEX 15 ML."},"content":{"rendered":"<p><strong><em>VIBRACIONES , EST\u00cdMULOS Y CHOQUES DE PLACER<\/em><\/strong><\/p>\n<p>\u00bfQu\u00e9 es el Vibrador L\u00edquido? Es un gel unisex que se extiende sobre la piel mediante un suave masaje , despu\u00e9s de su aplicaci\u00f3n produce unas sensaciones estimulantes con ondas de vibraci\u00f3n.<\/p>\n<p>Permite un mayor placer para la pareja y una sensaci\u00f3n \u00fanica. Envase con sistema \u201cAirless\u201d.<\/p>\n<p>15 ml.<\/p>\n","protected":false},"excerpt":{"rendered":"<p>VIBRACIONES , EST\u00cdMULOS Y CHOQUES DE PLACER \u00bfQu\u00e9 es el Vibrador L\u00edquido? Es un gel unisex que se extiende sobre<\/p>\n","protected":false},"featured_media":41118,"comment_status":"open","ping_status":"open","template":"","meta":[],"product_cat":[538],"product_tag":[565,564],"class_list":["post-41117","product","type-product","status-publish","has-post-thumbnail","hentry","product_cat-maquinas-vending","product_tag-secret-beauty","product_tag-secret-play"],"bundled_by":[],"bundle_stock_status":"instock","bundle_stock_quantity":25,"bundle_virtual":false,"bundle_layout":"","bundle_add_to_cart_form_location":"","bundle_editable_in_cart":false,"bundle_sold_individually_context":"","bundle_item_grouping":"","bundle_min_size":"","bundle_max_size":"","bundled_items":[],"yoast_head":"<!-- This site is optimized with the Yoast SEO plugin v20.6 - https:\/\/yoast.com\/wordpress\/plugins\/seo\/ -->\n<title>VIBRADOR LIQUIDO ESTIMULADOR UNISEX 15 ML. - Tienda Er\u00f3tica<\/title>\n<meta name=\"robots\" content=\"noindex, follow, max-snippet:-1, max-image-preview:large, max-video-preview:-1\" \/>\n<meta property=\"og:locale\" content=\"es_ES\" \/>\n<meta property=\"og:type\" content=\"article\" \/>\n<meta property=\"og:title\" content=\"VIBRADOR LIQUIDO ESTIMULADOR UNISEX 15 ML. - Tienda Er\u00f3tica\" \/>\n<meta property=\"og:description\" content=\"VIBRACIONES , EST\u00cdMULOS Y CHOQUES DE PLACER \u00bfQu\u00e9 es el Vibrador L\u00edquido? Es un gel unisex que se extiende sobre\" \/>\n<meta property=\"og:url\" content=\"https:\/\/demoweb.info\/sexshop001\/producto\/vibrador-liquido-estimulador-unisex-15-ml\/\" \/>\n<meta property=\"og:site_name\" content=\"Tienda Er\u00f3tica\" \/>\n<meta property=\"article:modified_time\" content=\"2022-01-22T13:29:30+00:00\" \/>\n<meta property=\"og:image\" content=\"https:\/\/demoweb.info\/sexshop001\/wp-content\/uploads\/2022\/01\/VIBRADOR-LIQUIDO-ESTIMULADOR-UNISEX-15-ML.jpg\" \/>\n\t<meta property=\"og:image:width\" content=\"550\" \/>\n\t<meta property=\"og:image:height\" content=\"550\" \/>\n\t<meta property=\"og:image:type\" content=\"image\/jpeg\" \/>\n<meta name=\"twitter:card\" content=\"summary_large_image\" \/>\n<script type=\"application\/ld+json\" class=\"yoast-schema-graph\">{\"@context\":\"https:\/\/schema.org\",\"@graph\":[{\"@type\":\"WebPage\",\"@id\":\"https:\/\/demoweb.info\/sexshop001\/producto\/vibrador-liquido-estimulador-unisex-15-ml\/\",\"url\":\"https:\/\/demoweb.info\/sexshop001\/producto\/vibrador-liquido-estimulador-unisex-15-ml\/\",\"name\":\"VIBRADOR LIQUIDO ESTIMULADOR UNISEX 15 ML. - Tienda Er\u00f3tica\",\"isPartOf\":{\"@id\":\"https:\/\/demoweb.info\/sexshop001\/#website\"},\"datePublished\":\"2022-01-22T13:29:27+00:00\",\"dateModified\":\"2022-01-22T13:29:30+00:00\",\"breadcrumb\":{\"@id\":\"https:\/\/demoweb.info\/sexshop001\/producto\/vibrador-liquido-estimulador-unisex-15-ml\/#breadcrumb\"},\"inLanguage\":\"es\",\"potentialAction\":[{\"@type\":\"ReadAction\",\"target\":[\"https:\/\/demoweb.info\/sexshop001\/producto\/vibrador-liquido-estimulador-unisex-15-ml\/\"]}]},{\"@type\":\"BreadcrumbList\",\"@id\":\"https:\/\/demoweb.info\/sexshop001\/producto\/vibrador-liquido-estimulador-unisex-15-ml\/#breadcrumb\",\"itemListElement\":[{\"@type\":\"ListItem\",\"position\":1,\"name\":\"Portada\",\"item\":\"https:\/\/demoweb.info\/sexshop001\/\"},{\"@type\":\"ListItem\",\"position\":2,\"name\":\"Tienda\",\"item\":\"https:\/\/demoweb.info\/sexshop001\/tienda\/\"},{\"@type\":\"ListItem\",\"position\":3,\"name\":\"VIBRADOR LIQUIDO ESTIMULADOR UNISEX 15 ML.\"}]},{\"@type\":\"WebSite\",\"@id\":\"https:\/\/demoweb.info\/sexshop001\/#website\",\"url\":\"https:\/\/demoweb.info\/sexshop001\/\",\"name\":\"Tienda Er\u00f3tica\",\"description\":\"DEMOWEB SL\",\"potentialAction\":[{\"@type\":\"SearchAction\",\"target\":{\"@type\":\"EntryPoint\",\"urlTemplate\":\"https:\/\/demoweb.info\/sexshop001\/?s={search_term_string}\"},\"query-input\":\"required name=search_term_string\"}],\"inLanguage\":\"es\"}]}<\/script>\n<!-- \/ Yoast SEO plugin. -->","yoast_head_json":{"title":"VIBRADOR LIQUIDO ESTIMULADOR UNISEX 15 ML. - Tienda Er\u00f3tica","robots":{"index":"noindex","follow":"follow","max-snippet":"max-snippet:-1","max-image-preview":"max-image-preview:large","max-video-preview":"max-video-preview:-1"},"og_locale":"es_ES","og_type":"article","og_title":"VIBRADOR LIQUIDO ESTIMULADOR UNISEX 15 ML. - Tienda Er\u00f3tica","og_description":"VIBRACIONES , EST\u00cdMULOS Y CHOQUES DE PLACER \u00bfQu\u00e9 es el Vibrador L\u00edquido? Es un gel unisex que se extiende sobre","og_url":"https:\/\/demoweb.info\/sexshop001\/producto\/vibrador-liquido-estimulador-unisex-15-ml\/","og_site_name":"Tienda Er\u00f3tica","article_modified_time":"2022-01-22T13:29:30+00:00","og_image":[{"width":550,"height":550,"url":"https:\/\/demoweb.info\/sexshop001\/wp-content\/uploads\/2022\/01\/VIBRADOR-LIQUIDO-ESTIMULADOR-UNISEX-15-ML.jpg","type":"image\/jpeg"}],"twitter_card":"summary_large_image","schema":{"@context":"https:\/\/schema.org","@graph":[{"@type":"WebPage","@id":"https:\/\/demoweb.info\/sexshop001\/producto\/vibrador-liquido-estimulador-unisex-15-ml\/","url":"https:\/\/demoweb.info\/sexshop001\/producto\/vibrador-liquido-estimulador-unisex-15-ml\/","name":"VIBRADOR LIQUIDO ESTIMULADOR UNISEX 15 ML. - Tienda Er\u00f3tica","isPartOf":{"@id":"https:\/\/demoweb.info\/sexshop001\/#website"},"datePublished":"2022-01-22T13:29:27+00:00","dateModified":"2022-01-22T13:29:30+00:00","breadcrumb":{"@id":"https:\/\/demoweb.info\/sexshop001\/producto\/vibrador-liquido-estimulador-unisex-15-ml\/#breadcrumb"},"inLanguage":"es","potentialAction":[{"@type":"ReadAction","target":["https:\/\/demoweb.info\/sexshop001\/producto\/vibrador-liquido-estimulador-unisex-15-ml\/"]}]},{"@type":"BreadcrumbList","@id":"https:\/\/demoweb.info\/sexshop001\/producto\/vibrador-liquido-estimulador-unisex-15-ml\/#breadcrumb","itemListElement":[{"@type":"ListItem","position":1,"name":"Portada","item":"https:\/\/demoweb.info\/sexshop001\/"},{"@type":"ListItem","position":2,"name":"Tienda","item":"https:\/\/demoweb.info\/sexshop001\/tienda\/"},{"@type":"ListItem","position":3,"name":"VIBRADOR LIQUIDO ESTIMULADOR UNISEX 15 ML."}]},{"@type":"WebSite","@id":"https:\/\/demoweb.info\/sexshop001\/#website","url":"https:\/\/demoweb.info\/sexshop001\/","name":"Tienda Er\u00f3tica","description":"DEMOWEB SL","potentialAction":[{"@type":"SearchAction","target":{"@type":"EntryPoint","urlTemplate":"https:\/\/demoweb.info\/sexshop001\/?s={search_term_string}"},"query-input":"required name=search_term_string"}],"inLanguage":"es"}]}},"_links":{"self":[{"href":"https:\/\/demoweb.info\/sexshop001\/wp-json\/wp\/v3\/product\/41117","targetHints":{"allow":["GET"]}}],"collection":[{"href":"https:\/\/demoweb.info\/sexshop001\/wp-json\/wp\/v3\/product"}],"about":[{"href":"https:\/\/demoweb.info\/sexshop001\/wp-json\/wp\/v2\/types\/product"}],"replies":[{"embeddable":true,"href":"https:\/\/demoweb.info\/sexshop001\/wp-json\/wp\/v2\/comments?post=41117"}],"wp:featuredmedia":[{"embeddable":true,"href":"https:\/\/demoweb.info\/sexshop001\/wp-json\/wp\/v2\/media\/41118"}],"wp:attachment":[{"href":"https:\/\/demoweb.info\/sexshop001\/wp-json\/wp\/v2\/media?parent=41117"}],"wp:term":[{"taxonomy":"product_cat","embeddable":true,"href":"https:\/\/demoweb.info\/sexshop001\/wp-json\/wp\/v2\/product_cat?post=41117"},{"taxonomy":"product_tag","embeddable":true,"href":"https:\/\/demoweb.info\/sexshop001\/wp-json\/wp\/v2\/product_tag?post=41117"}],"curies":[{"name":"wp","href":"https:\/\/api.w.org\/{rel}","templated":true}]}}