{"id":41105,"date":"2022-01-22T14:29:09","date_gmt":"2022-01-22T13:29:09","guid":{"rendered":"https:\/\/demoweb.info\/sexshop001\/producto\/perfume-en-aceite-secret-orchid-20ml\/"},"modified":"2022-01-22T14:29:24","modified_gmt":"2022-01-22T13:29:24","slug":"perfume-en-aceite-secret-orchid-20ml","status":"publish","type":"product","link":"https:\/\/demoweb.info\/sexshop001\/producto\/perfume-en-aceite-secret-orchid-20ml\/","title":{"rendered":"PERFUME EN ACEITE SECRET ORCHID 20ML"},"content":{"rendered":"<p>Un incre\u00edble e intenso aroma a orqu\u00eddea con una sutil calidez sensual ataviada con un atrayente a trufa con feromonas son las credenciales que nos presenta el aceite de perfume \u201cSecret Orchid\u201d, como todos los aceites de Vanesa presentan las mejores propiedades para tu piel con una mezcla delicada de perfume que le dan una especial textura y suavidadestimulando los sentidos al masajear tu piel. Este delicioso aceite con atrayente a trufa para crear una fuerte atracci\u00f3n a la persona del sexo opuesto proporciona a tu piel un aspecto satinado e hidratado dando un agradable aspecto a tu piel.<\/p>\n<p>Este aceite est\u00e1 disponible en frascos con sistema Roll-on de 20 ml para ofrecerte todo un deleite afrodis\u00edaco para tu cuerpo.<\/p>\n","protected":false},"excerpt":{"rendered":"<p>Un incre\u00edble e intenso aroma a orqu\u00eddea con una sutil calidez sensual ataviada con un atrayente a trufa con feromonas<\/p>\n","protected":false},"featured_media":41106,"comment_status":"open","ping_status":"open","template":"","meta":[],"product_cat":[420],"product_tag":[565,564],"class_list":["post-41105","product","type-product","status-publish","has-post-thumbnail","hentry","product_cat-perfumes","product_tag-secret-beauty","product_tag-secret-play"],"bundled_by":[],"bundle_stock_status":"instock","bundle_stock_quantity":2,"bundle_virtual":false,"bundle_layout":"","bundle_add_to_cart_form_location":"","bundle_editable_in_cart":false,"bundle_sold_individually_context":"","bundle_item_grouping":"","bundle_min_size":"","bundle_max_size":"","bundled_items":[],"yoast_head":"<!-- This site is optimized with the Yoast SEO plugin v20.6 - https:\/\/yoast.com\/wordpress\/plugins\/seo\/ -->\n<title>PERFUME EN ACEITE SECRET ORCHID 20ML - Tienda Er\u00f3tica<\/title>\n<meta name=\"robots\" content=\"noindex, follow, max-snippet:-1, max-image-preview:large, max-video-preview:-1\" \/>\n<meta property=\"og:locale\" content=\"es_ES\" \/>\n<meta property=\"og:type\" content=\"article\" \/>\n<meta property=\"og:title\" content=\"PERFUME EN ACEITE SECRET ORCHID 20ML - Tienda Er\u00f3tica\" \/>\n<meta property=\"og:description\" content=\"Un incre\u00edble e intenso aroma a orqu\u00eddea con una sutil calidez sensual ataviada con un atrayente a trufa con feromonas\" \/>\n<meta property=\"og:url\" content=\"https:\/\/demoweb.info\/sexshop001\/producto\/perfume-en-aceite-secret-orchid-20ml\/\" \/>\n<meta property=\"og:site_name\" content=\"Tienda Er\u00f3tica\" \/>\n<meta property=\"article:modified_time\" content=\"2022-01-22T13:29:24+00:00\" \/>\n<meta property=\"og:image\" content=\"https:\/\/demoweb.info\/sexshop001\/wp-content\/uploads\/2022\/01\/PERFUME-EN-ACEITE-SECRET-ORCHID-20ML.jpg\" \/>\n\t<meta property=\"og:image:width\" content=\"550\" \/>\n\t<meta property=\"og:image:height\" content=\"550\" \/>\n\t<meta property=\"og:image:type\" content=\"image\/jpeg\" \/>\n<meta name=\"twitter:card\" content=\"summary_large_image\" \/>\n<meta name=\"twitter:label1\" content=\"Tiempo de lectura\" \/>\n\t<meta name=\"twitter:data1\" content=\"1 minuto\" \/>\n<script type=\"application\/ld+json\" class=\"yoast-schema-graph\">{\"@context\":\"https:\/\/schema.org\",\"@graph\":[{\"@type\":\"WebPage\",\"@id\":\"https:\/\/demoweb.info\/sexshop001\/producto\/perfume-en-aceite-secret-orchid-20ml\/\",\"url\":\"https:\/\/demoweb.info\/sexshop001\/producto\/perfume-en-aceite-secret-orchid-20ml\/\",\"name\":\"PERFUME EN ACEITE SECRET ORCHID 20ML - Tienda Er\u00f3tica\",\"isPartOf\":{\"@id\":\"https:\/\/demoweb.info\/sexshop001\/#website\"},\"datePublished\":\"2022-01-22T13:29:09+00:00\",\"dateModified\":\"2022-01-22T13:29:24+00:00\",\"breadcrumb\":{\"@id\":\"https:\/\/demoweb.info\/sexshop001\/producto\/perfume-en-aceite-secret-orchid-20ml\/#breadcrumb\"},\"inLanguage\":\"es\",\"potentialAction\":[{\"@type\":\"ReadAction\",\"target\":[\"https:\/\/demoweb.info\/sexshop001\/producto\/perfume-en-aceite-secret-orchid-20ml\/\"]}]},{\"@type\":\"BreadcrumbList\",\"@id\":\"https:\/\/demoweb.info\/sexshop001\/producto\/perfume-en-aceite-secret-orchid-20ml\/#breadcrumb\",\"itemListElement\":[{\"@type\":\"ListItem\",\"position\":1,\"name\":\"Portada\",\"item\":\"https:\/\/demoweb.info\/sexshop001\/\"},{\"@type\":\"ListItem\",\"position\":2,\"name\":\"Tienda\",\"item\":\"https:\/\/demoweb.info\/sexshop001\/tienda\/\"},{\"@type\":\"ListItem\",\"position\":3,\"name\":\"PERFUME EN ACEITE SECRET ORCHID 20ML\"}]},{\"@type\":\"WebSite\",\"@id\":\"https:\/\/demoweb.info\/sexshop001\/#website\",\"url\":\"https:\/\/demoweb.info\/sexshop001\/\",\"name\":\"Tienda Er\u00f3tica\",\"description\":\"DEMOWEB SL\",\"potentialAction\":[{\"@type\":\"SearchAction\",\"target\":{\"@type\":\"EntryPoint\",\"urlTemplate\":\"https:\/\/demoweb.info\/sexshop001\/?s={search_term_string}\"},\"query-input\":\"required name=search_term_string\"}],\"inLanguage\":\"es\"}]}<\/script>\n<!-- \/ Yoast SEO plugin. -->","yoast_head_json":{"title":"PERFUME EN ACEITE SECRET ORCHID 20ML - Tienda Er\u00f3tica","robots":{"index":"noindex","follow":"follow","max-snippet":"max-snippet:-1","max-image-preview":"max-image-preview:large","max-video-preview":"max-video-preview:-1"},"og_locale":"es_ES","og_type":"article","og_title":"PERFUME EN ACEITE SECRET ORCHID 20ML - Tienda Er\u00f3tica","og_description":"Un incre\u00edble e intenso aroma a orqu\u00eddea con una sutil calidez sensual ataviada con un atrayente a trufa con feromonas","og_url":"https:\/\/demoweb.info\/sexshop001\/producto\/perfume-en-aceite-secret-orchid-20ml\/","og_site_name":"Tienda Er\u00f3tica","article_modified_time":"2022-01-22T13:29:24+00:00","og_image":[{"width":550,"height":550,"url":"https:\/\/demoweb.info\/sexshop001\/wp-content\/uploads\/2022\/01\/PERFUME-EN-ACEITE-SECRET-ORCHID-20ML.jpg","type":"image\/jpeg"}],"twitter_card":"summary_large_image","twitter_misc":{"Tiempo de lectura":"1 minuto"},"schema":{"@context":"https:\/\/schema.org","@graph":[{"@type":"WebPage","@id":"https:\/\/demoweb.info\/sexshop001\/producto\/perfume-en-aceite-secret-orchid-20ml\/","url":"https:\/\/demoweb.info\/sexshop001\/producto\/perfume-en-aceite-secret-orchid-20ml\/","name":"PERFUME EN ACEITE SECRET ORCHID 20ML - Tienda Er\u00f3tica","isPartOf":{"@id":"https:\/\/demoweb.info\/sexshop001\/#website"},"datePublished":"2022-01-22T13:29:09+00:00","dateModified":"2022-01-22T13:29:24+00:00","breadcrumb":{"@id":"https:\/\/demoweb.info\/sexshop001\/producto\/perfume-en-aceite-secret-orchid-20ml\/#breadcrumb"},"inLanguage":"es","potentialAction":[{"@type":"ReadAction","target":["https:\/\/demoweb.info\/sexshop001\/producto\/perfume-en-aceite-secret-orchid-20ml\/"]}]},{"@type":"BreadcrumbList","@id":"https:\/\/demoweb.info\/sexshop001\/producto\/perfume-en-aceite-secret-orchid-20ml\/#breadcrumb","itemListElement":[{"@type":"ListItem","position":1,"name":"Portada","item":"https:\/\/demoweb.info\/sexshop001\/"},{"@type":"ListItem","position":2,"name":"Tienda","item":"https:\/\/demoweb.info\/sexshop001\/tienda\/"},{"@type":"ListItem","position":3,"name":"PERFUME EN ACEITE SECRET ORCHID 20ML"}]},{"@type":"WebSite","@id":"https:\/\/demoweb.info\/sexshop001\/#website","url":"https:\/\/demoweb.info\/sexshop001\/","name":"Tienda Er\u00f3tica","description":"DEMOWEB SL","potentialAction":[{"@type":"SearchAction","target":{"@type":"EntryPoint","urlTemplate":"https:\/\/demoweb.info\/sexshop001\/?s={search_term_string}"},"query-input":"required name=search_term_string"}],"inLanguage":"es"}]}},"_links":{"self":[{"href":"https:\/\/demoweb.info\/sexshop001\/wp-json\/wp\/v3\/product\/41105","targetHints":{"allow":["GET"]}}],"collection":[{"href":"https:\/\/demoweb.info\/sexshop001\/wp-json\/wp\/v3\/product"}],"about":[{"href":"https:\/\/demoweb.info\/sexshop001\/wp-json\/wp\/v2\/types\/product"}],"replies":[{"embeddable":true,"href":"https:\/\/demoweb.info\/sexshop001\/wp-json\/wp\/v2\/comments?post=41105"}],"wp:featuredmedia":[{"embeddable":true,"href":"https:\/\/demoweb.info\/sexshop001\/wp-json\/wp\/v2\/media\/41106"}],"wp:attachment":[{"href":"https:\/\/demoweb.info\/sexshop001\/wp-json\/wp\/v2\/media?parent=41105"}],"wp:term":[{"taxonomy":"product_cat","embeddable":true,"href":"https:\/\/demoweb.info\/sexshop001\/wp-json\/wp\/v2\/product_cat?post=41105"},{"taxonomy":"product_tag","embeddable":true,"href":"https:\/\/demoweb.info\/sexshop001\/wp-json\/wp\/v2\/product_tag?post=41105"}],"curies":[{"name":"wp","href":"https:\/\/api.w.org\/{rel}","templated":true}]}}