{"id":41072,"date":"2022-01-22T14:28:47","date_gmt":"2022-01-22T13:28:47","guid":{"rendered":"https:\/\/demoweb.info\/sexshop001\/producto\/bomba-succionadora-masculina\/"},"modified":"2022-01-22T14:29:05","modified_gmt":"2022-01-22T13:29:05","slug":"bomba-succionadora-masculina","status":"publish","type":"product","link":"https:\/\/demoweb.info\/sexshop001\/producto\/bomba-succionadora-masculina\/","title":{"rendered":"BOMBA SUCCIONADORA MASCULINA"},"content":{"rendered":"<p><strong>SUCK STROKE HEAD PUMP BLACK<\/strong><\/p>\n<p>Disfrute de una experiencia intensa con la incre\u00edble Suck Stroke N &#39;Head Pump. Crea una acci\u00f3n de succi\u00f3n de gran alcance que estimula las terminaciones nerviosas sensibles por debajo y alrededor de la cabeza del pene.<\/p>\n<p>Con cada apret\u00f3n de la bola de la bomba de estilo m\u00e9dico, el manguito de goma blanda se aferra a su virilidad y se desliza hacia arriba y hacia abajo con cada bomba. Elija un tama\u00f1o de anillo primera, deslice el anillo sobre el manguito, doble el manguito sobre el cilindro de la bomba, y disfrute de una junta estanca al vac\u00edo alrededor de su cabeza.<\/p>\n<p>Aseg\u00farese de usar un mont\u00f3n de loci\u00f3n MOIST\u00ae para una sensaci\u00f3n extra salvaje!<\/p>\n<p><em>Kit incluye:<\/em><\/p>\n<ul>\n<li>Bomba estilo M\u00e9dico PVC<\/li>\n<li>Manga Super-el\u00e1stica PVC<\/li>\n<li>Cilindros ABS<\/li>\n<li>Claro y tubo Vaccuum robusta<\/li>\n<li>3 anillos de silicona<\/li>\n<li>Loci\u00f3n y limpiador de juguetes<\/li>\n<\/ul>\n<p><em>Dimensiones de la manga: <\/em> Longitud: 124.65 mm \/Anchura: 58,53 mm \/ Profundidad: 2,77 mm<\/p>\n<p><em>Dimensiones del cilindro: <\/em> Longitud: 81.79 mm \/ Ancho \/ Di\u00e1metro: 52,7 mm \/ Profundidad: 2,09 mm<\/p>\n<p><em>Di\u00e1metros Anillos: <\/em> Peque\u00f1o: 30 mm \/ Medio: 40 mm \/ Grande: 50 mm<\/p>\n","protected":false},"excerpt":{"rendered":"<p>SUCK STROKE HEAD PUMP BLACK Disfrute de una experiencia intensa con la incre\u00edble Suck Stroke N &#39;Head Pump. Crea una<\/p>\n","protected":false},"featured_media":41073,"comment_status":"open","ping_status":"open","template":"","meta":[],"product_cat":[542],"product_tag":[260,259],"class_list":["post-41072","product","type-product","status-publish","has-post-thumbnail","hentry","product_cat-clasicos","product_tag-fetish-fantasy-series","product_tag-pipedream"],"bundled_by":[],"bundle_stock_status":"instock","bundle_stock_quantity":1,"bundle_virtual":false,"bundle_layout":"","bundle_add_to_cart_form_location":"","bundle_editable_in_cart":false,"bundle_sold_individually_context":"","bundle_item_grouping":"","bundle_min_size":"","bundle_max_size":"","bundled_items":[],"yoast_head":"<!-- This site is optimized with the Yoast SEO plugin v20.6 - https:\/\/yoast.com\/wordpress\/plugins\/seo\/ -->\n<title>BOMBA SUCCIONADORA MASCULINA - Tienda Er\u00f3tica<\/title>\n<meta name=\"robots\" content=\"noindex, follow, max-snippet:-1, max-image-preview:large, max-video-preview:-1\" \/>\n<meta property=\"og:locale\" content=\"es_ES\" \/>\n<meta property=\"og:type\" content=\"article\" \/>\n<meta property=\"og:title\" content=\"BOMBA SUCCIONADORA MASCULINA - Tienda Er\u00f3tica\" \/>\n<meta property=\"og:description\" content=\"SUCK STROKE HEAD PUMP BLACK Disfrute de una experiencia intensa con la incre\u00edble Suck Stroke N &#039;Head Pump. Crea una\" \/>\n<meta property=\"og:url\" content=\"https:\/\/demoweb.info\/sexshop001\/producto\/bomba-succionadora-masculina\/\" \/>\n<meta property=\"og:site_name\" content=\"Tienda Er\u00f3tica\" \/>\n<meta property=\"article:modified_time\" content=\"2022-01-22T13:29:05+00:00\" \/>\n<meta property=\"og:image\" content=\"https:\/\/demoweb.info\/sexshop001\/wp-content\/uploads\/2022\/01\/BOMBA-SUCCIONADORA-MASCULINA.jpg\" \/>\n\t<meta property=\"og:image:width\" content=\"550\" \/>\n\t<meta property=\"og:image:height\" content=\"550\" \/>\n\t<meta property=\"og:image:type\" content=\"image\/jpeg\" \/>\n<meta name=\"twitter:card\" content=\"summary_large_image\" \/>\n<meta name=\"twitter:label1\" content=\"Tiempo de lectura\" \/>\n\t<meta name=\"twitter:data1\" content=\"1 minuto\" \/>\n<script type=\"application\/ld+json\" class=\"yoast-schema-graph\">{\"@context\":\"https:\/\/schema.org\",\"@graph\":[{\"@type\":\"WebPage\",\"@id\":\"https:\/\/demoweb.info\/sexshop001\/producto\/bomba-succionadora-masculina\/\",\"url\":\"https:\/\/demoweb.info\/sexshop001\/producto\/bomba-succionadora-masculina\/\",\"name\":\"BOMBA SUCCIONADORA MASCULINA - Tienda Er\u00f3tica\",\"isPartOf\":{\"@id\":\"https:\/\/demoweb.info\/sexshop001\/#website\"},\"datePublished\":\"2022-01-22T13:28:47+00:00\",\"dateModified\":\"2022-01-22T13:29:05+00:00\",\"breadcrumb\":{\"@id\":\"https:\/\/demoweb.info\/sexshop001\/producto\/bomba-succionadora-masculina\/#breadcrumb\"},\"inLanguage\":\"es\",\"potentialAction\":[{\"@type\":\"ReadAction\",\"target\":[\"https:\/\/demoweb.info\/sexshop001\/producto\/bomba-succionadora-masculina\/\"]}]},{\"@type\":\"BreadcrumbList\",\"@id\":\"https:\/\/demoweb.info\/sexshop001\/producto\/bomba-succionadora-masculina\/#breadcrumb\",\"itemListElement\":[{\"@type\":\"ListItem\",\"position\":1,\"name\":\"Portada\",\"item\":\"https:\/\/demoweb.info\/sexshop001\/\"},{\"@type\":\"ListItem\",\"position\":2,\"name\":\"Tienda\",\"item\":\"https:\/\/demoweb.info\/sexshop001\/tienda\/\"},{\"@type\":\"ListItem\",\"position\":3,\"name\":\"BOMBA SUCCIONADORA MASCULINA\"}]},{\"@type\":\"WebSite\",\"@id\":\"https:\/\/demoweb.info\/sexshop001\/#website\",\"url\":\"https:\/\/demoweb.info\/sexshop001\/\",\"name\":\"Tienda Er\u00f3tica\",\"description\":\"DEMOWEB SL\",\"potentialAction\":[{\"@type\":\"SearchAction\",\"target\":{\"@type\":\"EntryPoint\",\"urlTemplate\":\"https:\/\/demoweb.info\/sexshop001\/?s={search_term_string}\"},\"query-input\":\"required name=search_term_string\"}],\"inLanguage\":\"es\"}]}<\/script>\n<!-- \/ Yoast SEO plugin. -->","yoast_head_json":{"title":"BOMBA SUCCIONADORA MASCULINA - Tienda Er\u00f3tica","robots":{"index":"noindex","follow":"follow","max-snippet":"max-snippet:-1","max-image-preview":"max-image-preview:large","max-video-preview":"max-video-preview:-1"},"og_locale":"es_ES","og_type":"article","og_title":"BOMBA SUCCIONADORA MASCULINA - Tienda Er\u00f3tica","og_description":"SUCK STROKE HEAD PUMP BLACK Disfrute de una experiencia intensa con la incre\u00edble Suck Stroke N &#39;Head Pump. Crea una","og_url":"https:\/\/demoweb.info\/sexshop001\/producto\/bomba-succionadora-masculina\/","og_site_name":"Tienda Er\u00f3tica","article_modified_time":"2022-01-22T13:29:05+00:00","og_image":[{"width":550,"height":550,"url":"https:\/\/demoweb.info\/sexshop001\/wp-content\/uploads\/2022\/01\/BOMBA-SUCCIONADORA-MASCULINA.jpg","type":"image\/jpeg"}],"twitter_card":"summary_large_image","twitter_misc":{"Tiempo de lectura":"1 minuto"},"schema":{"@context":"https:\/\/schema.org","@graph":[{"@type":"WebPage","@id":"https:\/\/demoweb.info\/sexshop001\/producto\/bomba-succionadora-masculina\/","url":"https:\/\/demoweb.info\/sexshop001\/producto\/bomba-succionadora-masculina\/","name":"BOMBA SUCCIONADORA MASCULINA - Tienda Er\u00f3tica","isPartOf":{"@id":"https:\/\/demoweb.info\/sexshop001\/#website"},"datePublished":"2022-01-22T13:28:47+00:00","dateModified":"2022-01-22T13:29:05+00:00","breadcrumb":{"@id":"https:\/\/demoweb.info\/sexshop001\/producto\/bomba-succionadora-masculina\/#breadcrumb"},"inLanguage":"es","potentialAction":[{"@type":"ReadAction","target":["https:\/\/demoweb.info\/sexshop001\/producto\/bomba-succionadora-masculina\/"]}]},{"@type":"BreadcrumbList","@id":"https:\/\/demoweb.info\/sexshop001\/producto\/bomba-succionadora-masculina\/#breadcrumb","itemListElement":[{"@type":"ListItem","position":1,"name":"Portada","item":"https:\/\/demoweb.info\/sexshop001\/"},{"@type":"ListItem","position":2,"name":"Tienda","item":"https:\/\/demoweb.info\/sexshop001\/tienda\/"},{"@type":"ListItem","position":3,"name":"BOMBA SUCCIONADORA MASCULINA"}]},{"@type":"WebSite","@id":"https:\/\/demoweb.info\/sexshop001\/#website","url":"https:\/\/demoweb.info\/sexshop001\/","name":"Tienda Er\u00f3tica","description":"DEMOWEB SL","potentialAction":[{"@type":"SearchAction","target":{"@type":"EntryPoint","urlTemplate":"https:\/\/demoweb.info\/sexshop001\/?s={search_term_string}"},"query-input":"required name=search_term_string"}],"inLanguage":"es"}]}},"_links":{"self":[{"href":"https:\/\/demoweb.info\/sexshop001\/wp-json\/wp\/v3\/product\/41072","targetHints":{"allow":["GET"]}}],"collection":[{"href":"https:\/\/demoweb.info\/sexshop001\/wp-json\/wp\/v3\/product"}],"about":[{"href":"https:\/\/demoweb.info\/sexshop001\/wp-json\/wp\/v2\/types\/product"}],"replies":[{"embeddable":true,"href":"https:\/\/demoweb.info\/sexshop001\/wp-json\/wp\/v2\/comments?post=41072"}],"wp:featuredmedia":[{"embeddable":true,"href":"https:\/\/demoweb.info\/sexshop001\/wp-json\/wp\/v2\/media\/41073"}],"wp:attachment":[{"href":"https:\/\/demoweb.info\/sexshop001\/wp-json\/wp\/v2\/media?parent=41072"}],"wp:term":[{"taxonomy":"product_cat","embeddable":true,"href":"https:\/\/demoweb.info\/sexshop001\/wp-json\/wp\/v2\/product_cat?post=41072"},{"taxonomy":"product_tag","embeddable":true,"href":"https:\/\/demoweb.info\/sexshop001\/wp-json\/wp\/v2\/product_tag?post=41072"}],"curies":[{"name":"wp","href":"https:\/\/api.w.org\/{rel}","templated":true}]}}