{"id":41061,"date":"2022-01-22T14:28:47","date_gmt":"2022-01-22T13:28:47","guid":{"rendered":"https:\/\/demoweb.info\/sexshop001\/producto\/masturbador-vagina-feel-my-tight\/"},"modified":"2022-01-22T14:28:58","modified_gmt":"2022-01-22T13:28:58","slug":"masturbador-vagina-feel-my-tight","status":"publish","type":"product","link":"https:\/\/demoweb.info\/sexshop001\/producto\/masturbador-vagina-feel-my-tight\/","title":{"rendered":"MASTURBADOR VAGINA FEEL MY TIGHT"},"content":{"rendered":"<p><strong>FEEL MY TIGHT PUSSY FLESH<\/strong><\/p>\n<p>Masturbador real\u00edstico con labios carnosos e interiores c\u00e1lidos y aterciopelados, \u00a1que se siente como la cosa real &#8230; pero mejor! Con tres anillos el\u00e1sticos de silicona que se envuelven alrededor del manguito y con los que se obtiene la m\u00e1xima resistencia para durar m\u00e1s tiempo y tomar el control de su eyaculaci\u00f3n.<\/p>\n<p>Una vez que extendi\u00f3 sus jugosos labios de la vulva, el t\u00fanel de crucer\u00eda hace cosquillas y se burla de su pene mientras que los anillos el\u00e1sticos de silicona le dan el apret\u00f3n perfecto. El anillo m\u00e1s peque\u00f1o se encuentra en la parte inferior de la manga y los mayores alrededor de la abertura, proporcionando sensaciones incre\u00edbles con cada golpe.<\/p>\n<p>La limpieza es muy f\u00e1cil despu\u00e9s de la diversi\u00f3n con el limpiador de juguetes Pipedream y agua tibia.<\/p>\n","protected":false},"excerpt":{"rendered":"<p>FEEL MY TIGHT PUSSY FLESH Masturbador real\u00edstico con labios carnosos e interiores c\u00e1lidos y aterciopelados, \u00a1que se siente como la<\/p>\n","protected":false},"featured_media":41062,"comment_status":"open","ping_status":"open","template":"","meta":[],"product_cat":[541],"product_tag":[561,259],"class_list":["post-41061","product","type-product","status-publish","has-post-thumbnail","hentry","product_cat-vaginas","product_tag-extreme-toyz","product_tag-pipedream"],"bundled_by":[],"bundle_stock_status":"outofstock","bundle_stock_quantity":0,"bundle_virtual":false,"bundle_layout":"","bundle_add_to_cart_form_location":"","bundle_editable_in_cart":false,"bundle_sold_individually_context":"","bundle_item_grouping":"","bundle_min_size":"","bundle_max_size":"","bundled_items":[],"yoast_head":"<!-- This site is optimized with the Yoast SEO plugin v20.6 - https:\/\/yoast.com\/wordpress\/plugins\/seo\/ -->\n<title>MASTURBADOR VAGINA FEEL MY TIGHT - Tienda Er\u00f3tica<\/title>\n<meta name=\"robots\" content=\"noindex, follow, max-snippet:-1, max-image-preview:large, max-video-preview:-1\" \/>\n<meta property=\"og:locale\" content=\"es_ES\" \/>\n<meta property=\"og:type\" content=\"article\" \/>\n<meta property=\"og:title\" content=\"MASTURBADOR VAGINA FEEL MY TIGHT - Tienda Er\u00f3tica\" \/>\n<meta property=\"og:description\" content=\"FEEL MY TIGHT PUSSY FLESH Masturbador real\u00edstico con labios carnosos e interiores c\u00e1lidos y aterciopelados, \u00a1que se siente como la\" \/>\n<meta property=\"og:url\" content=\"https:\/\/demoweb.info\/sexshop001\/producto\/masturbador-vagina-feel-my-tight\/\" \/>\n<meta property=\"og:site_name\" content=\"Tienda Er\u00f3tica\" \/>\n<meta property=\"article:modified_time\" content=\"2022-01-22T13:28:58+00:00\" \/>\n<meta property=\"og:image\" content=\"https:\/\/demoweb.info\/sexshop001\/wp-content\/uploads\/2022\/01\/MASTURBADOR-VAGINA-FEEL-MY-TIGHT.jpg\" \/>\n\t<meta property=\"og:image:width\" content=\"550\" \/>\n\t<meta property=\"og:image:height\" content=\"550\" \/>\n\t<meta property=\"og:image:type\" content=\"image\/jpeg\" \/>\n<meta name=\"twitter:card\" content=\"summary_large_image\" \/>\n<meta name=\"twitter:label1\" content=\"Tiempo de lectura\" \/>\n\t<meta name=\"twitter:data1\" content=\"1 minuto\" \/>\n<script type=\"application\/ld+json\" class=\"yoast-schema-graph\">{\"@context\":\"https:\/\/schema.org\",\"@graph\":[{\"@type\":\"WebPage\",\"@id\":\"https:\/\/demoweb.info\/sexshop001\/producto\/masturbador-vagina-feel-my-tight\/\",\"url\":\"https:\/\/demoweb.info\/sexshop001\/producto\/masturbador-vagina-feel-my-tight\/\",\"name\":\"MASTURBADOR VAGINA FEEL MY TIGHT - Tienda Er\u00f3tica\",\"isPartOf\":{\"@id\":\"https:\/\/demoweb.info\/sexshop001\/#website\"},\"datePublished\":\"2022-01-22T13:28:47+00:00\",\"dateModified\":\"2022-01-22T13:28:58+00:00\",\"breadcrumb\":{\"@id\":\"https:\/\/demoweb.info\/sexshop001\/producto\/masturbador-vagina-feel-my-tight\/#breadcrumb\"},\"inLanguage\":\"es\",\"potentialAction\":[{\"@type\":\"ReadAction\",\"target\":[\"https:\/\/demoweb.info\/sexshop001\/producto\/masturbador-vagina-feel-my-tight\/\"]}]},{\"@type\":\"BreadcrumbList\",\"@id\":\"https:\/\/demoweb.info\/sexshop001\/producto\/masturbador-vagina-feel-my-tight\/#breadcrumb\",\"itemListElement\":[{\"@type\":\"ListItem\",\"position\":1,\"name\":\"Portada\",\"item\":\"https:\/\/demoweb.info\/sexshop001\/\"},{\"@type\":\"ListItem\",\"position\":2,\"name\":\"Tienda\",\"item\":\"https:\/\/demoweb.info\/sexshop001\/tienda\/\"},{\"@type\":\"ListItem\",\"position\":3,\"name\":\"MASTURBADOR VAGINA FEEL MY TIGHT\"}]},{\"@type\":\"WebSite\",\"@id\":\"https:\/\/demoweb.info\/sexshop001\/#website\",\"url\":\"https:\/\/demoweb.info\/sexshop001\/\",\"name\":\"Tienda Er\u00f3tica\",\"description\":\"DEMOWEB SL\",\"potentialAction\":[{\"@type\":\"SearchAction\",\"target\":{\"@type\":\"EntryPoint\",\"urlTemplate\":\"https:\/\/demoweb.info\/sexshop001\/?s={search_term_string}\"},\"query-input\":\"required name=search_term_string\"}],\"inLanguage\":\"es\"}]}<\/script>\n<!-- \/ Yoast SEO plugin. -->","yoast_head_json":{"title":"MASTURBADOR VAGINA FEEL MY TIGHT - Tienda Er\u00f3tica","robots":{"index":"noindex","follow":"follow","max-snippet":"max-snippet:-1","max-image-preview":"max-image-preview:large","max-video-preview":"max-video-preview:-1"},"og_locale":"es_ES","og_type":"article","og_title":"MASTURBADOR VAGINA FEEL MY TIGHT - Tienda Er\u00f3tica","og_description":"FEEL MY TIGHT PUSSY FLESH Masturbador real\u00edstico con labios carnosos e interiores c\u00e1lidos y aterciopelados, \u00a1que se siente como la","og_url":"https:\/\/demoweb.info\/sexshop001\/producto\/masturbador-vagina-feel-my-tight\/","og_site_name":"Tienda Er\u00f3tica","article_modified_time":"2022-01-22T13:28:58+00:00","og_image":[{"width":550,"height":550,"url":"https:\/\/demoweb.info\/sexshop001\/wp-content\/uploads\/2022\/01\/MASTURBADOR-VAGINA-FEEL-MY-TIGHT.jpg","type":"image\/jpeg"}],"twitter_card":"summary_large_image","twitter_misc":{"Tiempo de lectura":"1 minuto"},"schema":{"@context":"https:\/\/schema.org","@graph":[{"@type":"WebPage","@id":"https:\/\/demoweb.info\/sexshop001\/producto\/masturbador-vagina-feel-my-tight\/","url":"https:\/\/demoweb.info\/sexshop001\/producto\/masturbador-vagina-feel-my-tight\/","name":"MASTURBADOR VAGINA FEEL MY TIGHT - Tienda Er\u00f3tica","isPartOf":{"@id":"https:\/\/demoweb.info\/sexshop001\/#website"},"datePublished":"2022-01-22T13:28:47+00:00","dateModified":"2022-01-22T13:28:58+00:00","breadcrumb":{"@id":"https:\/\/demoweb.info\/sexshop001\/producto\/masturbador-vagina-feel-my-tight\/#breadcrumb"},"inLanguage":"es","potentialAction":[{"@type":"ReadAction","target":["https:\/\/demoweb.info\/sexshop001\/producto\/masturbador-vagina-feel-my-tight\/"]}]},{"@type":"BreadcrumbList","@id":"https:\/\/demoweb.info\/sexshop001\/producto\/masturbador-vagina-feel-my-tight\/#breadcrumb","itemListElement":[{"@type":"ListItem","position":1,"name":"Portada","item":"https:\/\/demoweb.info\/sexshop001\/"},{"@type":"ListItem","position":2,"name":"Tienda","item":"https:\/\/demoweb.info\/sexshop001\/tienda\/"},{"@type":"ListItem","position":3,"name":"MASTURBADOR VAGINA FEEL MY TIGHT"}]},{"@type":"WebSite","@id":"https:\/\/demoweb.info\/sexshop001\/#website","url":"https:\/\/demoweb.info\/sexshop001\/","name":"Tienda Er\u00f3tica","description":"DEMOWEB SL","potentialAction":[{"@type":"SearchAction","target":{"@type":"EntryPoint","urlTemplate":"https:\/\/demoweb.info\/sexshop001\/?s={search_term_string}"},"query-input":"required name=search_term_string"}],"inLanguage":"es"}]}},"_links":{"self":[{"href":"https:\/\/demoweb.info\/sexshop001\/wp-json\/wp\/v3\/product\/41061","targetHints":{"allow":["GET"]}}],"collection":[{"href":"https:\/\/demoweb.info\/sexshop001\/wp-json\/wp\/v3\/product"}],"about":[{"href":"https:\/\/demoweb.info\/sexshop001\/wp-json\/wp\/v2\/types\/product"}],"replies":[{"embeddable":true,"href":"https:\/\/demoweb.info\/sexshop001\/wp-json\/wp\/v2\/comments?post=41061"}],"wp:featuredmedia":[{"embeddable":true,"href":"https:\/\/demoweb.info\/sexshop001\/wp-json\/wp\/v2\/media\/41062"}],"wp:attachment":[{"href":"https:\/\/demoweb.info\/sexshop001\/wp-json\/wp\/v2\/media?parent=41061"}],"wp:term":[{"taxonomy":"product_cat","embeddable":true,"href":"https:\/\/demoweb.info\/sexshop001\/wp-json\/wp\/v2\/product_cat?post=41061"},{"taxonomy":"product_tag","embeddable":true,"href":"https:\/\/demoweb.info\/sexshop001\/wp-json\/wp\/v2\/product_tag?post=41061"}],"curies":[{"name":"wp","href":"https:\/\/api.w.org\/{rel}","templated":true}]}}