{"id":41051,"date":"2022-01-22T14:28:47","date_gmt":"2022-01-22T13:28:47","guid":{"rendered":"https:\/\/demoweb.info\/sexshop001\/producto\/rescatada-por-ti-maya-banks\/"},"modified":"2022-01-22T14:28:53","modified_gmt":"2022-01-22T13:28:53","slug":"rescatada-por-ti-maya-banks","status":"publish","type":"product","link":"https:\/\/demoweb.info\/sexshop001\/producto\/rescatada-por-ti-maya-banks\/","title":{"rendered":"RESCATADA POR T\u00cd &#8211; MAYA BANKS"},"content":{"rendered":"<p><strong>RESCATADA P0R T\u00cd <\/strong><\/p>\n<p><strong>Maya Banks<\/strong><\/p>\n<p><strong>Tercera entrega de la saga Deveraux, la nueva serie de suspense y romance de Maya Banks.<\/strong><\/p>\n<p>Algunos dicen que el amor no durar\u00e1 para siempre, pero ellos est\u00e1n decididos a demostrar lo contrario.<br \/>\nPara Zack Covington, Anna era la elegida. Hasta aquella noche que el destino alter\u00f3 su futuro, cuando una devastada Anna desaparece sin dejar rastro, dejando a Zack agonizando y sin saber que le pudo haber sucedido a su amada.<br \/>\nA\u00f1os m\u00e1s tarde, Zack trabaja para la empresa de seguridad Deveraux y descubre que su amada Ann podr\u00eda estar viva, cuando finalmente la encuentra, Zack descubre que no queda nada de la mujer que \u00e9l amaba. Los poderes que ella ten\u00eda han desaparecido y lo peor, Ann cree que Zack le traicion\u00f3 a\u00f1os atr\u00e1s. Zack tiene muchos enemigos, y una vez que sus debilidades son descubiertas, Ann se convierte en el objetivo de ellos. El tendr\u00e1 que salvarla antes de perder su amor para siempre.<\/p>\n<ul>\n<li>N&ordm; de p\u00e1ginas: 320 p\u00e1gs.<\/li>\n<li>Encuadernaci\u00f3n: Tapa blanda bolsillo<\/li>\n<\/ul>\n","protected":false},"excerpt":{"rendered":"<p>RESCATADA P0R T\u00cd Maya Banks Tercera entrega de la saga Deveraux, la nueva serie de suspense y romance de Maya<\/p>\n","protected":false},"featured_media":41052,"comment_status":"open","ping_status":"open","template":"","meta":[],"product_cat":[713],"product_tag":[415,721],"class_list":["post-41051","product","type-product","status-publish","has-post-thumbnail","hentry","product_cat-libros-lectura","product_tag-random-house","product_tag-rocabolsillo"],"bundled_by":[],"bundle_stock_status":"instock","bundle_stock_quantity":5,"bundle_virtual":false,"bundle_layout":"","bundle_add_to_cart_form_location":"","bundle_editable_in_cart":false,"bundle_sold_individually_context":"","bundle_item_grouping":"","bundle_min_size":"","bundle_max_size":"","bundled_items":[],"yoast_head":"<!-- This site is optimized with the Yoast SEO plugin v20.6 - https:\/\/yoast.com\/wordpress\/plugins\/seo\/ -->\n<title>RESCATADA POR T\u00cd - MAYA BANKS - Tienda Er\u00f3tica<\/title>\n<meta name=\"robots\" content=\"noindex, follow, max-snippet:-1, max-image-preview:large, max-video-preview:-1\" \/>\n<meta property=\"og:locale\" content=\"es_ES\" \/>\n<meta property=\"og:type\" content=\"article\" \/>\n<meta property=\"og:title\" content=\"RESCATADA POR T\u00cd - MAYA BANKS - Tienda Er\u00f3tica\" \/>\n<meta property=\"og:description\" content=\"RESCATADA P0R T\u00cd Maya Banks Tercera entrega de la saga Deveraux, la nueva serie de suspense y romance de Maya\" \/>\n<meta property=\"og:url\" content=\"https:\/\/demoweb.info\/sexshop001\/producto\/rescatada-por-ti-maya-banks\/\" \/>\n<meta property=\"og:site_name\" content=\"Tienda Er\u00f3tica\" \/>\n<meta property=\"article:modified_time\" content=\"2022-01-22T13:28:53+00:00\" \/>\n<meta property=\"og:image\" content=\"https:\/\/demoweb.info\/sexshop001\/wp-content\/uploads\/2022\/01\/RESCATADA-POR-TI-MAYA-BANKS.jpg\" \/>\n\t<meta property=\"og:image:width\" content=\"550\" \/>\n\t<meta property=\"og:image:height\" content=\"550\" \/>\n\t<meta property=\"og:image:type\" content=\"image\/jpeg\" \/>\n<meta name=\"twitter:card\" content=\"summary_large_image\" \/>\n<meta name=\"twitter:label1\" content=\"Tiempo de lectura\" \/>\n\t<meta name=\"twitter:data1\" content=\"1 minuto\" \/>\n<script type=\"application\/ld+json\" class=\"yoast-schema-graph\">{\"@context\":\"https:\/\/schema.org\",\"@graph\":[{\"@type\":\"WebPage\",\"@id\":\"https:\/\/demoweb.info\/sexshop001\/producto\/rescatada-por-ti-maya-banks\/\",\"url\":\"https:\/\/demoweb.info\/sexshop001\/producto\/rescatada-por-ti-maya-banks\/\",\"name\":\"RESCATADA POR T\u00cd - MAYA BANKS - Tienda Er\u00f3tica\",\"isPartOf\":{\"@id\":\"https:\/\/demoweb.info\/sexshop001\/#website\"},\"datePublished\":\"2022-01-22T13:28:47+00:00\",\"dateModified\":\"2022-01-22T13:28:53+00:00\",\"breadcrumb\":{\"@id\":\"https:\/\/demoweb.info\/sexshop001\/producto\/rescatada-por-ti-maya-banks\/#breadcrumb\"},\"inLanguage\":\"es\",\"potentialAction\":[{\"@type\":\"ReadAction\",\"target\":[\"https:\/\/demoweb.info\/sexshop001\/producto\/rescatada-por-ti-maya-banks\/\"]}]},{\"@type\":\"BreadcrumbList\",\"@id\":\"https:\/\/demoweb.info\/sexshop001\/producto\/rescatada-por-ti-maya-banks\/#breadcrumb\",\"itemListElement\":[{\"@type\":\"ListItem\",\"position\":1,\"name\":\"Portada\",\"item\":\"https:\/\/demoweb.info\/sexshop001\/\"},{\"@type\":\"ListItem\",\"position\":2,\"name\":\"Tienda\",\"item\":\"https:\/\/demoweb.info\/sexshop001\/tienda\/\"},{\"@type\":\"ListItem\",\"position\":3,\"name\":\"RESCATADA POR T\u00cd &#8211; MAYA BANKS\"}]},{\"@type\":\"WebSite\",\"@id\":\"https:\/\/demoweb.info\/sexshop001\/#website\",\"url\":\"https:\/\/demoweb.info\/sexshop001\/\",\"name\":\"Tienda Er\u00f3tica\",\"description\":\"DEMOWEB SL\",\"potentialAction\":[{\"@type\":\"SearchAction\",\"target\":{\"@type\":\"EntryPoint\",\"urlTemplate\":\"https:\/\/demoweb.info\/sexshop001\/?s={search_term_string}\"},\"query-input\":\"required name=search_term_string\"}],\"inLanguage\":\"es\"}]}<\/script>\n<!-- \/ Yoast SEO plugin. -->","yoast_head_json":{"title":"RESCATADA POR T\u00cd - MAYA BANKS - Tienda Er\u00f3tica","robots":{"index":"noindex","follow":"follow","max-snippet":"max-snippet:-1","max-image-preview":"max-image-preview:large","max-video-preview":"max-video-preview:-1"},"og_locale":"es_ES","og_type":"article","og_title":"RESCATADA POR T\u00cd - MAYA BANKS - Tienda Er\u00f3tica","og_description":"RESCATADA P0R T\u00cd Maya Banks Tercera entrega de la saga Deveraux, la nueva serie de suspense y romance de Maya","og_url":"https:\/\/demoweb.info\/sexshop001\/producto\/rescatada-por-ti-maya-banks\/","og_site_name":"Tienda Er\u00f3tica","article_modified_time":"2022-01-22T13:28:53+00:00","og_image":[{"width":550,"height":550,"url":"https:\/\/demoweb.info\/sexshop001\/wp-content\/uploads\/2022\/01\/RESCATADA-POR-TI-MAYA-BANKS.jpg","type":"image\/jpeg"}],"twitter_card":"summary_large_image","twitter_misc":{"Tiempo de lectura":"1 minuto"},"schema":{"@context":"https:\/\/schema.org","@graph":[{"@type":"WebPage","@id":"https:\/\/demoweb.info\/sexshop001\/producto\/rescatada-por-ti-maya-banks\/","url":"https:\/\/demoweb.info\/sexshop001\/producto\/rescatada-por-ti-maya-banks\/","name":"RESCATADA POR T\u00cd - MAYA BANKS - Tienda Er\u00f3tica","isPartOf":{"@id":"https:\/\/demoweb.info\/sexshop001\/#website"},"datePublished":"2022-01-22T13:28:47+00:00","dateModified":"2022-01-22T13:28:53+00:00","breadcrumb":{"@id":"https:\/\/demoweb.info\/sexshop001\/producto\/rescatada-por-ti-maya-banks\/#breadcrumb"},"inLanguage":"es","potentialAction":[{"@type":"ReadAction","target":["https:\/\/demoweb.info\/sexshop001\/producto\/rescatada-por-ti-maya-banks\/"]}]},{"@type":"BreadcrumbList","@id":"https:\/\/demoweb.info\/sexshop001\/producto\/rescatada-por-ti-maya-banks\/#breadcrumb","itemListElement":[{"@type":"ListItem","position":1,"name":"Portada","item":"https:\/\/demoweb.info\/sexshop001\/"},{"@type":"ListItem","position":2,"name":"Tienda","item":"https:\/\/demoweb.info\/sexshop001\/tienda\/"},{"@type":"ListItem","position":3,"name":"RESCATADA POR T\u00cd &#8211; MAYA BANKS"}]},{"@type":"WebSite","@id":"https:\/\/demoweb.info\/sexshop001\/#website","url":"https:\/\/demoweb.info\/sexshop001\/","name":"Tienda Er\u00f3tica","description":"DEMOWEB SL","potentialAction":[{"@type":"SearchAction","target":{"@type":"EntryPoint","urlTemplate":"https:\/\/demoweb.info\/sexshop001\/?s={search_term_string}"},"query-input":"required name=search_term_string"}],"inLanguage":"es"}]}},"_links":{"self":[{"href":"https:\/\/demoweb.info\/sexshop001\/wp-json\/wp\/v3\/product\/41051","targetHints":{"allow":["GET"]}}],"collection":[{"href":"https:\/\/demoweb.info\/sexshop001\/wp-json\/wp\/v3\/product"}],"about":[{"href":"https:\/\/demoweb.info\/sexshop001\/wp-json\/wp\/v2\/types\/product"}],"replies":[{"embeddable":true,"href":"https:\/\/demoweb.info\/sexshop001\/wp-json\/wp\/v2\/comments?post=41051"}],"wp:featuredmedia":[{"embeddable":true,"href":"https:\/\/demoweb.info\/sexshop001\/wp-json\/wp\/v2\/media\/41052"}],"wp:attachment":[{"href":"https:\/\/demoweb.info\/sexshop001\/wp-json\/wp\/v2\/media?parent=41051"}],"wp:term":[{"taxonomy":"product_cat","embeddable":true,"href":"https:\/\/demoweb.info\/sexshop001\/wp-json\/wp\/v2\/product_cat?post=41051"},{"taxonomy":"product_tag","embeddable":true,"href":"https:\/\/demoweb.info\/sexshop001\/wp-json\/wp\/v2\/product_tag?post=41051"}],"curies":[{"name":"wp","href":"https:\/\/api.w.org\/{rel}","templated":true}]}}