{"id":41044,"date":"2022-01-22T14:28:47","date_gmt":"2022-01-22T13:28:47","guid":{"rendered":"https:\/\/demoweb.info\/sexshop001\/producto\/satisfyer-pro-2\/"},"modified":"2022-01-22T14:28:49","modified_gmt":"2022-01-22T13:28:49","slug":"satisfyer-pro-2","status":"publish","type":"product","link":"https:\/\/demoweb.info\/sexshop001\/producto\/satisfyer-pro-2\/","title":{"rendered":"SATISFYER PRO 2"},"content":{"rendered":"<p><strong>SATISFYER PRO 2 &#8211; NUEVA EDICI\u00d3N 2020<\/strong><\/p>\n<p>Explosiones de placer gracias a la innovadora estimulaci\u00f3n mediante ondas expansivas.<\/p>\n<p><strong>LO NUEVO SIEMPRE ES TODAV\u00cdA MEJOR &#8211; EDICI\u00d3N 2020<\/strong><\/p>\n<p>La espectacular tecnolog\u00eda de esta popular varita m\u00e1gica ya ha demostrado con creces su eficacia: un excitante vac\u00edo, unido a unas en\u00e9rgicas pulsaciones, estimulan el cl\u00edtoris sin tocarlo, de una forma inesperada hasta ahora. \u00a1Llegan los orgasmos explosivos! El nuevo dise\u00f1o de los botones abre el camino a toda una serie de orgasmos: el Satisfyer Pro 2 de nueva generaci\u00f3n est\u00e1 equipado con un bot\u00f3n de +\/- con el que puedes aumentar o reducir la intensidad en funci\u00f3n de tus necesidades. La luz de los botones no es tan intensa como la de su predecesor y, por tanto, es menos llamativa.<\/p>\n<p>MOTOR M\u00c1S POTENTE Y SILENCIOSO<\/p>\n<p>El nuevo modelo es sensiblemente m\u00e1s silencioso que su predecesor. En cuanto el cabezal rodea tu cl\u00edtoris, apenas se oye nada. Si utilizas tu juguete preferido en la ba\u00f1era, tendr\u00e1s que aguzar al m\u00e1ximo el o\u00eddo para o\u00edrlo. Algo que podr\u00e1s hacer sin problema con el Satisfyer Pro 2 de nueva generaci\u00f3n, pues es resistente al agua.<\/p>\n<p>Su elegante dise\u00f1o se mantiene fiel al de su predecesor: ahora en un suave color oro rosado que causar\u00e1 sensaci\u00f3n. Su acabado de alta calidad no solo es bonito, sino que mejora la higiene del producto, pues en el interior del aparato no puede entrar agua, lubricantes ni otros fluidos.<\/p>\n<ul>\n<li>Nuevo dise\u00f1o de botones: bot\u00f3n +\/-<\/li>\n<li>11 programas de ondas de presi\u00f3n silenciosas<\/li>\n<li>Motor mejorado. Resistente al agua<\/li>\n<li>Cabezal de silicona optimizado<\/li>\n<li>Recargable. Incluye cargador por USB<\/li>\n<li><strong>Nueva edici\u00f3n 2020<\/strong><\/li>\n<li><strong>Con tecnolog\u00eda AIR PULSE MEJORADA<\/strong><\/li>\n<li><strong>Nuevo embalaje acorde con la nueva imagen de la marca<\/strong><\/li>\n<li><strong>GARANT\u00cdA DE HIGIENE: Tendr\u00e1s 100% asegurado que eres la primera persona en abrir tu nuevo juguete.<\/strong><\/li>\n<\/ul>\n<p>Tus deseos se han hecho realidad: ya est\u00e1 el Satisfyer Pro 2 <strong>EDICI\u00d3N 2020<\/strong>. Una nueva generaci\u00f3n con novedades realmente impresionantes.<\/p>\n<p>MATERIAL<\/p>\n<p>El cabezal de forma optimizada es de silicona antialerg\u00e9nica, y se ajusta ergon\u00f3micamente rodeando el cl\u00edtoris con la m\u00e1xima suavidad y precisi\u00f3n. Adem\u00e1s, el cabezal se puede quitar para limpiarlo. El Satisfyer Pro 2 de nueva generaci\u00f3n est\u00e1 equipado con bater\u00edas integradas, de modo que puede recargarse sin da\u00f1ar el medio ambiente. En caso necesario, al cargador magn\u00e9tico por USB incluido se le puede a\u00f1adir un enchufe de red de 5 V.<\/p>\n<p>ALCANCE DE SUMINISTRO<\/p>\n<p>&#8211; Vibrador Satisfyer Pro 2 de nueva generaci\u00f3n, nueva edici\u00f3n 2020.<br \/>\n&#8211; Cargador magn\u00e9tico<\/p>\n","protected":false},"excerpt":{"rendered":"<p>SATISFYER PRO 2 &#8211; NUEVA EDICI\u00d3N 2020 Explosiones de placer gracias a la innovadora estimulaci\u00f3n mediante ondas expansivas. LO NUEVO<\/p>\n","protected":false},"featured_media":41045,"comment_status":"open","ping_status":"open","template":"","meta":[],"product_cat":[405],"product_tag":[1060,442],"class_list":["post-41044","product","type-product","status-publish","has-post-thumbnail","hentry","product_cat-succionadores","product_tag-air-pulse","product_tag-satisfyer"],"bundled_by":[],"bundle_stock_status":"instock","bundle_stock_quantity":25,"bundle_virtual":false,"bundle_layout":"","bundle_add_to_cart_form_location":"","bundle_editable_in_cart":false,"bundle_sold_individually_context":"","bundle_item_grouping":"","bundle_min_size":"","bundle_max_size":"","bundled_items":[],"yoast_head":"<!-- This site is optimized with the Yoast SEO plugin v20.6 - https:\/\/yoast.com\/wordpress\/plugins\/seo\/ -->\n<title>SATISFYER PRO 2 - Tienda Er\u00f3tica<\/title>\n<meta name=\"robots\" content=\"noindex, follow, max-snippet:-1, max-image-preview:large, max-video-preview:-1\" \/>\n<meta property=\"og:locale\" content=\"es_ES\" \/>\n<meta property=\"og:type\" content=\"article\" \/>\n<meta property=\"og:title\" content=\"SATISFYER PRO 2 - Tienda Er\u00f3tica\" \/>\n<meta property=\"og:description\" content=\"SATISFYER PRO 2 &#8211; NUEVA EDICI\u00d3N 2020 Explosiones de placer gracias a la innovadora estimulaci\u00f3n mediante ondas expansivas. LO NUEVO\" \/>\n<meta property=\"og:url\" content=\"https:\/\/demoweb.info\/sexshop001\/producto\/satisfyer-pro-2\/\" \/>\n<meta property=\"og:site_name\" content=\"Tienda Er\u00f3tica\" \/>\n<meta property=\"article:modified_time\" content=\"2022-01-22T13:28:49+00:00\" \/>\n<meta property=\"og:image\" content=\"https:\/\/demoweb.info\/sexshop001\/wp-content\/uploads\/2022\/01\/SATISFYER-PRO-2.jpg\" \/>\n\t<meta property=\"og:image:width\" content=\"550\" \/>\n\t<meta property=\"og:image:height\" content=\"550\" \/>\n\t<meta property=\"og:image:type\" content=\"image\/jpeg\" \/>\n<meta name=\"twitter:card\" content=\"summary_large_image\" \/>\n<meta name=\"twitter:label1\" content=\"Tiempo de lectura\" \/>\n\t<meta name=\"twitter:data1\" content=\"2 minutos\" \/>\n<script type=\"application\/ld+json\" class=\"yoast-schema-graph\">{\"@context\":\"https:\/\/schema.org\",\"@graph\":[{\"@type\":\"WebPage\",\"@id\":\"https:\/\/demoweb.info\/sexshop001\/producto\/satisfyer-pro-2\/\",\"url\":\"https:\/\/demoweb.info\/sexshop001\/producto\/satisfyer-pro-2\/\",\"name\":\"SATISFYER PRO 2 - Tienda Er\u00f3tica\",\"isPartOf\":{\"@id\":\"https:\/\/demoweb.info\/sexshop001\/#website\"},\"datePublished\":\"2022-01-22T13:28:47+00:00\",\"dateModified\":\"2022-01-22T13:28:49+00:00\",\"breadcrumb\":{\"@id\":\"https:\/\/demoweb.info\/sexshop001\/producto\/satisfyer-pro-2\/#breadcrumb\"},\"inLanguage\":\"es\",\"potentialAction\":[{\"@type\":\"ReadAction\",\"target\":[\"https:\/\/demoweb.info\/sexshop001\/producto\/satisfyer-pro-2\/\"]}]},{\"@type\":\"BreadcrumbList\",\"@id\":\"https:\/\/demoweb.info\/sexshop001\/producto\/satisfyer-pro-2\/#breadcrumb\",\"itemListElement\":[{\"@type\":\"ListItem\",\"position\":1,\"name\":\"Portada\",\"item\":\"https:\/\/demoweb.info\/sexshop001\/\"},{\"@type\":\"ListItem\",\"position\":2,\"name\":\"Tienda\",\"item\":\"https:\/\/demoweb.info\/sexshop001\/tienda\/\"},{\"@type\":\"ListItem\",\"position\":3,\"name\":\"SATISFYER PRO 2\"}]},{\"@type\":\"WebSite\",\"@id\":\"https:\/\/demoweb.info\/sexshop001\/#website\",\"url\":\"https:\/\/demoweb.info\/sexshop001\/\",\"name\":\"Tienda Er\u00f3tica\",\"description\":\"DEMOWEB SL\",\"potentialAction\":[{\"@type\":\"SearchAction\",\"target\":{\"@type\":\"EntryPoint\",\"urlTemplate\":\"https:\/\/demoweb.info\/sexshop001\/?s={search_term_string}\"},\"query-input\":\"required name=search_term_string\"}],\"inLanguage\":\"es\"}]}<\/script>\n<!-- \/ Yoast SEO plugin. -->","yoast_head_json":{"title":"SATISFYER PRO 2 - Tienda Er\u00f3tica","robots":{"index":"noindex","follow":"follow","max-snippet":"max-snippet:-1","max-image-preview":"max-image-preview:large","max-video-preview":"max-video-preview:-1"},"og_locale":"es_ES","og_type":"article","og_title":"SATISFYER PRO 2 - Tienda Er\u00f3tica","og_description":"SATISFYER PRO 2 &#8211; NUEVA EDICI\u00d3N 2020 Explosiones de placer gracias a la innovadora estimulaci\u00f3n mediante ondas expansivas. LO NUEVO","og_url":"https:\/\/demoweb.info\/sexshop001\/producto\/satisfyer-pro-2\/","og_site_name":"Tienda Er\u00f3tica","article_modified_time":"2022-01-22T13:28:49+00:00","og_image":[{"width":550,"height":550,"url":"https:\/\/demoweb.info\/sexshop001\/wp-content\/uploads\/2022\/01\/SATISFYER-PRO-2.jpg","type":"image\/jpeg"}],"twitter_card":"summary_large_image","twitter_misc":{"Tiempo de lectura":"2 minutos"},"schema":{"@context":"https:\/\/schema.org","@graph":[{"@type":"WebPage","@id":"https:\/\/demoweb.info\/sexshop001\/producto\/satisfyer-pro-2\/","url":"https:\/\/demoweb.info\/sexshop001\/producto\/satisfyer-pro-2\/","name":"SATISFYER PRO 2 - Tienda Er\u00f3tica","isPartOf":{"@id":"https:\/\/demoweb.info\/sexshop001\/#website"},"datePublished":"2022-01-22T13:28:47+00:00","dateModified":"2022-01-22T13:28:49+00:00","breadcrumb":{"@id":"https:\/\/demoweb.info\/sexshop001\/producto\/satisfyer-pro-2\/#breadcrumb"},"inLanguage":"es","potentialAction":[{"@type":"ReadAction","target":["https:\/\/demoweb.info\/sexshop001\/producto\/satisfyer-pro-2\/"]}]},{"@type":"BreadcrumbList","@id":"https:\/\/demoweb.info\/sexshop001\/producto\/satisfyer-pro-2\/#breadcrumb","itemListElement":[{"@type":"ListItem","position":1,"name":"Portada","item":"https:\/\/demoweb.info\/sexshop001\/"},{"@type":"ListItem","position":2,"name":"Tienda","item":"https:\/\/demoweb.info\/sexshop001\/tienda\/"},{"@type":"ListItem","position":3,"name":"SATISFYER PRO 2"}]},{"@type":"WebSite","@id":"https:\/\/demoweb.info\/sexshop001\/#website","url":"https:\/\/demoweb.info\/sexshop001\/","name":"Tienda Er\u00f3tica","description":"DEMOWEB SL","potentialAction":[{"@type":"SearchAction","target":{"@type":"EntryPoint","urlTemplate":"https:\/\/demoweb.info\/sexshop001\/?s={search_term_string}"},"query-input":"required name=search_term_string"}],"inLanguage":"es"}]}},"_links":{"self":[{"href":"https:\/\/demoweb.info\/sexshop001\/wp-json\/wp\/v3\/product\/41044","targetHints":{"allow":["GET"]}}],"collection":[{"href":"https:\/\/demoweb.info\/sexshop001\/wp-json\/wp\/v3\/product"}],"about":[{"href":"https:\/\/demoweb.info\/sexshop001\/wp-json\/wp\/v2\/types\/product"}],"replies":[{"embeddable":true,"href":"https:\/\/demoweb.info\/sexshop001\/wp-json\/wp\/v2\/comments?post=41044"}],"wp:featuredmedia":[{"embeddable":true,"href":"https:\/\/demoweb.info\/sexshop001\/wp-json\/wp\/v2\/media\/41045"}],"wp:attachment":[{"href":"https:\/\/demoweb.info\/sexshop001\/wp-json\/wp\/v2\/media?parent=41044"}],"wp:term":[{"taxonomy":"product_cat","embeddable":true,"href":"https:\/\/demoweb.info\/sexshop001\/wp-json\/wp\/v2\/product_cat?post=41044"},{"taxonomy":"product_tag","embeddable":true,"href":"https:\/\/demoweb.info\/sexshop001\/wp-json\/wp\/v2\/product_tag?post=41044"}],"curies":[{"name":"wp","href":"https:\/\/api.w.org\/{rel}","templated":true}]}}