{"id":41035,"date":"2022-01-22T14:28:37","date_gmt":"2022-01-22T13:28:37","guid":{"rendered":"https:\/\/demoweb.info\/sexshop001\/producto\/mystim-guantes-magicos-electroestimulacion\/"},"modified":"2022-01-22T14:28:42","modified_gmt":"2022-01-22T13:28:42","slug":"mystim-guantes-magicos-electroestimulacion","status":"publish","type":"product","link":"https:\/\/demoweb.info\/sexshop001\/producto\/mystim-guantes-magicos-electroestimulacion\/","title":{"rendered":"MYSTIM &#8211; GUANTES M\u00c1GICOS ELECTROESTIMULACI\u00d3N"},"content":{"rendered":"<p><strong>MYSTIM &#8211; MAGIC GLOVES<\/strong><\/p>\n<p>Estos guantes electro-conductores son perfectos para un perfecto hormigueo de electroestimulaci\u00f3n. Se necesitan guantes de vinilo para llevarlos debajo de los guantes m\u00e1gicos, con el fin de aislar las propias manos de la electricidad.<\/p>\n<p>A continuaci\u00f3n, usted o su pareja pueden disfrutar de un masaje er\u00f3tico, mientras que el deleite el\u00e9ctrico se entrega a la zona que est\u00e1 encerrada por sus manos. De ese modo casi cualquier regi\u00f3n del cuerpo puede ser estimulada.<\/p>\n<p>Contenido: <br \/>\n1 par de guantes de magia<br \/>\n5 pares de guantes de supervinyl, libre de polvo<br \/>\n1 par de adaptadores<br \/>\nBot\u00f3n autom\u00e1tico al conector de 2 mm<\/p>\n","protected":false},"excerpt":{"rendered":"<p>MYSTIM &#8211; MAGIC GLOVES Estos guantes electro-conductores son perfectos para un perfecto hormigueo de electroestimulaci\u00f3n. Se necesitan guantes de vinilo<\/p>\n","protected":false},"featured_media":41036,"comment_status":"open","ping_status":"open","template":"","meta":[],"product_cat":[492],"product_tag":[1006],"class_list":["post-41035","product","type-product","status-publish","has-post-thumbnail","hentry","product_cat-electroestimulacion","product_tag-mystim"],"bundled_by":[],"bundle_stock_status":"outofstock","bundle_stock_quantity":0,"bundle_virtual":false,"bundle_layout":"","bundle_add_to_cart_form_location":"","bundle_editable_in_cart":false,"bundle_sold_individually_context":"","bundle_item_grouping":"","bundle_min_size":"","bundle_max_size":"","bundled_items":[],"yoast_head":"<!-- This site is optimized with the Yoast SEO plugin v20.6 - https:\/\/yoast.com\/wordpress\/plugins\/seo\/ -->\n<title>MYSTIM - GUANTES M\u00c1GICOS ELECTROESTIMULACI\u00d3N - Tienda Er\u00f3tica<\/title>\n<meta name=\"robots\" content=\"noindex, follow, max-snippet:-1, max-image-preview:large, max-video-preview:-1\" \/>\n<meta property=\"og:locale\" content=\"es_ES\" \/>\n<meta property=\"og:type\" content=\"article\" \/>\n<meta property=\"og:title\" content=\"MYSTIM - GUANTES M\u00c1GICOS ELECTROESTIMULACI\u00d3N - Tienda Er\u00f3tica\" \/>\n<meta property=\"og:description\" content=\"MYSTIM &#8211; MAGIC GLOVES Estos guantes electro-conductores son perfectos para un perfecto hormigueo de electroestimulaci\u00f3n. Se necesitan guantes de vinilo\" \/>\n<meta property=\"og:url\" content=\"https:\/\/demoweb.info\/sexshop001\/producto\/mystim-guantes-magicos-electroestimulacion\/\" \/>\n<meta property=\"og:site_name\" content=\"Tienda Er\u00f3tica\" \/>\n<meta property=\"article:modified_time\" content=\"2022-01-22T13:28:42+00:00\" \/>\n<meta property=\"og:image\" content=\"https:\/\/demoweb.info\/sexshop001\/wp-content\/uploads\/2022\/01\/MYSTIM-GUANTES-MAGICOS-ELECTROESTIMULACION.jpg\" \/>\n\t<meta property=\"og:image:width\" content=\"550\" \/>\n\t<meta property=\"og:image:height\" content=\"550\" \/>\n\t<meta property=\"og:image:type\" content=\"image\/jpeg\" \/>\n<meta name=\"twitter:card\" content=\"summary_large_image\" \/>\n<meta name=\"twitter:label1\" content=\"Tiempo de lectura\" \/>\n\t<meta name=\"twitter:data1\" content=\"1 minuto\" \/>\n<script type=\"application\/ld+json\" class=\"yoast-schema-graph\">{\"@context\":\"https:\/\/schema.org\",\"@graph\":[{\"@type\":\"WebPage\",\"@id\":\"https:\/\/demoweb.info\/sexshop001\/producto\/mystim-guantes-magicos-electroestimulacion\/\",\"url\":\"https:\/\/demoweb.info\/sexshop001\/producto\/mystim-guantes-magicos-electroestimulacion\/\",\"name\":\"MYSTIM - GUANTES M\u00c1GICOS ELECTROESTIMULACI\u00d3N - Tienda Er\u00f3tica\",\"isPartOf\":{\"@id\":\"https:\/\/demoweb.info\/sexshop001\/#website\"},\"datePublished\":\"2022-01-22T13:28:37+00:00\",\"dateModified\":\"2022-01-22T13:28:42+00:00\",\"breadcrumb\":{\"@id\":\"https:\/\/demoweb.info\/sexshop001\/producto\/mystim-guantes-magicos-electroestimulacion\/#breadcrumb\"},\"inLanguage\":\"es\",\"potentialAction\":[{\"@type\":\"ReadAction\",\"target\":[\"https:\/\/demoweb.info\/sexshop001\/producto\/mystim-guantes-magicos-electroestimulacion\/\"]}]},{\"@type\":\"BreadcrumbList\",\"@id\":\"https:\/\/demoweb.info\/sexshop001\/producto\/mystim-guantes-magicos-electroestimulacion\/#breadcrumb\",\"itemListElement\":[{\"@type\":\"ListItem\",\"position\":1,\"name\":\"Portada\",\"item\":\"https:\/\/demoweb.info\/sexshop001\/\"},{\"@type\":\"ListItem\",\"position\":2,\"name\":\"Tienda\",\"item\":\"https:\/\/demoweb.info\/sexshop001\/tienda\/\"},{\"@type\":\"ListItem\",\"position\":3,\"name\":\"MYSTIM &#8211; GUANTES M\u00c1GICOS ELECTROESTIMULACI\u00d3N\"}]},{\"@type\":\"WebSite\",\"@id\":\"https:\/\/demoweb.info\/sexshop001\/#website\",\"url\":\"https:\/\/demoweb.info\/sexshop001\/\",\"name\":\"Tienda Er\u00f3tica\",\"description\":\"DEMOWEB SL\",\"potentialAction\":[{\"@type\":\"SearchAction\",\"target\":{\"@type\":\"EntryPoint\",\"urlTemplate\":\"https:\/\/demoweb.info\/sexshop001\/?s={search_term_string}\"},\"query-input\":\"required name=search_term_string\"}],\"inLanguage\":\"es\"}]}<\/script>\n<!-- \/ Yoast SEO plugin. -->","yoast_head_json":{"title":"MYSTIM - GUANTES M\u00c1GICOS ELECTROESTIMULACI\u00d3N - Tienda Er\u00f3tica","robots":{"index":"noindex","follow":"follow","max-snippet":"max-snippet:-1","max-image-preview":"max-image-preview:large","max-video-preview":"max-video-preview:-1"},"og_locale":"es_ES","og_type":"article","og_title":"MYSTIM - GUANTES M\u00c1GICOS ELECTROESTIMULACI\u00d3N - Tienda Er\u00f3tica","og_description":"MYSTIM &#8211; MAGIC GLOVES Estos guantes electro-conductores son perfectos para un perfecto hormigueo de electroestimulaci\u00f3n. Se necesitan guantes de vinilo","og_url":"https:\/\/demoweb.info\/sexshop001\/producto\/mystim-guantes-magicos-electroestimulacion\/","og_site_name":"Tienda Er\u00f3tica","article_modified_time":"2022-01-22T13:28:42+00:00","og_image":[{"width":550,"height":550,"url":"https:\/\/demoweb.info\/sexshop001\/wp-content\/uploads\/2022\/01\/MYSTIM-GUANTES-MAGICOS-ELECTROESTIMULACION.jpg","type":"image\/jpeg"}],"twitter_card":"summary_large_image","twitter_misc":{"Tiempo de lectura":"1 minuto"},"schema":{"@context":"https:\/\/schema.org","@graph":[{"@type":"WebPage","@id":"https:\/\/demoweb.info\/sexshop001\/producto\/mystim-guantes-magicos-electroestimulacion\/","url":"https:\/\/demoweb.info\/sexshop001\/producto\/mystim-guantes-magicos-electroestimulacion\/","name":"MYSTIM - GUANTES M\u00c1GICOS ELECTROESTIMULACI\u00d3N - Tienda Er\u00f3tica","isPartOf":{"@id":"https:\/\/demoweb.info\/sexshop001\/#website"},"datePublished":"2022-01-22T13:28:37+00:00","dateModified":"2022-01-22T13:28:42+00:00","breadcrumb":{"@id":"https:\/\/demoweb.info\/sexshop001\/producto\/mystim-guantes-magicos-electroestimulacion\/#breadcrumb"},"inLanguage":"es","potentialAction":[{"@type":"ReadAction","target":["https:\/\/demoweb.info\/sexshop001\/producto\/mystim-guantes-magicos-electroestimulacion\/"]}]},{"@type":"BreadcrumbList","@id":"https:\/\/demoweb.info\/sexshop001\/producto\/mystim-guantes-magicos-electroestimulacion\/#breadcrumb","itemListElement":[{"@type":"ListItem","position":1,"name":"Portada","item":"https:\/\/demoweb.info\/sexshop001\/"},{"@type":"ListItem","position":2,"name":"Tienda","item":"https:\/\/demoweb.info\/sexshop001\/tienda\/"},{"@type":"ListItem","position":3,"name":"MYSTIM &#8211; GUANTES M\u00c1GICOS ELECTROESTIMULACI\u00d3N"}]},{"@type":"WebSite","@id":"https:\/\/demoweb.info\/sexshop001\/#website","url":"https:\/\/demoweb.info\/sexshop001\/","name":"Tienda Er\u00f3tica","description":"DEMOWEB SL","potentialAction":[{"@type":"SearchAction","target":{"@type":"EntryPoint","urlTemplate":"https:\/\/demoweb.info\/sexshop001\/?s={search_term_string}"},"query-input":"required name=search_term_string"}],"inLanguage":"es"}]}},"_links":{"self":[{"href":"https:\/\/demoweb.info\/sexshop001\/wp-json\/wp\/v3\/product\/41035","targetHints":{"allow":["GET"]}}],"collection":[{"href":"https:\/\/demoweb.info\/sexshop001\/wp-json\/wp\/v3\/product"}],"about":[{"href":"https:\/\/demoweb.info\/sexshop001\/wp-json\/wp\/v2\/types\/product"}],"replies":[{"embeddable":true,"href":"https:\/\/demoweb.info\/sexshop001\/wp-json\/wp\/v2\/comments?post=41035"}],"wp:featuredmedia":[{"embeddable":true,"href":"https:\/\/demoweb.info\/sexshop001\/wp-json\/wp\/v2\/media\/41036"}],"wp:attachment":[{"href":"https:\/\/demoweb.info\/sexshop001\/wp-json\/wp\/v2\/media?parent=41035"}],"wp:term":[{"taxonomy":"product_cat","embeddable":true,"href":"https:\/\/demoweb.info\/sexshop001\/wp-json\/wp\/v2\/product_cat?post=41035"},{"taxonomy":"product_tag","embeddable":true,"href":"https:\/\/demoweb.info\/sexshop001\/wp-json\/wp\/v2\/product_tag?post=41035"}],"curies":[{"name":"wp","href":"https:\/\/api.w.org\/{rel}","templated":true}]}}