{"id":40956,"date":"2022-01-22T14:27:50","date_gmt":"2022-01-22T13:27:50","guid":{"rendered":"https:\/\/demoweb.info\/sexshop001\/producto\/firemans-hidro-bomba\/"},"modified":"2022-01-22T14:27:55","modified_gmt":"2022-01-22T13:27:55","slug":"firemans-hidro-bomba","status":"publish","type":"product","link":"https:\/\/demoweb.info\/sexshop001\/producto\/firemans-hidro-bomba\/","title":{"rendered":"FIREMANS HIDRO BOMBA"},"content":{"rendered":"<p><strong>FIREMAN&#39;S HIDRO BOMBA<\/strong><\/p>\n<p>La bomba Fireman&#39;ste ofrece el placer sexual, el tama\u00f1o y la confianza que siempre hab\u00edas so\u00f1ado. Cada vez que aprietas la bola de inflado, tu erecci\u00f3n aumentar\u00e1 a lo largo y a lo ancho.<\/p>\n<p>El orificio de entrada se ha elaborado con silicona suave y flexible para que disfrutes de una sensaci\u00f3n agradable en tu palpitante y dura erecci\u00f3n. El tubo de vac\u00edo es transparente y te permite observar como tu pene va creciendo. Con tan solo pulsar un bot\u00f3n podr\u00e1s reducir directamente la presi\u00f3n de aire. <\/p>\n<p>Una vez que hayas terminado, solo tienes que desconectar el conducto de vac\u00edo del cilindro y limpiar la bomba con un limpiador especial para juguetes y agua caliente.<\/p>\n<p>Medidas: 19 x 6 cm.\n <\/p>\n","protected":false},"excerpt":{"rendered":"<p>FIREMAN&#39;S HIDRO BOMBA La bomba Fireman&#39;ste ofrece el placer sexual, el tama\u00f1o y la confianza que siempre hab\u00edas so\u00f1ado. Cada<\/p>\n","protected":false},"featured_media":40957,"comment_status":"open","ping_status":"open","template":"","meta":[],"product_cat":[495],"product_tag":[660],"class_list":["post-40956","product","type-product","status-publish","has-post-thumbnail","hentry","product_cat-basicos","product_tag-calexotics"],"bundled_by":[],"bundle_stock_status":"instock","bundle_stock_quantity":1,"bundle_virtual":false,"bundle_layout":"","bundle_add_to_cart_form_location":"","bundle_editable_in_cart":false,"bundle_sold_individually_context":"","bundle_item_grouping":"","bundle_min_size":"","bundle_max_size":"","bundled_items":[],"yoast_head":"<!-- This site is optimized with the Yoast SEO plugin v20.6 - https:\/\/yoast.com\/wordpress\/plugins\/seo\/ -->\n<title>FIREMANS HIDRO BOMBA - Tienda Er\u00f3tica<\/title>\n<meta name=\"robots\" content=\"noindex, follow, max-snippet:-1, max-image-preview:large, max-video-preview:-1\" \/>\n<meta property=\"og:locale\" content=\"es_ES\" \/>\n<meta property=\"og:type\" content=\"article\" \/>\n<meta property=\"og:title\" content=\"FIREMANS HIDRO BOMBA - Tienda Er\u00f3tica\" \/>\n<meta property=\"og:description\" content=\"FIREMAN&#039;S HIDRO BOMBA La bomba Fireman&#039;ste ofrece el placer sexual, el tama\u00f1o y la confianza que siempre hab\u00edas so\u00f1ado. Cada\" \/>\n<meta property=\"og:url\" content=\"https:\/\/demoweb.info\/sexshop001\/producto\/firemans-hidro-bomba\/\" \/>\n<meta property=\"og:site_name\" content=\"Tienda Er\u00f3tica\" \/>\n<meta property=\"article:modified_time\" content=\"2022-01-22T13:27:55+00:00\" \/>\n<meta property=\"og:image\" content=\"https:\/\/demoweb.info\/sexshop001\/wp-content\/uploads\/2022\/01\/FIREMANS-HIDRO-BOMBA.jpg\" \/>\n\t<meta property=\"og:image:width\" content=\"550\" \/>\n\t<meta property=\"og:image:height\" content=\"550\" \/>\n\t<meta property=\"og:image:type\" content=\"image\/jpeg\" \/>\n<meta name=\"twitter:card\" content=\"summary_large_image\" \/>\n<meta name=\"twitter:label1\" content=\"Tiempo de lectura\" \/>\n\t<meta name=\"twitter:data1\" content=\"1 minuto\" \/>\n<script type=\"application\/ld+json\" class=\"yoast-schema-graph\">{\"@context\":\"https:\/\/schema.org\",\"@graph\":[{\"@type\":\"WebPage\",\"@id\":\"https:\/\/demoweb.info\/sexshop001\/producto\/firemans-hidro-bomba\/\",\"url\":\"https:\/\/demoweb.info\/sexshop001\/producto\/firemans-hidro-bomba\/\",\"name\":\"FIREMANS HIDRO BOMBA - Tienda Er\u00f3tica\",\"isPartOf\":{\"@id\":\"https:\/\/demoweb.info\/sexshop001\/#website\"},\"datePublished\":\"2022-01-22T13:27:50+00:00\",\"dateModified\":\"2022-01-22T13:27:55+00:00\",\"breadcrumb\":{\"@id\":\"https:\/\/demoweb.info\/sexshop001\/producto\/firemans-hidro-bomba\/#breadcrumb\"},\"inLanguage\":\"es\",\"potentialAction\":[{\"@type\":\"ReadAction\",\"target\":[\"https:\/\/demoweb.info\/sexshop001\/producto\/firemans-hidro-bomba\/\"]}]},{\"@type\":\"BreadcrumbList\",\"@id\":\"https:\/\/demoweb.info\/sexshop001\/producto\/firemans-hidro-bomba\/#breadcrumb\",\"itemListElement\":[{\"@type\":\"ListItem\",\"position\":1,\"name\":\"Portada\",\"item\":\"https:\/\/demoweb.info\/sexshop001\/\"},{\"@type\":\"ListItem\",\"position\":2,\"name\":\"Tienda\",\"item\":\"https:\/\/demoweb.info\/sexshop001\/tienda\/\"},{\"@type\":\"ListItem\",\"position\":3,\"name\":\"FIREMANS HIDRO BOMBA\"}]},{\"@type\":\"WebSite\",\"@id\":\"https:\/\/demoweb.info\/sexshop001\/#website\",\"url\":\"https:\/\/demoweb.info\/sexshop001\/\",\"name\":\"Tienda Er\u00f3tica\",\"description\":\"DEMOWEB SL\",\"potentialAction\":[{\"@type\":\"SearchAction\",\"target\":{\"@type\":\"EntryPoint\",\"urlTemplate\":\"https:\/\/demoweb.info\/sexshop001\/?s={search_term_string}\"},\"query-input\":\"required name=search_term_string\"}],\"inLanguage\":\"es\"}]}<\/script>\n<!-- \/ Yoast SEO plugin. -->","yoast_head_json":{"title":"FIREMANS HIDRO BOMBA - Tienda Er\u00f3tica","robots":{"index":"noindex","follow":"follow","max-snippet":"max-snippet:-1","max-image-preview":"max-image-preview:large","max-video-preview":"max-video-preview:-1"},"og_locale":"es_ES","og_type":"article","og_title":"FIREMANS HIDRO BOMBA - Tienda Er\u00f3tica","og_description":"FIREMAN&#39;S HIDRO BOMBA La bomba Fireman&#39;ste ofrece el placer sexual, el tama\u00f1o y la confianza que siempre hab\u00edas so\u00f1ado. Cada","og_url":"https:\/\/demoweb.info\/sexshop001\/producto\/firemans-hidro-bomba\/","og_site_name":"Tienda Er\u00f3tica","article_modified_time":"2022-01-22T13:27:55+00:00","og_image":[{"width":550,"height":550,"url":"https:\/\/demoweb.info\/sexshop001\/wp-content\/uploads\/2022\/01\/FIREMANS-HIDRO-BOMBA.jpg","type":"image\/jpeg"}],"twitter_card":"summary_large_image","twitter_misc":{"Tiempo de lectura":"1 minuto"},"schema":{"@context":"https:\/\/schema.org","@graph":[{"@type":"WebPage","@id":"https:\/\/demoweb.info\/sexshop001\/producto\/firemans-hidro-bomba\/","url":"https:\/\/demoweb.info\/sexshop001\/producto\/firemans-hidro-bomba\/","name":"FIREMANS HIDRO BOMBA - Tienda Er\u00f3tica","isPartOf":{"@id":"https:\/\/demoweb.info\/sexshop001\/#website"},"datePublished":"2022-01-22T13:27:50+00:00","dateModified":"2022-01-22T13:27:55+00:00","breadcrumb":{"@id":"https:\/\/demoweb.info\/sexshop001\/producto\/firemans-hidro-bomba\/#breadcrumb"},"inLanguage":"es","potentialAction":[{"@type":"ReadAction","target":["https:\/\/demoweb.info\/sexshop001\/producto\/firemans-hidro-bomba\/"]}]},{"@type":"BreadcrumbList","@id":"https:\/\/demoweb.info\/sexshop001\/producto\/firemans-hidro-bomba\/#breadcrumb","itemListElement":[{"@type":"ListItem","position":1,"name":"Portada","item":"https:\/\/demoweb.info\/sexshop001\/"},{"@type":"ListItem","position":2,"name":"Tienda","item":"https:\/\/demoweb.info\/sexshop001\/tienda\/"},{"@type":"ListItem","position":3,"name":"FIREMANS HIDRO BOMBA"}]},{"@type":"WebSite","@id":"https:\/\/demoweb.info\/sexshop001\/#website","url":"https:\/\/demoweb.info\/sexshop001\/","name":"Tienda Er\u00f3tica","description":"DEMOWEB SL","potentialAction":[{"@type":"SearchAction","target":{"@type":"EntryPoint","urlTemplate":"https:\/\/demoweb.info\/sexshop001\/?s={search_term_string}"},"query-input":"required name=search_term_string"}],"inLanguage":"es"}]}},"_links":{"self":[{"href":"https:\/\/demoweb.info\/sexshop001\/wp-json\/wp\/v3\/product\/40956","targetHints":{"allow":["GET"]}}],"collection":[{"href":"https:\/\/demoweb.info\/sexshop001\/wp-json\/wp\/v3\/product"}],"about":[{"href":"https:\/\/demoweb.info\/sexshop001\/wp-json\/wp\/v2\/types\/product"}],"replies":[{"embeddable":true,"href":"https:\/\/demoweb.info\/sexshop001\/wp-json\/wp\/v2\/comments?post=40956"}],"wp:featuredmedia":[{"embeddable":true,"href":"https:\/\/demoweb.info\/sexshop001\/wp-json\/wp\/v2\/media\/40957"}],"wp:attachment":[{"href":"https:\/\/demoweb.info\/sexshop001\/wp-json\/wp\/v2\/media?parent=40956"}],"wp:term":[{"taxonomy":"product_cat","embeddable":true,"href":"https:\/\/demoweb.info\/sexshop001\/wp-json\/wp\/v2\/product_cat?post=40956"},{"taxonomy":"product_tag","embeddable":true,"href":"https:\/\/demoweb.info\/sexshop001\/wp-json\/wp\/v2\/product_tag?post=40956"}],"curies":[{"name":"wp","href":"https:\/\/api.w.org\/{rel}","templated":true}]}}