{"id":40779,"date":"2022-01-22T14:25:58","date_gmt":"2022-01-22T13:25:58","guid":{"rendered":"https:\/\/demoweb.info\/sexshop001\/producto\/satisfyer-elastic-joy-naranja\/"},"modified":"2022-01-22T14:26:15","modified_gmt":"2022-01-22T13:26:15","slug":"satisfyer-elastic-joy-naranja","status":"publish","type":"product","link":"https:\/\/demoweb.info\/sexshop001\/producto\/satisfyer-elastic-joy-naranja\/","title":{"rendered":"SATISFYER ELASTIC JOY &#8211; NARANJA"},"content":{"rendered":"<p><strong>SATISFYER ELASTIC JOY <\/strong><\/p>\n<p>Elastic Joy es un vibrador multifuncional que te ofrece infinitas posibilidades! El vibrador se puede doblar en todas las direcciones y formas que prefieras, lo que convierte a Elastic Joy en un vibrador con prop\u00f3sitos ilimitados. Usa Elastic Joy como vibrador de pareja, vibrador del punto G, vibrador de anillo para el pene o como estimulador de las zonas er\u00f3genas: \u00a1la elecci\u00f3n es tuya!<\/p>\n<p>Elastic Joy se puede utilizar para estimulaci\u00f3n interna o externa y proporciona al usuario 7 ritmos de vibraci\u00f3n y 3 intensidades de vibraci\u00f3n adicionales, que se pueden controlar de forma independiente. La forma c\u00f3nica de la punta del vibrador es perfecta para la estimulaci\u00f3n espec\u00edfica del punto G, mientras que la segunda punta aplanada es ideal para la estimulaci\u00f3n externa.<\/p>\n<p>Caracter\u00edsticas:<\/p>\n<ul>\n<li>Tama\u00f1o: 19.9 x 3.25 x 2.32 cm<\/li>\n<li>Peso: 0.070<\/li>\n<li>Power:Recargable por USB<\/li>\n<li>Impermeable<\/li>\n<li>Material: Silicona, PC<\/li>\n<\/ul>\n","protected":false},"excerpt":{"rendered":"<p>SATISFYER ELASTIC JOY Elastic Joy es un vibrador multifuncional que te ofrece infinitas posibilidades! El vibrador se puede doblar en<\/p>\n","protected":false},"featured_media":40780,"comment_status":"open","ping_status":"open","template":"","meta":[],"product_cat":[445],"product_tag":[442,615],"class_list":["post-40779","product","type-product","status-publish","has-post-thumbnail","hentry","product_cat-para-parejas-vibradores-juguetes-xxx","product_tag-satisfyer","product_tag-vibrator"],"bundled_by":[],"bundle_stock_status":"instock","bundle_stock_quantity":25,"bundle_virtual":false,"bundle_layout":"","bundle_add_to_cart_form_location":"","bundle_editable_in_cart":false,"bundle_sold_individually_context":"","bundle_item_grouping":"","bundle_min_size":"","bundle_max_size":"","bundled_items":[],"yoast_head":"<!-- This site is optimized with the Yoast SEO plugin v20.6 - https:\/\/yoast.com\/wordpress\/plugins\/seo\/ -->\n<title>SATISFYER ELASTIC JOY - NARANJA - Tienda Er\u00f3tica<\/title>\n<meta name=\"robots\" content=\"noindex, follow, max-snippet:-1, max-image-preview:large, max-video-preview:-1\" \/>\n<meta property=\"og:locale\" content=\"es_ES\" \/>\n<meta property=\"og:type\" content=\"article\" \/>\n<meta property=\"og:title\" content=\"SATISFYER ELASTIC JOY - NARANJA - Tienda Er\u00f3tica\" \/>\n<meta property=\"og:description\" content=\"SATISFYER ELASTIC JOY Elastic Joy es un vibrador multifuncional que te ofrece infinitas posibilidades! El vibrador se puede doblar en\" \/>\n<meta property=\"og:url\" content=\"https:\/\/demoweb.info\/sexshop001\/producto\/satisfyer-elastic-joy-naranja\/\" \/>\n<meta property=\"og:site_name\" content=\"Tienda Er\u00f3tica\" \/>\n<meta property=\"article:modified_time\" content=\"2022-01-22T13:26:15+00:00\" \/>\n<meta property=\"og:image\" content=\"https:\/\/demoweb.info\/sexshop001\/wp-content\/uploads\/2022\/01\/SATISFYER-ELASTIC-JOY-NARANJA.jpg\" \/>\n\t<meta property=\"og:image:width\" content=\"550\" \/>\n\t<meta property=\"og:image:height\" content=\"550\" \/>\n\t<meta property=\"og:image:type\" content=\"image\/jpeg\" \/>\n<meta name=\"twitter:card\" content=\"summary_large_image\" \/>\n<meta name=\"twitter:label1\" content=\"Tiempo de lectura\" \/>\n\t<meta name=\"twitter:data1\" content=\"1 minuto\" \/>\n<script type=\"application\/ld+json\" class=\"yoast-schema-graph\">{\"@context\":\"https:\/\/schema.org\",\"@graph\":[{\"@type\":\"WebPage\",\"@id\":\"https:\/\/demoweb.info\/sexshop001\/producto\/satisfyer-elastic-joy-naranja\/\",\"url\":\"https:\/\/demoweb.info\/sexshop001\/producto\/satisfyer-elastic-joy-naranja\/\",\"name\":\"SATISFYER ELASTIC JOY - NARANJA - Tienda Er\u00f3tica\",\"isPartOf\":{\"@id\":\"https:\/\/demoweb.info\/sexshop001\/#website\"},\"datePublished\":\"2022-01-22T13:25:58+00:00\",\"dateModified\":\"2022-01-22T13:26:15+00:00\",\"breadcrumb\":{\"@id\":\"https:\/\/demoweb.info\/sexshop001\/producto\/satisfyer-elastic-joy-naranja\/#breadcrumb\"},\"inLanguage\":\"es\",\"potentialAction\":[{\"@type\":\"ReadAction\",\"target\":[\"https:\/\/demoweb.info\/sexshop001\/producto\/satisfyer-elastic-joy-naranja\/\"]}]},{\"@type\":\"BreadcrumbList\",\"@id\":\"https:\/\/demoweb.info\/sexshop001\/producto\/satisfyer-elastic-joy-naranja\/#breadcrumb\",\"itemListElement\":[{\"@type\":\"ListItem\",\"position\":1,\"name\":\"Portada\",\"item\":\"https:\/\/demoweb.info\/sexshop001\/\"},{\"@type\":\"ListItem\",\"position\":2,\"name\":\"Tienda\",\"item\":\"https:\/\/demoweb.info\/sexshop001\/tienda\/\"},{\"@type\":\"ListItem\",\"position\":3,\"name\":\"SATISFYER ELASTIC JOY &#8211; NARANJA\"}]},{\"@type\":\"WebSite\",\"@id\":\"https:\/\/demoweb.info\/sexshop001\/#website\",\"url\":\"https:\/\/demoweb.info\/sexshop001\/\",\"name\":\"Tienda Er\u00f3tica\",\"description\":\"DEMOWEB SL\",\"potentialAction\":[{\"@type\":\"SearchAction\",\"target\":{\"@type\":\"EntryPoint\",\"urlTemplate\":\"https:\/\/demoweb.info\/sexshop001\/?s={search_term_string}\"},\"query-input\":\"required name=search_term_string\"}],\"inLanguage\":\"es\"}]}<\/script>\n<!-- \/ Yoast SEO plugin. -->","yoast_head_json":{"title":"SATISFYER ELASTIC JOY - NARANJA - Tienda Er\u00f3tica","robots":{"index":"noindex","follow":"follow","max-snippet":"max-snippet:-1","max-image-preview":"max-image-preview:large","max-video-preview":"max-video-preview:-1"},"og_locale":"es_ES","og_type":"article","og_title":"SATISFYER ELASTIC JOY - NARANJA - Tienda Er\u00f3tica","og_description":"SATISFYER ELASTIC JOY Elastic Joy es un vibrador multifuncional que te ofrece infinitas posibilidades! El vibrador se puede doblar en","og_url":"https:\/\/demoweb.info\/sexshop001\/producto\/satisfyer-elastic-joy-naranja\/","og_site_name":"Tienda Er\u00f3tica","article_modified_time":"2022-01-22T13:26:15+00:00","og_image":[{"width":550,"height":550,"url":"https:\/\/demoweb.info\/sexshop001\/wp-content\/uploads\/2022\/01\/SATISFYER-ELASTIC-JOY-NARANJA.jpg","type":"image\/jpeg"}],"twitter_card":"summary_large_image","twitter_misc":{"Tiempo de lectura":"1 minuto"},"schema":{"@context":"https:\/\/schema.org","@graph":[{"@type":"WebPage","@id":"https:\/\/demoweb.info\/sexshop001\/producto\/satisfyer-elastic-joy-naranja\/","url":"https:\/\/demoweb.info\/sexshop001\/producto\/satisfyer-elastic-joy-naranja\/","name":"SATISFYER ELASTIC JOY - NARANJA - Tienda Er\u00f3tica","isPartOf":{"@id":"https:\/\/demoweb.info\/sexshop001\/#website"},"datePublished":"2022-01-22T13:25:58+00:00","dateModified":"2022-01-22T13:26:15+00:00","breadcrumb":{"@id":"https:\/\/demoweb.info\/sexshop001\/producto\/satisfyer-elastic-joy-naranja\/#breadcrumb"},"inLanguage":"es","potentialAction":[{"@type":"ReadAction","target":["https:\/\/demoweb.info\/sexshop001\/producto\/satisfyer-elastic-joy-naranja\/"]}]},{"@type":"BreadcrumbList","@id":"https:\/\/demoweb.info\/sexshop001\/producto\/satisfyer-elastic-joy-naranja\/#breadcrumb","itemListElement":[{"@type":"ListItem","position":1,"name":"Portada","item":"https:\/\/demoweb.info\/sexshop001\/"},{"@type":"ListItem","position":2,"name":"Tienda","item":"https:\/\/demoweb.info\/sexshop001\/tienda\/"},{"@type":"ListItem","position":3,"name":"SATISFYER ELASTIC JOY &#8211; NARANJA"}]},{"@type":"WebSite","@id":"https:\/\/demoweb.info\/sexshop001\/#website","url":"https:\/\/demoweb.info\/sexshop001\/","name":"Tienda Er\u00f3tica","description":"DEMOWEB SL","potentialAction":[{"@type":"SearchAction","target":{"@type":"EntryPoint","urlTemplate":"https:\/\/demoweb.info\/sexshop001\/?s={search_term_string}"},"query-input":"required name=search_term_string"}],"inLanguage":"es"}]}},"_links":{"self":[{"href":"https:\/\/demoweb.info\/sexshop001\/wp-json\/wp\/v3\/product\/40779","targetHints":{"allow":["GET"]}}],"collection":[{"href":"https:\/\/demoweb.info\/sexshop001\/wp-json\/wp\/v3\/product"}],"about":[{"href":"https:\/\/demoweb.info\/sexshop001\/wp-json\/wp\/v2\/types\/product"}],"replies":[{"embeddable":true,"href":"https:\/\/demoweb.info\/sexshop001\/wp-json\/wp\/v2\/comments?post=40779"}],"wp:featuredmedia":[{"embeddable":true,"href":"https:\/\/demoweb.info\/sexshop001\/wp-json\/wp\/v2\/media\/40780"}],"wp:attachment":[{"href":"https:\/\/demoweb.info\/sexshop001\/wp-json\/wp\/v2\/media?parent=40779"}],"wp:term":[{"taxonomy":"product_cat","embeddable":true,"href":"https:\/\/demoweb.info\/sexshop001\/wp-json\/wp\/v2\/product_cat?post=40779"},{"taxonomy":"product_tag","embeddable":true,"href":"https:\/\/demoweb.info\/sexshop001\/wp-json\/wp\/v2\/product_tag?post=40779"}],"curies":[{"name":"wp","href":"https:\/\/api.w.org\/{rel}","templated":true}]}}