{"id":40713,"date":"2022-01-22T14:25:25","date_gmt":"2022-01-22T13:25:25","guid":{"rendered":"https:\/\/demoweb.info\/sexshop001\/producto\/satisfyer-marvelous-four-set-air-pulse-multicolor\/"},"modified":"2022-01-22T14:25:36","modified_gmt":"2022-01-22T13:25:36","slug":"satisfyer-marvelous-four-set-air-pulse-multicolor","status":"publish","type":"product","link":"https:\/\/demoweb.info\/sexshop001\/producto\/satisfyer-marvelous-four-set-air-pulse-multicolor\/","title":{"rendered":"SATISFYER MARVELOUS FOUR &#8211; SET AIR PULSE &#8211; MULTICOLOR"},"content":{"rendered":"<p><strong>SATISFYER MARVELOUS FOUR &#8211; SET AIR PULSE &#8211; MULTICOLOR<\/strong><\/p>\n<p>El Marvelous Four de Satisfyer es el juego de placer definitivo de 4 vibradores diferentes. Marvelous Four consiste en un vibrador de ondas de presi\u00f3n que estimula el cl\u00edtoris con ondas de presi\u00f3n profundas y sin contacto, gracias a la innovadora tecnolog\u00eda Airpulse de Satisfyer.<\/p>\n<p>Tambi\u00e9n se incluye el vibrador de conejo en azul: perfecto para una doble estimulaci\u00f3n del cl\u00edtoris y el punto G. En tercer lugar, el vibrador amarillo m\u00e1s peque\u00f1o se puede utilizar como vibrador de punto G o vibrador anal. Por \u00faltimo, Marvelous Four incluye un masajeador de varita que ayuda a calmar los m\u00fasculos adoloridos y aliviar el estr\u00e9s. Adem\u00e1s, el vibrador de varita se puede utilizar para estimular zonas er\u00f3genas.<\/p>\n<p>El vibrador de conejo, el vibrador de punto g \/ anal y el vibrador de varita est\u00e1n equipados con 12 programas de vibraci\u00f3n diferentes. El vibrador de pulso de aire ofrece 11 intensidades diferentes.<\/p>\n<ul>\n<li>1 vibrador de pulso de aire: ondas de presi\u00f3n sin contacto<\/li>\n<li>1 conejo vibrador: doble estimulaci\u00f3n del cl\u00edtoris y del punto g<\/li>\n<li>1 punto g o vibrador anal: elija para el punto g o anal<\/li>\n<li>1 varita vibradora: para un masaje intenso<\/li>\n<li>Base con simple clic y rotaci\u00f3n de 90 \u00b0<\/li>\n<\/ul>\n<p>\nDimensiones:<\/p>\n<ul>\n<li>Vibrador rabbit azul = 180.8 mm x 66.4 mm x 39.2 mm<\/li>\n<li>Vibrador de presi\u00f3n de aire rosa = 152.2 mm x 61.5 mm x 46.3 mm<\/li>\n<li>Vibrador de punto g o anal amarillo = 146.5 mm x 49.5 mm x 44.5 mm<\/li>\n<li>Vibrador de varita morada = 152.2 mm x 61.5 mm x 46.3 mm<\/li>\n<\/ul>\n","protected":false},"excerpt":{"rendered":"<p>SATISFYER MARVELOUS FOUR &#8211; SET AIR PULSE &#8211; MULTICOLOR El Marvelous Four de Satisfyer es el juego de placer definitivo<\/p>\n","protected":false},"featured_media":40714,"comment_status":"open","ping_status":"open","template":"","meta":[],"product_cat":[1315],"product_tag":[1060,442],"class_list":["post-40713","product","type-product","status-publish","has-post-thumbnail","hentry","product_cat-kits-vibradores-juguetes-xxx-novedades","product_tag-air-pulse","product_tag-satisfyer"],"bundled_by":[],"bundle_stock_status":"outofstock","bundle_stock_quantity":0,"bundle_virtual":false,"bundle_layout":"","bundle_add_to_cart_form_location":"","bundle_editable_in_cart":false,"bundle_sold_individually_context":"","bundle_item_grouping":"","bundle_min_size":"","bundle_max_size":"","bundled_items":[],"yoast_head":"<!-- This site is optimized with the Yoast SEO plugin v20.6 - https:\/\/yoast.com\/wordpress\/plugins\/seo\/ -->\n<title>SATISFYER MARVELOUS FOUR - SET AIR PULSE - MULTICOLOR - Tienda Er\u00f3tica<\/title>\n<meta name=\"robots\" content=\"noindex, follow, max-snippet:-1, max-image-preview:large, max-video-preview:-1\" \/>\n<meta property=\"og:locale\" content=\"es_ES\" \/>\n<meta property=\"og:type\" content=\"article\" \/>\n<meta property=\"og:title\" content=\"SATISFYER MARVELOUS FOUR - SET AIR PULSE - MULTICOLOR - Tienda Er\u00f3tica\" \/>\n<meta property=\"og:description\" content=\"SATISFYER MARVELOUS FOUR &#8211; SET AIR PULSE &#8211; MULTICOLOR El Marvelous Four de Satisfyer es el juego de placer definitivo\" \/>\n<meta property=\"og:url\" content=\"https:\/\/demoweb.info\/sexshop001\/producto\/satisfyer-marvelous-four-set-air-pulse-multicolor\/\" \/>\n<meta property=\"og:site_name\" content=\"Tienda Er\u00f3tica\" \/>\n<meta property=\"article:modified_time\" content=\"2022-01-22T13:25:36+00:00\" \/>\n<meta property=\"og:image\" content=\"https:\/\/demoweb.info\/sexshop001\/wp-content\/uploads\/2022\/01\/SATISFYER-MARVELOUS-FOUR-SET-AIR-PULSE-MULTICOLOR.jpg\" \/>\n\t<meta property=\"og:image:width\" content=\"550\" \/>\n\t<meta property=\"og:image:height\" content=\"550\" \/>\n\t<meta property=\"og:image:type\" content=\"image\/jpeg\" \/>\n<meta name=\"twitter:card\" content=\"summary_large_image\" \/>\n<meta name=\"twitter:label1\" content=\"Tiempo de lectura\" \/>\n\t<meta name=\"twitter:data1\" content=\"1 minuto\" \/>\n<script type=\"application\/ld+json\" class=\"yoast-schema-graph\">{\"@context\":\"https:\/\/schema.org\",\"@graph\":[{\"@type\":\"WebPage\",\"@id\":\"https:\/\/demoweb.info\/sexshop001\/producto\/satisfyer-marvelous-four-set-air-pulse-multicolor\/\",\"url\":\"https:\/\/demoweb.info\/sexshop001\/producto\/satisfyer-marvelous-four-set-air-pulse-multicolor\/\",\"name\":\"SATISFYER MARVELOUS FOUR - SET AIR PULSE - MULTICOLOR - Tienda Er\u00f3tica\",\"isPartOf\":{\"@id\":\"https:\/\/demoweb.info\/sexshop001\/#website\"},\"datePublished\":\"2022-01-22T13:25:25+00:00\",\"dateModified\":\"2022-01-22T13:25:36+00:00\",\"breadcrumb\":{\"@id\":\"https:\/\/demoweb.info\/sexshop001\/producto\/satisfyer-marvelous-four-set-air-pulse-multicolor\/#breadcrumb\"},\"inLanguage\":\"es\",\"potentialAction\":[{\"@type\":\"ReadAction\",\"target\":[\"https:\/\/demoweb.info\/sexshop001\/producto\/satisfyer-marvelous-four-set-air-pulse-multicolor\/\"]}]},{\"@type\":\"BreadcrumbList\",\"@id\":\"https:\/\/demoweb.info\/sexshop001\/producto\/satisfyer-marvelous-four-set-air-pulse-multicolor\/#breadcrumb\",\"itemListElement\":[{\"@type\":\"ListItem\",\"position\":1,\"name\":\"Portada\",\"item\":\"https:\/\/demoweb.info\/sexshop001\/\"},{\"@type\":\"ListItem\",\"position\":2,\"name\":\"Tienda\",\"item\":\"https:\/\/demoweb.info\/sexshop001\/tienda\/\"},{\"@type\":\"ListItem\",\"position\":3,\"name\":\"SATISFYER MARVELOUS FOUR &#8211; SET AIR PULSE &#8211; MULTICOLOR\"}]},{\"@type\":\"WebSite\",\"@id\":\"https:\/\/demoweb.info\/sexshop001\/#website\",\"url\":\"https:\/\/demoweb.info\/sexshop001\/\",\"name\":\"Tienda Er\u00f3tica\",\"description\":\"DEMOWEB SL\",\"potentialAction\":[{\"@type\":\"SearchAction\",\"target\":{\"@type\":\"EntryPoint\",\"urlTemplate\":\"https:\/\/demoweb.info\/sexshop001\/?s={search_term_string}\"},\"query-input\":\"required name=search_term_string\"}],\"inLanguage\":\"es\"}]}<\/script>\n<!-- \/ Yoast SEO plugin. -->","yoast_head_json":{"title":"SATISFYER MARVELOUS FOUR - SET AIR PULSE - MULTICOLOR - Tienda Er\u00f3tica","robots":{"index":"noindex","follow":"follow","max-snippet":"max-snippet:-1","max-image-preview":"max-image-preview:large","max-video-preview":"max-video-preview:-1"},"og_locale":"es_ES","og_type":"article","og_title":"SATISFYER MARVELOUS FOUR - SET AIR PULSE - MULTICOLOR - Tienda Er\u00f3tica","og_description":"SATISFYER MARVELOUS FOUR &#8211; SET AIR PULSE &#8211; MULTICOLOR El Marvelous Four de Satisfyer es el juego de placer definitivo","og_url":"https:\/\/demoweb.info\/sexshop001\/producto\/satisfyer-marvelous-four-set-air-pulse-multicolor\/","og_site_name":"Tienda Er\u00f3tica","article_modified_time":"2022-01-22T13:25:36+00:00","og_image":[{"width":550,"height":550,"url":"https:\/\/demoweb.info\/sexshop001\/wp-content\/uploads\/2022\/01\/SATISFYER-MARVELOUS-FOUR-SET-AIR-PULSE-MULTICOLOR.jpg","type":"image\/jpeg"}],"twitter_card":"summary_large_image","twitter_misc":{"Tiempo de lectura":"1 minuto"},"schema":{"@context":"https:\/\/schema.org","@graph":[{"@type":"WebPage","@id":"https:\/\/demoweb.info\/sexshop001\/producto\/satisfyer-marvelous-four-set-air-pulse-multicolor\/","url":"https:\/\/demoweb.info\/sexshop001\/producto\/satisfyer-marvelous-four-set-air-pulse-multicolor\/","name":"SATISFYER MARVELOUS FOUR - SET AIR PULSE - MULTICOLOR - Tienda Er\u00f3tica","isPartOf":{"@id":"https:\/\/demoweb.info\/sexshop001\/#website"},"datePublished":"2022-01-22T13:25:25+00:00","dateModified":"2022-01-22T13:25:36+00:00","breadcrumb":{"@id":"https:\/\/demoweb.info\/sexshop001\/producto\/satisfyer-marvelous-four-set-air-pulse-multicolor\/#breadcrumb"},"inLanguage":"es","potentialAction":[{"@type":"ReadAction","target":["https:\/\/demoweb.info\/sexshop001\/producto\/satisfyer-marvelous-four-set-air-pulse-multicolor\/"]}]},{"@type":"BreadcrumbList","@id":"https:\/\/demoweb.info\/sexshop001\/producto\/satisfyer-marvelous-four-set-air-pulse-multicolor\/#breadcrumb","itemListElement":[{"@type":"ListItem","position":1,"name":"Portada","item":"https:\/\/demoweb.info\/sexshop001\/"},{"@type":"ListItem","position":2,"name":"Tienda","item":"https:\/\/demoweb.info\/sexshop001\/tienda\/"},{"@type":"ListItem","position":3,"name":"SATISFYER MARVELOUS FOUR &#8211; SET AIR PULSE &#8211; MULTICOLOR"}]},{"@type":"WebSite","@id":"https:\/\/demoweb.info\/sexshop001\/#website","url":"https:\/\/demoweb.info\/sexshop001\/","name":"Tienda Er\u00f3tica","description":"DEMOWEB SL","potentialAction":[{"@type":"SearchAction","target":{"@type":"EntryPoint","urlTemplate":"https:\/\/demoweb.info\/sexshop001\/?s={search_term_string}"},"query-input":"required name=search_term_string"}],"inLanguage":"es"}]}},"_links":{"self":[{"href":"https:\/\/demoweb.info\/sexshop001\/wp-json\/wp\/v3\/product\/40713","targetHints":{"allow":["GET"]}}],"collection":[{"href":"https:\/\/demoweb.info\/sexshop001\/wp-json\/wp\/v3\/product"}],"about":[{"href":"https:\/\/demoweb.info\/sexshop001\/wp-json\/wp\/v2\/types\/product"}],"replies":[{"embeddable":true,"href":"https:\/\/demoweb.info\/sexshop001\/wp-json\/wp\/v2\/comments?post=40713"}],"wp:featuredmedia":[{"embeddable":true,"href":"https:\/\/demoweb.info\/sexshop001\/wp-json\/wp\/v2\/media\/40714"}],"wp:attachment":[{"href":"https:\/\/demoweb.info\/sexshop001\/wp-json\/wp\/v2\/media?parent=40713"}],"wp:term":[{"taxonomy":"product_cat","embeddable":true,"href":"https:\/\/demoweb.info\/sexshop001\/wp-json\/wp\/v2\/product_cat?post=40713"},{"taxonomy":"product_tag","embeddable":true,"href":"https:\/\/demoweb.info\/sexshop001\/wp-json\/wp\/v2\/product_tag?post=40713"}],"curies":[{"name":"wp","href":"https:\/\/api.w.org\/{rel}","templated":true}]}}