{"id":40393,"date":"2022-01-22T14:21:45","date_gmt":"2022-01-22T13:21:45","guid":{"rendered":"https:\/\/demoweb.info\/sexshop001\/producto\/kit-masturbador-vagina-mulata\/"},"modified":"2022-01-22T14:21:56","modified_gmt":"2022-01-22T13:21:56","slug":"kit-masturbador-vagina-mulata","status":"publish","type":"product","link":"https:\/\/demoweb.info\/sexshop001\/producto\/kit-masturbador-vagina-mulata\/","title":{"rendered":"KIT MASTURBADOR VAGINA MULATA"},"content":{"rendered":"<p><strong>FUCK MY BLACK BUBBLE BUTT<\/strong><\/p>\n<p>Observa como tu pene se hace m\u00e1s grueso y m\u00e1s duro como nunca antes con este magn\u00edfico estimulador! Este masturbador de gelatina est\u00e1 dedicado especialmente para los chicos que les gusta mirar.<\/p>\n<p>El tubo real\u00edstico te ofrece una vista detallada de tu pene creciendo y engordando con cada sacudida. Una vez lo penetras, su prieto conducto texturizado te abrazar\u00e1 como si de un amante real se tratase, o incluso a\u00fan mejor!<\/p>\n<p>Haz realidad tus fantas\u00edas y mira como tu poderoso pene se adue\u00f1a de su interior con cada caricia de placer. Mientras te masturbas a este culito.<\/p>\n<p>KIT INCLUYE:<\/p>\n<ul>\n<li>Vagina y culo realista Fanta-Flesh<\/li>\n<li>Loci\u00f3n Corporal<\/li>\n<li>Limpiador de juguetes<\/li>\n<li>Polvo Fanta-Flesh<\/li>\n<\/ul>\n","protected":false},"excerpt":{"rendered":"<p>FUCK MY BLACK BUBBLE BUTT Observa como tu pene se hace m\u00e1s grueso y m\u00e1s duro como nunca antes con<\/p>\n","protected":false},"featured_media":40394,"comment_status":"open","ping_status":"open","template":"","meta":[],"product_cat":[560],"product_tag":[561,259],"class_list":["post-40393","product","type-product","status-publish","has-post-thumbnail","hentry","product_cat-vaginas-y-anos","product_tag-extreme-toyz","product_tag-pipedream"],"bundled_by":[],"bundle_stock_status":"instock","bundle_stock_quantity":1,"bundle_virtual":false,"bundle_layout":"","bundle_add_to_cart_form_location":"","bundle_editable_in_cart":false,"bundle_sold_individually_context":"","bundle_item_grouping":"","bundle_min_size":"","bundle_max_size":"","bundled_items":[],"yoast_head":"<!-- This site is optimized with the Yoast SEO plugin v20.6 - https:\/\/yoast.com\/wordpress\/plugins\/seo\/ -->\n<title>KIT MASTURBADOR VAGINA MULATA - Tienda Er\u00f3tica<\/title>\n<meta name=\"robots\" content=\"noindex, follow, max-snippet:-1, max-image-preview:large, max-video-preview:-1\" \/>\n<meta property=\"og:locale\" content=\"es_ES\" \/>\n<meta property=\"og:type\" content=\"article\" \/>\n<meta property=\"og:title\" content=\"KIT MASTURBADOR VAGINA MULATA - Tienda Er\u00f3tica\" \/>\n<meta property=\"og:description\" content=\"FUCK MY BLACK BUBBLE BUTT Observa como tu pene se hace m\u00e1s grueso y m\u00e1s duro como nunca antes con\" \/>\n<meta property=\"og:url\" content=\"https:\/\/demoweb.info\/sexshop001\/producto\/kit-masturbador-vagina-mulata\/\" \/>\n<meta property=\"og:site_name\" content=\"Tienda Er\u00f3tica\" \/>\n<meta property=\"article:modified_time\" content=\"2022-01-22T13:21:56+00:00\" \/>\n<meta property=\"og:image\" content=\"https:\/\/demoweb.info\/sexshop001\/wp-content\/uploads\/2022\/01\/KIT-MASTURBADOR-VAGINA-MULATA.jpg\" \/>\n\t<meta property=\"og:image:width\" content=\"550\" \/>\n\t<meta property=\"og:image:height\" content=\"550\" \/>\n\t<meta property=\"og:image:type\" content=\"image\/jpeg\" \/>\n<meta name=\"twitter:card\" content=\"summary_large_image\" \/>\n<meta name=\"twitter:label1\" content=\"Tiempo de lectura\" \/>\n\t<meta name=\"twitter:data1\" content=\"1 minuto\" \/>\n<script type=\"application\/ld+json\" class=\"yoast-schema-graph\">{\"@context\":\"https:\/\/schema.org\",\"@graph\":[{\"@type\":\"WebPage\",\"@id\":\"https:\/\/demoweb.info\/sexshop001\/producto\/kit-masturbador-vagina-mulata\/\",\"url\":\"https:\/\/demoweb.info\/sexshop001\/producto\/kit-masturbador-vagina-mulata\/\",\"name\":\"KIT MASTURBADOR VAGINA MULATA - Tienda Er\u00f3tica\",\"isPartOf\":{\"@id\":\"https:\/\/demoweb.info\/sexshop001\/#website\"},\"datePublished\":\"2022-01-22T13:21:45+00:00\",\"dateModified\":\"2022-01-22T13:21:56+00:00\",\"breadcrumb\":{\"@id\":\"https:\/\/demoweb.info\/sexshop001\/producto\/kit-masturbador-vagina-mulata\/#breadcrumb\"},\"inLanguage\":\"es\",\"potentialAction\":[{\"@type\":\"ReadAction\",\"target\":[\"https:\/\/demoweb.info\/sexshop001\/producto\/kit-masturbador-vagina-mulata\/\"]}]},{\"@type\":\"BreadcrumbList\",\"@id\":\"https:\/\/demoweb.info\/sexshop001\/producto\/kit-masturbador-vagina-mulata\/#breadcrumb\",\"itemListElement\":[{\"@type\":\"ListItem\",\"position\":1,\"name\":\"Portada\",\"item\":\"https:\/\/demoweb.info\/sexshop001\/\"},{\"@type\":\"ListItem\",\"position\":2,\"name\":\"Tienda\",\"item\":\"https:\/\/demoweb.info\/sexshop001\/tienda\/\"},{\"@type\":\"ListItem\",\"position\":3,\"name\":\"KIT MASTURBADOR VAGINA MULATA\"}]},{\"@type\":\"WebSite\",\"@id\":\"https:\/\/demoweb.info\/sexshop001\/#website\",\"url\":\"https:\/\/demoweb.info\/sexshop001\/\",\"name\":\"Tienda Er\u00f3tica\",\"description\":\"DEMOWEB SL\",\"potentialAction\":[{\"@type\":\"SearchAction\",\"target\":{\"@type\":\"EntryPoint\",\"urlTemplate\":\"https:\/\/demoweb.info\/sexshop001\/?s={search_term_string}\"},\"query-input\":\"required name=search_term_string\"}],\"inLanguage\":\"es\"}]}<\/script>\n<!-- \/ Yoast SEO plugin. -->","yoast_head_json":{"title":"KIT MASTURBADOR VAGINA MULATA - Tienda Er\u00f3tica","robots":{"index":"noindex","follow":"follow","max-snippet":"max-snippet:-1","max-image-preview":"max-image-preview:large","max-video-preview":"max-video-preview:-1"},"og_locale":"es_ES","og_type":"article","og_title":"KIT MASTURBADOR VAGINA MULATA - Tienda Er\u00f3tica","og_description":"FUCK MY BLACK BUBBLE BUTT Observa como tu pene se hace m\u00e1s grueso y m\u00e1s duro como nunca antes con","og_url":"https:\/\/demoweb.info\/sexshop001\/producto\/kit-masturbador-vagina-mulata\/","og_site_name":"Tienda Er\u00f3tica","article_modified_time":"2022-01-22T13:21:56+00:00","og_image":[{"width":550,"height":550,"url":"https:\/\/demoweb.info\/sexshop001\/wp-content\/uploads\/2022\/01\/KIT-MASTURBADOR-VAGINA-MULATA.jpg","type":"image\/jpeg"}],"twitter_card":"summary_large_image","twitter_misc":{"Tiempo de lectura":"1 minuto"},"schema":{"@context":"https:\/\/schema.org","@graph":[{"@type":"WebPage","@id":"https:\/\/demoweb.info\/sexshop001\/producto\/kit-masturbador-vagina-mulata\/","url":"https:\/\/demoweb.info\/sexshop001\/producto\/kit-masturbador-vagina-mulata\/","name":"KIT MASTURBADOR VAGINA MULATA - Tienda Er\u00f3tica","isPartOf":{"@id":"https:\/\/demoweb.info\/sexshop001\/#website"},"datePublished":"2022-01-22T13:21:45+00:00","dateModified":"2022-01-22T13:21:56+00:00","breadcrumb":{"@id":"https:\/\/demoweb.info\/sexshop001\/producto\/kit-masturbador-vagina-mulata\/#breadcrumb"},"inLanguage":"es","potentialAction":[{"@type":"ReadAction","target":["https:\/\/demoweb.info\/sexshop001\/producto\/kit-masturbador-vagina-mulata\/"]}]},{"@type":"BreadcrumbList","@id":"https:\/\/demoweb.info\/sexshop001\/producto\/kit-masturbador-vagina-mulata\/#breadcrumb","itemListElement":[{"@type":"ListItem","position":1,"name":"Portada","item":"https:\/\/demoweb.info\/sexshop001\/"},{"@type":"ListItem","position":2,"name":"Tienda","item":"https:\/\/demoweb.info\/sexshop001\/tienda\/"},{"@type":"ListItem","position":3,"name":"KIT MASTURBADOR VAGINA MULATA"}]},{"@type":"WebSite","@id":"https:\/\/demoweb.info\/sexshop001\/#website","url":"https:\/\/demoweb.info\/sexshop001\/","name":"Tienda Er\u00f3tica","description":"DEMOWEB SL","potentialAction":[{"@type":"SearchAction","target":{"@type":"EntryPoint","urlTemplate":"https:\/\/demoweb.info\/sexshop001\/?s={search_term_string}"},"query-input":"required name=search_term_string"}],"inLanguage":"es"}]}},"_links":{"self":[{"href":"https:\/\/demoweb.info\/sexshop001\/wp-json\/wp\/v3\/product\/40393","targetHints":{"allow":["GET"]}}],"collection":[{"href":"https:\/\/demoweb.info\/sexshop001\/wp-json\/wp\/v3\/product"}],"about":[{"href":"https:\/\/demoweb.info\/sexshop001\/wp-json\/wp\/v2\/types\/product"}],"replies":[{"embeddable":true,"href":"https:\/\/demoweb.info\/sexshop001\/wp-json\/wp\/v2\/comments?post=40393"}],"wp:featuredmedia":[{"embeddable":true,"href":"https:\/\/demoweb.info\/sexshop001\/wp-json\/wp\/v2\/media\/40394"}],"wp:attachment":[{"href":"https:\/\/demoweb.info\/sexshop001\/wp-json\/wp\/v2\/media?parent=40393"}],"wp:term":[{"taxonomy":"product_cat","embeddable":true,"href":"https:\/\/demoweb.info\/sexshop001\/wp-json\/wp\/v2\/product_cat?post=40393"},{"taxonomy":"product_tag","embeddable":true,"href":"https:\/\/demoweb.info\/sexshop001\/wp-json\/wp\/v2\/product_tag?post=40393"}],"curies":[{"name":"wp","href":"https:\/\/api.w.org\/{rel}","templated":true}]}}