{"id":40363,"date":"2022-01-22T14:21:31","date_gmt":"2022-01-22T13:21:31","guid":{"rendered":"https:\/\/demoweb.info\/sexshop001\/producto\/pack-body-nella-en-color-negro-y-2-bolas-de-aceite-de-coco-con-aroma-de-frutas\/"},"modified":"2022-01-22T14:21:37","modified_gmt":"2022-01-22T13:21:37","slug":"pack-body-nella-en-color-negro-y-2-bolas-de-aceite-de-coco-con-aroma-de-frutas","status":"publish","type":"product","link":"https:\/\/demoweb.info\/sexshop001\/producto\/pack-body-nella-en-color-negro-y-2-bolas-de-aceite-de-coco-con-aroma-de-frutas\/","title":{"rendered":"PACK BODY NELLA EN COLOR NEGRO Y 2 BOLAS DE ACEITE DE COCO CON AROMA DE FRUTAS"},"content":{"rendered":"<p><strong>PACK BODY NELLA EN COLOR NEGRO Y 2 BOLAS DE ACEITE DE COCO CON AROMA DE FRUTAS<\/strong><\/p>\n<p>Set de lenceria formado por body Nella:<br \/>\nColor: Negro<br \/>\nCierre trasero: Espalda cubierta<br \/>\nCierre delantero: Sin cierres<br \/>\nCuello: Sin escote<br \/>\nCopa: Sin copa<br \/>\nAros: Sin aros<br \/>\nTipo de corte: Corto (Hasta la cadera)<br \/>\nTirantes: Sin tirantes<br \/>\nMangas: Manga larga<br \/>\nTela: Lisa<br \/>\nDetalles: Otros como se ve en la foto<br \/>\nAccesorios: Sin accesorios<br \/>\nTotal piezas: 1<br \/>\nComposici\u00f3n: 95% polyester &#8211; 5% spandex<br \/>\nEtiquetaje: Etiqueta estandar<br \/>\nEmbalaje: Bolsa pl\u00e1stico transparente<\/p>\n<p>Y 2 BOLAS DE ACEITE DE COCO PARA MASAJE CORPORAL CON AROMA AFRODIS\u00cdACO.<br \/>\nAROMA: FRESA<\/p>\n<p>MODO DE EMPLEO: Aplicar sobre la piel masajeando suavemente. Al contacto con el calor del cuerpo, la bola se disuelve en poco tiempo, liberando un l\u00edquido que lubrica, contribuyendo al juego de los preliminares er\u00f3ticos y convirtiendo la relaci\u00f3n sexual en un intenso viaje al orgasmo.<br \/>\nAl mismo tiempo, desprende un delicioso aroma que estimula el sentido del olfato, creando una atmosfera de erotismo y sensualidad. Ideal para descubrir sensaciones inimaginables de placer.<\/p>\n","protected":false},"excerpt":{"rendered":"<p>PACK BODY NELLA EN COLOR NEGRO Y 2 BOLAS DE ACEITE DE COCO CON AROMA DE FRUTAS Set de lenceria<\/p>\n","protected":false},"featured_media":40364,"comment_status":"open","ping_status":"open","template":"","meta":[],"product_cat":[940],"product_tag":[1072],"class_list":["post-40363","product","type-product","status-publish","has-post-thumbnail","hentry","product_cat-bodys-para-ella","product_tag-lips-and-cherry"],"bundled_by":[],"bundle_stock_status":"outofstock","bundle_stock_quantity":0,"bundle_virtual":false,"bundle_layout":"","bundle_add_to_cart_form_location":"","bundle_editable_in_cart":false,"bundle_sold_individually_context":"","bundle_item_grouping":"","bundle_min_size":"","bundle_max_size":"","bundled_items":[],"yoast_head":"<!-- This site is optimized with the Yoast SEO plugin v20.6 - https:\/\/yoast.com\/wordpress\/plugins\/seo\/ -->\n<title>PACK BODY NELLA EN COLOR NEGRO Y 2 BOLAS DE ACEITE DE COCO CON AROMA DE FRUTAS - Tienda Er\u00f3tica<\/title>\n<meta name=\"robots\" content=\"noindex, follow, max-snippet:-1, max-image-preview:large, max-video-preview:-1\" \/>\n<meta property=\"og:locale\" content=\"es_ES\" \/>\n<meta property=\"og:type\" content=\"article\" \/>\n<meta property=\"og:title\" content=\"PACK BODY NELLA EN COLOR NEGRO Y 2 BOLAS DE ACEITE DE COCO CON AROMA DE FRUTAS - Tienda Er\u00f3tica\" \/>\n<meta property=\"og:description\" content=\"PACK BODY NELLA EN COLOR NEGRO Y 2 BOLAS DE ACEITE DE COCO CON AROMA DE FRUTAS Set de lenceria\" \/>\n<meta property=\"og:url\" content=\"https:\/\/demoweb.info\/sexshop001\/producto\/pack-body-nella-en-color-negro-y-2-bolas-de-aceite-de-coco-con-aroma-de-frutas\/\" \/>\n<meta property=\"og:site_name\" content=\"Tienda Er\u00f3tica\" \/>\n<meta property=\"article:modified_time\" content=\"2022-01-22T13:21:37+00:00\" \/>\n<meta property=\"og:image\" content=\"https:\/\/demoweb.info\/sexshop001\/wp-content\/uploads\/2022\/01\/PACK-BODY-NELLA-EN-COLOR-NEGRO-Y-2-BOLAS-DE-ACEITE-DE-COCO-CON-AROMA-DE-FRUTAS.jpg\" \/>\n\t<meta property=\"og:image:width\" content=\"550\" \/>\n\t<meta property=\"og:image:height\" content=\"550\" \/>\n\t<meta property=\"og:image:type\" content=\"image\/jpeg\" \/>\n<meta name=\"twitter:card\" content=\"summary_large_image\" \/>\n<meta name=\"twitter:label1\" content=\"Tiempo de lectura\" \/>\n\t<meta name=\"twitter:data1\" content=\"1 minuto\" \/>\n<script type=\"application\/ld+json\" class=\"yoast-schema-graph\">{\"@context\":\"https:\/\/schema.org\",\"@graph\":[{\"@type\":\"WebPage\",\"@id\":\"https:\/\/demoweb.info\/sexshop001\/producto\/pack-body-nella-en-color-negro-y-2-bolas-de-aceite-de-coco-con-aroma-de-frutas\/\",\"url\":\"https:\/\/demoweb.info\/sexshop001\/producto\/pack-body-nella-en-color-negro-y-2-bolas-de-aceite-de-coco-con-aroma-de-frutas\/\",\"name\":\"PACK BODY NELLA EN COLOR NEGRO Y 2 BOLAS DE ACEITE DE COCO CON AROMA DE FRUTAS - Tienda Er\u00f3tica\",\"isPartOf\":{\"@id\":\"https:\/\/demoweb.info\/sexshop001\/#website\"},\"datePublished\":\"2022-01-22T13:21:31+00:00\",\"dateModified\":\"2022-01-22T13:21:37+00:00\",\"breadcrumb\":{\"@id\":\"https:\/\/demoweb.info\/sexshop001\/producto\/pack-body-nella-en-color-negro-y-2-bolas-de-aceite-de-coco-con-aroma-de-frutas\/#breadcrumb\"},\"inLanguage\":\"es\",\"potentialAction\":[{\"@type\":\"ReadAction\",\"target\":[\"https:\/\/demoweb.info\/sexshop001\/producto\/pack-body-nella-en-color-negro-y-2-bolas-de-aceite-de-coco-con-aroma-de-frutas\/\"]}]},{\"@type\":\"BreadcrumbList\",\"@id\":\"https:\/\/demoweb.info\/sexshop001\/producto\/pack-body-nella-en-color-negro-y-2-bolas-de-aceite-de-coco-con-aroma-de-frutas\/#breadcrumb\",\"itemListElement\":[{\"@type\":\"ListItem\",\"position\":1,\"name\":\"Portada\",\"item\":\"https:\/\/demoweb.info\/sexshop001\/\"},{\"@type\":\"ListItem\",\"position\":2,\"name\":\"Tienda\",\"item\":\"https:\/\/demoweb.info\/sexshop001\/tienda\/\"},{\"@type\":\"ListItem\",\"position\":3,\"name\":\"PACK BODY NELLA EN COLOR NEGRO Y 2 BOLAS DE ACEITE DE COCO CON AROMA DE FRUTAS\"}]},{\"@type\":\"WebSite\",\"@id\":\"https:\/\/demoweb.info\/sexshop001\/#website\",\"url\":\"https:\/\/demoweb.info\/sexshop001\/\",\"name\":\"Tienda Er\u00f3tica\",\"description\":\"DEMOWEB SL\",\"potentialAction\":[{\"@type\":\"SearchAction\",\"target\":{\"@type\":\"EntryPoint\",\"urlTemplate\":\"https:\/\/demoweb.info\/sexshop001\/?s={search_term_string}\"},\"query-input\":\"required name=search_term_string\"}],\"inLanguage\":\"es\"}]}<\/script>\n<!-- \/ Yoast SEO plugin. -->","yoast_head_json":{"title":"PACK BODY NELLA EN COLOR NEGRO Y 2 BOLAS DE ACEITE DE COCO CON AROMA DE FRUTAS - Tienda Er\u00f3tica","robots":{"index":"noindex","follow":"follow","max-snippet":"max-snippet:-1","max-image-preview":"max-image-preview:large","max-video-preview":"max-video-preview:-1"},"og_locale":"es_ES","og_type":"article","og_title":"PACK BODY NELLA EN COLOR NEGRO Y 2 BOLAS DE ACEITE DE COCO CON AROMA DE FRUTAS - Tienda Er\u00f3tica","og_description":"PACK BODY NELLA EN COLOR NEGRO Y 2 BOLAS DE ACEITE DE COCO CON AROMA DE FRUTAS Set de lenceria","og_url":"https:\/\/demoweb.info\/sexshop001\/producto\/pack-body-nella-en-color-negro-y-2-bolas-de-aceite-de-coco-con-aroma-de-frutas\/","og_site_name":"Tienda Er\u00f3tica","article_modified_time":"2022-01-22T13:21:37+00:00","og_image":[{"width":550,"height":550,"url":"https:\/\/demoweb.info\/sexshop001\/wp-content\/uploads\/2022\/01\/PACK-BODY-NELLA-EN-COLOR-NEGRO-Y-2-BOLAS-DE-ACEITE-DE-COCO-CON-AROMA-DE-FRUTAS.jpg","type":"image\/jpeg"}],"twitter_card":"summary_large_image","twitter_misc":{"Tiempo de lectura":"1 minuto"},"schema":{"@context":"https:\/\/schema.org","@graph":[{"@type":"WebPage","@id":"https:\/\/demoweb.info\/sexshop001\/producto\/pack-body-nella-en-color-negro-y-2-bolas-de-aceite-de-coco-con-aroma-de-frutas\/","url":"https:\/\/demoweb.info\/sexshop001\/producto\/pack-body-nella-en-color-negro-y-2-bolas-de-aceite-de-coco-con-aroma-de-frutas\/","name":"PACK BODY NELLA EN COLOR NEGRO Y 2 BOLAS DE ACEITE DE COCO CON AROMA DE FRUTAS - Tienda Er\u00f3tica","isPartOf":{"@id":"https:\/\/demoweb.info\/sexshop001\/#website"},"datePublished":"2022-01-22T13:21:31+00:00","dateModified":"2022-01-22T13:21:37+00:00","breadcrumb":{"@id":"https:\/\/demoweb.info\/sexshop001\/producto\/pack-body-nella-en-color-negro-y-2-bolas-de-aceite-de-coco-con-aroma-de-frutas\/#breadcrumb"},"inLanguage":"es","potentialAction":[{"@type":"ReadAction","target":["https:\/\/demoweb.info\/sexshop001\/producto\/pack-body-nella-en-color-negro-y-2-bolas-de-aceite-de-coco-con-aroma-de-frutas\/"]}]},{"@type":"BreadcrumbList","@id":"https:\/\/demoweb.info\/sexshop001\/producto\/pack-body-nella-en-color-negro-y-2-bolas-de-aceite-de-coco-con-aroma-de-frutas\/#breadcrumb","itemListElement":[{"@type":"ListItem","position":1,"name":"Portada","item":"https:\/\/demoweb.info\/sexshop001\/"},{"@type":"ListItem","position":2,"name":"Tienda","item":"https:\/\/demoweb.info\/sexshop001\/tienda\/"},{"@type":"ListItem","position":3,"name":"PACK BODY NELLA EN COLOR NEGRO Y 2 BOLAS DE ACEITE DE COCO CON AROMA DE FRUTAS"}]},{"@type":"WebSite","@id":"https:\/\/demoweb.info\/sexshop001\/#website","url":"https:\/\/demoweb.info\/sexshop001\/","name":"Tienda Er\u00f3tica","description":"DEMOWEB SL","potentialAction":[{"@type":"SearchAction","target":{"@type":"EntryPoint","urlTemplate":"https:\/\/demoweb.info\/sexshop001\/?s={search_term_string}"},"query-input":"required name=search_term_string"}],"inLanguage":"es"}]}},"_links":{"self":[{"href":"https:\/\/demoweb.info\/sexshop001\/wp-json\/wp\/v3\/product\/40363","targetHints":{"allow":["GET"]}}],"collection":[{"href":"https:\/\/demoweb.info\/sexshop001\/wp-json\/wp\/v3\/product"}],"about":[{"href":"https:\/\/demoweb.info\/sexshop001\/wp-json\/wp\/v2\/types\/product"}],"replies":[{"embeddable":true,"href":"https:\/\/demoweb.info\/sexshop001\/wp-json\/wp\/v2\/comments?post=40363"}],"wp:featuredmedia":[{"embeddable":true,"href":"https:\/\/demoweb.info\/sexshop001\/wp-json\/wp\/v2\/media\/40364"}],"wp:attachment":[{"href":"https:\/\/demoweb.info\/sexshop001\/wp-json\/wp\/v2\/media?parent=40363"}],"wp:term":[{"taxonomy":"product_cat","embeddable":true,"href":"https:\/\/demoweb.info\/sexshop001\/wp-json\/wp\/v2\/product_cat?post=40363"},{"taxonomy":"product_tag","embeddable":true,"href":"https:\/\/demoweb.info\/sexshop001\/wp-json\/wp\/v2\/product_tag?post=40363"}],"curies":[{"name":"wp","href":"https:\/\/api.w.org\/{rel}","templated":true}]}}