{"id":40318,"date":"2022-01-22T14:20:47","date_gmt":"2022-01-22T13:20:47","guid":{"rendered":"https:\/\/demoweb.info\/sexshop001\/producto\/pene-realistico-vibrador-con-arnes-24-cm\/"},"modified":"2022-01-22T14:21:05","modified_gmt":"2022-01-22T13:21:05","slug":"pene-realistico-vibrador-con-arnes-24-cm","status":"publish","type":"product","link":"https:\/\/demoweb.info\/sexshop001\/producto\/pene-realistico-vibrador-con-arnes-24-cm\/","title":{"rendered":"PENE REAL\u00cdSTICO VIBRADOR CON ARN\u00c9S 24 CM"},"content":{"rendered":"<p><strong>VIBR STRAP-ON W BALLS 9 INCH FLESH<\/strong><\/p>\n<p>Ahora puedes tener la longitud y el grosor que siempre has so\u00f1ado con la colecci\u00f3n <em>Hollow Strap -On<\/em> the Fetish Fantasy.<\/p>\n<p>El arn\u00e9s es c\u00f3modo, el\u00e1stico y se adapta f\u00e1cilmente a la mayor\u00eda de los tama\u00f1os, mientras que el consolador de PVC sin ftalatos alcanzar\u00e1 el lugar correcto en todo momento. Es perfecto para los hombres con disfunci\u00f3n er\u00e9ctil, problemas de eyaculaci\u00f3n precoz, o cualquiera que quiera a\u00f1adir un poco de excitaci\u00f3n extra a su pr\u00f3ximo encuentro.<\/p>\n<p>Elije la velocidad que sea adecuada para t\u00ed y deja que las vibraciones de gran alcance te transporten. Una bala s\u00faper fuerte de varias velocidades ofrece emocionantes vibraciones en la punta del consolador con gran precisi\u00f3n, y el exclusivo clip para la cintura te permite usarlo con manos libres muy f\u00e1cilmente.<\/p>\n<ul>\n<li>Di\u00e1metro Exterior: 5 cm<\/li>\n<li>Longitud Total: 24 cm<\/li>\n<li>Longitud del Eje: 23 cm<\/li>\n<li>Tipo de Pila: 2 pilas AA (incluidas)<\/li>\n<\/ul><\/p>\n","protected":false},"excerpt":{"rendered":"<p>VIBR STRAP-ON W BALLS 9 INCH FLESH Ahora puedes tener la longitud y el grosor que siempre has so\u00f1ado con<\/p>\n","protected":false},"featured_media":40319,"comment_status":"open","ping_status":"open","template":"","meta":[],"product_cat":[483],"product_tag":[260,259],"class_list":["post-40318","product","type-product","status-publish","has-post-thumbnail","hentry","product_cat-vibradores-con-pene","product_tag-fetish-fantasy-series","product_tag-pipedream"],"bundled_by":[],"bundle_stock_status":"instock","bundle_stock_quantity":4,"bundle_virtual":false,"bundle_layout":"","bundle_add_to_cart_form_location":"","bundle_editable_in_cart":false,"bundle_sold_individually_context":"","bundle_item_grouping":"","bundle_min_size":"","bundle_max_size":"","bundled_items":[],"yoast_head":"<!-- This site is optimized with the Yoast SEO plugin v20.6 - https:\/\/yoast.com\/wordpress\/plugins\/seo\/ -->\n<title>PENE REAL\u00cdSTICO VIBRADOR CON ARN\u00c9S 24 CM - Tienda Er\u00f3tica<\/title>\n<meta name=\"robots\" content=\"noindex, follow, max-snippet:-1, max-image-preview:large, max-video-preview:-1\" \/>\n<meta property=\"og:locale\" content=\"es_ES\" \/>\n<meta property=\"og:type\" content=\"article\" \/>\n<meta property=\"og:title\" content=\"PENE REAL\u00cdSTICO VIBRADOR CON ARN\u00c9S 24 CM - Tienda Er\u00f3tica\" \/>\n<meta property=\"og:description\" content=\"VIBR STRAP-ON W BALLS 9 INCH FLESH Ahora puedes tener la longitud y el grosor que siempre has so\u00f1ado con\" \/>\n<meta property=\"og:url\" content=\"https:\/\/demoweb.info\/sexshop001\/producto\/pene-realistico-vibrador-con-arnes-24-cm\/\" \/>\n<meta property=\"og:site_name\" content=\"Tienda Er\u00f3tica\" \/>\n<meta property=\"article:modified_time\" content=\"2022-01-22T13:21:05+00:00\" \/>\n<meta property=\"og:image\" content=\"https:\/\/demoweb.info\/sexshop001\/wp-content\/uploads\/2022\/01\/PENE-REALISTICO-VIBRADOR-CON-ARNES-24-CM.jpg\" \/>\n\t<meta property=\"og:image:width\" content=\"550\" \/>\n\t<meta property=\"og:image:height\" content=\"550\" \/>\n\t<meta property=\"og:image:type\" content=\"image\/jpeg\" \/>\n<meta name=\"twitter:card\" content=\"summary_large_image\" \/>\n<meta name=\"twitter:label1\" content=\"Tiempo de lectura\" \/>\n\t<meta name=\"twitter:data1\" content=\"1 minuto\" \/>\n<script type=\"application\/ld+json\" class=\"yoast-schema-graph\">{\"@context\":\"https:\/\/schema.org\",\"@graph\":[{\"@type\":\"WebPage\",\"@id\":\"https:\/\/demoweb.info\/sexshop001\/producto\/pene-realistico-vibrador-con-arnes-24-cm\/\",\"url\":\"https:\/\/demoweb.info\/sexshop001\/producto\/pene-realistico-vibrador-con-arnes-24-cm\/\",\"name\":\"PENE REAL\u00cdSTICO VIBRADOR CON ARN\u00c9S 24 CM - Tienda Er\u00f3tica\",\"isPartOf\":{\"@id\":\"https:\/\/demoweb.info\/sexshop001\/#website\"},\"datePublished\":\"2022-01-22T13:20:47+00:00\",\"dateModified\":\"2022-01-22T13:21:05+00:00\",\"breadcrumb\":{\"@id\":\"https:\/\/demoweb.info\/sexshop001\/producto\/pene-realistico-vibrador-con-arnes-24-cm\/#breadcrumb\"},\"inLanguage\":\"es\",\"potentialAction\":[{\"@type\":\"ReadAction\",\"target\":[\"https:\/\/demoweb.info\/sexshop001\/producto\/pene-realistico-vibrador-con-arnes-24-cm\/\"]}]},{\"@type\":\"BreadcrumbList\",\"@id\":\"https:\/\/demoweb.info\/sexshop001\/producto\/pene-realistico-vibrador-con-arnes-24-cm\/#breadcrumb\",\"itemListElement\":[{\"@type\":\"ListItem\",\"position\":1,\"name\":\"Portada\",\"item\":\"https:\/\/demoweb.info\/sexshop001\/\"},{\"@type\":\"ListItem\",\"position\":2,\"name\":\"Tienda\",\"item\":\"https:\/\/demoweb.info\/sexshop001\/tienda\/\"},{\"@type\":\"ListItem\",\"position\":3,\"name\":\"PENE REAL\u00cdSTICO VIBRADOR CON ARN\u00c9S 24 CM\"}]},{\"@type\":\"WebSite\",\"@id\":\"https:\/\/demoweb.info\/sexshop001\/#website\",\"url\":\"https:\/\/demoweb.info\/sexshop001\/\",\"name\":\"Tienda Er\u00f3tica\",\"description\":\"DEMOWEB SL\",\"potentialAction\":[{\"@type\":\"SearchAction\",\"target\":{\"@type\":\"EntryPoint\",\"urlTemplate\":\"https:\/\/demoweb.info\/sexshop001\/?s={search_term_string}\"},\"query-input\":\"required name=search_term_string\"}],\"inLanguage\":\"es\"}]}<\/script>\n<!-- \/ Yoast SEO plugin. -->","yoast_head_json":{"title":"PENE REAL\u00cdSTICO VIBRADOR CON ARN\u00c9S 24 CM - Tienda Er\u00f3tica","robots":{"index":"noindex","follow":"follow","max-snippet":"max-snippet:-1","max-image-preview":"max-image-preview:large","max-video-preview":"max-video-preview:-1"},"og_locale":"es_ES","og_type":"article","og_title":"PENE REAL\u00cdSTICO VIBRADOR CON ARN\u00c9S 24 CM - Tienda Er\u00f3tica","og_description":"VIBR STRAP-ON W BALLS 9 INCH FLESH Ahora puedes tener la longitud y el grosor que siempre has so\u00f1ado con","og_url":"https:\/\/demoweb.info\/sexshop001\/producto\/pene-realistico-vibrador-con-arnes-24-cm\/","og_site_name":"Tienda Er\u00f3tica","article_modified_time":"2022-01-22T13:21:05+00:00","og_image":[{"width":550,"height":550,"url":"https:\/\/demoweb.info\/sexshop001\/wp-content\/uploads\/2022\/01\/PENE-REALISTICO-VIBRADOR-CON-ARNES-24-CM.jpg","type":"image\/jpeg"}],"twitter_card":"summary_large_image","twitter_misc":{"Tiempo de lectura":"1 minuto"},"schema":{"@context":"https:\/\/schema.org","@graph":[{"@type":"WebPage","@id":"https:\/\/demoweb.info\/sexshop001\/producto\/pene-realistico-vibrador-con-arnes-24-cm\/","url":"https:\/\/demoweb.info\/sexshop001\/producto\/pene-realistico-vibrador-con-arnes-24-cm\/","name":"PENE REAL\u00cdSTICO VIBRADOR CON ARN\u00c9S 24 CM - Tienda Er\u00f3tica","isPartOf":{"@id":"https:\/\/demoweb.info\/sexshop001\/#website"},"datePublished":"2022-01-22T13:20:47+00:00","dateModified":"2022-01-22T13:21:05+00:00","breadcrumb":{"@id":"https:\/\/demoweb.info\/sexshop001\/producto\/pene-realistico-vibrador-con-arnes-24-cm\/#breadcrumb"},"inLanguage":"es","potentialAction":[{"@type":"ReadAction","target":["https:\/\/demoweb.info\/sexshop001\/producto\/pene-realistico-vibrador-con-arnes-24-cm\/"]}]},{"@type":"BreadcrumbList","@id":"https:\/\/demoweb.info\/sexshop001\/producto\/pene-realistico-vibrador-con-arnes-24-cm\/#breadcrumb","itemListElement":[{"@type":"ListItem","position":1,"name":"Portada","item":"https:\/\/demoweb.info\/sexshop001\/"},{"@type":"ListItem","position":2,"name":"Tienda","item":"https:\/\/demoweb.info\/sexshop001\/tienda\/"},{"@type":"ListItem","position":3,"name":"PENE REAL\u00cdSTICO VIBRADOR CON ARN\u00c9S 24 CM"}]},{"@type":"WebSite","@id":"https:\/\/demoweb.info\/sexshop001\/#website","url":"https:\/\/demoweb.info\/sexshop001\/","name":"Tienda Er\u00f3tica","description":"DEMOWEB SL","potentialAction":[{"@type":"SearchAction","target":{"@type":"EntryPoint","urlTemplate":"https:\/\/demoweb.info\/sexshop001\/?s={search_term_string}"},"query-input":"required name=search_term_string"}],"inLanguage":"es"}]}},"_links":{"self":[{"href":"https:\/\/demoweb.info\/sexshop001\/wp-json\/wp\/v3\/product\/40318","targetHints":{"allow":["GET"]}}],"collection":[{"href":"https:\/\/demoweb.info\/sexshop001\/wp-json\/wp\/v3\/product"}],"about":[{"href":"https:\/\/demoweb.info\/sexshop001\/wp-json\/wp\/v2\/types\/product"}],"replies":[{"embeddable":true,"href":"https:\/\/demoweb.info\/sexshop001\/wp-json\/wp\/v2\/comments?post=40318"}],"wp:featuredmedia":[{"embeddable":true,"href":"https:\/\/demoweb.info\/sexshop001\/wp-json\/wp\/v2\/media\/40319"}],"wp:attachment":[{"href":"https:\/\/demoweb.info\/sexshop001\/wp-json\/wp\/v2\/media?parent=40318"}],"wp:term":[{"taxonomy":"product_cat","embeddable":true,"href":"https:\/\/demoweb.info\/sexshop001\/wp-json\/wp\/v2\/product_cat?post=40318"},{"taxonomy":"product_tag","embeddable":true,"href":"https:\/\/demoweb.info\/sexshop001\/wp-json\/wp\/v2\/product_tag?post=40318"}],"curies":[{"name":"wp","href":"https:\/\/api.w.org\/{rel}","templated":true}]}}