{"id":40302,"date":"2022-01-22T14:20:47","date_gmt":"2022-01-22T13:20:47","guid":{"rendered":"https:\/\/demoweb.info\/sexshop001\/producto\/mega-insta-gaper-plug-negro\/"},"modified":"2022-01-22T14:20:56","modified_gmt":"2022-01-22T13:20:56","slug":"mega-insta-gaper-plug-negro","status":"publish","type":"product","link":"https:\/\/demoweb.info\/sexshop001\/producto\/mega-insta-gaper-plug-negro\/","title":{"rendered":"MEGA INSTA GAPER PLUG NEGRO"},"content":{"rendered":"<p><strong>MEGA INSTA GAPER BLACK<\/strong><\/p>\n<p>Intenso plug anal flexible y de dise\u00f1o llamativo. El dise\u00f1o viene con una base amplia para asegurar que se mantiene en su lugar durante el juego, lo que permite una sesi\u00f3n de diversi\u00f3n sin preocupaciones. Est\u00e1 hecho de silicona de primera calidad suave al tacto y tambi\u00e9n cuenta con una s\u00f3lida base de ventosa que se adhiere a casi cualquier superficie plana.<\/p>\n<p>Medidas : 9.5 cm x 5 cm<\/p>\n","protected":false},"excerpt":{"rendered":"<p>MEGA INSTA GAPER BLACK Intenso plug anal flexible y de dise\u00f1o llamativo. El dise\u00f1o viene con una base amplia para<\/p>\n","protected":false},"featured_media":40303,"comment_status":"open","ping_status":"open","template":"","meta":[],"product_cat":[853],"product_tag":[485,259],"class_list":["post-40302","product","type-product","status-publish","has-post-thumbnail","hentry","product_cat-dilatadores","product_tag-anal-fantasy-collection","product_tag-pipedream"],"bundled_by":[],"bundle_stock_status":"instock","bundle_stock_quantity":1,"bundle_virtual":false,"bundle_layout":"","bundle_add_to_cart_form_location":"","bundle_editable_in_cart":false,"bundle_sold_individually_context":"","bundle_item_grouping":"","bundle_min_size":"","bundle_max_size":"","bundled_items":[],"yoast_head":"<!-- This site is optimized with the Yoast SEO plugin v20.6 - https:\/\/yoast.com\/wordpress\/plugins\/seo\/ -->\n<title>MEGA INSTA GAPER PLUG NEGRO - Tienda Er\u00f3tica<\/title>\n<meta name=\"robots\" content=\"noindex, follow, max-snippet:-1, max-image-preview:large, max-video-preview:-1\" \/>\n<meta property=\"og:locale\" content=\"es_ES\" \/>\n<meta property=\"og:type\" content=\"article\" \/>\n<meta property=\"og:title\" content=\"MEGA INSTA GAPER PLUG NEGRO - Tienda Er\u00f3tica\" \/>\n<meta property=\"og:description\" content=\"MEGA INSTA GAPER BLACK Intenso plug anal flexible y de dise\u00f1o llamativo. El dise\u00f1o viene con una base amplia para\" \/>\n<meta property=\"og:url\" content=\"https:\/\/demoweb.info\/sexshop001\/producto\/mega-insta-gaper-plug-negro\/\" \/>\n<meta property=\"og:site_name\" content=\"Tienda Er\u00f3tica\" \/>\n<meta property=\"article:modified_time\" content=\"2022-01-22T13:20:56+00:00\" \/>\n<meta property=\"og:image\" content=\"https:\/\/demoweb.info\/sexshop001\/wp-content\/uploads\/2022\/01\/MEGA-INSTA-GAPER-PLUG-NEGRO.jpg\" \/>\n\t<meta property=\"og:image:width\" content=\"550\" \/>\n\t<meta property=\"og:image:height\" content=\"550\" \/>\n\t<meta property=\"og:image:type\" content=\"image\/jpeg\" \/>\n<meta name=\"twitter:card\" content=\"summary_large_image\" \/>\n<script type=\"application\/ld+json\" class=\"yoast-schema-graph\">{\"@context\":\"https:\/\/schema.org\",\"@graph\":[{\"@type\":\"WebPage\",\"@id\":\"https:\/\/demoweb.info\/sexshop001\/producto\/mega-insta-gaper-plug-negro\/\",\"url\":\"https:\/\/demoweb.info\/sexshop001\/producto\/mega-insta-gaper-plug-negro\/\",\"name\":\"MEGA INSTA GAPER PLUG NEGRO - Tienda Er\u00f3tica\",\"isPartOf\":{\"@id\":\"https:\/\/demoweb.info\/sexshop001\/#website\"},\"datePublished\":\"2022-01-22T13:20:47+00:00\",\"dateModified\":\"2022-01-22T13:20:56+00:00\",\"breadcrumb\":{\"@id\":\"https:\/\/demoweb.info\/sexshop001\/producto\/mega-insta-gaper-plug-negro\/#breadcrumb\"},\"inLanguage\":\"es\",\"potentialAction\":[{\"@type\":\"ReadAction\",\"target\":[\"https:\/\/demoweb.info\/sexshop001\/producto\/mega-insta-gaper-plug-negro\/\"]}]},{\"@type\":\"BreadcrumbList\",\"@id\":\"https:\/\/demoweb.info\/sexshop001\/producto\/mega-insta-gaper-plug-negro\/#breadcrumb\",\"itemListElement\":[{\"@type\":\"ListItem\",\"position\":1,\"name\":\"Portada\",\"item\":\"https:\/\/demoweb.info\/sexshop001\/\"},{\"@type\":\"ListItem\",\"position\":2,\"name\":\"Tienda\",\"item\":\"https:\/\/demoweb.info\/sexshop001\/tienda\/\"},{\"@type\":\"ListItem\",\"position\":3,\"name\":\"MEGA INSTA GAPER PLUG NEGRO\"}]},{\"@type\":\"WebSite\",\"@id\":\"https:\/\/demoweb.info\/sexshop001\/#website\",\"url\":\"https:\/\/demoweb.info\/sexshop001\/\",\"name\":\"Tienda Er\u00f3tica\",\"description\":\"DEMOWEB SL\",\"potentialAction\":[{\"@type\":\"SearchAction\",\"target\":{\"@type\":\"EntryPoint\",\"urlTemplate\":\"https:\/\/demoweb.info\/sexshop001\/?s={search_term_string}\"},\"query-input\":\"required name=search_term_string\"}],\"inLanguage\":\"es\"}]}<\/script>\n<!-- \/ Yoast SEO plugin. -->","yoast_head_json":{"title":"MEGA INSTA GAPER PLUG NEGRO - Tienda Er\u00f3tica","robots":{"index":"noindex","follow":"follow","max-snippet":"max-snippet:-1","max-image-preview":"max-image-preview:large","max-video-preview":"max-video-preview:-1"},"og_locale":"es_ES","og_type":"article","og_title":"MEGA INSTA GAPER PLUG NEGRO - Tienda Er\u00f3tica","og_description":"MEGA INSTA GAPER BLACK Intenso plug anal flexible y de dise\u00f1o llamativo. El dise\u00f1o viene con una base amplia para","og_url":"https:\/\/demoweb.info\/sexshop001\/producto\/mega-insta-gaper-plug-negro\/","og_site_name":"Tienda Er\u00f3tica","article_modified_time":"2022-01-22T13:20:56+00:00","og_image":[{"width":550,"height":550,"url":"https:\/\/demoweb.info\/sexshop001\/wp-content\/uploads\/2022\/01\/MEGA-INSTA-GAPER-PLUG-NEGRO.jpg","type":"image\/jpeg"}],"twitter_card":"summary_large_image","schema":{"@context":"https:\/\/schema.org","@graph":[{"@type":"WebPage","@id":"https:\/\/demoweb.info\/sexshop001\/producto\/mega-insta-gaper-plug-negro\/","url":"https:\/\/demoweb.info\/sexshop001\/producto\/mega-insta-gaper-plug-negro\/","name":"MEGA INSTA GAPER PLUG NEGRO - Tienda Er\u00f3tica","isPartOf":{"@id":"https:\/\/demoweb.info\/sexshop001\/#website"},"datePublished":"2022-01-22T13:20:47+00:00","dateModified":"2022-01-22T13:20:56+00:00","breadcrumb":{"@id":"https:\/\/demoweb.info\/sexshop001\/producto\/mega-insta-gaper-plug-negro\/#breadcrumb"},"inLanguage":"es","potentialAction":[{"@type":"ReadAction","target":["https:\/\/demoweb.info\/sexshop001\/producto\/mega-insta-gaper-plug-negro\/"]}]},{"@type":"BreadcrumbList","@id":"https:\/\/demoweb.info\/sexshop001\/producto\/mega-insta-gaper-plug-negro\/#breadcrumb","itemListElement":[{"@type":"ListItem","position":1,"name":"Portada","item":"https:\/\/demoweb.info\/sexshop001\/"},{"@type":"ListItem","position":2,"name":"Tienda","item":"https:\/\/demoweb.info\/sexshop001\/tienda\/"},{"@type":"ListItem","position":3,"name":"MEGA INSTA GAPER PLUG NEGRO"}]},{"@type":"WebSite","@id":"https:\/\/demoweb.info\/sexshop001\/#website","url":"https:\/\/demoweb.info\/sexshop001\/","name":"Tienda Er\u00f3tica","description":"DEMOWEB SL","potentialAction":[{"@type":"SearchAction","target":{"@type":"EntryPoint","urlTemplate":"https:\/\/demoweb.info\/sexshop001\/?s={search_term_string}"},"query-input":"required name=search_term_string"}],"inLanguage":"es"}]}},"_links":{"self":[{"href":"https:\/\/demoweb.info\/sexshop001\/wp-json\/wp\/v3\/product\/40302","targetHints":{"allow":["GET"]}}],"collection":[{"href":"https:\/\/demoweb.info\/sexshop001\/wp-json\/wp\/v3\/product"}],"about":[{"href":"https:\/\/demoweb.info\/sexshop001\/wp-json\/wp\/v2\/types\/product"}],"replies":[{"embeddable":true,"href":"https:\/\/demoweb.info\/sexshop001\/wp-json\/wp\/v2\/comments?post=40302"}],"wp:featuredmedia":[{"embeddable":true,"href":"https:\/\/demoweb.info\/sexshop001\/wp-json\/wp\/v2\/media\/40303"}],"wp:attachment":[{"href":"https:\/\/demoweb.info\/sexshop001\/wp-json\/wp\/v2\/media?parent=40302"}],"wp:term":[{"taxonomy":"product_cat","embeddable":true,"href":"https:\/\/demoweb.info\/sexshop001\/wp-json\/wp\/v2\/product_cat?post=40302"},{"taxonomy":"product_tag","embeddable":true,"href":"https:\/\/demoweb.info\/sexshop001\/wp-json\/wp\/v2\/product_tag?post=40302"}],"curies":[{"name":"wp","href":"https:\/\/api.w.org\/{rel}","templated":true}]}}