{"id":39951,"date":"2022-01-22T14:17:15","date_gmt":"2022-01-22T13:17:15","guid":{"rendered":"https:\/\/demoweb.info\/sexshop001\/producto\/satisfyer-top-secret-vibrador-portatil-con-app-rosa\/"},"modified":"2022-01-22T14:17:26","modified_gmt":"2022-01-22T13:17:26","slug":"satisfyer-top-secret-vibrador-portatil-con-app-rosa","status":"publish","type":"product","link":"https:\/\/demoweb.info\/sexshop001\/producto\/satisfyer-top-secret-vibrador-portatil-con-app-rosa\/","title":{"rendered":"SATISFYER TOP SECRET VIBRADOR PORT\u00c1TIL CON APP &#8211; ROSA"},"content":{"rendered":"<p><strong>SATISFYER TOP SECRET <\/strong><\/p>\n<p>Top Secret estimula el punto G con su eje curvado y voluminoso y sus intensas vibraciones. Este vibrador port\u00e1til cuenta con una base plana y ergon\u00f3mica que garantiza la m\u00e1xima comodidad.<\/p>\n<p>El eje tiene un di\u00e1metro m\u00e1ximo de 3 cm. Las profundas y potentes vibraciones del eje voluminoso se pueden controlar a trav\u00e9s del panel de control del vibrador o mediante la aplicaci\u00f3n Satisfyer.<\/p>\n<p>Top Secret tiene un motor silencioso, est\u00e1 dise\u00f1ado para encajar discretamente en la vagina y puede ser controlado por otra persona: esto hace que el vibrador sea perfecto para quienes desean llevar el juego a un siguiente nivel (m\u00e1s p\u00fablico).<\/p>\n<ul>\n<li>Conexi\u00f3n de carga magn\u00e9tica<\/li>\n<li>Base aplanada para uso port\u00e1til<\/li>\n<li>Forma ergon\u00f3mica para una estimulaci\u00f3n ideal del punto G<\/li>\n<li>Superficie lisa de silicona respetuosa con el cuerpo<\/li>\n<li>12 modos de vibraci\u00f3n en el panel de control del vibrador<\/li>\n<li>Satisfyer Connect para una gama infinita de programas<\/li>\n<\/ul>\n<p>\nAplicaci\u00f3n Satisfyer Connect<\/p>\n<p>Gracias a la aplicaci\u00f3n Satisfyer Connect es posible experimentar aventuras apasionantes completamente nuevas. Descargue la aplicaci\u00f3n para iOS y Android de forma gratuita en su tel\u00e9fono, tableta o Apple Watch. Luego, puede conectar f\u00e1cilmente el Satisfyer a trav\u00e9s de Bluetooth o Internet.<\/p>\n<p>Env\u00eda sonidos ambientales como vibraciones, deja que otra persona controle tu Satisfyer o crea un ritmo emocionante t\u00fa mismo o convierte tu lista de reproducci\u00f3n favorita de Spotify en una vibraci\u00f3n sensual: \u00a1tu creatividad no conoce l\u00edmites!<\/p><\/p>\n","protected":false},"excerpt":{"rendered":"<p>SATISFYER TOP SECRET Top Secret estimula el punto G con su eje curvado y voluminoso y sus intensas vibraciones. Este<\/p>\n","protected":false},"featured_media":39952,"comment_status":"open","ping_status":"open","template":"","meta":[],"product_cat":[301],"product_tag":[442,615],"class_list":["post-39951","product","type-product","status-publish","has-post-thumbnail","hentry","product_cat-punto-p","product_tag-satisfyer","product_tag-vibrator"],"bundled_by":[],"bundle_stock_status":"instock","bundle_stock_quantity":25,"bundle_virtual":false,"bundle_layout":"","bundle_add_to_cart_form_location":"","bundle_editable_in_cart":false,"bundle_sold_individually_context":"","bundle_item_grouping":"","bundle_min_size":"","bundle_max_size":"","bundled_items":[],"yoast_head":"<!-- This site is optimized with the Yoast SEO plugin v20.6 - https:\/\/yoast.com\/wordpress\/plugins\/seo\/ -->\n<title>SATISFYER TOP SECRET VIBRADOR PORT\u00c1TIL CON APP - ROSA - Tienda Er\u00f3tica<\/title>\n<meta name=\"robots\" content=\"noindex, follow, max-snippet:-1, max-image-preview:large, max-video-preview:-1\" \/>\n<meta property=\"og:locale\" content=\"es_ES\" \/>\n<meta property=\"og:type\" content=\"article\" \/>\n<meta property=\"og:title\" content=\"SATISFYER TOP SECRET VIBRADOR PORT\u00c1TIL CON APP - ROSA - Tienda Er\u00f3tica\" \/>\n<meta property=\"og:description\" content=\"SATISFYER TOP SECRET Top Secret estimula el punto G con su eje curvado y voluminoso y sus intensas vibraciones. Este\" \/>\n<meta property=\"og:url\" content=\"https:\/\/demoweb.info\/sexshop001\/producto\/satisfyer-top-secret-vibrador-portatil-con-app-rosa\/\" \/>\n<meta property=\"og:site_name\" content=\"Tienda Er\u00f3tica\" \/>\n<meta property=\"article:modified_time\" content=\"2022-01-22T13:17:26+00:00\" \/>\n<meta property=\"og:image\" content=\"https:\/\/demoweb.info\/sexshop001\/wp-content\/uploads\/2022\/01\/SATISFYER-TOP-SECRET-VIBRADOR-PORTATIL-CON-APP-ROSA.jpg\" \/>\n\t<meta property=\"og:image:width\" content=\"550\" \/>\n\t<meta property=\"og:image:height\" content=\"550\" \/>\n\t<meta property=\"og:image:type\" content=\"image\/jpeg\" \/>\n<meta name=\"twitter:card\" content=\"summary_large_image\" \/>\n<meta name=\"twitter:label1\" content=\"Tiempo de lectura\" \/>\n\t<meta name=\"twitter:data1\" content=\"1 minuto\" \/>\n<script type=\"application\/ld+json\" class=\"yoast-schema-graph\">{\"@context\":\"https:\/\/schema.org\",\"@graph\":[{\"@type\":\"WebPage\",\"@id\":\"https:\/\/demoweb.info\/sexshop001\/producto\/satisfyer-top-secret-vibrador-portatil-con-app-rosa\/\",\"url\":\"https:\/\/demoweb.info\/sexshop001\/producto\/satisfyer-top-secret-vibrador-portatil-con-app-rosa\/\",\"name\":\"SATISFYER TOP SECRET VIBRADOR PORT\u00c1TIL CON APP - ROSA - Tienda Er\u00f3tica\",\"isPartOf\":{\"@id\":\"https:\/\/demoweb.info\/sexshop001\/#website\"},\"datePublished\":\"2022-01-22T13:17:15+00:00\",\"dateModified\":\"2022-01-22T13:17:26+00:00\",\"breadcrumb\":{\"@id\":\"https:\/\/demoweb.info\/sexshop001\/producto\/satisfyer-top-secret-vibrador-portatil-con-app-rosa\/#breadcrumb\"},\"inLanguage\":\"es\",\"potentialAction\":[{\"@type\":\"ReadAction\",\"target\":[\"https:\/\/demoweb.info\/sexshop001\/producto\/satisfyer-top-secret-vibrador-portatil-con-app-rosa\/\"]}]},{\"@type\":\"BreadcrumbList\",\"@id\":\"https:\/\/demoweb.info\/sexshop001\/producto\/satisfyer-top-secret-vibrador-portatil-con-app-rosa\/#breadcrumb\",\"itemListElement\":[{\"@type\":\"ListItem\",\"position\":1,\"name\":\"Portada\",\"item\":\"https:\/\/demoweb.info\/sexshop001\/\"},{\"@type\":\"ListItem\",\"position\":2,\"name\":\"Tienda\",\"item\":\"https:\/\/demoweb.info\/sexshop001\/tienda\/\"},{\"@type\":\"ListItem\",\"position\":3,\"name\":\"SATISFYER TOP SECRET VIBRADOR PORT\u00c1TIL CON APP &#8211; ROSA\"}]},{\"@type\":\"WebSite\",\"@id\":\"https:\/\/demoweb.info\/sexshop001\/#website\",\"url\":\"https:\/\/demoweb.info\/sexshop001\/\",\"name\":\"Tienda Er\u00f3tica\",\"description\":\"DEMOWEB SL\",\"potentialAction\":[{\"@type\":\"SearchAction\",\"target\":{\"@type\":\"EntryPoint\",\"urlTemplate\":\"https:\/\/demoweb.info\/sexshop001\/?s={search_term_string}\"},\"query-input\":\"required name=search_term_string\"}],\"inLanguage\":\"es\"}]}<\/script>\n<!-- \/ Yoast SEO plugin. -->","yoast_head_json":{"title":"SATISFYER TOP SECRET VIBRADOR PORT\u00c1TIL CON APP - ROSA - Tienda Er\u00f3tica","robots":{"index":"noindex","follow":"follow","max-snippet":"max-snippet:-1","max-image-preview":"max-image-preview:large","max-video-preview":"max-video-preview:-1"},"og_locale":"es_ES","og_type":"article","og_title":"SATISFYER TOP SECRET VIBRADOR PORT\u00c1TIL CON APP - ROSA - Tienda Er\u00f3tica","og_description":"SATISFYER TOP SECRET Top Secret estimula el punto G con su eje curvado y voluminoso y sus intensas vibraciones. Este","og_url":"https:\/\/demoweb.info\/sexshop001\/producto\/satisfyer-top-secret-vibrador-portatil-con-app-rosa\/","og_site_name":"Tienda Er\u00f3tica","article_modified_time":"2022-01-22T13:17:26+00:00","og_image":[{"width":550,"height":550,"url":"https:\/\/demoweb.info\/sexshop001\/wp-content\/uploads\/2022\/01\/SATISFYER-TOP-SECRET-VIBRADOR-PORTATIL-CON-APP-ROSA.jpg","type":"image\/jpeg"}],"twitter_card":"summary_large_image","twitter_misc":{"Tiempo de lectura":"1 minuto"},"schema":{"@context":"https:\/\/schema.org","@graph":[{"@type":"WebPage","@id":"https:\/\/demoweb.info\/sexshop001\/producto\/satisfyer-top-secret-vibrador-portatil-con-app-rosa\/","url":"https:\/\/demoweb.info\/sexshop001\/producto\/satisfyer-top-secret-vibrador-portatil-con-app-rosa\/","name":"SATISFYER TOP SECRET VIBRADOR PORT\u00c1TIL CON APP - ROSA - Tienda Er\u00f3tica","isPartOf":{"@id":"https:\/\/demoweb.info\/sexshop001\/#website"},"datePublished":"2022-01-22T13:17:15+00:00","dateModified":"2022-01-22T13:17:26+00:00","breadcrumb":{"@id":"https:\/\/demoweb.info\/sexshop001\/producto\/satisfyer-top-secret-vibrador-portatil-con-app-rosa\/#breadcrumb"},"inLanguage":"es","potentialAction":[{"@type":"ReadAction","target":["https:\/\/demoweb.info\/sexshop001\/producto\/satisfyer-top-secret-vibrador-portatil-con-app-rosa\/"]}]},{"@type":"BreadcrumbList","@id":"https:\/\/demoweb.info\/sexshop001\/producto\/satisfyer-top-secret-vibrador-portatil-con-app-rosa\/#breadcrumb","itemListElement":[{"@type":"ListItem","position":1,"name":"Portada","item":"https:\/\/demoweb.info\/sexshop001\/"},{"@type":"ListItem","position":2,"name":"Tienda","item":"https:\/\/demoweb.info\/sexshop001\/tienda\/"},{"@type":"ListItem","position":3,"name":"SATISFYER TOP SECRET VIBRADOR PORT\u00c1TIL CON APP &#8211; ROSA"}]},{"@type":"WebSite","@id":"https:\/\/demoweb.info\/sexshop001\/#website","url":"https:\/\/demoweb.info\/sexshop001\/","name":"Tienda Er\u00f3tica","description":"DEMOWEB SL","potentialAction":[{"@type":"SearchAction","target":{"@type":"EntryPoint","urlTemplate":"https:\/\/demoweb.info\/sexshop001\/?s={search_term_string}"},"query-input":"required name=search_term_string"}],"inLanguage":"es"}]}},"_links":{"self":[{"href":"https:\/\/demoweb.info\/sexshop001\/wp-json\/wp\/v3\/product\/39951","targetHints":{"allow":["GET"]}}],"collection":[{"href":"https:\/\/demoweb.info\/sexshop001\/wp-json\/wp\/v3\/product"}],"about":[{"href":"https:\/\/demoweb.info\/sexshop001\/wp-json\/wp\/v2\/types\/product"}],"replies":[{"embeddable":true,"href":"https:\/\/demoweb.info\/sexshop001\/wp-json\/wp\/v2\/comments?post=39951"}],"wp:featuredmedia":[{"embeddable":true,"href":"https:\/\/demoweb.info\/sexshop001\/wp-json\/wp\/v2\/media\/39952"}],"wp:attachment":[{"href":"https:\/\/demoweb.info\/sexshop001\/wp-json\/wp\/v2\/media?parent=39951"}],"wp:term":[{"taxonomy":"product_cat","embeddable":true,"href":"https:\/\/demoweb.info\/sexshop001\/wp-json\/wp\/v2\/product_cat?post=39951"},{"taxonomy":"product_tag","embeddable":true,"href":"https:\/\/demoweb.info\/sexshop001\/wp-json\/wp\/v2\/product_tag?post=39951"}],"curies":[{"name":"wp","href":"https:\/\/api.w.org\/{rel}","templated":true}]}}