{"id":39924,"date":"2022-01-22T14:17:03","date_gmt":"2022-01-22T13:17:03","guid":{"rendered":"https:\/\/demoweb.info\/sexshop001\/producto\/satisfyer-double-wand-er-wand-vibrador-con-app-blanco\/"},"modified":"2022-01-22T14:17:10","modified_gmt":"2022-01-22T13:17:10","slug":"satisfyer-double-wand-er-wand-vibrador-con-app-blanco","status":"publish","type":"product","link":"https:\/\/demoweb.info\/sexshop001\/producto\/satisfyer-double-wand-er-wand-vibrador-con-app-blanco\/","title":{"rendered":"SATISFYER DOUBLE WAND-ER WAND VIBRADOR CON APP &#8211; BLANCO"},"content":{"rendered":"<p><strong>SATISFYER DOUBLE WAND-ER WAND VIBRATOR<\/strong><\/p>\n<p>Disfruta de una relajaci\u00f3n profunda con Satisfyer Double Wand-er. Este elegante masajeador cuenta con 2 accesorios y es incre\u00edblemente vers\u00e1til. Incluye un accesorio intercambiable que convierte un masajeador cl\u00e1sico que estimula el punto G en un vibrador de punto A.<\/p>\n<p>Su impresionante tama\u00f1o XXL hace que sea f\u00e1cil de usar y alcanza f\u00e1cilmente todas tus zonas y curvas, perfectos para la relajaci\u00f3n y la estimulaci\u00f3n. La superficie del Satisfyer Double Wand-er est\u00e1 fabricado en silicona flexible y sedosa al tacto. Es resistente al agua IPX7 para que puedas usarlo en \u00e1reas como la ducha o la ba\u00f1era y limpiarlo f\u00e1cilmente con agua tibia y jab\u00f3n suave.<\/p>\n<p>Es recargable por USB y es a\u00fan m\u00e1s divertido con la aplicaci\u00f3n Satisfyer Connect. No solo se puede controlar de forma remota, sino que tambi\u00e9n podr\u00e1s crear tus propios programas de vibraci\u00f3n, realizar llamadas de video y audio con tu pareja o crear patrones de vibraci\u00f3n basados en sonidos. La aplicaci\u00f3n es gratuita y est\u00e1 disponible para Android, iOS y Apple Watches.<\/p>\n<p>Caracter\u00edsticas:<\/p>\n<ul>\n<li>Compatible con la aplicaci\u00f3n gratuita Satisfyer: disponible en iOS y Android<\/li>\n<li>Incluye 2 cabezales intercambiables<\/li>\n<li>Impermeable IPX7<\/li>\n<li>Tama\u00f1o XXL<\/li>\n<li>51 combinaciones de vibraciones<\/li>\n<li>Silicona agradable al cuerpo<\/li>\n<li>15 a\u00f1os de garant\u00eda<\/li>\n<li>Modo de susurro<\/li>\n<li>Bater\u00eda recargable de iones de litio<\/li>\n<li>Cable de carga magn\u00e9tico por USB incluido<\/li>\n<li>F\u00e1cil de limpiar<\/li>\n<\/ul>\n","protected":false},"excerpt":{"rendered":"<p>SATISFYER DOUBLE WAND-ER WAND VIBRATOR Disfruta de una relajaci\u00f3n profunda con Satisfyer Double Wand-er. Este elegante masajeador cuenta con 2<\/p>\n","protected":false},"featured_media":39925,"comment_status":"open","ping_status":"open","template":"","meta":[],"product_cat":[370],"product_tag":[819,442],"class_list":["post-39924","product","type-product","status-publish","has-post-thumbnail","hentry","product_cat-clitoris","product_tag-connect","product_tag-satisfyer"],"bundled_by":[],"bundle_stock_status":"instock","bundle_stock_quantity":1,"bundle_virtual":false,"bundle_layout":"","bundle_add_to_cart_form_location":"","bundle_editable_in_cart":false,"bundle_sold_individually_context":"","bundle_item_grouping":"","bundle_min_size":"","bundle_max_size":"","bundled_items":[],"yoast_head":"<!-- This site is optimized with the Yoast SEO plugin v20.6 - https:\/\/yoast.com\/wordpress\/plugins\/seo\/ -->\n<title>SATISFYER DOUBLE WAND-ER WAND VIBRADOR CON APP - BLANCO - Tienda Er\u00f3tica<\/title>\n<meta name=\"robots\" content=\"noindex, follow, max-snippet:-1, max-image-preview:large, max-video-preview:-1\" \/>\n<meta property=\"og:locale\" content=\"es_ES\" \/>\n<meta property=\"og:type\" content=\"article\" \/>\n<meta property=\"og:title\" content=\"SATISFYER DOUBLE WAND-ER WAND VIBRADOR CON APP - BLANCO - Tienda Er\u00f3tica\" \/>\n<meta property=\"og:description\" content=\"SATISFYER DOUBLE WAND-ER WAND VIBRATOR Disfruta de una relajaci\u00f3n profunda con Satisfyer Double Wand-er. Este elegante masajeador cuenta con 2\" \/>\n<meta property=\"og:url\" content=\"https:\/\/demoweb.info\/sexshop001\/producto\/satisfyer-double-wand-er-wand-vibrador-con-app-blanco\/\" \/>\n<meta property=\"og:site_name\" content=\"Tienda Er\u00f3tica\" \/>\n<meta property=\"article:modified_time\" content=\"2022-01-22T13:17:10+00:00\" \/>\n<meta property=\"og:image\" content=\"https:\/\/demoweb.info\/sexshop001\/wp-content\/uploads\/2022\/01\/SATISFYER-DOUBLE-WAND-ER-WAND-VIBRADOR-CON-APP-BLANCO.jpg\" \/>\n\t<meta property=\"og:image:width\" content=\"550\" \/>\n\t<meta property=\"og:image:height\" content=\"550\" \/>\n\t<meta property=\"og:image:type\" content=\"image\/jpeg\" \/>\n<meta name=\"twitter:card\" content=\"summary_large_image\" \/>\n<meta name=\"twitter:label1\" content=\"Tiempo de lectura\" \/>\n\t<meta name=\"twitter:data1\" content=\"1 minuto\" \/>\n<script type=\"application\/ld+json\" class=\"yoast-schema-graph\">{\"@context\":\"https:\/\/schema.org\",\"@graph\":[{\"@type\":\"WebPage\",\"@id\":\"https:\/\/demoweb.info\/sexshop001\/producto\/satisfyer-double-wand-er-wand-vibrador-con-app-blanco\/\",\"url\":\"https:\/\/demoweb.info\/sexshop001\/producto\/satisfyer-double-wand-er-wand-vibrador-con-app-blanco\/\",\"name\":\"SATISFYER DOUBLE WAND-ER WAND VIBRADOR CON APP - BLANCO - Tienda Er\u00f3tica\",\"isPartOf\":{\"@id\":\"https:\/\/demoweb.info\/sexshop001\/#website\"},\"datePublished\":\"2022-01-22T13:17:03+00:00\",\"dateModified\":\"2022-01-22T13:17:10+00:00\",\"breadcrumb\":{\"@id\":\"https:\/\/demoweb.info\/sexshop001\/producto\/satisfyer-double-wand-er-wand-vibrador-con-app-blanco\/#breadcrumb\"},\"inLanguage\":\"es\",\"potentialAction\":[{\"@type\":\"ReadAction\",\"target\":[\"https:\/\/demoweb.info\/sexshop001\/producto\/satisfyer-double-wand-er-wand-vibrador-con-app-blanco\/\"]}]},{\"@type\":\"BreadcrumbList\",\"@id\":\"https:\/\/demoweb.info\/sexshop001\/producto\/satisfyer-double-wand-er-wand-vibrador-con-app-blanco\/#breadcrumb\",\"itemListElement\":[{\"@type\":\"ListItem\",\"position\":1,\"name\":\"Portada\",\"item\":\"https:\/\/demoweb.info\/sexshop001\/\"},{\"@type\":\"ListItem\",\"position\":2,\"name\":\"Tienda\",\"item\":\"https:\/\/demoweb.info\/sexshop001\/tienda\/\"},{\"@type\":\"ListItem\",\"position\":3,\"name\":\"SATISFYER DOUBLE WAND-ER WAND VIBRADOR CON APP &#8211; BLANCO\"}]},{\"@type\":\"WebSite\",\"@id\":\"https:\/\/demoweb.info\/sexshop001\/#website\",\"url\":\"https:\/\/demoweb.info\/sexshop001\/\",\"name\":\"Tienda Er\u00f3tica\",\"description\":\"DEMOWEB SL\",\"potentialAction\":[{\"@type\":\"SearchAction\",\"target\":{\"@type\":\"EntryPoint\",\"urlTemplate\":\"https:\/\/demoweb.info\/sexshop001\/?s={search_term_string}\"},\"query-input\":\"required name=search_term_string\"}],\"inLanguage\":\"es\"}]}<\/script>\n<!-- \/ Yoast SEO plugin. -->","yoast_head_json":{"title":"SATISFYER DOUBLE WAND-ER WAND VIBRADOR CON APP - BLANCO - Tienda Er\u00f3tica","robots":{"index":"noindex","follow":"follow","max-snippet":"max-snippet:-1","max-image-preview":"max-image-preview:large","max-video-preview":"max-video-preview:-1"},"og_locale":"es_ES","og_type":"article","og_title":"SATISFYER DOUBLE WAND-ER WAND VIBRADOR CON APP - BLANCO - Tienda Er\u00f3tica","og_description":"SATISFYER DOUBLE WAND-ER WAND VIBRATOR Disfruta de una relajaci\u00f3n profunda con Satisfyer Double Wand-er. Este elegante masajeador cuenta con 2","og_url":"https:\/\/demoweb.info\/sexshop001\/producto\/satisfyer-double-wand-er-wand-vibrador-con-app-blanco\/","og_site_name":"Tienda Er\u00f3tica","article_modified_time":"2022-01-22T13:17:10+00:00","og_image":[{"width":550,"height":550,"url":"https:\/\/demoweb.info\/sexshop001\/wp-content\/uploads\/2022\/01\/SATISFYER-DOUBLE-WAND-ER-WAND-VIBRADOR-CON-APP-BLANCO.jpg","type":"image\/jpeg"}],"twitter_card":"summary_large_image","twitter_misc":{"Tiempo de lectura":"1 minuto"},"schema":{"@context":"https:\/\/schema.org","@graph":[{"@type":"WebPage","@id":"https:\/\/demoweb.info\/sexshop001\/producto\/satisfyer-double-wand-er-wand-vibrador-con-app-blanco\/","url":"https:\/\/demoweb.info\/sexshop001\/producto\/satisfyer-double-wand-er-wand-vibrador-con-app-blanco\/","name":"SATISFYER DOUBLE WAND-ER WAND VIBRADOR CON APP - BLANCO - Tienda Er\u00f3tica","isPartOf":{"@id":"https:\/\/demoweb.info\/sexshop001\/#website"},"datePublished":"2022-01-22T13:17:03+00:00","dateModified":"2022-01-22T13:17:10+00:00","breadcrumb":{"@id":"https:\/\/demoweb.info\/sexshop001\/producto\/satisfyer-double-wand-er-wand-vibrador-con-app-blanco\/#breadcrumb"},"inLanguage":"es","potentialAction":[{"@type":"ReadAction","target":["https:\/\/demoweb.info\/sexshop001\/producto\/satisfyer-double-wand-er-wand-vibrador-con-app-blanco\/"]}]},{"@type":"BreadcrumbList","@id":"https:\/\/demoweb.info\/sexshop001\/producto\/satisfyer-double-wand-er-wand-vibrador-con-app-blanco\/#breadcrumb","itemListElement":[{"@type":"ListItem","position":1,"name":"Portada","item":"https:\/\/demoweb.info\/sexshop001\/"},{"@type":"ListItem","position":2,"name":"Tienda","item":"https:\/\/demoweb.info\/sexshop001\/tienda\/"},{"@type":"ListItem","position":3,"name":"SATISFYER DOUBLE WAND-ER WAND VIBRADOR CON APP &#8211; BLANCO"}]},{"@type":"WebSite","@id":"https:\/\/demoweb.info\/sexshop001\/#website","url":"https:\/\/demoweb.info\/sexshop001\/","name":"Tienda Er\u00f3tica","description":"DEMOWEB SL","potentialAction":[{"@type":"SearchAction","target":{"@type":"EntryPoint","urlTemplate":"https:\/\/demoweb.info\/sexshop001\/?s={search_term_string}"},"query-input":"required name=search_term_string"}],"inLanguage":"es"}]}},"_links":{"self":[{"href":"https:\/\/demoweb.info\/sexshop001\/wp-json\/wp\/v3\/product\/39924","targetHints":{"allow":["GET"]}}],"collection":[{"href":"https:\/\/demoweb.info\/sexshop001\/wp-json\/wp\/v3\/product"}],"about":[{"href":"https:\/\/demoweb.info\/sexshop001\/wp-json\/wp\/v2\/types\/product"}],"replies":[{"embeddable":true,"href":"https:\/\/demoweb.info\/sexshop001\/wp-json\/wp\/v2\/comments?post=39924"}],"wp:featuredmedia":[{"embeddable":true,"href":"https:\/\/demoweb.info\/sexshop001\/wp-json\/wp\/v2\/media\/39925"}],"wp:attachment":[{"href":"https:\/\/demoweb.info\/sexshop001\/wp-json\/wp\/v2\/media?parent=39924"}],"wp:term":[{"taxonomy":"product_cat","embeddable":true,"href":"https:\/\/demoweb.info\/sexshop001\/wp-json\/wp\/v2\/product_cat?post=39924"},{"taxonomy":"product_tag","embeddable":true,"href":"https:\/\/demoweb.info\/sexshop001\/wp-json\/wp\/v2\/product_tag?post=39924"}],"curies":[{"name":"wp","href":"https:\/\/api.w.org\/{rel}","templated":true}]}}