{"id":39922,"date":"2022-01-22T14:17:03","date_gmt":"2022-01-22T13:17:03","guid":{"rendered":"https:\/\/demoweb.info\/sexshop001\/producto\/juego-corazon-seductor\/"},"modified":"2022-01-22T14:17:10","modified_gmt":"2022-01-22T13:17:10","slug":"juego-corazon-seductor","status":"publish","type":"product","link":"https:\/\/demoweb.info\/sexshop001\/producto\/juego-corazon-seductor\/","title":{"rendered":"JUEGO CORAZON SEDUCTOR"},"content":{"rendered":"<p><strong><!--StartFragment--><\/strong>JUEGO CORAZON SEDUCTOR<!--EndFragment--><\/p>\n<p>CORAZ\u00d3N SEDUCTOR es un juego con tablero y pruebas de seducci\u00f3n y pasi\u00f3n. Vas tirando el dado y avanzando casillas alternativamente uno u otro una y haciendo las pruebas de las m\u00e1s de que tiene el juego y realizarla sobre la marcha. Esto NO lo hace menos interesante para nada.<\/p>\n<p>En CORAZ\u00d3N SEDUCTOR, por sus caracter\u00edsticas, solo podr\u00e9is controlar el inicio de la partida, para pasar a ser controlados de mente y cuerpo por el embrujo de sus pruebas. Decir he ganado o perdido, no cabe en este juego. Solo hay ganadores.\u00a1Disfr\u00fatalo!.<\/p>\n<p>Se aconseja: Antes de comenzar, preparar bebidas de vuestro agrado, hielo, frutas, chuches, cremas, aceite de masaje o pinturas comestibles, todo esto para untar y pod\u00e9rselo comer.<\/p>\n<p>Al comenzar, crear un ambiente agradable encendiendo la velita arom\u00e1tica y lo que a vuestra imaginaci\u00f3n se le ocurra. Los distintos obst\u00e1culos, har\u00e1n sensibilizarnos lo suficiente para que sint\u00e1is las sensaciones m\u00e1s excitantes que imagin\u00e9is. La diversi\u00f3n esta servida, de aqu\u00ed, al erotismo, del erotismo a la sensualidad, de la sensualidad al amor y del amos sin lugar a dudas al cl\u00edmax.<\/p>\n<p>Regla de oro.Hay pruebas que al referirlas se da a entender o se dice directamente que est\u00e9n desnudos o vestidos, en el caso de que la prueba sea desnudos, y est\u00e9is vestidos, o en caso contrario, est\u00e9is desnudos y la prueba sea vestidos, la prueba la realiz\u00e1is como se le indica, pero acto seguido vuelven a estar como al comienzo.<\/p>\n<p>CONTENIDO DEL JUEGO: TABLERO 28 X 28 de 2 mm de grosor y plastificado brillo. 1 figura pito, 1 figura teta. 2 fichas, 2 dados, 2 cubiletes. 1 reloj de arena. 1 CINTA BONDAGE, 1 DADO SEXUAL, 1 PLUMA ESTIMULANTE, 1 VENDA PARA LOS OJOS.<\/p>\n","protected":false},"excerpt":{"rendered":"<p>JUEGO CORAZON SEDUCTOR CORAZ\u00d3N SEDUCTOR es un juego con tablero y pruebas de seducci\u00f3n y pasi\u00f3n. Vas tirando el dado<\/p>\n","protected":false},"featured_media":39923,"comment_status":"open","ping_status":"open","template":"","meta":[],"product_cat":[367],"product_tag":[412],"class_list":["post-39922","product","type-product","status-publish","has-post-thumbnail","hentry","product_cat-juegos-pareja","product_tag-diverty-sex"],"bundled_by":[],"bundle_stock_status":"instock","bundle_stock_quantity":10,"bundle_virtual":false,"bundle_layout":"","bundle_add_to_cart_form_location":"","bundle_editable_in_cart":false,"bundle_sold_individually_context":"","bundle_item_grouping":"","bundle_min_size":"","bundle_max_size":"","bundled_items":[],"yoast_head":"<!-- This site is optimized with the Yoast SEO plugin v20.6 - https:\/\/yoast.com\/wordpress\/plugins\/seo\/ -->\n<title>JUEGO CORAZON SEDUCTOR - Tienda Er\u00f3tica<\/title>\n<meta name=\"robots\" content=\"noindex, follow, max-snippet:-1, max-image-preview:large, max-video-preview:-1\" \/>\n<meta property=\"og:locale\" content=\"es_ES\" \/>\n<meta property=\"og:type\" content=\"article\" \/>\n<meta property=\"og:title\" content=\"JUEGO CORAZON SEDUCTOR - Tienda Er\u00f3tica\" \/>\n<meta property=\"og:description\" content=\"JUEGO CORAZON SEDUCTOR CORAZ\u00d3N SEDUCTOR es un juego con tablero y pruebas de seducci\u00f3n y pasi\u00f3n. Vas tirando el dado\" \/>\n<meta property=\"og:url\" content=\"https:\/\/demoweb.info\/sexshop001\/producto\/juego-corazon-seductor\/\" \/>\n<meta property=\"og:site_name\" content=\"Tienda Er\u00f3tica\" \/>\n<meta property=\"article:modified_time\" content=\"2022-01-22T13:17:10+00:00\" \/>\n<meta property=\"og:image\" content=\"https:\/\/demoweb.info\/sexshop001\/wp-content\/uploads\/2022\/01\/JUEGO-CORAZON-SEDUCTOR.jpg\" \/>\n\t<meta property=\"og:image:width\" content=\"550\" \/>\n\t<meta property=\"og:image:height\" content=\"550\" \/>\n\t<meta property=\"og:image:type\" content=\"image\/jpeg\" \/>\n<meta name=\"twitter:card\" content=\"summary_large_image\" \/>\n<meta name=\"twitter:label1\" content=\"Tiempo de lectura\" \/>\n\t<meta name=\"twitter:data1\" content=\"2 minutos\" \/>\n<script type=\"application\/ld+json\" class=\"yoast-schema-graph\">{\"@context\":\"https:\/\/schema.org\",\"@graph\":[{\"@type\":\"WebPage\",\"@id\":\"https:\/\/demoweb.info\/sexshop001\/producto\/juego-corazon-seductor\/\",\"url\":\"https:\/\/demoweb.info\/sexshop001\/producto\/juego-corazon-seductor\/\",\"name\":\"JUEGO CORAZON SEDUCTOR - Tienda Er\u00f3tica\",\"isPartOf\":{\"@id\":\"https:\/\/demoweb.info\/sexshop001\/#website\"},\"datePublished\":\"2022-01-22T13:17:03+00:00\",\"dateModified\":\"2022-01-22T13:17:10+00:00\",\"breadcrumb\":{\"@id\":\"https:\/\/demoweb.info\/sexshop001\/producto\/juego-corazon-seductor\/#breadcrumb\"},\"inLanguage\":\"es\",\"potentialAction\":[{\"@type\":\"ReadAction\",\"target\":[\"https:\/\/demoweb.info\/sexshop001\/producto\/juego-corazon-seductor\/\"]}]},{\"@type\":\"BreadcrumbList\",\"@id\":\"https:\/\/demoweb.info\/sexshop001\/producto\/juego-corazon-seductor\/#breadcrumb\",\"itemListElement\":[{\"@type\":\"ListItem\",\"position\":1,\"name\":\"Portada\",\"item\":\"https:\/\/demoweb.info\/sexshop001\/\"},{\"@type\":\"ListItem\",\"position\":2,\"name\":\"Tienda\",\"item\":\"https:\/\/demoweb.info\/sexshop001\/tienda\/\"},{\"@type\":\"ListItem\",\"position\":3,\"name\":\"JUEGO CORAZON SEDUCTOR\"}]},{\"@type\":\"WebSite\",\"@id\":\"https:\/\/demoweb.info\/sexshop001\/#website\",\"url\":\"https:\/\/demoweb.info\/sexshop001\/\",\"name\":\"Tienda Er\u00f3tica\",\"description\":\"DEMOWEB SL\",\"potentialAction\":[{\"@type\":\"SearchAction\",\"target\":{\"@type\":\"EntryPoint\",\"urlTemplate\":\"https:\/\/demoweb.info\/sexshop001\/?s={search_term_string}\"},\"query-input\":\"required name=search_term_string\"}],\"inLanguage\":\"es\"}]}<\/script>\n<!-- \/ Yoast SEO plugin. -->","yoast_head_json":{"title":"JUEGO CORAZON SEDUCTOR - Tienda Er\u00f3tica","robots":{"index":"noindex","follow":"follow","max-snippet":"max-snippet:-1","max-image-preview":"max-image-preview:large","max-video-preview":"max-video-preview:-1"},"og_locale":"es_ES","og_type":"article","og_title":"JUEGO CORAZON SEDUCTOR - Tienda Er\u00f3tica","og_description":"JUEGO CORAZON SEDUCTOR CORAZ\u00d3N SEDUCTOR es un juego con tablero y pruebas de seducci\u00f3n y pasi\u00f3n. Vas tirando el dado","og_url":"https:\/\/demoweb.info\/sexshop001\/producto\/juego-corazon-seductor\/","og_site_name":"Tienda Er\u00f3tica","article_modified_time":"2022-01-22T13:17:10+00:00","og_image":[{"width":550,"height":550,"url":"https:\/\/demoweb.info\/sexshop001\/wp-content\/uploads\/2022\/01\/JUEGO-CORAZON-SEDUCTOR.jpg","type":"image\/jpeg"}],"twitter_card":"summary_large_image","twitter_misc":{"Tiempo de lectura":"2 minutos"},"schema":{"@context":"https:\/\/schema.org","@graph":[{"@type":"WebPage","@id":"https:\/\/demoweb.info\/sexshop001\/producto\/juego-corazon-seductor\/","url":"https:\/\/demoweb.info\/sexshop001\/producto\/juego-corazon-seductor\/","name":"JUEGO CORAZON SEDUCTOR - Tienda Er\u00f3tica","isPartOf":{"@id":"https:\/\/demoweb.info\/sexshop001\/#website"},"datePublished":"2022-01-22T13:17:03+00:00","dateModified":"2022-01-22T13:17:10+00:00","breadcrumb":{"@id":"https:\/\/demoweb.info\/sexshop001\/producto\/juego-corazon-seductor\/#breadcrumb"},"inLanguage":"es","potentialAction":[{"@type":"ReadAction","target":["https:\/\/demoweb.info\/sexshop001\/producto\/juego-corazon-seductor\/"]}]},{"@type":"BreadcrumbList","@id":"https:\/\/demoweb.info\/sexshop001\/producto\/juego-corazon-seductor\/#breadcrumb","itemListElement":[{"@type":"ListItem","position":1,"name":"Portada","item":"https:\/\/demoweb.info\/sexshop001\/"},{"@type":"ListItem","position":2,"name":"Tienda","item":"https:\/\/demoweb.info\/sexshop001\/tienda\/"},{"@type":"ListItem","position":3,"name":"JUEGO CORAZON SEDUCTOR"}]},{"@type":"WebSite","@id":"https:\/\/demoweb.info\/sexshop001\/#website","url":"https:\/\/demoweb.info\/sexshop001\/","name":"Tienda Er\u00f3tica","description":"DEMOWEB SL","potentialAction":[{"@type":"SearchAction","target":{"@type":"EntryPoint","urlTemplate":"https:\/\/demoweb.info\/sexshop001\/?s={search_term_string}"},"query-input":"required name=search_term_string"}],"inLanguage":"es"}]}},"_links":{"self":[{"href":"https:\/\/demoweb.info\/sexshop001\/wp-json\/wp\/v3\/product\/39922","targetHints":{"allow":["GET"]}}],"collection":[{"href":"https:\/\/demoweb.info\/sexshop001\/wp-json\/wp\/v3\/product"}],"about":[{"href":"https:\/\/demoweb.info\/sexshop001\/wp-json\/wp\/v2\/types\/product"}],"replies":[{"embeddable":true,"href":"https:\/\/demoweb.info\/sexshop001\/wp-json\/wp\/v2\/comments?post=39922"}],"wp:featuredmedia":[{"embeddable":true,"href":"https:\/\/demoweb.info\/sexshop001\/wp-json\/wp\/v2\/media\/39923"}],"wp:attachment":[{"href":"https:\/\/demoweb.info\/sexshop001\/wp-json\/wp\/v2\/media?parent=39922"}],"wp:term":[{"taxonomy":"product_cat","embeddable":true,"href":"https:\/\/demoweb.info\/sexshop001\/wp-json\/wp\/v2\/product_cat?post=39922"},{"taxonomy":"product_tag","embeddable":true,"href":"https:\/\/demoweb.info\/sexshop001\/wp-json\/wp\/v2\/product_tag?post=39922"}],"curies":[{"name":"wp","href":"https:\/\/api.w.org\/{rel}","templated":true}]}}